{"id":3747,"date":"2020-10-07T10:22:40","date_gmt":"2020-10-07T08:22:40","guid":{"rendered":"https:\/\/staging.eurovema.se\/?page_id=3747"},"modified":"2025-09-25T09:23:21","modified_gmt":"2025-09-25T07:23:21","slug":"kontakt-oss","status":"publish","type":"page","link":"https:\/\/doli.bansalgroup.se\/no\/kontakt-oss\/","title":{"rendered":"Kontakt oss"},"content":{"rendered":"\n  <div id=\"page-header-1048220439\" class=\"page-header-wrapper\">\n  <div class=\"page-title dark simple-title\">\n\n        <div class=\"page-title-bg\">\n      <div class=\"title-bg fill bg-fill\"\n        data-parallax-container=\".page-title\"\n        data-parallax-background\n        data-parallax=\"-\">\n      <\/div>\n      <div class=\"title-overlay fill\"><\/div>\n    <\/div>\n    \n    <div class=\"page-title-inner container align-center flex-row medium-flex-wrap row-reverse\" >\n            <div class=\"title-content flex-col flex-left text-left medium-text-center\">\n        <div class=\"title-breadcrumbs pb-half pt-half\"><\/div>      <\/div>\n    <\/div>\n\n     \n<style>\n#page-header-1048220439 .title-bg {\n  background-image: url(https:\/\/doli.bansalgroup.se\/wp-content\/uploads\/2022\/11\/swirl-eurovema.png);\n}\n<\/style>\n  <\/div>\n    <\/div>\n  \n\n\t<div id=\"gap-556367606\" class=\"gap-element clearfix\" style=\"display:block; height:auto;\">\n\t\t\n<style>\n#gap-556367606 {\n  padding-top: 80px;\n}\n<\/style>\n\t<\/div>\n\t\n\n<div class=\"row padded\"  id=\"row-265297895\">\n\n\n\t<div id=\"col-1693531026\" class=\"col medium-6 small-12 large-6\"  >\n\t\t\t\t<div class=\"col-inner\"  >\n\t\t\t\n\t\t\t\n\n<div class=\"container section-title-container\" ><h1 class=\"section-title section-title-normal\"><b><\/b><span class=\"section-title-main\" >Kontakt oss<\/span><b><\/b><\/h1><\/div>\n\n\n\t\t<\/div>\n\t\t\t\t\t<\/div>\n\n\t\n\n\t<div id=\"col-757593973\" class=\"col medium-6 small-12 large-6\"  >\n\t\t\t\t<div class=\"col-inner\"  >\n\t\t\t\n\t\t\t\n\n\n\t\t<\/div>\n\t\t\t\t\t<\/div>\n\n\t\n\n<\/div>\n\t<div id=\"gap-1697300397\" class=\"gap-element clearfix\" style=\"display:block; height:auto;\">\n\t\t\n<style>\n#gap-1697300397 {\n  padding-top: 30px;\n}\n<\/style>\n\t<\/div>\n\t\n\n<div class=\"row align-equal padded\"  id=\"row-2058308492\">\n\n\n\t<div id=\"col-1632421028\" class=\"col medium-4 small-12 large-4\"  >\n\t\t\t\t<div class=\"col-inner\"  >\n\t\t\t\n\t\t\t\n\n\n\t\t<div class=\"icon-box featured-box ikoner-kontakt icon-box-left text-left\"  style=\"margin:0px 0 60px 0px;\">\n\t\t\t\t\t<div class=\"icon-box-img\" style=\"width: 60px\">\n\t\t\t\t<div class=\"icon\">\n\t\t\t\t\t<div class=\"icon-inner\" >\n\t\t\t\t\t\t<img loading=\"lazy\" decoding=\"async\" width=\"300\" height=\"297\" src=\"https:\/\/doli.bansalgroup.se\/wp-content\/uploads\/2022\/04\/hus-svg.svg\" class=\"attachment-medium size-medium\" alt=\"\" \/>\t\t\t\t\t<\/div>\n\t\t\t\t<\/div>\n\t\t\t<\/div>\n\t\t\t\t<div class=\"icon-box-text last-reset\">\n\t\t\t<h5 class=\"uppercase\">Adresse<\/h5>\t\t\t\t\t\t\n\n<p><b>Eurovema Mobility AB<\/b><br \/>Kallumveien 22 <br \/>1524 Moss<\/p>\n\t<div id=\"gap-1608263466\" class=\"gap-element clearfix\" style=\"display:block; height:auto;\">\n\t\t\n<style>\n#gap-1608263466 {\n  padding-top: 20px;\n}\n<\/style>\n\t<\/div>\n\t\n\n<p data-pm-slice=\"1 1 &#091;&#093;\"><strong>Bes\u00f8ksadresse<\/strong><br \/>Kallumveien 22 <br \/>1524 Moss<br \/>(inngang fra rabekkgata )<\/p>\n\n\t\t<\/div>\n\t<\/div>\n\t\n\t\n\n\t<a class=\"plain\" href=\"phoneto:940 39 385\"  >\t<div class=\"icon-box featured-box ikoner-kontakt icon-box-left text-left\"  style=\"margin:0px 0px 60px 0px;\">\n\t\t\t\t\t<div class=\"icon-box-img\" style=\"width: 60px\">\n\t\t\t\t<div class=\"icon\">\n\t\t\t\t\t<div class=\"icon-inner\" >\n\t\t\t\t\t\t<img loading=\"lazy\" decoding=\"async\" width=\"300\" height=\"297\" src=\"https:\/\/doli.bansalgroup.se\/wp-content\/uploads\/2022\/04\/hus-svg-2.svg\" class=\"attachment-medium size-medium\" alt=\"\" \/>\t\t\t\t\t<\/div>\n\t\t\t\t<\/div>\n\t\t\t<\/div>\n\t\t\t\t<div class=\"icon-box-text last-reset\">\n\t\t\t<h5 class=\"uppercase\">Telefon<\/h5>\t\t\t<h6>940 39 385<\/h6>\t\t\t\n\n\n\t\t<\/div>\n\t<\/div>\n\t<\/a>\n\t\n\n\t<a class=\"plain\" href=\"mailto:firmapost@eurovema.no\" target=\"_blank\" rel=\"noopener noreferrer\" >\t<div class=\"icon-box featured-box ikoner-kontakt icon-box-left text-left\"  >\n\t\t\t\t\t<div class=\"icon-box-img\" style=\"width: 60px\">\n\t\t\t\t<div class=\"icon\">\n\t\t\t\t\t<div class=\"icon-inner\" >\n\t\t\t\t\t\t<img loading=\"lazy\" decoding=\"async\" width=\"300\" height=\"297\" src=\"https:\/\/doli.bansalgroup.se\/wp-content\/uploads\/2022\/04\/hus-svg-1.svg\" class=\"attachment-medium size-medium\" alt=\"\" \/>\t\t\t\t\t<\/div>\n\t\t\t\t<\/div>\n\t\t\t<\/div>\n\t\t\t\t<div class=\"icon-box-text last-reset\">\n\t\t\t<h5 class=\"uppercase\">E-post<\/h5>\t\t\t<h6>firmapost@eurovema.no<\/h6>\t\t\t\n\n\n\t\t<\/div>\n\t<\/div>\n\t<\/a>\n\t\n\n\t\t<\/div>\n\t\t\t\t\t<\/div>\n\n\t\n\n\t<div id=\"col-548750233\" class=\"col medium-8 small-12 large-8\"  >\n\t\t\t\t<div class=\"col-inner\"  >\n\t\t\t\n\t\t\t\n\n<div style=\"max-width:100%;list-style:none; transition: none;overflow:hidden;width:100%;height:450px;\">\n<div id=\"display-google-map\" style=\"height:450px; width:100%;\"><iframe style=\"height:450px;width:100%;border:0;\" frameborder=\"0\" src=\"https:\/\/www.google.com\/maps\/embed\/v1\/place?q=Kallumveien+22,+1524+Moss,+Norge&amp;key=AIzaSyBFw0Qbyq9zTFTd-tUY6dZWTgaQzuU17R8\"><\/iframe><\/div>\n\n\t\t<\/div>\n\t\t\t\t\t<\/div>\n\n\t\n\n<\/div>\n\t<div id=\"gap-1915439703\" class=\"gap-element clearfix\" style=\"display:block; height:auto;\">\n\t\t\n<style>\n#gap-1915439703 {\n  padding-top: 40px;\n}\n<\/style>\n\t<\/div>\n\t\n\n<div class=\"row align-equal padded\"  id=\"row-1010943087\">\n\n\n\t<div id=\"col-1099797148\" class=\"col medium-3 small-12 large-3\"  >\n\t\t\t\t<div class=\"col-inner\"  >\n\t\t\t\n\t\t\t\n\n\t<div class=\"img has-hover x md-x lg-x y md-y lg-y\" id=\"image_1863916953\">\n\t\t\t\t\t\t\t\t<div class=\"img-inner dark\" >\n\t\t\t<img loading=\"lazy\" decoding=\"async\" width=\"598\" height=\"688\" src=\"https:\/\/doli.bansalgroup.se\/wp-content\/uploads\/2023\/01\/christian_rylander_kontakt_br00003369.jpg\" class=\"attachment-large size-large\" alt=\"\" srcset=\"https:\/\/doli.bansalgroup.se\/wp-content\/uploads\/2023\/01\/christian_rylander_kontakt_br00003369.jpg 598w, https:\/\/doli.bansalgroup.se\/wp-content\/uploads\/2023\/01\/christian_rylander_kontakt_br00003369-261x300.jpg 261w\" sizes=\"auto, (max-width: 598px) 100vw, 598px\" \/>\t\t\t\t\t\t\n\t\t\t\t\t<\/div>\n\t\t\t\t\t\t\t\t\n<style>\n#image_1863916953 {\n  width: 100%;\n}\n<\/style>\n\t<\/div>\n\t\n\n<p><span style=\"color: #ef7d1c;\"><strong><span style=\"font-size: 130%;\"><span style=\"color: #333333;\">Christian Rylander<br \/><\/span><\/span><span style=\"color: #ef7d1c; font-size: 100%;\">Salgssjef\/Produktspesialist<\/span><\/strong><\/span><\/p>\n<p><strong><span style=\"color: #7c7c7b;\"><span style=\"font-size: 80%;\"><a href=\"phoneto:48003186\" data-wplink-edit=\"true\">+47 480 031 86<\/a><br \/><a href=\"mailto:christian.rylander@eurovema.no\">christian.rylander@eurovema.no<\/a><\/span><br \/><\/span><\/strong><\/p>\n\n\t\t<\/div>\n\t\t\t\t\t<\/div>\n\n\t\n\n\t<div id=\"col-1566286681\" class=\"col medium-3 small-12 large-3\"  >\n\t\t\t\t<div class=\"col-inner\"  >\n\t\t\t\n\t\t\t\n\n\n\t\t<\/div>\n\t\t\t\t\t<\/div>\n\n\t\n\n\t<div id=\"col-805983227\" class=\"col medium-3 small-12 large-3\"  >\n\t\t\t\t<div class=\"col-inner\"  >\n\t\t\t\n\t\t\t\n\n\n\t\t<\/div>\n\t\t\t\t\t<\/div>\n\n\t\n\n\t<div id=\"col-584830010\" class=\"col medium-3 small-12 large-3\"  >\n\t\t\t\t<div class=\"col-inner\"  >\n\t\t\t\n\t\t\t\n\n\n\t\t<\/div>\n\t\t\t\t\t<\/div>\n\n\t\n\n<\/div>\n<div class=\"row padded\"  id=\"row-2006959507\">\n\n\n\t<div id=\"col-1342463389\" class=\"col small-12 large-12\"  >\n\t\t\t\t<div class=\"col-inner\"  >\n\t\t\t\n\t\t\t\n\n<h3>Samarbeidspartners:<\/h3>\n\n\t\t<\/div>\n\t\t\t\t\t<\/div>\n\n\t\n\n<\/div>\n<div class=\"row align-equal padded\"  id=\"row-745723437\">\n\n\n\t<div id=\"col-1005486495\" class=\"col medium-4 small-12 large-4\"  >\n\t\t\t\t<div class=\"col-inner\"  >\n\t\t\t\n\t\t\t\n\n<p>Vestlandet<br \/><span style=\"color: #ef7d1c; font-size: 100%;\"><strong>Aasto Hjelpemidler AS<\/strong><\/span><\/p>\n<p><span style=\"color: #333333; font-size: 130%;\"><strong>\u00c5shild Skaatun Hergum<\/strong><\/span><\/p>\n<p><strong><span style=\"color: #7c7c7b;\"><span style=\"font-size: 80%;\"><a href=\"phoneto:0047462722\">+47 462 722<\/a><br \/><a href=\"mailto:ashild@aasto.no\">ashild@aasto.no<\/a><\/span><br \/><\/span><\/strong><\/p>\n\n\t\t<\/div>\n\t\t\t\t\t<\/div>\n\n\t\n\n\t<div id=\"col-1816850133\" class=\"col medium-4 small-12 large-4\"  >\n\t\t\t\t<div class=\"col-inner\"  >\n\t\t\t\n\t\t\t\n\n<p>Rogaland<br \/><span style=\"color: #ef7d1c; font-size: 100%;\"><strong>Ronda AS<\/strong><\/span><br \/><span style=\"font-size: 80%;\">Ganghjelpemidler, Arbeidsstoler &amp; Vogner<\/span><\/p>\n<p><span style=\"color: #333333; font-size: 130%;\"><strong>Anne Gurine Thorsen<\/strong><\/span><\/p>\n<p><strong><span style=\"color: #7c7c7b;\"><span style=\"font-size: 80%;\"><a href=\"phoneto:004791572071\">+47 915 72 071<\/a><br \/><a href=\"mailto:at@ronda.no\">at@ronda.no<\/a><\/span><\/span><\/strong><\/p>\n<hr>\n<p><span style=\"color: #ef7d1c; font-size: 100%;\"><strong>Aasto Hjelpemidler AS<\/strong><\/span><br \/><span style=\"font-size: 80%;\">Scooter &amp; el-rullestoler<\/span><\/p>\n<p><span style=\"color: #333333; font-size: 130%;\"><strong>\u00c5shild Skaatun Hergum<\/strong><\/span><\/p>\n<p><strong><span style=\"color: #7c7c7b;\"><span style=\"font-size: 80%;\"><a href=\"phoneto:0047462722\">+47 462 722<\/a><br \/><a href=\"mailto:ashild@aasto.no\">ashild@aasto.no<\/a><\/span><br \/><\/span><\/strong><\/p>\n\n\t\t<\/div>\n\t\t\t\t\t<\/div>\n\n\t\n\n\t<div id=\"col-1078580170\" class=\"col medium-4 small-12 large-4\"  >\n\t\t\t\t<div class=\"col-inner\"  >\n\t\t\t\n\t\t\t\n\n<p>Agder<br \/><span style=\"color: #ef7d1c; font-size: 100%;\"><strong>Ronda AS<\/strong><\/span><br \/><span style=\"font-size: 80%;\">Ganghjelpemidler, Arbeidsstoler &amp; Vogner<\/span><\/p>\n<p><span style=\"color: #333333; font-size: 130%;\"><strong>Anne Gurine Thorsen<\/strong><\/span><\/p>\n<p><strong><span style=\"color: #7c7c7b;\"><span style=\"font-size: 80%;\"><a href=\"phoneto:004791572071\">+47 915 72 071<\/a><br \/><a href=\"mailto:at@ronda.no\">at@ronda.no<\/a><\/span><\/span><\/strong><\/p>\n<hr>\n<p><span style=\"color: #ef7d1c; font-size: 100%;\"><strong>Eurovema<\/strong><\/span><br \/><span style=\"font-size: 80%;\">Scooter &amp; el-rullestoler<\/span><\/p>\n<p><span style=\"color: #333333; font-size: 130%;\"><strong>Christian Rylander<\/strong><\/span><\/p>\n<p><strong><span style=\"color: #7c7c7b;\"><span style=\"font-size: 80%;\"><a href=\"phoneto:+4748003186\">+47 480 031 86<\/a><br \/><a href=\"mailto:christian.rylander@eurovema.no\">christian.rylander@eurovema.no<\/a><\/span><\/span><\/strong><\/p>\n\n\t\t<\/div>\n\t\t\t\t\t<\/div>\n\n\t\n\n\t<div id=\"col-1318653406\" class=\"col medium-4 small-12 large-4\"  >\n\t\t\t\t<div class=\"col-inner\"  >\n\t\t\t\n\t\t\t\n\n<p>Nordland, Trom, Finnmark<br \/><span style=\"color: #ef7d1c; font-size: 100%;\"><strong>Caretec AS<\/strong><\/span><\/p>\n<p><span style=\"color: #333333; font-size: 130%;\"><strong>Jon Petter Dahlen <\/strong><\/span><\/p>\n<p><strong><span style=\"color: #7c7c7b;\"><span style=\"font-size: 80%;\"><a href=\"phoneto:+4797707893\">+47 977 078 93<\/a><br \/><a href=\"mailto:JP@caretec.no\">JP@caretec.no<\/a><\/span><br \/><\/span><\/strong><\/p>\n\n\t\t<\/div>\n\t\t\t\t\t<\/div>\n\n\t\n\n\t<div id=\"col-784471086\" class=\"col medium-4 small-12 large-4\"  >\n\t\t\t\t<div class=\"col-inner\"  >\n\t\t\t\n\t\t\t\n\n<p>\u00d8stlandet &amp; Tr\u00f8ndelag, M\u00f8re og Romsdal<\/p>\n<p><span style=\"color: #333333; font-size: 130%;\"><strong>Christian Rylander<\/strong><\/span><\/p>\n<p><strong><span style=\"color: #7c7c7b;\"><span style=\"font-size: 80%;\"><a href=\"phoneto:+4748003186\">+47 480 031 86<\/a><br \/><a href=\"mailto:christian.rylander@eurovema.no\">christian.rylander@eurovema.no<\/a><\/span><br \/><\/span><\/strong><\/p>\n\n\t\t<\/div>\n\t\t\t\t\t<\/div>\n\n\t\n\n<\/div>\n\n\t<div id=\"gap-1910483528\" class=\"gap-element clearfix\" style=\"display:block; height:auto;\">\n\t\t\n<style>\n#gap-1910483528 {\n  padding-top: 60px;\n}\n<\/style>\n\t<\/div>\n\t\n\n<\/div>\n\t<div class=\"img has-hover x md-x lg-x y md-y lg-y\" id=\"image_1670878259\">\n\t\t\t\t\t\t\t\t<div class=\"img-inner dark\" >\n\t\t\t<img loading=\"lazy\" decoding=\"async\" width=\"2048\" height=\"480\" src=\"https:\/\/doli.bansalgroup.se\/wp-content\/uploads\/2023\/01\/natur_hundkex_73A0525-2048x480.jpg\" class=\"attachment-2048x2048 size-2048x2048\" alt=\"\" srcset=\"https:\/\/doli.bansalgroup.se\/wp-content\/uploads\/2023\/01\/natur_hundkex_73A0525-2048x480.jpg 2048w, https:\/\/doli.bansalgroup.se\/wp-content\/uploads\/2023\/01\/natur_hundkex_73A0525-300x70.jpg 300w, https:\/\/doli.bansalgroup.se\/wp-content\/uploads\/2023\/01\/natur_hundkex_73A0525-1024x240.jpg 1024w, https:\/\/doli.bansalgroup.se\/wp-content\/uploads\/2023\/01\/natur_hundkex_73A0525-768x180.jpg 768w, https:\/\/doli.bansalgroup.se\/wp-content\/uploads\/2023\/01\/natur_hundkex_73A0525-1536x360.jpg 1536w, https:\/\/doli.bansalgroup.se\/wp-content\/uploads\/2023\/01\/natur_hundkex_73A0525-600x141.jpg 600w\" sizes=\"auto, (max-width: 2048px) 100vw, 2048px\" \/>\t\t\t\t\t\t\n\t\t\t\t\t<\/div>\n\t\t\t\t\t\t\t\t\n<style>\n#image_1670878259 {\n  width: 100%;\n}\n<\/style>\n\t<\/div>\n\t\n\n\n","protected":false},"excerpt":{"rendered":"","protected":false},"author":10,"featured_media":0,"parent":0,"menu_order":0,"comment_status":"closed","ping_status":"closed","template":"page-blank.php","meta":{"inline_featured_image":false,"footnotes":""},"categories":[],"tags":[],"class_list":["post-3747","page","type-page","status-publish","hentry"],"_links":{"self":[{"href":"https:\/\/doli.bansalgroup.se\/no\/wp-json\/wp\/v2\/pages\/3747","targetHints":{"allow":["GET"]}}],"collection":[{"href":"https:\/\/doli.bansalgroup.se\/no\/wp-json\/wp\/v2\/pages"}],"about":[{"href":"https:\/\/doli.bansalgroup.se\/no\/wp-json\/wp\/v2\/types\/page"}],"author":[{"embeddable":true,"href":"https:\/\/doli.bansalgroup.se\/no\/wp-json\/wp\/v2\/users\/10"}],"replies":[{"embeddable":true,"href":"https:\/\/doli.bansalgroup.se\/no\/wp-json\/wp\/v2\/comments?post=3747"}],"version-history":[{"count":39,"href":"https:\/\/doli.bansalgroup.se\/no\/wp-json\/wp\/v2\/pages\/3747\/revisions"}],"predecessor-version":[{"id":8655,"href":"https:\/\/doli.bansalgroup.se\/no\/wp-json\/wp\/v2\/pages\/3747\/revisions\/8655"}],"wp:attachment":[{"href":"https:\/\/doli.bansalgroup.se\/no\/wp-json\/wp\/v2\/media?parent=3747"}],"wp:term":[{"taxonomy":"category","embeddable":true,"href":"https:\/\/doli.bansalgroup.se\/no\/wp-json\/wp\/v2\/categories?post=3747"},{"taxonomy":"post_tag","embeddable":true,"href":"https:\/\/doli.bansalgroup.se\/no\/wp-json\/wp\/v2\/tags?post=3747"}],"curies":[{"name":"wp","href":"https:\/\/api.w.org\/{rel}","templated":true}]}}