{"id":3774,"date":"2020-10-07T09:51:32","date_gmt":"2020-10-07T07:51:32","guid":{"rendered":"https:\/\/staging.eurovema.se\/?page_id=3774"},"modified":"2024-08-06T15:30:09","modified_gmt":"2024-08-06T13:30:09","slug":"firmaet","status":"publish","type":"page","link":"https:\/\/doli.bansalgroup.se\/no\/firmaet\/","title":{"rendered":"Firmaet"},"content":{"rendered":"\n\t<section class=\"section\" id=\"section_1845887257\">\n\t\t<div class=\"bg section-bg fill bg-fill  bg-loaded\" >\n\n\t\t\t\n\t\t\t\n\t\t\t\n\n\t\t<\/div>\n\n\t\t\n\n\t\t<div class=\"section-content relative\">\n\t\t\t\n\n  <div id=\"page-header-576060127\" class=\"page-header-wrapper\">\n  <div class=\"page-title dark simple-title\">\n\n        <div class=\"page-title-bg\">\n      <div class=\"title-bg fill bg-fill\"\n        data-parallax-container=\".page-title\"\n        data-parallax-background\n        data-parallax=\"-\">\n      <\/div>\n      <div class=\"title-overlay fill\"><\/div>\n    <\/div>\n    \n    <div class=\"page-title-inner container align-center flex-row medium-flex-wrap row-reverse\" >\n            <div class=\"title-content flex-col flex-left text-left medium-text-center\">\n        <div class=\"title-breadcrumbs pb-half pt-half\"><\/div>      <\/div>\n    <\/div>\n\n     \n<style>\n#page-header-576060127 .page-title-inner {\n  min-height: 65px;\n}\n#page-header-576060127 .title-bg {\n  background-image: url(https:\/\/doli.bansalgroup.se\/wp-content\/uploads\/2022\/11\/MicrosoftTeams-image-2.png);\n  background-position: 0% 0%;\n}\n<\/style>\n  <\/div>\n    <\/div>\n  \n\n\t<div id=\"gap-363741950\" class=\"gap-element clearfix\" style=\"display:block; height:auto;\">\n\t\t\n<style>\n#gap-363741950 {\n  padding-top: 50px;\n}\n<\/style>\n\t<\/div>\n\t\n\n<div class=\"row align-center padded\"  id=\"row-1728767704\">\n\n\n\t<div id=\"col-15704508\" class=\"col small-12 large-12\"  >\n\t\t\t\t<div class=\"col-inner text-left\"  >\n\t\t\t\n\t\t\t\n\n<div class=\"container section-title-container\" ><h1 class=\"section-title section-title-normal\"><b><\/b><span class=\"section-title-main\" >Om Eurovema<\/span><b><\/b><\/h1><\/div>\n\n\n\t\t<\/div>\n\t\t\t\t\t<\/div>\n\n\t\n\n<\/div>\n<div class=\"row align-center padded\"  id=\"row-1544405354\">\n\n\n\t<div id=\"col-94513908\" class=\"col medium-12 small-12 large-5\"  >\n\t\t\t\t<div class=\"col-inner text-left\"  >\n\t\t\t\n\t\t\t\n\n\t<div id=\"text-2916099990\" class=\"text\">\n\t\t\n\n<p style=\"padding: 40px; background-color: rgba(124, 124, 123, 0.05);\">Eurovema Mobility AB er en del av Weland-konsernet, som er preget av en h\u00f8y investeringstakt og vilje til stadig forbedring. Eurovema Mobility utvikler, produserer og markedsf\u00f8rer tekniske hjelpemidler under sine egne varemerker Euroflex (arbeidsstoler og elektriske rullestoler for innebruk), Alvema (barneprodukter og vogner) og Volaris (rullatorer). Produktene blir produsert i v\u00e5re lokaler i Gislaved i Sverige.<\/p>\n\t\t\n<style>\n#text-2916099990 {\n  line-height: 1.3;\n}\n<\/style>\n\t<\/div>\n\t\n\n\t\t<\/div>\n\t\t\t\t\n<style>\n#col-94513908 > .col-inner {\n  padding: 20px 20px 0px 20px;\n}\n@media (min-width:550px) {\n  #col-94513908 > .col-inner {\n    padding: 0px 0px 0px 0px;\n  }\n}\n@media (min-width:850px) {\n  #col-94513908 > .col-inner {\n    padding: 20px 20px 20px 20px;\n  }\n}\n<\/style>\n\t<\/div>\n\n\t\n\n\t<div id=\"col-14343840\" class=\"col mobile-image-margin medium-12 small-12 large-7 medium-col-first\"  >\n\t\t\t\t<div class=\"col-inner\"  >\n\t\t\t\n\t\t\t\n\n\t<div class=\"img has-hover x md-x lg-x y md-y lg-y\" id=\"image_2094383398\">\n\t\t\t\t\t\t\t\t<div class=\"img-inner image-cover dark\" style=\"padding-top:355px;\">\n\t\t\t<img loading=\"lazy\" decoding=\"async\" width=\"817\" height=\"564\" src=\"https:\/\/doli.bansalgroup.se\/wp-content\/uploads\/2022\/11\/Group-238.png\" class=\"attachment-large size-large\" alt=\"\" srcset=\"https:\/\/doli.bansalgroup.se\/wp-content\/uploads\/2022\/11\/Group-238.png 817w, https:\/\/doli.bansalgroup.se\/wp-content\/uploads\/2022\/11\/Group-238-300x207.png 300w, https:\/\/doli.bansalgroup.se\/wp-content\/uploads\/2022\/11\/Group-238-768x530.png 768w, https:\/\/doli.bansalgroup.se\/wp-content\/uploads\/2022\/11\/Group-238-600x414.png 600w\" sizes=\"auto, (max-width: 817px) 100vw, 817px\" \/>\t\t\t\t\t\t\n\t\t\t\t\t<\/div>\n\t\t\t\t\t\t\t\t\n<style>\n#image_2094383398 {\n  width: 100%;\n}\n<\/style>\n\t<\/div>\n\t\n\n\n\t\t<\/div>\n\t\t\t\t\n<style>\n#col-14343840 > .col-inner {\n  padding: 0px 0px 0px 0px;\n}\n<\/style>\n\t<\/div>\n\n\t\n\n\n<style>\n#row-1544405354 > .col > .col-inner {\n  padding: 0px 0px 0px 0px;\n}\n<\/style>\n<\/div>\n<div class=\"row padded\"  id=\"row-333282686\">\n\n\n\t<div id=\"col-1768487429\" class=\"col small-12 large-12\"  >\n\t\t\t\t<div class=\"col-inner\"  >\n\t\t\t\n\t\t\t\n\n<div class=\"video video-fit mb\" style=\"padding-top:42%;\"><iframe loading=\"lazy\" title=\"Eurovema Mobility AB\" src=\"https:\/\/player.vimeo.com\/video\/685452234?dnt=1&amp;app_id=122963\" width=\"1020\" height=\"427\" frameborder=\"0\" allow=\"autoplay; fullscreen; picture-in-picture; clipboard-write\"><\/iframe><\/div>\n\n\n\t\t<\/div>\n\t\t\t\t\t<\/div>\n\n\t\n\n<\/div>\n<div class=\"row align-center padded\"  id=\"row-1521225971\">\n\n\n\t<div id=\"col-378613762\" class=\"col medium-2 small-12 large-2\"  >\n\t\t\t\t<div class=\"col-inner\"  >\n\t\t\t\n\t\t\t\n\n\n\t\t<\/div>\n\t\t\t\t\t<\/div>\n\n\t\n\n\t<div id=\"col-16537869\" class=\"col medium-8 small-12 large-8\"  >\n\t\t\t\t<div class=\"col-inner text-center\"  >\n\t\t\t\n\t\t\t\n\n<div class=\"row align-center\"  id=\"row-559392418\">\n\n\n\t<div id=\"col-498363462\" class=\"col medium-4 small-12 large-4\"  >\n\t\t\t\t<div class=\"col-inner\"  >\n\t\t\t\n\t\t\t\n\n\n\t\t<\/div>\n\t\t\t\t\t<\/div>\n\n\t\n\n\t<div id=\"col-683068853\" class=\"col medium-2 small-12 large-2\"  >\n\t\t\t\t<div class=\"col-inner text-center\"  >\n\t\t\t\n\t\t\t\n\n<div class=\"text-center\"><div class=\"is-divider divider clearfix\" style=\"height:5px;\"><\/div><\/div>\n\n\n\t\t<\/div>\n\t\t\t\t\t<\/div>\n\n\t\n\n\t<div id=\"col-879444235\" class=\"col medium-4 small-12 large-4\"  >\n\t\t\t\t<div class=\"col-inner\"  >\n\t\t\t\n\t\t\t\n\n\n\t\t<\/div>\n\t\t\t\t\t<\/div>\n\n\t\n\n<\/div>\n\t<div id=\"text-796319521\" class=\"text\">\n\t\t\n\n<p style=\"font-family: lato; font-size: 25px; font-weight: 100 !important;\">Siden 1977 har Eurovema produsert sine egne produkter, utviklet i n\u00e6rt samarbeid med brukere, forskere og fagfolk i hele helsekjeden. Vi vil at v\u00e5re produkter og unike l\u00f8sninger skal gi \u00f8kt mobilitet, ikke bare konkret og fysisk, men ogs\u00e5 sosialt. For alle livets omskiftninger.<\/p>\n\t\t\n<style>\n#text-796319521 {\n  font-size: 2.5rem;\n  line-height: 1.3;\n  text-align: center;\n  color: rgb(112, 112, 112);\n}\n#text-796319521 > * {\n  color: rgb(112, 112, 112);\n}\n<\/style>\n\t<\/div>\n\t\n<div class=\"row align-center\"  id=\"row-1673786016\">\n\n\n\t<div id=\"col-689832217\" class=\"col medium-4 small-12 large-4\"  >\n\t\t\t\t<div class=\"col-inner\"  >\n\t\t\t\n\t\t\t\n\n\n\t\t<\/div>\n\t\t\t\t\t<\/div>\n\n\t\n\n\t<div id=\"col-867562828\" class=\"col medium-2 small-12 large-2\"  >\n\t\t\t\t<div class=\"col-inner text-center\"  >\n\t\t\t\n\t\t\t\n\n<div class=\"text-center\"><div class=\"is-divider divider clearfix\" style=\"height:5px;\"><\/div><\/div>\n\n\n\t\t<\/div>\n\t\t\t\t\t<\/div>\n\n\t\n\n\t<div id=\"col-1767244991\" class=\"col medium-4 small-12 large-4\"  >\n\t\t\t\t<div class=\"col-inner\"  >\n\t\t\t\n\t\t\t\n\n\n\t\t<\/div>\n\t\t\t\t\t<\/div>\n\n\t\n\n<\/div>\n\n\t\t<\/div>\n\t\t\t\t\n<style>\n#col-16537869 > .col-inner {\n  padding: 20px 20px 20px 20px;\n}\n<\/style>\n\t<\/div>\n\n\t\n\n\t<div id=\"col-837221197\" class=\"col medium-2 small-12 large-2\"  >\n\t\t\t\t<div class=\"col-inner\"  >\n\t\t\t\n\t\t\t\n\n\n\t\t<\/div>\n\t\t\t\t\t<\/div>\n\n\t\n\n<\/div>\n<div class=\"row padded\"  id=\"row-539656565\">\n\n\n\t<div id=\"col-1634393093\" class=\"col medium-5 small-12 large-5\"  >\n\t\t\t\t<div class=\"col-inner\"  >\n\t\t\t\n\t\t\t\n\n\t<div class=\"img has-hover x md-x lg-x y md-y lg-y\" id=\"image_1214483427\">\n\t\t\t\t\t\t\t\t<div class=\"img-inner dark\" >\n\t\t\t<img loading=\"lazy\" decoding=\"async\" width=\"546\" height=\"748\" src=\"https:\/\/doli.bansalgroup.se\/wp-content\/uploads\/2022\/11\/Group-240.png\" class=\"attachment-large size-large\" alt=\"\" srcset=\"https:\/\/doli.bansalgroup.se\/wp-content\/uploads\/2022\/11\/Group-240.png 546w, https:\/\/doli.bansalgroup.se\/wp-content\/uploads\/2022\/11\/Group-240-219x300.png 219w\" sizes=\"auto, (max-width: 546px) 100vw, 546px\" \/>\t\t\t\t\t\t\n\t\t\t\t\t<\/div>\n\t\t\t\t\t\t\t\t\n<style>\n#image_1214483427 {\n  width: 100%;\n}\n<\/style>\n\t<\/div>\n\t\n\n\n\t\t<\/div>\n\t\t\t\t\t<\/div>\n\n\t\n\n\t<div id=\"col-1489419825\" class=\"col medium-7 small-12 large-7\"  >\n\t\t\t\t<div class=\"col-inner\"  >\n\t\t\t\n\t\t\t\n\n\t<div id=\"text-426592698\" class=\"text\">\n\t\t\n\n<h3><span style=\"font-size: 110%;\">Ansvar ned til den minste detalj<\/span><\/h3>\n<p><span style=\"font-size: 100%;\">Som et av de eldste selskapene i hjelpemiddelindustrien har svenske Eurovema opparbeidet seg mye kunnskap og lang erfaring innen produkter for spesielle behov. I over 40 \u00e5r har vi bygget opp et godt rykte og en sterk organisasjon med egen utvikling, design, produksjon og salg ved v\u00e5rt anlegg i Gislaved, Sverige. Selv detaljene og reservedelene til produktene produseres, s\u00e5 langt det er mulig, av lokale underleverand\u00f8rer.<\/span><\/p>\n<p><span style=\"font-size: 100%;\">V\u00e5r helhetlige tiln\u00e6rming dekker hele utviklings- og produksjonsprosessen, noe som gir v\u00e5re kunder stor fleksibilitet og korte ledetider. V\u00e5rt b\u00e6rekraftsperspektiv omfatter b\u00e5de menneske og milj\u00f8, og vi arbeider kontinuerlig med \u00e5 minimere milj\u00f8p\u00e5virkningen i alle ledd. Ansvar og omsorg er to sider av samme sak.<\/span><\/p>\n<p><span style=\"font-size: 100%;\">Alle v\u00e5re produkter er CE-merket og er kontrollert i henhold til det europeiske regelverket for medisinsk utstyr n\u00e5r det gjelder helse, sikkerhet, funksjon og milj\u00f8. Eurvema er med hele veien, b\u00e5de for oppl\u00e6ring og testing, vanligvis helt ut til brukeren.<\/span><\/p>\n\t\t\n<style>\n#text-426592698 {\n  font-size: 1rem;\n  line-height: 1.3;\n  color: rgb(112, 112, 112);\n}\n#text-426592698 > * {\n  color: rgb(112, 112, 112);\n}\n<\/style>\n\t<\/div>\n\t\n\n\t\t<\/div>\n\t\t\t\t\n<style>\n#col-1489419825 > .col-inner {\n  padding: 40px 20px 20px 20px;\n}\n<\/style>\n\t<\/div>\n\n\t\n\n<\/div>\n\t<div id=\"gap-1927256185\" class=\"gap-element clearfix\" style=\"display:block; height:auto;\">\n\t\t\n<style>\n#gap-1927256185 {\n  padding-top: 10px;\n}\n@media (min-width:550px) {\n  #gap-1927256185 {\n    padding-top: 40px;\n  }\n}\n<\/style>\n\t<\/div>\n\t\n\n\n  <div class=\"banner has-hover\" id=\"banner-1305542097\">\n          <div class=\"banner-inner fill\">\n        <div class=\"banner-bg fill\" >\n            <div class=\"bg fill bg-fill \"><\/div>\n                                    \n                    <\/div>\n\t\t\n        <div class=\"banner-layers container\">\n            <div class=\"fill banner-link\"><\/div>            \n\n   <div id=\"text-box-1715695006\" class=\"text-box banner-layer x50 md-x50 lg-x50 y50 md-y50 lg-y50 res-text\">\n                                <div class=\"text-box-content text dark\">\n              \n              <div class=\"text-inner text-center\">\n                  \n\n<h2 class=\"lead\">\u00c5 jobbe p\u00e5 Eurovema<\/h2>\n<p><span style=\"font-size: 115%;\">Hos Eurovema er ingen dager like. V\u00e5r produksjon p\u00e5virkes av ettersp\u00f8rselen etter produktene v\u00e5re i Sverige og Norge, hovedsaklig fra helsesektoren. Kontraktene regulerer leveringstidene, som ofte er korte, selv for v\u00e5re reservedeler. Dette stiller store krav til fleksibilitet fra hele teamet. B\u00e5de produktutvikling, produksjon og hovedkontor med ledelse ligger i Gislaved. Vi har ogs\u00e5 salgskontorer i Stockholm og Lund, og i v\u00e5rt datterselskap i Oslo. \u00c5 v\u00e6re en del av den sterke Weland-gruppen med mange selskaper i regionen, hvorav noen ogs\u00e5 er underleverand\u00f8rer til Eurovema, skaper stor trygghet for v\u00e5re ansatte.<\/span><\/p>\n\n              <\/div>\n           <\/div>\n                            \n<style>\n#text-box-1715695006 {\n  width: 60%;\n}\n#text-box-1715695006 .text-box-content {\n  font-size: 100%;\n}\n<\/style>\n    <\/div>\n \n\n        <\/div>\n      <\/div>\n\n            \n<style>\n#banner-1305542097 {\n  padding-top: 440px;\n}\n#banner-1305542097 .ux-shape-divider--top svg {\n  height: 150px;\n  --divider-top-width: 100%;\n}\n#banner-1305542097 .ux-shape-divider--bottom svg {\n  height: 150px;\n  --divider-width: 100%;\n}\n<\/style>\n  <\/div>\n\n\n\t<div id=\"gap-1279700493\" class=\"gap-element clearfix\" style=\"display:block; height:auto;\">\n\t\t\n<style>\n#gap-1279700493 {\n  padding-top: 50px;\n}\n@media (min-width:550px) {\n  #gap-1279700493 {\n    padding-top: 80px;\n  }\n}\n<\/style>\n\t<\/div>\n\t\n\n<div class=\"row padded\"  id=\"row-854813658\">\n\n\n\t<div id=\"col-393203551\" class=\"col small-12 large-12\"  >\n\t\t\t\t<div class=\"col-inner\"  >\n\t\t\t\n\t\t\t\n\n<div class=\"slider-wrapper relative\" id=\"slider-180172926\" >\n    <div class=\"slider slider-nav-dots-simple slider-nav-simple slider-nav-large slider-nav-light slider-style-normal slider-show-nav\"\n        data-flickity-options='{\n            \"cellAlign\": \"center\",\n            \"imagesLoaded\": true,\n            \"lazyLoad\": 1,\n            \"freeScroll\": false,\n            \"wrapAround\": true,\n            \"autoPlay\": 4000,\n            \"pauseAutoPlayOnHover\" : true,\n            \"prevNextButtons\": true,\n            \"contain\" : true,\n            \"adaptiveHeight\" : true,\n            \"dragThreshold\" : 10,\n            \"percentPosition\": true,\n            \"pageDots\": true,\n            \"rightToLeft\": false,\n            \"draggable\": true,\n            \"selectedAttraction\": 0.1,\n            \"parallax\" : 0,\n            \"friction\": 0.6        }'\n        >\n        \n\n\t<div class=\"img has-hover x md-x lg-x y md-y lg-y\" id=\"image_273513985\">\n\t\t<a class=\"image-lightbox lightbox-gallery\" title=\"\" href=\"https:\/\/doli.bansalgroup.se\/wp-content\/uploads\/2023\/01\/221122_Weland_008_croped-1024x683.jpg\">\t\t\t\t\t\t<div class=\"img-inner dark\" >\n\t\t\t<img loading=\"lazy\" decoding=\"async\" width=\"1020\" height=\"680\" src=\"https:\/\/doli.bansalgroup.se\/wp-content\/uploads\/2023\/01\/221122_Weland_008_croped-1024x683.jpg\" class=\"attachment-large size-large\" alt=\"\" srcset=\"https:\/\/doli.bansalgroup.se\/wp-content\/uploads\/2023\/01\/221122_Weland_008_croped-1024x683.jpg 1024w, https:\/\/doli.bansalgroup.se\/wp-content\/uploads\/2023\/01\/221122_Weland_008_croped-300x200.jpg 300w, https:\/\/doli.bansalgroup.se\/wp-content\/uploads\/2023\/01\/221122_Weland_008_croped-768x512.jpg 768w, https:\/\/doli.bansalgroup.se\/wp-content\/uploads\/2023\/01\/221122_Weland_008_croped-600x400.jpg 600w, https:\/\/doli.bansalgroup.se\/wp-content\/uploads\/2023\/01\/221122_Weland_008_croped.jpg 1200w\" sizes=\"auto, (max-width: 1020px) 100vw, 1020px\" \/>\t\t\t\t\t\t\n\t\t\t\t\t<\/div>\n\t\t\t\t\t\t<\/a>\t\t\n<style>\n#image_273513985 {\n  width: 100%;\n}\n<\/style>\n\t<\/div>\n\t\n\n\t<div class=\"img has-hover x md-x lg-x y md-y lg-y\" id=\"image_1604044049\">\n\t\t\t\t\t\t\t\t<div class=\"img-inner dark\" >\n\t\t\t<img loading=\"lazy\" decoding=\"async\" width=\"1020\" height=\"680\" src=\"https:\/\/doli.bansalgroup.se\/wp-content\/uploads\/2023\/01\/221122_Weland_009_croped-1024x683.jpg\" class=\"attachment-large size-large\" alt=\"\" srcset=\"https:\/\/doli.bansalgroup.se\/wp-content\/uploads\/2023\/01\/221122_Weland_009_croped-1024x683.jpg 1024w, https:\/\/doli.bansalgroup.se\/wp-content\/uploads\/2023\/01\/221122_Weland_009_croped-300x200.jpg 300w, https:\/\/doli.bansalgroup.se\/wp-content\/uploads\/2023\/01\/221122_Weland_009_croped-768x512.jpg 768w, https:\/\/doli.bansalgroup.se\/wp-content\/uploads\/2023\/01\/221122_Weland_009_croped-600x400.jpg 600w, https:\/\/doli.bansalgroup.se\/wp-content\/uploads\/2023\/01\/221122_Weland_009_croped.jpg 1200w\" sizes=\"auto, (max-width: 1020px) 100vw, 1020px\" \/>\t\t\t\t\t\t\n\t\t\t\t\t<\/div>\n\t\t\t\t\t\t\t\t\n<style>\n#image_1604044049 {\n  width: 100%;\n}\n<\/style>\n\t<\/div>\n\t\n\n\t<div class=\"img has-hover x md-x lg-x y md-y lg-y\" id=\"image_562169366\">\n\t\t\t\t\t\t\t\t<div class=\"img-inner dark\" >\n\t\t\t<img loading=\"lazy\" decoding=\"async\" width=\"1020\" height=\"680\" src=\"https:\/\/doli.bansalgroup.se\/wp-content\/uploads\/2023\/01\/221122_Weland_016_croped-1024x683.jpg\" class=\"attachment-large size-large\" alt=\"\" srcset=\"https:\/\/doli.bansalgroup.se\/wp-content\/uploads\/2023\/01\/221122_Weland_016_croped-1024x683.jpg 1024w, https:\/\/doli.bansalgroup.se\/wp-content\/uploads\/2023\/01\/221122_Weland_016_croped-300x200.jpg 300w, https:\/\/doli.bansalgroup.se\/wp-content\/uploads\/2023\/01\/221122_Weland_016_croped-768x512.jpg 768w, https:\/\/doli.bansalgroup.se\/wp-content\/uploads\/2023\/01\/221122_Weland_016_croped-600x400.jpg 600w, https:\/\/doli.bansalgroup.se\/wp-content\/uploads\/2023\/01\/221122_Weland_016_croped.jpg 1200w\" sizes=\"auto, (max-width: 1020px) 100vw, 1020px\" \/>\t\t\t\t\t\t\n\t\t\t\t\t<\/div>\n\t\t\t\t\t\t\t\t\n<style>\n#image_562169366 {\n  width: 100%;\n}\n<\/style>\n\t<\/div>\n\t\n\n\t<div class=\"img has-hover x md-x lg-x y md-y lg-y\" id=\"image_1378385497\">\n\t\t\t\t\t\t\t\t<div class=\"img-inner dark\" >\n\t\t\t<img loading=\"lazy\" decoding=\"async\" width=\"1020\" height=\"680\" src=\"https:\/\/doli.bansalgroup.se\/wp-content\/uploads\/2023\/01\/221122_Weland_040_Croped-1024x683.jpg\" class=\"attachment-large size-large\" alt=\"\" srcset=\"https:\/\/doli.bansalgroup.se\/wp-content\/uploads\/2023\/01\/221122_Weland_040_Croped-1024x683.jpg 1024w, https:\/\/doli.bansalgroup.se\/wp-content\/uploads\/2023\/01\/221122_Weland_040_Croped-300x200.jpg 300w, https:\/\/doli.bansalgroup.se\/wp-content\/uploads\/2023\/01\/221122_Weland_040_Croped-768x512.jpg 768w, https:\/\/doli.bansalgroup.se\/wp-content\/uploads\/2023\/01\/221122_Weland_040_Croped-600x400.jpg 600w, https:\/\/doli.bansalgroup.se\/wp-content\/uploads\/2023\/01\/221122_Weland_040_Croped.jpg 1200w\" sizes=\"auto, (max-width: 1020px) 100vw, 1020px\" \/>\t\t\t\t\t\t\n\t\t\t\t\t<\/div>\n\t\t\t\t\t\t\t\t\n<style>\n#image_1378385497 {\n  width: 100%;\n}\n<\/style>\n\t<\/div>\n\t\n\n\t<div class=\"img has-hover x md-x lg-x y md-y lg-y\" id=\"image_918492999\">\n\t\t\t\t\t\t\t\t<div class=\"img-inner dark\" >\n\t\t\t<img loading=\"lazy\" decoding=\"async\" width=\"1020\" height=\"680\" src=\"https:\/\/doli.bansalgroup.se\/wp-content\/uploads\/2023\/01\/221122_Weland_047_croped-1024x683.jpg\" class=\"attachment-large size-large\" alt=\"\" srcset=\"https:\/\/doli.bansalgroup.se\/wp-content\/uploads\/2023\/01\/221122_Weland_047_croped-1024x683.jpg 1024w, https:\/\/doli.bansalgroup.se\/wp-content\/uploads\/2023\/01\/221122_Weland_047_croped-300x200.jpg 300w, https:\/\/doli.bansalgroup.se\/wp-content\/uploads\/2023\/01\/221122_Weland_047_croped-768x512.jpg 768w, https:\/\/doli.bansalgroup.se\/wp-content\/uploads\/2023\/01\/221122_Weland_047_croped-600x400.jpg 600w, https:\/\/doli.bansalgroup.se\/wp-content\/uploads\/2023\/01\/221122_Weland_047_croped.jpg 1200w\" sizes=\"auto, (max-width: 1020px) 100vw, 1020px\" \/>\t\t\t\t\t\t\n\t\t\t\t\t<\/div>\n\t\t\t\t\t\t\t\t\n<style>\n#image_918492999 {\n  width: 100%;\n}\n<\/style>\n\t<\/div>\n\t\n\n\t<div class=\"img has-hover x md-x lg-x y md-y lg-y\" id=\"image_1350359754\">\n\t\t\t\t\t\t\t\t<div class=\"img-inner dark\" >\n\t\t\t<img loading=\"lazy\" decoding=\"async\" width=\"1020\" height=\"680\" src=\"https:\/\/doli.bansalgroup.se\/wp-content\/uploads\/2023\/01\/221122_Weland_052_croped-1024x683.jpg\" class=\"attachment-large size-large\" alt=\"\" srcset=\"https:\/\/doli.bansalgroup.se\/wp-content\/uploads\/2023\/01\/221122_Weland_052_croped-1024x683.jpg 1024w, https:\/\/doli.bansalgroup.se\/wp-content\/uploads\/2023\/01\/221122_Weland_052_croped-300x200.jpg 300w, https:\/\/doli.bansalgroup.se\/wp-content\/uploads\/2023\/01\/221122_Weland_052_croped-768x512.jpg 768w, https:\/\/doli.bansalgroup.se\/wp-content\/uploads\/2023\/01\/221122_Weland_052_croped-600x400.jpg 600w, https:\/\/doli.bansalgroup.se\/wp-content\/uploads\/2023\/01\/221122_Weland_052_croped.jpg 1200w\" sizes=\"auto, (max-width: 1020px) 100vw, 1020px\" \/>\t\t\t\t\t\t\n\t\t\t\t\t<\/div>\n\t\t\t\t\t\t\t\t\n<style>\n#image_1350359754 {\n  width: 100%;\n}\n<\/style>\n\t<\/div>\n\t\n\n\n     <\/div>\n\n     <div class=\"loading-spin dark large centered\"><\/div>\n\n     \t<\/div>\n\n\n\n\t\t<\/div>\n\t\t\t\t\t<\/div>\n\n\t\n\n<\/div>\n\t<div id=\"gap-1984300484\" class=\"gap-element clearfix\" style=\"display:block; height:auto;\">\n\t\t\n<style>\n#gap-1984300484 {\n  padding-top: 50px;\n}\n@media (min-width:550px) {\n  #gap-1984300484 {\n    padding-top: 80px;\n  }\n}\n<\/style>\n\t<\/div>\n\t\n\n\t<div class=\"img has-hover x md-x lg-x y md-y lg-y\" id=\"image_848420645\">\n\t\t\t\t\t\t\t\t<div class=\"img-inner image-cover dark\" style=\"padding-top:20%;\">\n\t\t\t<img loading=\"lazy\" decoding=\"async\" width=\"1020\" height=\"239\" src=\"https:\/\/doli.bansalgroup.se\/wp-content\/uploads\/2023\/01\/natur_hundkex_73A0525-1024x240.jpg\" class=\"attachment-large size-large\" alt=\"\" srcset=\"https:\/\/doli.bansalgroup.se\/wp-content\/uploads\/2023\/01\/natur_hundkex_73A0525-1024x240.jpg 1024w, https:\/\/doli.bansalgroup.se\/wp-content\/uploads\/2023\/01\/natur_hundkex_73A0525-300x70.jpg 300w, https:\/\/doli.bansalgroup.se\/wp-content\/uploads\/2023\/01\/natur_hundkex_73A0525-768x180.jpg 768w, https:\/\/doli.bansalgroup.se\/wp-content\/uploads\/2023\/01\/natur_hundkex_73A0525-1536x360.jpg 1536w, https:\/\/doli.bansalgroup.se\/wp-content\/uploads\/2023\/01\/natur_hundkex_73A0525-2048x480.jpg 2048w, https:\/\/doli.bansalgroup.se\/wp-content\/uploads\/2023\/01\/natur_hundkex_73A0525-600x141.jpg 600w\" sizes=\"auto, (max-width: 1020px) 100vw, 1020px\" \/>\t\t\t\t\t\t\n\t\t\t\t\t<\/div>\n\t\t\t\t\t\t\t\t\n<style>\n#image_848420645 {\n  width: 100%;\n}\n<\/style>\n\t<\/div>\n\t\n\n\n\t\t<\/div>\n\n\t\t\n<style>\n#section_1845887257 {\n  padding-top: 0px;\n  padding-bottom: 0px;\n}\n#section_1845887257 .ux-shape-divider--top svg {\n  height: 150px;\n  --divider-top-width: 100%;\n}\n#section_1845887257 .ux-shape-divider--bottom svg {\n  height: 150px;\n  --divider-width: 100%;\n}\n<\/style>\n\t<\/section>\n\t\n\n","protected":false},"excerpt":{"rendered":"","protected":false},"author":10,"featured_media":0,"parent":0,"menu_order":0,"comment_status":"closed","ping_status":"closed","template":"page-blank.php","meta":{"inline_featured_image":false,"footnotes":""},"categories":[],"tags":[],"class_list":["post-3774","page","type-page","status-publish","hentry"],"_links":{"self":[{"href":"https:\/\/doli.bansalgroup.se\/no\/wp-json\/wp\/v2\/pages\/3774","targetHints":{"allow":["GET"]}}],"collection":[{"href":"https:\/\/doli.bansalgroup.se\/no\/wp-json\/wp\/v2\/pages"}],"about":[{"href":"https:\/\/doli.bansalgroup.se\/no\/wp-json\/wp\/v2\/types\/page"}],"author":[{"embeddable":true,"href":"https:\/\/doli.bansalgroup.se\/no\/wp-json\/wp\/v2\/users\/10"}],"replies":[{"embeddable":true,"href":"https:\/\/doli.bansalgroup.se\/no\/wp-json\/wp\/v2\/comments?post=3774"}],"version-history":[{"count":6,"href":"https:\/\/doli.bansalgroup.se\/no\/wp-json\/wp\/v2\/pages\/3774\/revisions"}],"predecessor-version":[{"id":7404,"href":"https:\/\/doli.bansalgroup.se\/no\/wp-json\/wp\/v2\/pages\/3774\/revisions\/7404"}],"wp:attachment":[{"href":"https:\/\/doli.bansalgroup.se\/no\/wp-json\/wp\/v2\/media?parent=3774"}],"wp:term":[{"taxonomy":"category","embeddable":true,"href":"https:\/\/doli.bansalgroup.se\/no\/wp-json\/wp\/v2\/categories?post=3774"},{"taxonomy":"post_tag","embeddable":true,"href":"https:\/\/doli.bansalgroup.se\/no\/wp-json\/wp\/v2\/tags?post=3774"}],"curies":[{"name":"wp","href":"https:\/\/api.w.org\/{rel}","templated":true}]}}