{"id":3778,"date":"2022-11-25T09:31:26","date_gmt":"2022-11-25T08:31:26","guid":{"rendered":"https:\/\/staging.eurovema.se\/?page_id=3778"},"modified":"2023-03-14T09:20:06","modified_gmt":"2023-03-14T08:20:06","slug":"kvalitet-og-miljo","status":"publish","type":"page","link":"https:\/\/doli.bansalgroup.se\/no\/firmaet\/kvalitet-og-miljo\/","title":{"rendered":"Kvalitet og milj\u00f8"},"content":{"rendered":"\n\t<section class=\"section\" id=\"section_1221607346\">\n\t\t<div class=\"bg section-bg fill bg-fill  bg-loaded\" >\n\n\t\t\t\n\t\t\t\n\t\t\t\n\n\t\t<\/div>\n\n\t\t\n\n\t\t<div class=\"section-content relative\">\n\t\t\t\n\n  <div id=\"page-header-1020390086\" class=\"page-header-wrapper\">\n  <div class=\"page-title dark simple-title\">\n\n        <div class=\"page-title-bg\">\n      <div class=\"title-bg fill bg-fill\"\n        data-parallax-container=\".page-title\"\n        data-parallax-background\n        data-parallax=\"-\">\n      <\/div>\n      <div class=\"title-overlay fill\"><\/div>\n    <\/div>\n    \n    <div class=\"page-title-inner container align-center flex-row medium-flex-wrap row-reverse\" >\n            <div class=\"title-content flex-col flex-left text-left medium-text-center\">\n        <div class=\"title-breadcrumbs pb-half pt-half\"><\/div>      <\/div>\n    <\/div>\n\n     \n<style>\n#page-header-1020390086 .page-title-inner {\n  min-height: 65px;\n}\n#page-header-1020390086 .title-bg {\n  background-image: url(https:\/\/doli.bansalgroup.se\/wp-content\/uploads\/2022\/11\/MicrosoftTeams-image-2.png);\n  background-position: 0% 0%;\n}\n<\/style>\n  <\/div>\n    <\/div>\n  \n\n\t<div id=\"gap-1480710603\" class=\"gap-element clearfix\" style=\"display:block; height:auto;\">\n\t\t\n<style>\n#gap-1480710603 {\n  padding-top: 50px;\n}\n<\/style>\n\t<\/div>\n\t\n\n<div class=\"row align-center padded\"  id=\"row-1060387762\">\n\n\n\t<div id=\"col-1249469719\" class=\"col small-12 large-12\"  >\n\t\t\t\t<div class=\"col-inner text-left\"  >\n\t\t\t\n\t\t\t\n\n<div class=\"container section-title-container\" ><h1 class=\"section-title section-title-normal\"><b><\/b><span class=\"section-title-main\" >Kvalitet og milj\u00f8<\/span><b><\/b><\/h1><\/div>\n\n\n\t\t<\/div>\n\t\t\t\t\t<\/div>\n\n\t\n\n<\/div>\n<div class=\"row padded\"  id=\"row-1154136822\">\n\n\n\t<div id=\"col-807746885\" class=\"col small-12 large-12\"  >\n\t\t\t\t<div class=\"col-inner\" style=\"background-color:rgb(248, 248, 248);\" >\n\t\t\t\n\t\t\t\n\n\t<div id=\"text-2664031405\" class=\"text\">\n\t\t\n\n<h3><strong>Kvalitet<\/strong><\/h3>\n<p>Grunnpilarene i kvalitetssikring:<\/p>\n<ul>\n<li>Utf\u00f8re det daglige arbeidet p\u00e5 en kvalitetssikret m\u00e5te<\/li>\n<li>Tilby produkter og serviceinformasjon som er kvalitetssikret<\/li>\n<li>Tilby produkter og informasjon som oppfyller kravene i forordningen om medisinsk utstyr MDR 2017\/745<\/li>\n<li>Overholde andre lover og forskrifter<\/li>\n<li>S\u00f8ke kontinuerlige forbedringer i arbeidsmetoder produktutvikling og informasjon<\/li>\n<li>Dokumentere, evaluere og korrigere avvik og hendelser<\/li>\n<li>Gjennomf\u00f8re risikoanalyser i forbindelse med utviklingav nye produkter, produktendringer og spesialtilpasninger<\/li>\n<li>Dokumentere alle produktendringer for \u00e5 sikre sporbarhet<\/li>\n<li>Oversyn av virksomhetens risikoer samt leverand\u00f8rvurdering, som gj\u00f8res regelmessig<\/li>\n<\/ul>\n\n\t\t\n<style>\n#text-2664031405 {\n  font-size: 1rem;\n  line-height: 1.3;\n  color: rgb(112, 112, 112);\n}\n#text-2664031405 > * {\n  color: rgb(112, 112, 112);\n}\n<\/style>\n\t<\/div>\n\t\n\n\t\t<\/div>\n\t\t\t\t\n<style>\n#col-807746885 > .col-inner {\n  padding: 40px 20px 20px 20px;\n}\n<\/style>\n\t<\/div>\n\n\t\n\n<\/div>\n<div class=\"row padded\"  id=\"row-2108383166\">\n\n\n\t<div id=\"col-1839697873\" class=\"col small-12 large-12\"  >\n\t\t\t\t<div class=\"col-inner\" style=\"background-color:rgb(248, 248, 248);\" >\n\t\t\t\n\t\t\t\n\n\t<div id=\"text-2316923941\" class=\"text\">\n\t\t\n\n<h3><strong>Milj\u00f6<\/strong><\/h3>\n<p>Grunnpilar i milj\u00f8ledelsesarbeidet:<\/p>\n<ul>\n<li>Utvikle og designe produkter med forutsetninger for lang levetid<\/li>\n<li>Vurdere muligheter for gjenvinning i produktutviklingen<\/li>\n<li>S\u00f8rge for at deler kan byttes ut for \u00e5 forlenge produktets levetid<\/li>\n<li>Produksjon av hovedproduktene i egne lokaler i Sverige, for full kontroll over inng\u00e5ene komponenter og h\u00e5ndtering<\/li>\n<li>Velge underleverand\u00f8rer i geografisk n\u00e6rhet for \u00e5 minimere transport<\/li>\n<li>Bruk resirkulerte materialer i komponenter og emballasje s\u00e5 langt det er mulig<\/li>\n<li>Bruk transportselskaper som arbeider aktivt med b\u00e6rekraftm\u00e5l<\/li>\n<li>Velg komponenter basert p\u00e5 milj\u00f8hensyn og at disse oppfyller kravene i kjemikalieregelverket REACH. SVHC-stoffer p\u00e5 kandidatlisten kan ikke brukes i produkter. For elektroniske produkter er leverand\u00f8rene p\u00e5lagt \u00e5 f\u00f8lge reglene i RoHS-direktivet.<\/li>\n<li>Velg tekstiler som er OekoTex-sertifiserte.<\/li>\n<\/ul>\n\n\t\t\n<style>\n#text-2316923941 {\n  font-size: 1rem;\n  line-height: 1.3;\n  color: rgb(112, 112, 112);\n}\n#text-2316923941 > * {\n  color: rgb(112, 112, 112);\n}\n<\/style>\n\t<\/div>\n\t\n\n\t\t<\/div>\n\t\t\t\t\n<style>\n#col-1839697873 > .col-inner {\n  padding: 40px 20px 20px 20px;\n}\n<\/style>\n\t<\/div>\n\n\t\n\n<\/div>\n\t<div id=\"gap-1921470942\" class=\"gap-element clearfix\" style=\"display:block; height:auto;\">\n\t\t\n<style>\n#gap-1921470942 {\n  padding-top: 40px;\n}\n<\/style>\n\t<\/div>\n\t\n\n\t<div class=\"img has-hover x md-x lg-x y md-y lg-y\" id=\"image_420578662\">\n\t\t\t\t\t\t\t\t<div class=\"img-inner image-cover dark\" style=\"padding-top:20%;\">\n\t\t\t<img loading=\"lazy\" decoding=\"async\" width=\"1020\" height=\"225\" src=\"https:\/\/doli.bansalgroup.se\/wp-content\/uploads\/2022\/11\/73A0525-1024x226.png\" class=\"attachment-large size-large\" alt=\"\" srcset=\"https:\/\/doli.bansalgroup.se\/wp-content\/uploads\/2022\/11\/73A0525-1024x226.png 1024w, https:\/\/doli.bansalgroup.se\/wp-content\/uploads\/2022\/11\/73A0525-300x66.png 300w, https:\/\/doli.bansalgroup.se\/wp-content\/uploads\/2022\/11\/73A0525-768x169.png 768w, https:\/\/doli.bansalgroup.se\/wp-content\/uploads\/2022\/11\/73A0525-1536x338.png 1536w, https:\/\/doli.bansalgroup.se\/wp-content\/uploads\/2022\/11\/73A0525-600x132.png 600w, https:\/\/doli.bansalgroup.se\/wp-content\/uploads\/2022\/11\/73A0525.png 1920w\" sizes=\"auto, (max-width: 1020px) 100vw, 1020px\" \/>\t\t\t\t\t\t\n\t\t\t\t\t<\/div>\n\t\t\t\t\t\t\t\t\n<style>\n#image_420578662 {\n  width: 100%;\n}\n<\/style>\n\t<\/div>\n\t\n\n\n\t\t<\/div>\n\n\t\t\n<style>\n#section_1221607346 {\n  padding-top: 0px;\n  padding-bottom: 0px;\n}\n#section_1221607346 .ux-shape-divider--top svg {\n  height: 150px;\n  --divider-top-width: 100%;\n}\n#section_1221607346 .ux-shape-divider--bottom svg {\n  height: 150px;\n  --divider-width: 100%;\n}\n<\/style>\n\t<\/section>\n\t\n","protected":false},"excerpt":{"rendered":"","protected":false},"author":10,"featured_media":0,"parent":3774,"menu_order":0,"comment_status":"closed","ping_status":"closed","template":"page-blank.php","meta":{"inline_featured_image":false,"footnotes":""},"categories":[],"tags":[],"class_list":["post-3778","page","type-page","status-publish","hentry"],"_links":{"self":[{"href":"https:\/\/doli.bansalgroup.se\/no\/wp-json\/wp\/v2\/pages\/3778","targetHints":{"allow":["GET"]}}],"collection":[{"href":"https:\/\/doli.bansalgroup.se\/no\/wp-json\/wp\/v2\/pages"}],"about":[{"href":"https:\/\/doli.bansalgroup.se\/no\/wp-json\/wp\/v2\/types\/page"}],"author":[{"embeddable":true,"href":"https:\/\/doli.bansalgroup.se\/no\/wp-json\/wp\/v2\/users\/10"}],"replies":[{"embeddable":true,"href":"https:\/\/doli.bansalgroup.se\/no\/wp-json\/wp\/v2\/comments?post=3778"}],"version-history":[{"count":5,"href":"https:\/\/doli.bansalgroup.se\/no\/wp-json\/wp\/v2\/pages\/3778\/revisions"}],"predecessor-version":[{"id":3783,"href":"https:\/\/doli.bansalgroup.se\/no\/wp-json\/wp\/v2\/pages\/3778\/revisions\/3783"}],"up":[{"embeddable":true,"href":"https:\/\/doli.bansalgroup.se\/no\/wp-json\/wp\/v2\/pages\/3774"}],"wp:attachment":[{"href":"https:\/\/doli.bansalgroup.se\/no\/wp-json\/wp\/v2\/media?parent=3778"}],"wp:term":[{"taxonomy":"category","embeddable":true,"href":"https:\/\/doli.bansalgroup.se\/no\/wp-json\/wp\/v2\/categories?post=3778"},{"taxonomy":"post_tag","embeddable":true,"href":"https:\/\/doli.bansalgroup.se\/no\/wp-json\/wp\/v2\/tags?post=3778"}],"curies":[{"name":"wp","href":"https:\/\/api.w.org\/{rel}","templated":true}]}}