{"id":3784,"date":"2022-11-02T08:17:27","date_gmt":"2022-11-02T07:17:27","guid":{"rendered":"https:\/\/staging.eurovema.se\/?page_id=3784"},"modified":"2023-06-20T13:19:46","modified_gmt":"2023-06-20T11:19:46","slug":"vare-varemerker","status":"publish","type":"page","link":"https:\/\/doli.bansalgroup.se\/no\/firmaet\/vare-varemerker\/","title":{"rendered":"V\u00e5re varemerker"},"content":{"rendered":"\n\t<section class=\"section\" id=\"section_1479669417\">\n\t\t<div class=\"bg section-bg fill bg-fill  bg-loaded\" >\n\n\t\t\t\n\t\t\t\n\t\t\t\n\n\t\t<\/div>\n\n\t\t\n\n\t\t<div class=\"section-content relative\">\n\t\t\t\n\n  <div id=\"page-header-2024447002\" class=\"page-header-wrapper\">\n  <div class=\"page-title dark simple-title\">\n\n        <div class=\"page-title-bg\">\n      <div class=\"title-bg fill bg-fill\"\n        data-parallax-container=\".page-title\"\n        data-parallax-background\n        data-parallax=\"-\">\n      <\/div>\n      <div class=\"title-overlay fill\"><\/div>\n    <\/div>\n    \n    <div class=\"page-title-inner container align-center flex-row medium-flex-wrap row-reverse\" >\n            <div class=\"title-content flex-col flex-left text-left medium-text-center\">\n        <div class=\"title-breadcrumbs pb-half pt-half\"><\/div>      <\/div>\n    <\/div>\n\n     \n<style>\n#page-header-2024447002 .title-bg {\n  background-image: url(https:\/\/doli.bansalgroup.se\/wp-content\/uploads\/2022\/11\/swirl-eurovema.png);\n}\n<\/style>\n  <\/div>\n    <\/div>\n  \n\n\t<div id=\"gap-655953645\" class=\"gap-element clearfix\" style=\"display:block; height:auto;\">\n\t\t\n<style>\n#gap-655953645 {\n  padding-top: 50px;\n}\n<\/style>\n\t<\/div>\n\t\n\n<div class=\"row padded\"  id=\"row-739646236\">\n\n\n\t<div id=\"col-1961294039\" class=\"col small-12 large-12\"  >\n\t\t\t\t<div class=\"col-inner text-center\"  >\n\t\t\t\n\t\t\t\n\n<div class=\"container section-title-container\" ><h1 class=\"section-title section-title-normal\"><b><\/b><span class=\"section-title-main\" >V\u00e5re varemerker<\/span><b><\/b><\/h1><\/div>\n\n\n\t\t<\/div>\n\t\t\t\t\t<\/div>\n\n\t\n\n<\/div>\n<div class=\"row align-equal padded\"  id=\"row-1899316549\">\n\n\n\t<div id=\"col-191775235\" class=\"col medium-4 small-12 large-4\"  >\n\t\t\t\t<div class=\"col-inner text-center\"  >\n\t\t\t\n\t\t\t\n\n\t<div class=\"img has-hover x md-x lg-x y md-y lg-y\" id=\"image_1232938832\">\n\t\t\t\t\t\t\t\t<div class=\"img-inner dark\" >\n\t\t\t<img loading=\"lazy\" decoding=\"async\" width=\"394\" height=\"246\" src=\"https:\/\/doli.bansalgroup.se\/wp-content\/uploads\/2022\/11\/73A1694.png\" class=\"attachment-large size-large\" alt=\"\" srcset=\"https:\/\/doli.bansalgroup.se\/wp-content\/uploads\/2022\/11\/73A1694.png 394w, https:\/\/doli.bansalgroup.se\/wp-content\/uploads\/2022\/11\/73A1694-300x187.png 300w\" sizes=\"auto, (max-width: 394px) 100vw, 394px\" \/>\t\t\t\t\t\t\n\t\t\t\t\t<\/div>\n\t\t\t\t\t\t\t\t\n<style>\n#image_1232938832 {\n  width: 100%;\n}\n<\/style>\n\t<\/div>\n\t\n\n<div class=\"row align-equal\"  id=\"row-1589237405\">\n\n\n\t<div id=\"col-254027694\" class=\"col small-12 large-12\"  >\n\t\t\t\t<div class=\"col-inner\"  >\n\t\t\t\n\t\t\t\n\n\t<div id=\"text-3817441072\" class=\"text\">\n\t\t\n\n<p><img decoding=\"async\" class=\"size-medium wp-image-765 aligncenter\" src=\"https:\/\/doli.bansalgroup.se\/wp-content\/uploads\/2023\/01\/euroflex_500x70.png\" alt=\"\" width=\"200\"><br>Euroflex omfatter ulike modeller av arbeidsstoler og elektriske rullestoler. Med unike chassiser, setesystemer og funksjoner tilbys individuelt tilpassede l\u00f8sninger for hjemmet, arbeidsplassen eller skolen. Produktene er utviklet av Eurovema og produseres i fabrikken i Gislaved.<\/p>\n\t\t\n<style>\n#text-3817441072 {\n  font-size: 0.9rem;\n  line-height: 1.3;\n  text-align: left;\n  color: #707070;\n}\n#text-3817441072 > * {\n  color: #707070;\n}\n<\/style>\n\t<\/div>\n\t\n\t<div id=\"gap-2103896634\" class=\"gap-element clearfix\" style=\"display:block; height:auto;\">\n\t\t\n<style>\n#gap-2103896634 {\n  padding-top: 42px;\n}\n<\/style>\n\t<\/div>\n\t\n\n<a href=\"\/produkter\/arbetsstolar\/\" target=\"_self\" class=\"button primary is-smaller lowercase\"  style=\"border-radius:99px;padding:2px 15px 2px 15px;\">\n    <span>Arbeidsstoler<\/span>\n  <\/a>\n\n\n<a href=\"\/produkter\/eldrivna-rullstolar\/\" target=\"_self\" class=\"button primary is-smaller lowercase\"  style=\"border-radius:99px;padding:2px 15px 2px 15px;\">\n    <span>Elektriske rullestoler<\/span>\n  <\/a>\n\n\n\n\t\t<\/div>\n\t\t\t\t\n<style>\n#col-254027694 > .col-inner {\n  padding: 30px 30px 20px 30px;\n  margin: -20px 0px 0px 0px;\n}\n<\/style>\n\t<\/div>\n\n\t\n\n\n<style>\n#row-1589237405 > .col > .col-inner {\n  background-color: rgba(0, 0, 0, 0.05);\n}\n<\/style>\n<\/div>\n\n\t\t<\/div>\n\t\t\t\t\t<\/div>\n\n\t\n\n\t<div id=\"col-2047232317\" class=\"col medium-4 small-12 large-4\"  >\n\t\t\t\t<div class=\"col-inner text-center\"  >\n\t\t\t\n\t\t\t\n\n\t<div class=\"img has-hover x md-x lg-x y md-y lg-y\" id=\"image_1822157699\">\n\t\t\t\t\t\t\t\t<div class=\"img-inner dark\" >\n\t\t\t<img loading=\"lazy\" decoding=\"async\" width=\"395\" height=\"246\" src=\"https:\/\/doli.bansalgroup.se\/wp-content\/uploads\/2022\/12\/varumarke_volaris_br00003151_thumb.jpg\" class=\"attachment-large size-large\" alt=\"\" srcset=\"https:\/\/doli.bansalgroup.se\/wp-content\/uploads\/2022\/12\/varumarke_volaris_br00003151_thumb.jpg 395w, https:\/\/doli.bansalgroup.se\/wp-content\/uploads\/2022\/12\/varumarke_volaris_br00003151_thumb-300x187.jpg 300w\" sizes=\"auto, (max-width: 395px) 100vw, 395px\" \/>\t\t\t\t\t\t\n\t\t\t\t\t<\/div>\n\t\t\t\t\t\t\t\t\n<style>\n#image_1822157699 {\n  width: 100%;\n}\n<\/style>\n\t<\/div>\n\t\n\n<div class=\"row\"  id=\"row-1394832330\">\n\n\n\t<div id=\"col-52088001\" class=\"col small-12 large-12\"  >\n\t\t\t\t<div class=\"col-inner\"  >\n\t\t\t\n\t\t\t\n\n\t<div id=\"text-121272954\" class=\"text\">\n\t\t\n\n<p><img decoding=\"async\" class=\"size-medium wp-image-765 aligncenter\" src=\"https:\/\/doli.bansalgroup.se\/wp-content\/uploads\/2023\/01\/volaris_320x70.png\" alt=\"\" width=\"200\"><br>Et komplett utvalg av svenskdesignede og egenproduserte rullatorer som dekker behovene fra sm\u00e5, kompakte innend\u00f8rs rullatorer til robuste, lettkj\u00f8rte utend\u00f8rs rullatorer. Kjennetegnes av lav vekt, komfortabel styring og respons, og smart kryssfunksjon for enkel folding.<\/p>\n\t\t\n<style>\n#text-121272954 {\n  font-size: 0.9rem;\n  line-height: 1.3;\n  text-align: left;\n  color: #707070;\n}\n#text-121272954 > * {\n  color: #707070;\n}\n<\/style>\n\t<\/div>\n\t\n\t<div id=\"gap-1485273947\" class=\"gap-element clearfix\" style=\"display:block; height:auto;\">\n\t\t\n<style>\n#gap-1485273947 {\n  padding-top: 8px;\n}\n<\/style>\n\t<\/div>\n\t\n\n<a href=\"\/produkter\/rollatorer\/\" target=\"_self\" class=\"button primary is-smaller lowercase\"  style=\"border-radius:99px;padding:2px 15px 2px 15px;\">\n    <span>Rollatorer<\/span>\n  <\/a>\n\n\n\n\t\t<\/div>\n\t\t\t\t\n<style>\n#col-52088001 > .col-inner {\n  padding: 30px 30px 20px 30px;\n  margin: -20px 0px 0px 0px;\n}\n<\/style>\n\t<\/div>\n\n\t\n\n\n<style>\n#row-1394832330 > .col > .col-inner {\n  background-color: rgba(0, 0, 0, 0.05);\n}\n<\/style>\n<\/div>\n\n\t\t<\/div>\n\t\t\t\t\t<\/div>\n\n\t\n\n\t<div id=\"col-912563266\" class=\"col medium-4 small-12 large-4\"  >\n\t\t\t\t<div class=\"col-inner text-center\"  >\n\t\t\t\n\t\t\t\n\n\t<div class=\"img has-hover x md-x lg-x y md-y lg-y\" id=\"image_1348761527\">\n\t\t\t\t\t\t\t\t<div class=\"img-inner dark\" >\n\t\t\t<img loading=\"lazy\" decoding=\"async\" width=\"395\" height=\"246\" src=\"https:\/\/doli.bansalgroup.se\/wp-content\/uploads\/2022\/12\/varumarken_grillo_br00003182_thumb.jpg\" class=\"attachment-large size-large\" alt=\"\" srcset=\"https:\/\/doli.bansalgroup.se\/wp-content\/uploads\/2022\/12\/varumarken_grillo_br00003182_thumb.jpg 395w, https:\/\/doli.bansalgroup.se\/wp-content\/uploads\/2022\/12\/varumarken_grillo_br00003182_thumb-300x187.jpg 300w\" sizes=\"auto, (max-width: 395px) 100vw, 395px\" \/>\t\t\t\t\t\t\n\t\t\t\t\t<\/div>\n\t\t\t\t\t\t\t\t\n<style>\n#image_1348761527 {\n  width: 100%;\n}\n<\/style>\n\t<\/div>\n\t\n\n<div class=\"row\"  id=\"row-1206430444\">\n\n\n\t<div id=\"col-685536687\" class=\"col small-12 large-12\"  >\n\t\t\t\t<div class=\"col-inner\"  >\n\t\t\t\n\t\t\t\n\n\t<div id=\"text-565157561\" class=\"text\">\n\t\t\n\n<p><img decoding=\"async\" class=\"size-medium wp-image-765 aligncenter\" src=\"https:\/\/doli.bansalgroup.se\/wp-content\/uploads\/2023\/01\/logo_ormesa.png\" alt=\"\" width=\"200\"><br>Italiensk produsent av mobilitetshjelpemidler med mange patenterte l\u00f8sninger. Produktene verdsettes for enkel justering uten verkt\u00f8y. Som eksklusiv forhandler i Sverige og Norge tilbyr vi blant annet ganghjelpemiddelet Grillo og vognene Trolli\/Trollino.<\/p>\n\t\t\n<style>\n#text-565157561 {\n  font-size: 0.9rem;\n  line-height: 1.3;\n  text-align: left;\n  color: #707070;\n}\n#text-565157561 > * {\n  color: #707070;\n}\n<\/style>\n\t<\/div>\n\t\n<a href=\"\/produkter\/ganghjalpmedel\/\" target=\"_self\" class=\"button primary is-smaller lowercase\"  style=\"border-radius:99px;padding:1px 8px 2px 8px;\">\n    <span>Ganghjelpemidler<\/span>\n  <\/a>\n\n\n<a href=\"https:\/\/doli.bansalgroup.se\/no\/vare-produkter\/vogner\/\" target=\"_self\" class=\"button primary is-smaller lowercase\"  style=\"border-radius:99px;padding:2px 8px 2px 8px;\">\n    <span>Vogner<\/span>\n  <\/a>\n\n\n\n\t\t<\/div>\n\t\t\t\t\n<style>\n#col-685536687 > .col-inner {\n  padding: 30px 30px 20px 30px;\n  margin: -20px 0px 0px 0px;\n}\n<\/style>\n\t<\/div>\n\n\t\n\n\n<style>\n#row-1206430444 > .col > .col-inner {\n  background-color: rgba(0, 0, 0, 0.05);\n}\n<\/style>\n<\/div>\n\n\t\t<\/div>\n\t\t\t\t\t<\/div>\n\n\t\n\n\t<div id=\"col-1787752788\" class=\"col medium-4 small-12 large-4\"  >\n\t\t\t\t<div class=\"col-inner text-center\"  >\n\t\t\t\n\t\t\t\n\n\t<div class=\"img has-hover x md-x lg-x y md-y lg-y\" id=\"image_1907015506\">\n\t\t\t\t\t\t\t\t<div class=\"img-inner dark\" >\n\t\t\t<img loading=\"lazy\" decoding=\"async\" width=\"395\" height=\"246\" src=\"https:\/\/doli.bansalgroup.se\/wp-content\/uploads\/2022\/12\/varumarke_alvema_br00003164_thumb.jpg\" class=\"attachment-large size-large\" alt=\"\" srcset=\"https:\/\/doli.bansalgroup.se\/wp-content\/uploads\/2022\/12\/varumarke_alvema_br00003164_thumb.jpg 395w, https:\/\/doli.bansalgroup.se\/wp-content\/uploads\/2022\/12\/varumarke_alvema_br00003164_thumb-300x187.jpg 300w\" sizes=\"auto, (max-width: 395px) 100vw, 395px\" \/>\t\t\t\t\t\t\n\t\t\t\t\t<\/div>\n\t\t\t\t\t\t\t\t\n<style>\n#image_1907015506 {\n  width: 100%;\n}\n<\/style>\n\t<\/div>\n\t\n\n<div class=\"row\"  id=\"row-1809913605\">\n\n\n\t<div id=\"col-26814216\" class=\"col small-12 large-12\"  >\n\t\t\t\t<div class=\"col-inner\"  >\n\t\t\t\n\t\t\t\n\n\t<div id=\"text-3941306043\" class=\"text\">\n\t\t\n\n<p><img decoding=\"async\" class=\"size-medium wp-image-765 aligncenter\" src=\"https:\/\/doli.bansalgroup.se\/wp-content\/uploads\/2023\/01\/alvema_318x70.png\" alt=\"\" width=\"200\"><br>Alvema best\u00e5r av barnevognen Pixi i to st\u00f8rrelser.En robust barnevogn med oppfellbar fotst\u00f8tte, et vippbart h\u00e5ndtak, fleksibel fotbrems og et tekstilsete som er b\u00e5de smussbestandig og vaskbart.Produktet er utviklet av Eurovema og produseres i fabrikken i Gislaved.<\/p>\n\t\t\n<style>\n#text-3941306043 {\n  font-size: 0.9rem;\n  line-height: 1.3;\n  text-align: left;\n  color: #707070;\n}\n#text-3941306043 > * {\n  color: #707070;\n}\n<\/style>\n\t<\/div>\n\t\n<a href=\"https:\/\/doli.bansalgroup.se\/no\/vare-produkter\/vogner\/\" target=\"_self\" class=\"button primary is-smaller lowercase\"  style=\"border-radius:99px;padding:2px 15px 2px 15px;\">\n    <span>Vogner<\/span>\n  <\/a>\n\n\n\n\t\t<\/div>\n\t\t\t\t\n<style>\n#col-26814216 > .col-inner {\n  padding: 30px 30px 20px 30px;\n  margin: -20px 0px 0px 0px;\n}\n<\/style>\n\t<\/div>\n\n\t\n\n\n<style>\n#row-1809913605 > .col > .col-inner {\n  background-color: rgba(0, 0, 0, 0.05);\n}\n<\/style>\n<\/div>\n\n\t\t<\/div>\n\t\t\t\t\t<\/div>\n\n\t\n\n\t<div id=\"col-557348417\" class=\"col medium-4 small-12 large-4\"  >\n\t\t\t\t<div class=\"col-inner text-center\"  >\n\t\t\t\n\t\t\t\n\n\t<div class=\"img has-hover x md-x lg-x y md-y lg-y\" id=\"image_2135431359\">\n\t\t\t\t\t\t\t\t<div class=\"img-inner dark\" >\n\t\t\t<img loading=\"lazy\" decoding=\"async\" width=\"395\" height=\"246\" src=\"https:\/\/doli.bansalgroup.se\/wp-content\/uploads\/2022\/12\/varumarken_karma_br00003142_thumb.jpg\" class=\"attachment-large size-large\" alt=\"\" srcset=\"https:\/\/doli.bansalgroup.se\/wp-content\/uploads\/2022\/12\/varumarken_karma_br00003142_thumb.jpg 395w, https:\/\/doli.bansalgroup.se\/wp-content\/uploads\/2022\/12\/varumarken_karma_br00003142_thumb-300x187.jpg 300w\" sizes=\"auto, (max-width: 395px) 100vw, 395px\" \/>\t\t\t\t\t\t\n\t\t\t\t\t<\/div>\n\t\t\t\t\t\t\t\t\n<style>\n#image_2135431359 {\n  width: 100%;\n}\n<\/style>\n\t<\/div>\n\t\n\n<div class=\"row\"  id=\"row-1688422593\">\n\n\n\t<div id=\"col-1028119108\" class=\"col small-12 large-12\"  >\n\t\t\t\t<div class=\"col-inner\"  >\n\t\t\t\n\t\t\t\n\n\t<div id=\"text-1923485404\" class=\"text\">\n\t\t\n\n<p><img decoding=\"async\" class=\"size-medium wp-image-765 aligncenter\" src=\"https:\/\/doli.bansalgroup.se\/wp-content\/uploads\/2023\/01\/karma_257x70.png\" alt=\"\" width=\"200\"><br>Taiwansk produsent av et bredt utvalg av elektriske utend\u00f8rs rullestoler og tre- og firehjulede scootere for innend\u00f8rs og\/eller utend\u00f8rs bruk.Europeisk sentrallager i Spania.Eurovema er eksklusiv distribut\u00f8r av Karma-produkter i Sverige og Norge.<\/p>\n\t\t\n<style>\n#text-1923485404 {\n  font-size: 0.9rem;\n  line-height: 1.3;\n  text-align: left;\n  color: #707070;\n}\n#text-1923485404 > * {\n  color: #707070;\n}\n<\/style>\n\t<\/div>\n\t\n\t<div id=\"gap-132559114\" class=\"gap-element clearfix\" style=\"display:block; height:auto;\">\n\t\t\n<style>\n#gap-132559114 {\n  padding-top: 8px;\n}\n<\/style>\n\t<\/div>\n\t\n\n<a href=\"\/produkter\/eldrivna-rullstolar\/\" target=\"_self\" class=\"button primary is-smaller lowercase\"  style=\"border-radius:99px;padding:2px 15px 2px 15px;\">\n    <span>Elektriske rullestoler<\/span>\n  <\/a>\n\n\n\n\t\t<\/div>\n\t\t\t\t\n<style>\n#col-1028119108 > .col-inner {\n  padding: 30px 30px 20px 30px;\n  margin: -20px 0px 0px 0px;\n}\n<\/style>\n\t<\/div>\n\n\t\n\n\n<style>\n#row-1688422593 > .col > .col-inner {\n  background-color: rgba(0, 0, 0, 0.05);\n}\n<\/style>\n<\/div>\n\n\t\t<\/div>\n\t\t\t\t\t<\/div>\n\n\t\n\n<\/div>\n<div class=\"row padded\"  id=\"row-1695906129\">\n\n\n<\/div>\n\t<div class=\"img has-hover x md-x lg-x y md-y lg-y\" id=\"image_2101014468\">\n\t\t\t\t\t\t\t\t<div class=\"img-inner dark\" >\n\t\t\t<img loading=\"lazy\" decoding=\"async\" width=\"2048\" height=\"480\" src=\"https:\/\/doli.bansalgroup.se\/wp-content\/uploads\/2023\/01\/natur_blommor_73A0561-2048x480.jpg\" class=\"attachment-2048x2048 size-2048x2048\" alt=\"\" srcset=\"https:\/\/doli.bansalgroup.se\/wp-content\/uploads\/2023\/01\/natur_blommor_73A0561-2048x480.jpg 2048w, https:\/\/doli.bansalgroup.se\/wp-content\/uploads\/2023\/01\/natur_blommor_73A0561-300x70.jpg 300w, https:\/\/doli.bansalgroup.se\/wp-content\/uploads\/2023\/01\/natur_blommor_73A0561-1024x240.jpg 1024w, https:\/\/doli.bansalgroup.se\/wp-content\/uploads\/2023\/01\/natur_blommor_73A0561-768x180.jpg 768w, https:\/\/doli.bansalgroup.se\/wp-content\/uploads\/2023\/01\/natur_blommor_73A0561-1536x360.jpg 1536w, https:\/\/doli.bansalgroup.se\/wp-content\/uploads\/2023\/01\/natur_blommor_73A0561-600x141.jpg 600w\" sizes=\"auto, (max-width: 2048px) 100vw, 2048px\" \/>\t\t\t\t\t\t\n\t\t\t\t\t<\/div>\n\t\t\t\t\t\t\t\t\n<style>\n#image_2101014468 {\n  width: 100%;\n}\n<\/style>\n\t<\/div>\n\t\n\n\n\t\t<\/div>\n\n\t\t\n<style>\n#section_1479669417 {\n  padding-top: 0px;\n  padding-bottom: 0px;\n}\n#section_1479669417 .ux-shape-divider--top svg {\n  height: 150px;\n  --divider-top-width: 100%;\n}\n#section_1479669417 .ux-shape-divider--bottom svg {\n  height: 150px;\n  --divider-width: 100%;\n}\n<\/style>\n\t<\/section>\n\t\n\n","protected":false},"excerpt":{"rendered":"","protected":false},"author":10,"featured_media":0,"parent":3774,"menu_order":0,"comment_status":"closed","ping_status":"closed","template":"page-blank.php","meta":{"inline_featured_image":false,"footnotes":""},"categories":[],"tags":[],"class_list":["post-3784","page","type-page","status-publish","hentry"],"_links":{"self":[{"href":"https:\/\/doli.bansalgroup.se\/no\/wp-json\/wp\/v2\/pages\/3784","targetHints":{"allow":["GET"]}}],"collection":[{"href":"https:\/\/doli.bansalgroup.se\/no\/wp-json\/wp\/v2\/pages"}],"about":[{"href":"https:\/\/doli.bansalgroup.se\/no\/wp-json\/wp\/v2\/types\/page"}],"author":[{"embeddable":true,"href":"https:\/\/doli.bansalgroup.se\/no\/wp-json\/wp\/v2\/users\/10"}],"replies":[{"embeddable":true,"href":"https:\/\/doli.bansalgroup.se\/no\/wp-json\/wp\/v2\/comments?post=3784"}],"version-history":[{"count":9,"href":"https:\/\/doli.bansalgroup.se\/no\/wp-json\/wp\/v2\/pages\/3784\/revisions"}],"predecessor-version":[{"id":4775,"href":"https:\/\/doli.bansalgroup.se\/no\/wp-json\/wp\/v2\/pages\/3784\/revisions\/4775"}],"up":[{"embeddable":true,"href":"https:\/\/doli.bansalgroup.se\/no\/wp-json\/wp\/v2\/pages\/3774"}],"wp:attachment":[{"href":"https:\/\/doli.bansalgroup.se\/no\/wp-json\/wp\/v2\/media?parent=3784"}],"wp:term":[{"taxonomy":"category","embeddable":true,"href":"https:\/\/doli.bansalgroup.se\/no\/wp-json\/wp\/v2\/categories?post=3784"},{"taxonomy":"post_tag","embeddable":true,"href":"https:\/\/doli.bansalgroup.se\/no\/wp-json\/wp\/v2\/tags?post=3784"}],"curies":[{"name":"wp","href":"https:\/\/api.w.org\/{rel}","templated":true}]}}