{"id":3810,"date":"2022-11-25T14:44:54","date_gmt":"2022-11-25T13:44:54","guid":{"rendered":"https:\/\/staging.eurovema.se\/?page_id=3810"},"modified":"2023-06-20T13:02:44","modified_gmt":"2023-06-20T11:02:44","slug":"vare-produkter","status":"publish","type":"page","link":"https:\/\/doli.bansalgroup.se\/no\/vare-produkter\/","title":{"rendered":"V\u00e5re produkter"},"content":{"rendered":"\n\t<section class=\"section\" id=\"section_1251618377\">\n\t\t<div class=\"bg section-bg fill bg-fill  bg-loaded\" >\n\n\t\t\t\n\t\t\t\n\t\t\t\n\n\t\t<\/div>\n\n\t\t\n\n\t\t<div class=\"section-content relative\">\n\t\t\t\n\n  <div id=\"page-header-107076666\" class=\"page-header-wrapper\">\n  <div class=\"page-title dark simple-title\">\n\n        <div class=\"page-title-bg\">\n      <div class=\"title-bg fill bg-fill\"\n        data-parallax-container=\".page-title\"\n        data-parallax-background\n        data-parallax=\"-\">\n      <\/div>\n      <div class=\"title-overlay fill\"><\/div>\n    <\/div>\n    \n    <div class=\"page-title-inner container align-center flex-row medium-flex-wrap row-reverse\" >\n            <div class=\"title-content flex-col flex-left text-left medium-text-center\">\n        <div class=\"title-breadcrumbs pb-half pt-half\"><\/div>      <\/div>\n    <\/div>\n\n     \n<style>\n#page-header-107076666 .title-bg {\n  background-image: url(https:\/\/doli.bansalgroup.se\/wp-content\/uploads\/2022\/11\/swirl-eurovema.png);\n}\n<\/style>\n  <\/div>\n    <\/div>\n  \n\n\t<div id=\"gap-1100375051\" class=\"gap-element clearfix\" style=\"display:block; height:auto;\">\n\t\t\n<style>\n#gap-1100375051 {\n  padding-top: 50px;\n}\n<\/style>\n\t<\/div>\n\t\n\n<div class=\"row padded\"  id=\"row-1876683455\">\n\n\n\t<div id=\"col-650445623\" class=\"col small-12 large-12\"  >\n\t\t\t\t<div class=\"col-inner text-center\"  >\n\t\t\t\n\t\t\t\n\n<div class=\"container section-title-container\" ><h1 class=\"section-title section-title-normal\"><b><\/b><span class=\"section-title-main\" >V\u00e5re produkter<\/span><b><\/b><\/h1><\/div>\n\n\n\t\t<\/div>\n\t\t\t\t\t<\/div>\n\n\t\n\n<\/div>\n<div class=\"row align-equal padded\"  id=\"row-739348791\">\n\n\n\t<div id=\"col-1429169114\" class=\"col medium-4 small-12 large-4\"  >\n\t\t\t\t<div class=\"col-inner text-center\"  >\n\t\t\t\n\t\t\t\n\n\t<div class=\"img has-hover x md-x lg-x y md-y lg-y\" id=\"image_1681337178\">\n\t\t<a class=\"\" href=\"\/no\/vare-produkter\/arbeidsstoler\/\"  >\t\t\t\t\t\t<div class=\"img-inner dark\" >\n\t\t\t<img loading=\"lazy\" decoding=\"async\" width=\"394\" height=\"246\" src=\"https:\/\/doli.bansalgroup.se\/wp-content\/uploads\/2022\/11\/73A1694.png\" class=\"attachment-large size-large\" alt=\"\" srcset=\"https:\/\/doli.bansalgroup.se\/wp-content\/uploads\/2022\/11\/73A1694.png 394w, https:\/\/doli.bansalgroup.se\/wp-content\/uploads\/2022\/11\/73A1694-300x187.png 300w\" sizes=\"auto, (max-width: 394px) 100vw, 394px\" \/>\t\t\t\t\t\t\n\t\t\t\t\t<\/div>\n\t\t\t\t\t\t<\/a>\t\t\n<style>\n#image_1681337178 {\n  width: 100%;\n}\n<\/style>\n\t<\/div>\n\t\n\n<div class=\"row align-equal\"  id=\"row-2125856311\">\n\n\n\t<div id=\"col-334666782\" class=\"col small-12 large-12\"  >\n\t\t\t\t<div class=\"col-inner\"  >\n\t\t\t\n\t\t\t\n\n\t<div id=\"text-3188909179\" class=\"text productsbox\">\n\t\t\n\n<h2>Arbeidsstoler<\/h2>\n<p>Ved \u00e5 kombinere chassis, setesystemer og elektriske funksjoner kan vi tilby arbeidsstoler som er skreddersydd for optimal mobilitet, ergonomi og komfort.<\/p>\n\t\t\n<style>\n#text-3188909179 {\n  font-size: 0.9rem;\n  line-height: 1.3;\n  text-align: left;\n  color: #707070;\n}\n#text-3188909179 > * {\n  color: #707070;\n}\n<\/style>\n\t<\/div>\n\t\n<a href=\"\/no\/vare-produkter\/arbeidsstoler\/\" target=\"_self\" class=\"button primary is-smaller lowercase\"  style=\"border-radius:99px;padding:2px 15px 2px 15px;\">\n    <span>Oppdag<\/span>\n  <\/a>\n\n\n\n\t\t<\/div>\n\t\t\t\t\n<style>\n#col-334666782 > .col-inner {\n  padding: 30px 30px 20px 30px;\n  margin: 0px 0px 0px 0px;\n}\n<\/style>\n\t<\/div>\n\n\t\n\n\n<style>\n#row-2125856311 > .col > .col-inner {\n  background-color: rgba(0, 0, 0, 0.05);\n}\n<\/style>\n<\/div>\n\n\t\t<\/div>\n\t\t\t\t\t<\/div>\n\n\t\n\n\t<div id=\"col-1288645031\" class=\"col medium-4 small-12 large-4\"  >\n\t\t\t\t<div class=\"col-inner text-center\"  >\n\t\t\t\n\t\t\t\n\n\t<div class=\"img has-hover x md-x lg-x y md-y lg-y\" id=\"image_1744648915\">\n\t\t<a class=\"\" href=\"\/no\/vare-produkter\/elektriske-rullestoler\/\"  >\t\t\t\t\t\t<div class=\"img-inner dark\" >\n\t\t\t<img loading=\"lazy\" decoding=\"async\" width=\"395\" height=\"246\" src=\"https:\/\/doli.bansalgroup.se\/wp-content\/uploads\/2022\/12\/varumarken_karma_br00003142_thumb.jpg\" class=\"attachment-large size-large\" alt=\"\" srcset=\"https:\/\/doli.bansalgroup.se\/wp-content\/uploads\/2022\/12\/varumarken_karma_br00003142_thumb.jpg 395w, https:\/\/doli.bansalgroup.se\/wp-content\/uploads\/2022\/12\/varumarken_karma_br00003142_thumb-300x187.jpg 300w\" sizes=\"auto, (max-width: 395px) 100vw, 395px\" \/>\t\t\t\t\t\t\n\t\t\t\t\t<\/div>\n\t\t\t\t\t\t<\/a>\t\t\n<style>\n#image_1744648915 {\n  width: 100%;\n}\n<\/style>\n\t<\/div>\n\t\n\n<div class=\"row\"  id=\"row-2032334431\">\n\n\n\t<div id=\"col-1454344840\" class=\"col small-12 large-12\"  >\n\t\t\t\t<div class=\"col-inner\"  >\n\t\t\t\n\t\t\t\n\n\t<div id=\"text-2301637551\" class=\"text productsbox\">\n\t\t\n\n<h2>Elektriske rullestoler<\/h2>\n<p>V\u00e5re elektriske rullestoler er utstyrt med setel\u00f8ft og setevipp eller tilt som gj\u00f8r det lettere \u00e5 jobbe og delta i ulike hverdagssituasjoner.<\/p>\n\t\t\n<style>\n#text-2301637551 {\n  font-size: 0.9rem;\n  line-height: 1.3;\n  text-align: left;\n  color: #707070;\n}\n#text-2301637551 > * {\n  color: #707070;\n}\n<\/style>\n\t<\/div>\n\t\n<a href=\"\/no\/vare-produkter\/elektriske-rullestoler\/\" target=\"_self\" class=\"button primary is-smaller lowercase\"  style=\"border-radius:99px;padding:2px 15px 2px 15px;\">\n    <span>Oppdag<\/span>\n  <\/a>\n\n\n\n\t\t<\/div>\n\t\t\t\t\n<style>\n#col-1454344840 > .col-inner {\n  padding: 30px 30px 20px 30px;\n  margin: 0px 0px 0px 0px;\n}\n<\/style>\n\t<\/div>\n\n\t\n\n\n<style>\n#row-2032334431 > .col > .col-inner {\n  background-color: rgba(0, 0, 0, 0.05);\n}\n<\/style>\n<\/div>\n\n\t\t<\/div>\n\t\t\t\t\t<\/div>\n\n\t\n\n\t<div id=\"col-1250113832\" class=\"col medium-4 small-12 large-4\"  >\n\t\t\t\t<div class=\"col-inner text-center\"  >\n\t\t\t\n\t\t\t\n\n\t<div class=\"img has-hover x md-x lg-x y md-y lg-y\" id=\"image_2048917702\">\n\t\t<a class=\"\" href=\"\/no\/vare-produkter\/scooter\/scooter-ks-343\/\"  >\t\t\t\t\t\t<div class=\"img-inner dark\" >\n\t\t\t<img loading=\"lazy\" decoding=\"async\" width=\"395\" height=\"246\" src=\"https:\/\/doli.bansalgroup.se\/wp-content\/uploads\/2023\/01\/promenadscooter_br00003327_thumb.jpg\" class=\"attachment-large size-large\" alt=\"\" srcset=\"https:\/\/doli.bansalgroup.se\/wp-content\/uploads\/2023\/01\/promenadscooter_br00003327_thumb.jpg 395w, https:\/\/doli.bansalgroup.se\/wp-content\/uploads\/2023\/01\/promenadscooter_br00003327_thumb-300x187.jpg 300w\" sizes=\"auto, (max-width: 395px) 100vw, 395px\" \/>\t\t\t\t\t\t\n\t\t\t\t\t<\/div>\n\t\t\t\t\t\t<\/a>\t\t\n<style>\n#image_2048917702 {\n  width: 100%;\n}\n<\/style>\n\t<\/div>\n\t\n\n<div class=\"row\"  id=\"row-116310895\">\n\n\n\t<div id=\"col-280907885\" class=\"col small-12 large-12\"  >\n\t\t\t\t<div class=\"col-inner\"  >\n\t\t\t\n\t\t\t\n\n\t<div id=\"text-1890968445\" class=\"text productsbox\">\n\t\t\n\n<h2>Scooter<\/h2>\n<p>Den korteste, smaleste og mest fleksible scooteren p\u00e5 markedet. Enkel \u00e5 kj\u00f8re og justerbar, den passer for h\u00f8ye og lave personer, barn og voksne.<\/p>\n\t\t\n<style>\n#text-1890968445 {\n  font-size: 0.9rem;\n  line-height: 1.3;\n  text-align: left;\n  color: #707070;\n}\n#text-1890968445 > * {\n  color: #707070;\n}\n<\/style>\n\t<\/div>\n\t\n<a href=\"\/no\/vare-produkter\/scooter\/scooter-ks-343\/\" target=\"_self\" class=\"button primary is-smaller lowercase\"  style=\"border-radius:99px;padding:2px 15px 2px 15px;\">\n    <span>Oppdag<\/span>\n  <\/a>\n\n\n\n\t\t<\/div>\n\t\t\t\t\n<style>\n#col-280907885 > .col-inner {\n  padding: 30px 30px 20px 30px;\n  margin: 0px 0px 0px 0px;\n}\n<\/style>\n\t<\/div>\n\n\t\n\n\n<style>\n#row-116310895 > .col > .col-inner {\n  background-color: rgba(0, 0, 0, 0.05);\n}\n<\/style>\n<\/div>\n\n\t\t<\/div>\n\t\t\t\t\t<\/div>\n\n\t\n\n<\/div>\n<div class=\"row align-equal padded\"  id=\"row-55662965\">\n\n\n\t<div id=\"col-712006299\" class=\"col medium-4 small-12 large-4\"  >\n\t\t\t\t<div class=\"col-inner text-center\"  >\n\t\t\t\n\t\t\t\n\n\t<div class=\"img has-hover x md-x lg-x y md-y lg-y\" id=\"image_1309184317\">\n\t\t<a class=\"\" href=\"\/no\/vare-produkter\/rollatorer\/\"  >\t\t\t\t\t\t<div class=\"img-inner dark\" >\n\t\t\t<img loading=\"lazy\" decoding=\"async\" width=\"395\" height=\"246\" src=\"https:\/\/doli.bansalgroup.se\/wp-content\/uploads\/2022\/12\/varumarke_volaris_br00003151_thumb.jpg\" class=\"attachment-large size-large\" alt=\"\" srcset=\"https:\/\/doli.bansalgroup.se\/wp-content\/uploads\/2022\/12\/varumarke_volaris_br00003151_thumb.jpg 395w, https:\/\/doli.bansalgroup.se\/wp-content\/uploads\/2022\/12\/varumarke_volaris_br00003151_thumb-300x187.jpg 300w\" sizes=\"auto, (max-width: 395px) 100vw, 395px\" \/>\t\t\t\t\t\t\n\t\t\t\t\t<\/div>\n\t\t\t\t\t\t<\/a>\t\t\n<style>\n#image_1309184317 {\n  width: 100%;\n}\n<\/style>\n\t<\/div>\n\t\n\n<div class=\"row\"  id=\"row-2073838540\">\n\n\n\t<div id=\"col-1799866275\" class=\"col small-12 large-12\"  >\n\t\t\t\t<div class=\"col-inner\"  >\n\t\t\t\n\t\t\t\n\n\t<div id=\"text-943106994\" class=\"text productsbox\">\n\t\t\n\n<h2>Rullatorer<\/h2>\n<p>Se helt v\u00e5rt utvalg av fleksible innend\u00f8rs rullatorer, barnerullatorer og rullatorer for brukere med spesielle behov.<\/p>\n\t\t\n<style>\n#text-943106994 {\n  font-size: 0.9rem;\n  line-height: 1.3;\n  text-align: left;\n  color: #707070;\n}\n#text-943106994 > * {\n  color: #707070;\n}\n<\/style>\n\t<\/div>\n\t\n<a href=\"\/no\/vare-produkter\/rollatorer\/\" target=\"_self\" class=\"button primary is-smaller lowercase\"  style=\"border-radius:99px;padding:2px 15px 2px 15px;\">\n    <span>Oppdag<\/span>\n  <\/a>\n\n\n\n\t\t<\/div>\n\t\t\t\t\n<style>\n#col-1799866275 > .col-inner {\n  padding: 30px 30px 20px 30px;\n  margin: 0px 0px 0px 0px;\n}\n<\/style>\n\t<\/div>\n\n\t\n\n\n<style>\n#row-2073838540 > .col > .col-inner {\n  background-color: rgba(0, 0, 0, 0.05);\n}\n<\/style>\n<\/div>\n\n\t\t<\/div>\n\t\t\t\t\t<\/div>\n\n\t\n\n\t<div id=\"col-504476134\" class=\"col medium-4 small-12 large-4\"  >\n\t\t\t\t<div class=\"col-inner text-center\"  >\n\t\t\t\n\t\t\t\n\n\t<div class=\"img has-hover x md-x lg-x y md-y lg-y\" id=\"image_364603442\">\n\t\t<a class=\"\" href=\"\/no\/vare-produkter\/ganghjelpemidler\/\"  >\t\t\t\t\t\t<div class=\"img-inner dark\" >\n\t\t\t<img loading=\"lazy\" decoding=\"async\" width=\"395\" height=\"246\" src=\"https:\/\/doli.bansalgroup.se\/wp-content\/uploads\/2022\/12\/varumarken_grillo_br00003182_thumb.jpg\" class=\"attachment-large size-large\" alt=\"\" srcset=\"https:\/\/doli.bansalgroup.se\/wp-content\/uploads\/2022\/12\/varumarken_grillo_br00003182_thumb.jpg 395w, https:\/\/doli.bansalgroup.se\/wp-content\/uploads\/2022\/12\/varumarken_grillo_br00003182_thumb-300x187.jpg 300w\" sizes=\"auto, (max-width: 395px) 100vw, 395px\" \/>\t\t\t\t\t\t\n\t\t\t\t\t<\/div>\n\t\t\t\t\t\t<\/a>\t\t\n<style>\n#image_364603442 {\n  width: 100%;\n}\n<\/style>\n\t<\/div>\n\t\n\n<div class=\"row\"  id=\"row-397426007\">\n\n\n\t<div id=\"col-1261101921\" class=\"col small-12 large-12\"  >\n\t\t\t\t<div class=\"col-inner\"  >\n\t\t\t\n\t\t\t\n\n\t<div id=\"text-246398362\" class=\"text productsbox\">\n\t\t\n\n<h2>Ganghjelpemiddel<\/h2>\n<p>V\u00e5rt nye stabile ganghjelpemiddel kan brukes b\u00e5de forover og bakover. Finnes i flere st\u00f8rrelser for \u00e5 passe personer som er 75\u2013190 cm h\u00f8ye.<\/p>\n\t\t\n<style>\n#text-246398362 {\n  font-size: 0.9rem;\n  line-height: 1.3;\n  text-align: left;\n  color: #707070;\n}\n#text-246398362 > * {\n  color: #707070;\n}\n<\/style>\n\t<\/div>\n\t\n<a href=\"\/no\/vare-produkter\/ganghjelpemidler\/\" target=\"_self\" class=\"button primary is-smaller lowercase\"  style=\"border-radius:99px;padding:2px 15px 2px 15px;\">\n    <span>Oppdag<\/span>\n  <\/a>\n\n\n\n\t\t<\/div>\n\t\t\t\t\n<style>\n#col-1261101921 > .col-inner {\n  padding: 30px 30px 20px 30px;\n  margin: 0px 0px 0px 0px;\n}\n<\/style>\n\t<\/div>\n\n\t\n\n\n<style>\n#row-397426007 > .col > .col-inner {\n  background-color: rgba(0, 0, 0, 0.05);\n}\n<\/style>\n<\/div>\n\n\t\t<\/div>\n\t\t\t\t\t<\/div>\n\n\t\n\n\t<div id=\"col-1275620938\" class=\"col medium-4 small-12 large-4\"  >\n\t\t\t\t<div class=\"col-inner text-center\"  >\n\t\t\t\n\t\t\t\n\n\t<div class=\"img has-hover x md-x lg-x y md-y lg-y\" id=\"image_630672814\">\n\t\t<a class=\"\" href=\"\/no\/vare-produkter\/sportsvogner\/\"  >\t\t\t\t\t\t<div class=\"img-inner dark\" >\n\t\t\t<img loading=\"lazy\" decoding=\"async\" width=\"395\" height=\"246\" src=\"https:\/\/doli.bansalgroup.se\/wp-content\/uploads\/2022\/12\/varumarke_alvema_br00003164_thumb.jpg\" class=\"attachment-large size-large\" alt=\"\" srcset=\"https:\/\/doli.bansalgroup.se\/wp-content\/uploads\/2022\/12\/varumarke_alvema_br00003164_thumb.jpg 395w, https:\/\/doli.bansalgroup.se\/wp-content\/uploads\/2022\/12\/varumarke_alvema_br00003164_thumb-300x187.jpg 300w\" sizes=\"auto, (max-width: 395px) 100vw, 395px\" \/>\t\t\t\t\t\t\n\t\t\t\t\t<\/div>\n\t\t\t\t\t\t<\/a>\t\t\n<style>\n#image_630672814 {\n  width: 100%;\n}\n<\/style>\n\t<\/div>\n\t\n\n<div class=\"row\"  id=\"row-1126321711\">\n\n\n\t<div id=\"col-1288677862\" class=\"col small-12 large-12\"  >\n\t\t\t\t<div class=\"col-inner\"  >\n\t\t\t\n\t\t\t\n\n\t<div id=\"text-3002489799\" class=\"text productsbox\">\n\t\t\n\n<h2>Vogner<\/h2>\n<p class=\"p1\">Smidige og stabile barnevogner med h\u00f8y komfort og mange praktiske brukerfunksjoner som gj\u00f8r det enklere \u00e5 bytte mellom ulike omgivelser i hverdagen<\/p>\n\n\t\t\n<style>\n#text-3002489799 {\n  font-size: 0.9rem;\n  line-height: 1.3;\n  text-align: left;\n  color: #707070;\n}\n#text-3002489799 > * {\n  color: #707070;\n}\n<\/style>\n\t<\/div>\n\t\n<a href=\"\/no\/vare-produkter\/vogner\/\" target=\"_self\" class=\"button primary is-smaller lowercase\"  style=\"border-radius:99px;padding:2px 15px 2px 15px;\">\n    <span>Oppdag<\/span>\n  <\/a>\n\n\n\n\t\t<\/div>\n\t\t\t\t\n<style>\n#col-1288677862 > .col-inner {\n  padding: 30px 30px 20px 30px;\n  margin: 0px 0px 0px 0px;\n}\n<\/style>\n\t<\/div>\n\n\t\n\n\n<style>\n#row-1126321711 > .col > .col-inner {\n  background-color: rgba(0, 0, 0, 0.05);\n}\n<\/style>\n<\/div>\n\n\t\t<\/div>\n\t\t\t\t\t<\/div>\n\n\t\n\n<\/div>\n<div class=\"row padded\"  id=\"row-364031031\">\n\n\n<\/div>\n\t<div class=\"img has-hover x md-x lg-x y md-y lg-y\" id=\"image_1268086420\">\n\t\t\t\t\t\t\t\t<div class=\"img-inner dark\" >\n\t\t\t<img loading=\"lazy\" decoding=\"async\" width=\"2048\" height=\"480\" src=\"https:\/\/doli.bansalgroup.se\/wp-content\/uploads\/2023\/01\/natur_blommor_73A0561-2048x480.jpg\" class=\"attachment-2048x2048 size-2048x2048\" alt=\"\" srcset=\"https:\/\/doli.bansalgroup.se\/wp-content\/uploads\/2023\/01\/natur_blommor_73A0561-2048x480.jpg 2048w, https:\/\/doli.bansalgroup.se\/wp-content\/uploads\/2023\/01\/natur_blommor_73A0561-300x70.jpg 300w, https:\/\/doli.bansalgroup.se\/wp-content\/uploads\/2023\/01\/natur_blommor_73A0561-1024x240.jpg 1024w, https:\/\/doli.bansalgroup.se\/wp-content\/uploads\/2023\/01\/natur_blommor_73A0561-768x180.jpg 768w, https:\/\/doli.bansalgroup.se\/wp-content\/uploads\/2023\/01\/natur_blommor_73A0561-1536x360.jpg 1536w, https:\/\/doli.bansalgroup.se\/wp-content\/uploads\/2023\/01\/natur_blommor_73A0561-600x141.jpg 600w\" sizes=\"auto, (max-width: 2048px) 100vw, 2048px\" \/>\t\t\t\t\t\t\n\t\t\t\t\t<\/div>\n\t\t\t\t\t\t\t\t\n<style>\n#image_1268086420 {\n  width: 100%;\n}\n<\/style>\n\t<\/div>\n\t\n\n\n\t\t<\/div>\n\n\t\t\n<style>\n#section_1251618377 {\n  padding-top: 0px;\n  padding-bottom: 0px;\n}\n#section_1251618377 .ux-shape-divider--top svg {\n  height: 150px;\n  --divider-top-width: 100%;\n}\n#section_1251618377 .ux-shape-divider--bottom svg {\n  height: 150px;\n  --divider-width: 100%;\n}\n<\/style>\n\t<\/section>\n\t\n\n","protected":false},"excerpt":{"rendered":"","protected":false},"author":10,"featured_media":0,"parent":0,"menu_order":0,"comment_status":"closed","ping_status":"closed","template":"page-blank.php","meta":{"inline_featured_image":false,"footnotes":""},"categories":[],"tags":[],"class_list":["post-3810","page","type-page","status-publish","hentry"],"_links":{"self":[{"href":"https:\/\/doli.bansalgroup.se\/no\/wp-json\/wp\/v2\/pages\/3810","targetHints":{"allow":["GET"]}}],"collection":[{"href":"https:\/\/doli.bansalgroup.se\/no\/wp-json\/wp\/v2\/pages"}],"about":[{"href":"https:\/\/doli.bansalgroup.se\/no\/wp-json\/wp\/v2\/types\/page"}],"author":[{"embeddable":true,"href":"https:\/\/doli.bansalgroup.se\/no\/wp-json\/wp\/v2\/users\/10"}],"replies":[{"embeddable":true,"href":"https:\/\/doli.bansalgroup.se\/no\/wp-json\/wp\/v2\/comments?post=3810"}],"version-history":[{"count":16,"href":"https:\/\/doli.bansalgroup.se\/no\/wp-json\/wp\/v2\/pages\/3810\/revisions"}],"predecessor-version":[{"id":4769,"href":"https:\/\/doli.bansalgroup.se\/no\/wp-json\/wp\/v2\/pages\/3810\/revisions\/4769"}],"wp:attachment":[{"href":"https:\/\/doli.bansalgroup.se\/no\/wp-json\/wp\/v2\/media?parent=3810"}],"wp:term":[{"taxonomy":"category","embeddable":true,"href":"https:\/\/doli.bansalgroup.se\/no\/wp-json\/wp\/v2\/categories?post=3810"},{"taxonomy":"post_tag","embeddable":true,"href":"https:\/\/doli.bansalgroup.se\/no\/wp-json\/wp\/v2\/tags?post=3810"}],"curies":[{"name":"wp","href":"https:\/\/api.w.org\/{rel}","templated":true}]}}