{"id":3828,"date":"2022-11-24T16:10:09","date_gmt":"2022-11-24T15:10:09","guid":{"rendered":"https:\/\/staging.eurovema.se\/?page_id=3828"},"modified":"2024-11-04T08:32:22","modified_gmt":"2024-11-04T07:32:22","slug":"clinic","status":"publish","type":"page","link":"https:\/\/doli.bansalgroup.se\/no\/vare-produkter\/arbeidsstoler\/clinic\/","title":{"rendered":"Clinic"},"content":{"rendered":"\n\t<section class=\"section\" id=\"section_519231305\">\n\t\t<div class=\"bg section-bg fill bg-fill  bg-loaded\" >\n\n\t\t\t\n\t\t\t\n\t\t\t\n\n\t\t<\/div>\n\n\t\t\n\n\t\t<div class=\"section-content relative\">\n\t\t\t\n\n  <div id=\"page-header-1320941770\" class=\"page-header-wrapper\">\n  <div class=\"page-title dark simple-title\">\n\n        <div class=\"page-title-bg\">\n      <div class=\"title-bg fill bg-fill\"\n        data-parallax-container=\".page-title\"\n        data-parallax-background\n        data-parallax=\"-\">\n      <\/div>\n      <div class=\"title-overlay fill\"><\/div>\n    <\/div>\n    \n    <div class=\"page-title-inner container align-center flex-row medium-flex-wrap row-reverse\" >\n            <div class=\"title-content flex-col flex-left text-left medium-text-center\">\n        <div class=\"title-breadcrumbs pb-half pt-half\"><\/div>      <\/div>\n    <\/div>\n\n     \n<style>\n#page-header-1320941770 .title-bg {\n  background-image: url(https:\/\/doli.bansalgroup.se\/wp-content\/uploads\/2022\/11\/swirl-eurovema.png);\n}\n<\/style>\n  <\/div>\n    <\/div>\n  \n\n\t<div id=\"gap-1653900895\" class=\"gap-element clearfix\" style=\"display:block; height:auto;\">\n\t\t\n<style>\n#gap-1653900895 {\n  padding-top: 50px;\n}\n<\/style>\n\t<\/div>\n\t\n\n<div class=\"row padded\"  id=\"row-621826272\">\n\n\n\t<div id=\"col-2115320182\" class=\"col medium-2 small-7 large-2\"  >\n\t\t\t\t<div class=\"col-inner\"  >\n\t\t\t\n\t\t\t\n\n<div class=\"container section-title-container\" ><h1 class=\"section-title section-title-normal\"><b><\/b><span class=\"section-title-main\" >Clinic<\/span><b><\/b><\/h1><\/div>\n\n\n\t\t<\/div>\n\t\t\t\t\t<\/div>\n\n\t\n\n\t<div id=\"col-719689033\" class=\"col medium-4 small-5 large-4\"  >\n\t\t\t\t<div class=\"col-inner\"  >\n\t\t\t\n\t\t\t\n\n\t<div class=\"img has-hover x md-x lg-x y md-y lg-y\" id=\"image_1663729575\">\n\t\t\t\t\t\t\t\t<div class=\"img-inner dark\" style=\"margin:5px 0px 0px 0px;\">\n\t\t\t<img loading=\"lazy\" decoding=\"async\" width=\"500\" height=\"70\" src=\"https:\/\/doli.bansalgroup.se\/wp-content\/uploads\/2023\/01\/euroflex_500x70.png\" class=\"attachment-large size-large\" alt=\"\" srcset=\"https:\/\/doli.bansalgroup.se\/wp-content\/uploads\/2023\/01\/euroflex_500x70.png 500w, https:\/\/doli.bansalgroup.se\/wp-content\/uploads\/2023\/01\/euroflex_500x70-300x42.png 300w\" sizes=\"auto, (max-width: 500px) 100vw, 500px\" \/>\t\t\t\t\t\t\n\t\t\t\t\t<\/div>\n\t\t\t\t\t\t\t\t\n<style>\n#image_1663729575 {\n  width: 100%;\n}\n@media (min-width:550px) {\n  #image_1663729575 {\n    width: 80%;\n  }\n}\n<\/style>\n\t<\/div>\n\t\n\n\n\t\t<\/div>\n\t\t\t\t\t<\/div>\n\n\t\n\n\t<div id=\"col-217503582\" class=\"col medium-4 small-12 large-4\"  >\n\t\t\t\t<div class=\"col-inner\"  >\n\t\t\t\n\t\t\t\n\n\n\t\t<\/div>\n\t\t\t\t\t<\/div>\n\n\t\n\n<\/div>\n<div class=\"row paddedprodukt\"  id=\"row-2134337126\">\n\n\n\t<div id=\"col-924937723\" class=\"col produkt medium-6 small-12 large-6\"  >\n\t\t\t\t<div class=\"col-inner\"  >\n\t\t\t\n\t\t\t\n\n\t<div id=\"text-2701336013\" class=\"text\">\n\t\t\n\n<p>Den kliniske stolen er en stol som effektiviserer unders\u00f8kelser av pasienter p\u00e5 for eksempel \u00f8ye- og \u00f8reklinikker. Gjennom en rekke ulike justeringsmuligheter skaper en god ergonomi for b\u00e5de leger og sykepleiere og for pasienten. De enkle og funksjonelle kontrollene oppfyller behovet for raske justeringer. Trekket i kunstskinn gj\u00f8r den enkel \u00e5 holde ren.<\/p>\n\t\t\n<style>\n#text-2701336013 {\n  line-height: 1.3;\n  color: #707070;\n}\n#text-2701336013 > * {\n  color: #707070;\n}\n<\/style>\n\t<\/div>\n\t\n\t<div id=\"gap-987231171\" class=\"gap-element clearfix\" style=\"display:block; height:auto;\">\n\t\t\n<style>\n#gap-987231171 {\n  padding-top: 20px;\n}\n<\/style>\n\t<\/div>\n\t\n\n<div class=\"row\"  id=\"row-899863363\">\n\n\n\t<div id=\"col-1830021912\" class=\"col medium-4 small-12 large-4\"  >\n\t\t\t\t<div class=\"col-inner\"  >\n\t\t\t\n\t\t\t\n\n\n\t\t<div class=\"icon-box featured-box icon-box-left text-left is-small\"  style=\"margin:0px 0px 0px 0px;\">\n\t\t\t\t\t<div class=\"icon-box-img\" style=\"width: 20px\">\n\t\t\t\t<div class=\"icon\">\n\t\t\t\t\t<div class=\"icon-inner\" style=\"color:rgb(239, 125, 22);\">\n\t\t\t\t\t\t<?xml version=\"1.0\" encoding=\"UTF-8\"?>\n<svg xmlns=\"http:\/\/www.w3.org\/2000\/svg\" viewBox=\"0 0 448 512\">\n  <!--! Font Awesome Pro 6.2.1 by @fontawesome - https:\/\/fontawesome.com License - https:\/\/fontawesome.com\/license (Commercial License) Copyright 2022 Fonticons, Inc. -->\n  <path d=\"M64 32C28.7 32 0 60.7 0 96V416c0 35.3 28.7 64 64 64H384c35.3 0 64-28.7 64-64V96c0-35.3-28.7-64-64-64H64zM337 209L209 337c-9.4 9.4-24.6 9.4-33.9 0l-64-64c-9.4-9.4-9.4-24.6 0-33.9s24.6-9.4 33.9 0l47 47L303 175c9.4-9.4 24.6-9.4 33.9 0s9.4 24.6 0 33.9z\"><\/path>\n<\/svg>\n\t\t\t\t\t<\/div>\n\t\t\t\t<\/div>\n\t\t\t<\/div>\n\t\t\t\t<div class=\"icon-box-text last-reset\">\n\t\t\t<h5 class=\"uppercase\">Innend\u00f8rs<\/h5>\t\t\t\t\t\t\n\n\n\t\t<\/div>\n\t<\/div>\n\t\n\t\n\n\t\t<\/div>\n\t\t\t\t\t<\/div>\n\n\t\n\n\t<div id=\"col-106187826\" class=\"col medium-4 small-12 large-4\"  >\n\t\t\t\t<div class=\"col-inner\"  >\n\t\t\t\n\t\t\t\n\n\n\t\t<div class=\"icon-box featured-box icon-box-left text-left is-small\"  style=\"margin:0px 0px 0px 0px;\">\n\t\t\t\t\t<div class=\"icon-box-img\" style=\"width: 20px\">\n\t\t\t\t<div class=\"icon\">\n\t\t\t\t\t<div class=\"icon-inner\" style=\"color:rgb(239, 125, 22);\">\n\t\t\t\t\t\t<?xml version=\"1.0\" encoding=\"UTF-8\"?>\n<svg xmlns=\"http:\/\/www.w3.org\/2000\/svg\" viewBox=\"0 0 448 512\">\n  <!--! Font Awesome Pro 6.2.1 by @fontawesome - https:\/\/fontawesome.com License - https:\/\/fontawesome.com\/license (Commercial License) Copyright 2022 Fonticons, Inc. -->\n  <path d=\"M384 32C419.3 32 448 60.65 448 96V416C448 451.3 419.3 480 384 480H64C28.65 480 0 451.3 0 416V96C0 60.65 28.65 32 64 32H384zM384 80H64C55.16 80 48 87.16 48 96V416C48 424.8 55.16 432 64 432H384C392.8 432 400 424.8 400 416V96C400 87.16 392.8 80 384 80z\"><\/path>\n<\/svg>\n\t\t\t\t\t<\/div>\n\t\t\t\t<\/div>\n\t\t\t<\/div>\n\t\t\t\t<div class=\"icon-box-text last-reset\">\n\t\t\t<h5 class=\"uppercase\">Utend\u00f8rs<\/h5>\t\t\t\t\t\t\n\n\n\t\t<\/div>\n\t<\/div>\n\t\n\t\n\n\t\t<\/div>\n\t\t\t\t\t<\/div>\n\n\t\n\n<\/div>\n<p class=\"p1\"><span style=\"font-size: 90%;\"><strong>Tilbeh\u00f8rskode E05<\/strong><\/span><\/p>\n<a href=\"https:\/\/doli.bansalgroup.se\/no\/tilbehor\/\" target=\"_self\" class=\"button primary is-small lowercase\"  style=\"border-radius:99px;\">\n    <span>Tilbeh\u00f8r Euroflex<\/span>\n  <\/a>\n\n\n\n\t\t<\/div>\n\t\t\t\t\n<style>\n#col-924937723 > .col-inner {\n  padding: 80px 30px 20px 30px;\n}\n<\/style>\n\t<\/div>\n\n\t\n\n\t<div id=\"col-808855833\" class=\"col produkt medium-6 small-12 large-6\"  >\n\t\t\t\t<div class=\"col-inner text-center\"  >\n\t\t\t\n\t\t\t\n\n\t<div class=\"img has-hover x md-x lg-x y md-y lg-y\" id=\"image_1019241609\">\n\t\t\t\t\t\t\t\t<div class=\"img-inner dark\" style=\"margin:0px 0px 0px 0px;\">\n\t\t\t<img loading=\"lazy\" decoding=\"async\" width=\"680\" height=\"1024\" src=\"https:\/\/doli.bansalgroup.se\/wp-content\/uploads\/2022\/12\/arbetsstol_clinic_croped-680x1024.png\" class=\"attachment-large size-large\" alt=\"\" srcset=\"https:\/\/doli.bansalgroup.se\/wp-content\/uploads\/2022\/12\/arbetsstol_clinic_croped-680x1024.png 680w, https:\/\/doli.bansalgroup.se\/wp-content\/uploads\/2022\/12\/arbetsstol_clinic_croped-199x300.png 199w, https:\/\/doli.bansalgroup.se\/wp-content\/uploads\/2022\/12\/arbetsstol_clinic_croped-768x1156.png 768w, https:\/\/doli.bansalgroup.se\/wp-content\/uploads\/2022\/12\/arbetsstol_clinic_croped.png 797w\" sizes=\"auto, (max-width: 680px) 100vw, 680px\" \/>\t\t\t\t\t\t\n\t\t\t\t\t<\/div>\n\t\t\t\t\t\t\t\t\n<style>\n#image_1019241609 {\n  width: 90%;\n}\n<\/style>\n\t<\/div>\n\t\n\n\n\t\t<\/div>\n\t\t\t\t\t<\/div>\n\n\t\n\n<\/div>\n\t<div id=\"gap-552082633\" class=\"gap-element clearfix\" style=\"display:block; height:auto;\">\n\t\t\n<style>\n#gap-552082633 {\n  padding-top: 20px;\n}\n<\/style>\n\t<\/div>\n\t\n\n<div class=\"row padded\"  id=\"row-950705680\">\n\n\n\t<div id=\"col-161093170\" class=\"col medium-4 small-12 large-4\"  >\n\t\t\t\t<div class=\"col-inner text-center\"  >\n\t\t\t\n\t\t\t\n\n\t<div id=\"text-676827489\" class=\"text\">\n\t\t\n\n<p><strong>Tekniske detaljer<\/strong><\/p>\n\t\t\n<style>\n#text-676827489 {\n  font-size: 1.25rem;\n  text-align: left;\n  color: #707070;\n}\n#text-676827489 > * {\n  color: #707070;\n}\n<\/style>\n\t<\/div>\n\t\n\t<div id=\"text-2755207876\" class=\"text\">\n\t\t\n\n<p><strong>SITTESYSTEM<\/strong><br \/>\nClinic<\/p>\n\t\t\n<style>\n#text-2755207876 {\n  font-size: 1rem;\n  text-align: left;\n  color: #707070;\n}\n#text-2755207876 > * {\n  color: #707070;\n}\n<\/style>\n\t<\/div>\n\t\n\n\t\t<\/div>\n\t\t\t\t\n<style>\n#col-161093170 > .col-inner {\n  padding: 20px 20px 0px 0px;\n  margin: 0px 0px -30px 0px;\n}\n@media (min-width:550px) {\n  #col-161093170 > .col-inner {\n    padding: 20px 20px 0px 0px;\n  }\n}\n<\/style>\n\t<\/div>\n\n\t\n\n\t<div id=\"col-1398662861\" class=\"col product-column medium-4 small-12 large-4\"  >\n\t\t\t\t<div class=\"col-inner\"  >\n\t\t\t\n\t\t\t\n\n\n\n\n\n\n\t\t<\/div>\n\t\t\t\t\n<style>\n#col-1398662861 > .col-inner {\n  padding: 0px 0px 0px 0px;\n}\n<\/style>\n\t<\/div>\n\n\t\n\n\t<div id=\"col-1025629094\" class=\"col product-column medium-4 small-12 large-4\"  >\n\t\t\t\t<div class=\"col-inner\"  >\n\t\t\t\n\t\t\t\n\n\n\t\t<\/div>\n\t\t\t\t\t<\/div>\n\n\t\n\n<\/div>\n<div class=\"row padded\"  id=\"row-707363967\">\n\n\n\t<div id=\"col-95211997\" class=\"col medium-4 small-12 large-4\"  >\n\t\t\t\t<div class=\"col-inner text-center\"  >\n\t\t\t\n\t\t\t\n\n\t<div class=\"img has-hover x md-x lg-x y md-y lg-y\" id=\"image_1703297426\">\n\t\t\t\t\t\t\t\t<div class=\"img-inner dark\" >\n\t\t\t<img loading=\"lazy\" decoding=\"async\" width=\"292\" height=\"187\" src=\"https:\/\/doli.bansalgroup.se\/wp-content\/uploads\/2022\/12\/sittsystem_arbetsstol_clinic_73A3782.jpg\" class=\"attachment-large size-large\" alt=\"\" \/>\t\t\t\t\t\t\n\t\t\t\t\t<\/div>\n\t\t\t\t\t\t\t\t\n<style>\n#image_1703297426 {\n  width: 100%;\n}\n<\/style>\n\t<\/div>\n\t\n\n\n\t\t<\/div>\n\t\t\t\t\n<style>\n#col-95211997 > .col-inner {\n  padding: 0px 20px 0px 0px;\n}\n<\/style>\n\t<\/div>\n\n\t\n\n\t<div id=\"col-539351116\" class=\"col medium-4 small-12 large-4\"  >\n\t\t\t\t<div class=\"col-inner\"  >\n\t\t\t\n\t\t\t\n\n\t<div id=\"text-1937539799\" class=\"text\">\n\t\t\n\n<p>Clinic har et lett buet sete med en s\u00e5kalt setegrop. Ryggst\u00f8tten gir god st\u00f8tte i korsryggen og er tilgjengelig i forskjellige st\u00f8rrelser. Setevinkling er standard, og b\u00e5de setedybde og ryggh\u00f8yde kan justeres. Det ergonomisk utformede setesystemet gir en god og behagelig sittekomfort\n<\/p>\n\t\t\n<style>\n#text-1937539799 {\n  font-size: 0.8rem;\n}\n<\/style>\n\t<\/div>\n\t\n\n\t\t<\/div>\n\t\t\t\t\t<\/div>\n\n\t\n\n\t<div id=\"col-422594279\" class=\"col medium-4 small-12 large-4\"  >\n\t\t\t\t<div class=\"col-inner\"  >\n\t\t\t\n\t\t\t\n\n\t<div id=\"text-1182557212\" class=\"text\">\n\t\t\n\n<p>For elektrisk heving kan stolen utstyres med en tr\u00e5dl\u00f8s eller fast kontrollboks.<\/p>\n\t\t\n<style>\n#text-1182557212 {\n  font-size: 0.8rem;\n}\n<\/style>\n\t<\/div>\n\t\n\n\t\t<\/div>\n\t\t\t\t\t<\/div>\n\n\t\n\n<\/div>\n<div class=\"row padded\"  id=\"row-808764962\">\n\n\n\t<div id=\"col-325083177\" class=\"col medium-4 small-12 large-4\"  >\n\t\t\t\t<div class=\"col-inner text-center\"  >\n\t\t\t\n\t\t\t\n\n\n\t\t<\/div>\n\t\t\t\t\n<style>\n#col-325083177 > .col-inner {\n  padding: 0px 20px 0px 20px;\n}\n<\/style>\n\t<\/div>\n\n\t\n\n\t<div id=\"col-826629350\" class=\"col medium-8 small-12 large-8\"  >\n\t\t\t\t<div class=\"col-inner\"  >\n\t\t\t\n\t\t\t\n\n\t<div id=\"text-660503754\" class=\"text\">\n\t\t\n\n\n<table id=\"tablepress-70\" class=\"tablepress tablepress-id-70\">\n<tbody class=\"row-striping row-hover\">\n<tr class=\"row-1\">\n\t<td class=\"column-1\">Sete (bredde x dybde)<\/td><td class=\"column-2\">46x46 cm<\/td>\n<\/tr>\n<tr class=\"row-2\">\n\t<td class=\"column-1\">Sittebredde (mellom armlenene)\t<\/td><td class=\"column-2\">40-59 cm<\/td>\n<\/tr>\n<tr class=\"row-3\">\n\t<td class=\"column-1\">Sittedybde<\/td><td class=\"column-2\">46 cm<\/td>\n<\/tr>\n<tr class=\"row-4\">\n\t<td class=\"column-1\">Sitteh\u00f8yde, gass (h\u00f8yde til setets overside)<\/td><td class=\"column-2\">40-55 cm, 46-66 cm<\/td>\n<\/tr>\n<tr class=\"row-5\">\n\t<td class=\"column-1\">Sitteh\u00f8yde, el (h\u00f8yde til setets overside)<\/td><td class=\"column-2\">40-58 cm, 45-70 cm<\/td>\n<\/tr>\n<tr class=\"row-6\">\n\t<td class=\"column-1\">Setetilt<\/td><td class=\"column-2\">-20\u00ba till 0\u00ba<\/td>\n<\/tr>\n<tr class=\"row-7\">\n\t<td class=\"column-1\">Ryggst\u00f8tte, h\u00f8yde\t<\/td><td class=\"column-2\">37-54 cm<\/td>\n<\/tr>\n<tr class=\"row-8\">\n\t<td class=\"column-1\">Rygg (bredde x h\u00f8yde)\t<\/td><td class=\"column-2\">35x30, 35x44, 40x30, 40x44 cm<\/td>\n<\/tr>\n<tr class=\"row-9\">\n\t<td class=\"column-1\">Ryggvinkel<\/td><td class=\"column-2\">30\u00ba<\/td>\n<\/tr>\n<tr class=\"row-10\">\n\t<td class=\"column-1\">Stofftrekk<\/td><td class=\"column-2\">Svart Atlantic<\/td>\n<\/tr>\n<tr class=\"row-11\">\n\t<td class=\"column-1\">Armlener, h\u00f8yde, regulerbare\t<\/td><td class=\"column-2\">0-26 cm<\/td>\n<\/tr>\n<tr class=\"row-12\">\n\t<td class=\"column-1\">Armleneplate<\/td><td class=\"column-2\">30x8x3 cm<\/td>\n<\/tr>\n<\/tbody>\n<\/table>\n<!-- #tablepress-70 from cache -->\n\t\t\n<style>\n#text-660503754 {\n  font-size: 0.9rem;\n}\n<\/style>\n\t<\/div>\n\t\n\n\t\t<\/div>\n\t\t\t\t\t<\/div>\n\n\t\n\n<\/div>\n<div class=\"row padded\"  id=\"row-200337624\">\n\n\n\t<div id=\"col-105322248\" class=\"col medium-4 small-12 large-4\"  >\n\t\t\t\t<div class=\"col-inner text-center\"  >\n\t\t\t\n\t\t\t\n\n\t<div id=\"text-551098962\" class=\"text\">\n\t\t\n\n<p><strong>CHASSIS<\/strong><br \/>Clinic<\/p>\n\t\t\n<style>\n#text-551098962 {\n  font-size: 1rem;\n  text-align: left;\n  color: #707070;\n}\n#text-551098962 > * {\n  color: #707070;\n}\n<\/style>\n\t<\/div>\n\t\n\n\t\t<\/div>\n\t\t\t\t\n<style>\n#col-105322248 > .col-inner {\n  padding: 0px 20px 0px 0px;\n}\n<\/style>\n\t<\/div>\n\n\t\n\n\t<div id=\"col-761868680\" class=\"col product-column medium-4 small-12 large-4\"  >\n\t\t\t\t<div class=\"col-inner\"  >\n\t\t\t\n\t\t\t\n\n\n\t\t<\/div>\n\t\t\t\t\t<\/div>\n\n\t\n\n\t<div id=\"col-1570159944\" class=\"col product-column medium-4 small-12 large-4\"  >\n\t\t\t\t<div class=\"col-inner\"  >\n\t\t\t\n\t\t\t\n\n\n\t\t<\/div>\n\t\t\t\t\t<\/div>\n\n\t\n\n\n<style>\n#row-200337624 > .col > .col-inner {\n  padding: 0px 0px 0px 0px;\n}\n<\/style>\n<\/div>\n<div class=\"row padded\"  id=\"row-1068780055\">\n\n\n\t<div id=\"col-1837428794\" class=\"col medium-4 small-12 large-4\"  >\n\t\t\t\t<div class=\"col-inner text-center\"  >\n\t\t\t\n\t\t\t\n\n\t<div class=\"img has-hover x md-x lg-x y md-y lg-y\" id=\"image_1078299294\">\n\t\t\t\t\t\t\t\t<div class=\"img-inner dark\" >\n\t\t\t<img loading=\"lazy\" decoding=\"async\" width=\"292\" height=\"187\" src=\"https:\/\/doli.bansalgroup.se\/wp-content\/uploads\/2022\/12\/chassi_arbetsstol_clinic_73A3781.jpg\" class=\"attachment-large size-large\" alt=\"\" \/>\t\t\t\t\t\t\n\t\t\t\t\t<\/div>\n\t\t\t\t\t\t\t\t\n<style>\n#image_1078299294 {\n  width: 100%;\n}\n<\/style>\n\t<\/div>\n\t\n\n\n\t\t<\/div>\n\t\t\t\t\n<style>\n#col-1837428794 > .col-inner {\n  padding: 0px 20px 0px 0px;\n}\n<\/style>\n\t<\/div>\n\n\t\n\n\t<div id=\"col-1788648134\" class=\"col medium-4 small-12 large-4\"  >\n\t\t\t\t<div class=\"col-inner\"  >\n\t\t\t\n\t\t\t\n\n\t<div id=\"text-519589780\" class=\"text\">\n\t\t\n\n<p>En hvit variant av Basic hvis hjul ruller veldig lett og f\u00f8lger ujevnhetene i gulvet. Chassiset har god plass mellom hjulene, noe som gj\u00f8r det enkelt \u00e5 sparke stolen fremover. Den lett tilgjengelige og justerbare bremsen er plassert ute av veien for sideveis forflytning til et annet sete. Classic har bremser p\u00e5 bakhjulene som standard, men kan enkelt byttes til forhjuls- eller firehjulsbremser. Det todelte chassiset gj\u00f8r stolen stabil selv p\u00e5 ujevnt underlag.<\/p>\n\t\t\n<style>\n#text-519589780 {\n  font-size: 0.8rem;\n}\n<\/style>\n\t<\/div>\n\t\n\n\t\t<\/div>\n\t\t\t\t\t<\/div>\n\n\t\n\n\t<div id=\"col-977379434\" class=\"col medium-4 small-12 large-4\"  >\n\t\t\t\t<div class=\"col-inner\"  >\n\t\t\t\n\t\t\t\n\n\t<div id=\"text-4083172132\" class=\"text\">\n\t\t\n\n\n\t\t\n<style>\n#text-4083172132 {\n  font-size: 0.8rem;\n}\n<\/style>\n\t<\/div>\n\t\n\n\t\t<\/div>\n\t\t\t\t\t<\/div>\n\n\t\n\n<\/div>\n<div class=\"row padded\"  id=\"row-1646701708\">\n\n\n\t<div id=\"col-1950897989\" class=\"col medium-4 small-12 large-4\"  >\n\t\t\t\t<div class=\"col-inner text-center\"  >\n\t\t\t\n\t\t\t\n\n\n\t\t<\/div>\n\t\t\t\t\n<style>\n#col-1950897989 > .col-inner {\n  padding: 0px 20px 0px 20px;\n}\n<\/style>\n\t<\/div>\n\n\t\n\n\t<div id=\"col-2086195039\" class=\"col medium-8 small-12 large-8\"  >\n\t\t\t\t<div class=\"col-inner\"  >\n\t\t\t\n\t\t\t\n\n\t<div id=\"text-1562406046\" class=\"text\">\n\t\t\n\n\n<table id=\"tablepress-71\" class=\"tablepress tablepress-id-71\">\n<tbody class=\"row-striping row-hover\">\n<tr class=\"row-1\">\n\t<td class=\"column-1\">Chassis bredde\t<\/td><td class=\"column-2\">58 cm<\/td>\n<\/tr>\n<tr class=\"row-2\">\n\t<td class=\"column-1\">Chassis lengde\t<\/td><td class=\"column-2\">60 cm<\/td>\n<\/tr>\n<tr class=\"row-3\">\n\t<td class=\"column-1\">Vekt\t<\/td><td class=\"column-2\">23 kg (gass), 31 kg (el)<\/td>\n<\/tr>\n<tr class=\"row-4\">\n\t<td class=\"column-1\">Brukervekt max<\/td><td class=\"column-2\">140 kg<\/td>\n<\/tr>\n<tr class=\"row-5\">\n\t<td class=\"column-1\">Bremse<\/td><td class=\"column-2\">Fotbrems<\/td>\n<\/tr>\n<tr class=\"row-6\">\n\t<td class=\"column-1\">Hjul diameter<\/td><td class=\"column-2\">100 mm<\/td>\n<\/tr>\n<\/tbody>\n<\/table>\n<!-- #tablepress-71 from cache -->\n\t\t\n<style>\n#text-1562406046 {\n  font-size: 0.9rem;\n}\n<\/style>\n\t<\/div>\n\t\n\n\t\t<\/div>\n\t\t\t\t\t<\/div>\n\n\t\n\n<\/div>\n<div class=\"text-center\"><div class=\"is-divider divider clearfix\" style=\"max-width:1000px;height:1px;\"><\/div><\/div>\n\n\t<div id=\"gap-1824161252\" class=\"gap-element clearfix\" style=\"display:block; height:auto;\">\n\t\t\n<style>\n#gap-1824161252 {\n  padding-top: 30px;\n}\n<\/style>\n\t<\/div>\n\t\n\n<div class=\"row padded\"  id=\"row-485541909\">\n\n\n\t<div id=\"col-72404146\" class=\"col small-12 large-12\"  >\n\t\t\t\t<div class=\"col-inner text-left\"  >\n\t\t\t\n\t\t\t\n\n<div class=\"container section-title-container #produktkatalog\" ><h4 class=\"section-title section-title-normal\"><b><\/b><span class=\"section-title-main\" >Dokumentasjon<\/span><b><\/b><\/h4><\/div>\n\n<div class=\"row\"  id=\"row-53914175\">\n\n\n\t<div id=\"col-1691704839\" class=\"col medium-6 small-12 large-6\"  >\n\t\t\t\t<div class=\"col-inner text-left\"  >\n\t\t\t\n\t\t\t\n\n\n\t\t<\/div>\n\t\t\t\t\t<\/div>\n\n\t\n\n\t<div id=\"col-1268924834\" class=\"col medium-6 small-12 large-6\"  >\n\t\t\t\t<div class=\"col-inner\"  >\n\t\t\t\n\t\t\t\n\n\n\t\t<\/div>\n\t\t\t\t\t<\/div>\n\n\t\n\n<\/div>\n<div class=\"row align-middle document-row\"  id=\"row-2108508698\">\n\n\n\t<div id=\"col-1181998388\" class=\"col medium-7 small-5 large-7\"  >\n\t\t\t\t<div class=\"col-inner\"  >\n\t\t\t\n\t\t\t\n\n\t<div id=\"text-3921004067\" class=\"text\">\n\t\t\n\n<p><strong>Bruksanvisning Arbeidsstoler \u2013 kontorstolsete<\/strong><\/p>\n\t\t\n<style>\n#text-3921004067 {\n  font-size: 0.8rem;\n  line-height: 1.6;\n}\n@media (min-width:550px) {\n  #text-3921004067 {\n    font-size: 1rem;\n  }\n}\n@media (min-width:850px) {\n  #text-3921004067 {\n    font-size: 1rem;\n  }\n}\n<\/style>\n\t<\/div>\n\t\n\n\t\t<\/div>\n\t\t\t\t\n<style>\n#col-1181998388 > .col-inner {\n  padding: 17px 0px 0px 0px;\n}\n@media (min-width:550px) {\n  #col-1181998388 > .col-inner {\n    padding: 17px 30px 0px 30px;\n  }\n}\n<\/style>\n\t<\/div>\n\n\t\n\n\t<div id=\"col-545723150\" class=\"col language-column medium-2 small-1 large-2\"  >\n\t\t\t\t<div class=\"col-inner\"  >\n\t\t\t\n\t\t\t\n\n\t<div id=\"text-2180923160\" class=\"text\">\n\t\t\n\n<p><span style=\"color: #808080;\">NORSK<\/span><\/p>\n\t\t\n<style>\n#text-2180923160 {\n  font-size: 0.75rem;\n  text-align: center;\n}\n@media (min-width:550px) {\n  #text-2180923160 {\n    font-size: 0.8rem;\n  }\n}\n<\/style>\n\t<\/div>\n\t\n\n\t\t<\/div>\n\t\t\t\t\n<style>\n#col-545723150 > .col-inner {\n  padding: 14px 0px 0px 0px;\n}\n<\/style>\n\t<\/div>\n\n\t\n\n\t<div id=\"col-1198112769\" class=\"col medium-3 small-5 large-3\"  >\n\t\t\t\t<div class=\"col-inner text-right\"  >\n\t\t\t\n\t\t\t\n\n<a rel=\"noopener noreferrer\" href=\"\/wp-content\/uploads\/2023\/03\/bruksanvisning_arbeidsstol_kontorstolsete_no.pdf\" target=\"_blank\" class=\"button primary is-small lowercase\"  style=\"border-radius:99px;padding:0px 10px 0px 10px;\">\n    <span>\u00c5pne<\/span>\n  <\/a>\n\n\n\n\t\t<\/div>\n\t\t\t\t\n<style>\n#col-1198112769 > .col-inner {\n  padding: 10px 0px 0px 0px;\n}\n@media (min-width:550px) {\n  #col-1198112769 > .col-inner {\n    padding: 10px 0px 0px 0px;\n  }\n}\n<\/style>\n\t<\/div>\n\n\t\n\n<\/div>\n\n\t\t<\/div>\n\t\t\t\t\n<style>\n#col-72404146 > .col-inner {\n  padding: 0px 0px 0px 0px;\n}\n<\/style>\n\t<\/div>\n\n\t\n\n<\/div>\n\t<div id=\"gap-1094615928\" class=\"gap-element clearfix\" style=\"display:block; height:auto;\">\n\t\t\n<style>\n#gap-1094615928 {\n  padding-top: 80px;\n}\n<\/style>\n\t<\/div>\n\t\n\n\t<div class=\"img has-hover x md-x lg-x y md-y lg-y\" id=\"image_737877249\">\n\t\t\t\t\t\t\t\t<div class=\"img-inner dark\" >\n\t\t\t<img loading=\"lazy\" decoding=\"async\" width=\"2048\" height=\"480\" src=\"https:\/\/doli.bansalgroup.se\/wp-content\/uploads\/2023\/01\/natur_grenar_73A0554-2048x480.jpg\" class=\"attachment-2048x2048 size-2048x2048\" alt=\"\" srcset=\"https:\/\/doli.bansalgroup.se\/wp-content\/uploads\/2023\/01\/natur_grenar_73A0554-2048x480.jpg 2048w, https:\/\/doli.bansalgroup.se\/wp-content\/uploads\/2023\/01\/natur_grenar_73A0554-300x70.jpg 300w, https:\/\/doli.bansalgroup.se\/wp-content\/uploads\/2023\/01\/natur_grenar_73A0554-1024x240.jpg 1024w, https:\/\/doli.bansalgroup.se\/wp-content\/uploads\/2023\/01\/natur_grenar_73A0554-768x180.jpg 768w, https:\/\/doli.bansalgroup.se\/wp-content\/uploads\/2023\/01\/natur_grenar_73A0554-1536x360.jpg 1536w, https:\/\/doli.bansalgroup.se\/wp-content\/uploads\/2023\/01\/natur_grenar_73A0554-600x141.jpg 600w\" sizes=\"auto, (max-width: 2048px) 100vw, 2048px\" \/>\t\t\t\t\t\t\n\t\t\t\t\t<\/div>\n\t\t\t\t\t\t\t\t\n<style>\n#image_737877249 {\n  width: 100%;\n}\n<\/style>\n\t<\/div>\n\t\n\n\n\t\t<\/div>\n\n\t\t\n<style>\n#section_519231305 {\n  padding-top: 0px;\n  padding-bottom: 0px;\n}\n#section_519231305 .ux-shape-divider--top svg {\n  height: 150px;\n  --divider-top-width: 100%;\n}\n#section_519231305 .ux-shape-divider--bottom svg {\n  height: 150px;\n  --divider-width: 100%;\n}\n<\/style>\n\t<\/section>\n\t\n\n","protected":false},"excerpt":{"rendered":"","protected":false},"author":10,"featured_media":0,"parent":3708,"menu_order":0,"comment_status":"closed","ping_status":"closed","template":"page-blank.php","meta":{"inline_featured_image":false,"footnotes":""},"categories":[175],"tags":[],"class_list":["post-3828","page","type-page","status-publish","hentry","category-arbeidsstoler"],"_links":{"self":[{"href":"https:\/\/doli.bansalgroup.se\/no\/wp-json\/wp\/v2\/pages\/3828","targetHints":{"allow":["GET"]}}],"collection":[{"href":"https:\/\/doli.bansalgroup.se\/no\/wp-json\/wp\/v2\/pages"}],"about":[{"href":"https:\/\/doli.bansalgroup.se\/no\/wp-json\/wp\/v2\/types\/page"}],"author":[{"embeddable":true,"href":"https:\/\/doli.bansalgroup.se\/no\/wp-json\/wp\/v2\/users\/10"}],"replies":[{"embeddable":true,"href":"https:\/\/doli.bansalgroup.se\/no\/wp-json\/wp\/v2\/comments?post=3828"}],"version-history":[{"count":10,"href":"https:\/\/doli.bansalgroup.se\/no\/wp-json\/wp\/v2\/pages\/3828\/revisions"}],"predecessor-version":[{"id":7726,"href":"https:\/\/doli.bansalgroup.se\/no\/wp-json\/wp\/v2\/pages\/3828\/revisions\/7726"}],"up":[{"embeddable":true,"href":"https:\/\/doli.bansalgroup.se\/no\/wp-json\/wp\/v2\/pages\/3708"}],"wp:attachment":[{"href":"https:\/\/doli.bansalgroup.se\/no\/wp-json\/wp\/v2\/media?parent=3828"}],"wp:term":[{"taxonomy":"category","embeddable":true,"href":"https:\/\/doli.bansalgroup.se\/no\/wp-json\/wp\/v2\/categories?post=3828"},{"taxonomy":"post_tag","embeddable":true,"href":"https:\/\/doli.bansalgroup.se\/no\/wp-json\/wp\/v2\/tags?post=3828"}],"curies":[{"name":"wp","href":"https:\/\/api.w.org\/{rel}","templated":true}]}}