{"id":3903,"date":"2022-11-29T15:51:53","date_gmt":"2022-11-29T14:51:53","guid":{"rendered":"https:\/\/staging.eurovema.se\/?page_id=3903"},"modified":"2024-03-05T14:27:22","modified_gmt":"2024-03-05T13:27:22","slug":"leon-f-kameleon","status":"publish","type":"page","link":"https:\/\/doli.bansalgroup.se\/no\/vare-produkter\/elektriske-rullestoler\/leon-f-kameleon\/","title":{"rendered":"Leon F Kameleon"},"content":{"rendered":"\n\t<section class=\"section\" id=\"section_302439617\">\n\t\t<div class=\"bg section-bg fill bg-fill  bg-loaded\" >\n\n\t\t\t\n\t\t\t\n\t\t\t\n\n\t\t<\/div>\n\n\t\t\n\n\t\t<div class=\"section-content relative\">\n\t\t\t\n\n  <div id=\"page-header-1565863351\" class=\"page-header-wrapper\">\n  <div class=\"page-title dark simple-title\">\n\n        <div class=\"page-title-bg\">\n      <div class=\"title-bg fill bg-fill\"\n        data-parallax-container=\".page-title\"\n        data-parallax-background\n        data-parallax=\"-\">\n      <\/div>\n      <div class=\"title-overlay fill\"><\/div>\n    <\/div>\n    \n    <div class=\"page-title-inner container align-center flex-row medium-flex-wrap row-reverse\" >\n            <div class=\"title-content flex-col flex-left text-left medium-text-center\">\n        <div class=\"title-breadcrumbs pb-half pt-half\"><\/div>      <\/div>\n    <\/div>\n\n     \n<style>\n#page-header-1565863351 .title-bg {\n  background-image: url(https:\/\/doli.bansalgroup.se\/wp-content\/uploads\/2022\/11\/swirl-eurovema.png);\n}\n<\/style>\n  <\/div>\n    <\/div>\n  \n\n\t<div id=\"gap-7941497\" class=\"gap-element clearfix\" style=\"display:block; height:auto;\">\n\t\t\n<style>\n#gap-7941497 {\n  padding-top: 50px;\n}\n<\/style>\n\t<\/div>\n\t\n\n<div class=\"row padded\"  id=\"row-879092760\">\n\n\n\t<div id=\"col-1409898030\" class=\"col medium-4 small-7 large-4\"  >\n\t\t\t\t<div class=\"col-inner\"  >\n\t\t\t\n\t\t\t\n\n<div class=\"container section-title-container\" ><h1 class=\"section-title section-title-normal\"><b><\/b><span class=\"section-title-main\" >Leon F Kameleon<\/span><b><\/b><\/h1><\/div>\n\n\n\t\t<\/div>\n\t\t\t\t\t<\/div>\n\n\t\n\n\t<div id=\"col-175610722\" class=\"col medium-4 small-5 large-4\"  >\n\t\t\t\t<div class=\"col-inner\"  >\n\t\t\t\n\t\t\t\n\n\t<div class=\"img has-hover x md-x lg-x y md-y lg-y\" id=\"image_813016254\">\n\t\t\t\t\t\t\t\t<div class=\"img-inner dark\" style=\"margin:5px 0px 0px 0px;\">\n\t\t\t<img loading=\"lazy\" decoding=\"async\" width=\"257\" height=\"70\" src=\"https:\/\/doli.bansalgroup.se\/wp-content\/uploads\/2023\/01\/karma_257x70.png\" class=\"attachment-large size-large\" alt=\"\" \/>\t\t\t\t\t\t\n\t\t\t\t\t<\/div>\n\t\t\t\t\t\t\t\t\n<style>\n#image_813016254 {\n  width: 100%;\n}\n@media (min-width:550px) {\n  #image_813016254 {\n    width: 80%;\n  }\n}\n<\/style>\n\t<\/div>\n\t\n\n\n\t\t<\/div>\n\t\t\t\t\t<\/div>\n\n\t\n\n\t<div id=\"col-1611881012\" class=\"col medium-4 small-12 large-4\"  >\n\t\t\t\t<div class=\"col-inner\"  >\n\t\t\t\n\t\t\t\n\n\n\t\t<\/div>\n\t\t\t\t\t<\/div>\n\n\t\n\n<\/div>\n<div class=\"row paddedprodukt\"  id=\"row-338808015\">\n\n\n\t<div id=\"col-544486896\" class=\"col produkt medium-6 small-12 large-6\"  >\n\t\t\t\t<div class=\"col-inner\"  >\n\t\t\t\n\t\t\t\n\n\t<div id=\"text-4201451453\" class=\"text\">\n\t\t\n\n<p>Leon F Kameleon er en elektrisk rullestol designet for barn i alderen 3\u201312 \u00e5r. Med et unikt setesystem som er b\u00e5de enkelt og justerbart, kan stolen vokse med barnet.Setesystemet er tilgjengelig i st\u00f8rrelse 1 og 2. En smart hurtigkobling gj\u00f8r det enkelt \u00e5 bytte mellom st\u00f8rrelsene. Stolen er forhjulsdrevet med en setel\u00f8ft p\u00e5 30 cm og en helning p\u00e5 45 grader. Leon F Chamelons store hjul, alle med fj\u00e6ring, gj\u00f8r den sv\u00e6rt komfortabel \u00e5 kj\u00f8re utend\u00f8rs. Stolen er godkjent for bruk i bil.<\/p>\n\t\t\n<style>\n#text-4201451453 {\n  line-height: 1.3;\n  color: #707070;\n}\n#text-4201451453 > * {\n  color: #707070;\n}\n<\/style>\n\t<\/div>\n\t\n\t<div id=\"gap-2081682227\" class=\"gap-element clearfix\" style=\"display:block; height:auto;\">\n\t\t\n<style>\n#gap-2081682227 {\n  padding-top: 20px;\n}\n<\/style>\n\t<\/div>\n\t\n\n<div class=\"row\"  id=\"row-17875063\">\n\n\n\t<div id=\"col-1897238312\" class=\"col medium-4 small-12 large-4\"  >\n\t\t\t\t<div class=\"col-inner\"  >\n\t\t\t\n\t\t\t\n\n\n\t\t<div class=\"icon-box featured-box icon-box-left text-left is-small\"  style=\"margin:0px 0px 0px 0px;\">\n\t\t\t\t\t<div class=\"icon-box-img\" style=\"width: 20px\">\n\t\t\t\t<div class=\"icon\">\n\t\t\t\t\t<div class=\"icon-inner\" style=\"color:rgb(239, 125, 22);\">\n\t\t\t\t\t\t<?xml version=\"1.0\" encoding=\"UTF-8\"?>\n<svg xmlns=\"http:\/\/www.w3.org\/2000\/svg\" viewBox=\"0 0 448 512\">\n  <!--! Font Awesome Pro 6.2.1 by @fontawesome - https:\/\/fontawesome.com License - https:\/\/fontawesome.com\/license (Commercial License) Copyright 2022 Fonticons, Inc. -->\n  <path d=\"M64 32C28.7 32 0 60.7 0 96V416c0 35.3 28.7 64 64 64H384c35.3 0 64-28.7 64-64V96c0-35.3-28.7-64-64-64H64zM337 209L209 337c-9.4 9.4-24.6 9.4-33.9 0l-64-64c-9.4-9.4-9.4-24.6 0-33.9s24.6-9.4 33.9 0l47 47L303 175c9.4-9.4 24.6-9.4 33.9 0s9.4 24.6 0 33.9z\"><\/path>\n<\/svg>\n\t\t\t\t\t<\/div>\n\t\t\t\t<\/div>\n\t\t\t<\/div>\n\t\t\t\t<div class=\"icon-box-text last-reset\">\n\t\t\t<h5 class=\"uppercase\">Innend\u00f8rs<\/h5>\t\t\t\t\t\t\n\n\n\t\t<\/div>\n\t<\/div>\n\t\n\t\n\n\t\t<\/div>\n\t\t\t\t\t<\/div>\n\n\t\n\n\t<div id=\"col-2140041843\" class=\"col medium-4 small-12 large-4\"  >\n\t\t\t\t<div class=\"col-inner\"  >\n\t\t\t\n\t\t\t\n\n\n\t\t<div class=\"icon-box featured-box icon-box-left text-left is-small\"  style=\"margin:0px 0px 0px 0px;\">\n\t\t\t\t\t<div class=\"icon-box-img\" style=\"width: 20px\">\n\t\t\t\t<div class=\"icon\">\n\t\t\t\t\t<div class=\"icon-inner\" style=\"color:rgb(239, 125, 22);\">\n\t\t\t\t\t\t<?xml version=\"1.0\" encoding=\"UTF-8\"?>\n<svg xmlns=\"http:\/\/www.w3.org\/2000\/svg\" viewBox=\"0 0 448 512\">\n  <!--! Font Awesome Pro 6.2.1 by @fontawesome - https:\/\/fontawesome.com License - https:\/\/fontawesome.com\/license (Commercial License) Copyright 2022 Fonticons, Inc. -->\n  <path d=\"M64 32C28.7 32 0 60.7 0 96V416c0 35.3 28.7 64 64 64H384c35.3 0 64-28.7 64-64V96c0-35.3-28.7-64-64-64H64zM337 209L209 337c-9.4 9.4-24.6 9.4-33.9 0l-64-64c-9.4-9.4-9.4-24.6 0-33.9s24.6-9.4 33.9 0l47 47L303 175c9.4-9.4 24.6-9.4 33.9 0s9.4 24.6 0 33.9z\"><\/path>\n<\/svg>\n\t\t\t\t\t<\/div>\n\t\t\t\t<\/div>\n\t\t\t<\/div>\n\t\t\t\t<div class=\"icon-box-text last-reset\">\n\t\t\t<h5 class=\"uppercase\">Utend\u00f8rs<\/h5>\t\t\t\t\t\t\n\n\n\t\t<\/div>\n\t<\/div>\n\t\n\t\n\n\t\t<\/div>\n\t\t\t\t\t<\/div>\n\n\t\n\n<\/div>\n\n\t\t<\/div>\n\t\t\t\t\n<style>\n#col-544486896 > .col-inner {\n  padding: 80px 30px 20px 30px;\n}\n<\/style>\n\t<\/div>\n\n\t\n\n\t<div id=\"col-1813277465\" class=\"col produkt medium-6 small-12 large-6\"  >\n\t\t\t\t<div class=\"col-inner text-center\"  >\n\t\t\t\n\t\t\t\n\n\t<div class=\"img has-hover x md-x lg-x y md-y lg-y\" id=\"image_1741884232\">\n\t\t\t\t\t\t\t\t<div class=\"img-inner dark\" style=\"margin:0px 0px 0px 0px;\">\n\t\t\t<img loading=\"lazy\" decoding=\"async\" width=\"683\" height=\"1024\" src=\"https:\/\/doli.bansalgroup.se\/wp-content\/uploads\/2023\/02\/Leon-F-Kameleon-25x25cmx300dpi-croped-683x1024.png\" class=\"attachment-large size-large\" alt=\"Eldriven rullstol Karma Leon F Kameleon\" srcset=\"https:\/\/doli.bansalgroup.se\/wp-content\/uploads\/2023\/02\/Leon-F-Kameleon-25x25cmx300dpi-croped-683x1024.png 683w, https:\/\/doli.bansalgroup.se\/wp-content\/uploads\/2023\/02\/Leon-F-Kameleon-25x25cmx300dpi-croped-200x300.png 200w, https:\/\/doli.bansalgroup.se\/wp-content\/uploads\/2023\/02\/Leon-F-Kameleon-25x25cmx300dpi-croped-768x1152.png 768w, https:\/\/doli.bansalgroup.se\/wp-content\/uploads\/2023\/02\/Leon-F-Kameleon-25x25cmx300dpi-croped-600x900.png 600w, https:\/\/doli.bansalgroup.se\/wp-content\/uploads\/2023\/02\/Leon-F-Kameleon-25x25cmx300dpi-croped.png 800w\" sizes=\"auto, (max-width: 683px) 100vw, 683px\" \/>\t\t\t\t\t\t\n\t\t\t\t\t<\/div>\n\t\t\t\t\t\t\t\t\n<style>\n#image_1741884232 {\n  width: 90%;\n}\n<\/style>\n\t<\/div>\n\t\n\n\n\t\t<\/div>\n\t\t\t\t\t<\/div>\n\n\t\n\n<\/div>\n\t<div id=\"gap-1848787200\" class=\"gap-element clearfix\" style=\"display:block; height:auto;\">\n\t\t\n<style>\n#gap-1848787200 {\n  padding-top: 20px;\n}\n<\/style>\n\t<\/div>\n\t\n\n<div class=\"row padded\"  id=\"row-1029339212\">\n\n\n\t<div id=\"col-656088329\" class=\"col medium-4 small-12 large-4\"  >\n\t\t\t\t<div class=\"col-inner text-center\"  >\n\t\t\t\n\t\t\t\n\n\t<div id=\"text-4133265992\" class=\"text\">\n\t\t\n\n<p><strong>Tekniske detaljer<\/strong><\/p>\n\t\t\n<style>\n#text-4133265992 {\n  font-size: 1.25rem;\n  text-align: left;\n  color: #707070;\n}\n#text-4133265992 > * {\n  color: #707070;\n}\n<\/style>\n\t<\/div>\n\t\n\n\t\t<\/div>\n\t\t\t\t\n<style>\n#col-656088329 > .col-inner {\n  padding: 20px 20px 0px 0px;\n  margin: 0px 0px -30px 0px;\n}\n@media (min-width:550px) {\n  #col-656088329 > .col-inner {\n    padding: 20px 20px 0px 0px;\n  }\n}\n<\/style>\n\t<\/div>\n\n\t\n\n\t<div id=\"col-802878714\" class=\"col product-column medium-4 small-12 large-4\"  >\n\t\t\t\t<div class=\"col-inner\"  >\n\t\t\t\n\t\t\t\n\n\n\n\n\n\n\t\t<\/div>\n\t\t\t\t\n<style>\n#col-802878714 > .col-inner {\n  padding: 0px 0px 0px 0px;\n}\n<\/style>\n\t<\/div>\n\n\t\n\n<\/div>\n<div class=\"row padded\"  id=\"row-601627207\">\n\n\n\t<div id=\"col-1386171137\" class=\"col small-12 large-12\"  >\n\t\t\t\t<div class=\"col-inner\"  >\n\t\t\t\n\t\t\t\n\n\t<div id=\"text-194705189\" class=\"text\">\n\t\t\n\n\n<table id=\"tablepress-108\" class=\"tablepress tablepress-id-108\">\n<tbody class=\"row-striping row-hover\">\n<tr class=\"row-1\">\n\t<td class=\"column-1\">Sitteh\u00f8yde (h\u00f8yde til setets overside)\t<\/td><td class=\"column-2\">460-760 mm<\/td>\n<\/tr>\n<tr class=\"row-2\">\n\t<td class=\"column-1\">Sittebredde<\/td><td class=\"column-2\">250-300 mm \/ 350-400 mm<\/td>\n<\/tr>\n<tr class=\"row-3\">\n\t<td class=\"column-1\">Sittedybde<\/td><td class=\"column-2\">275-410 mm \/ 330-470 mm<\/td>\n<\/tr>\n<tr class=\"row-4\">\n\t<td class=\"column-1\">Setetilt<\/td><td class=\"column-2\">-3\u00b0- +42\u00b0<\/td>\n<\/tr>\n<tr class=\"row-5\">\n\t<td class=\"column-1\">Ryggst\u00f8tte, h\u00f8yde\t<\/td><td class=\"column-2\">370-450 mm \/ 450-550 mm<\/td>\n<\/tr>\n<tr class=\"row-6\">\n\t<td class=\"column-1\">Ryggvinkel<\/td><td class=\"column-2\">-3\u00b0- +48\u00b0<\/td>\n<\/tr>\n<tr class=\"row-7\">\n\t<td class=\"column-1\">Chassis bredde\t<\/td><td class=\"column-2\">620 mm<\/td>\n<\/tr>\n<tr class=\"row-8\">\n\t<td class=\"column-1\">Chassis lengde\t<\/td><td class=\"column-2\">880 mm<\/td>\n<\/tr>\n<tr class=\"row-9\">\n\t<td class=\"column-1\">Chassis svingradius<\/td><td class=\"column-2\">660 mm<\/td>\n<\/tr>\n<tr class=\"row-10\">\n\t<td class=\"column-1\">Total bredde<\/td><td class=\"column-2\">620 mm<\/td>\n<\/tr>\n<tr class=\"row-11\">\n\t<td class=\"column-1\">Total lengde<\/td><td class=\"column-2\">1090-1250 mm \/ 1100-1260 mm<\/td>\n<\/tr>\n<tr class=\"row-12\">\n\t<td class=\"column-1\">Hjulst\u00f8rrelse foran midt bak<\/td><td class=\"column-2\">14\u201d\/-\/9\u201d<\/td>\n<\/tr>\n<tr class=\"row-13\">\n\t<td class=\"column-1\">Bakkeklaring<\/td><td class=\"column-2\">60 cm<\/td>\n<\/tr>\n<tr class=\"row-14\">\n\t<td class=\"column-1\">Klatrekapasitet<\/td><td class=\"column-2\">50 mm<\/td>\n<\/tr>\n<tr class=\"row-15\">\n\t<td class=\"column-1\">Vekt<\/td><td class=\"column-2\">167\/196 kg<\/td>\n<\/tr>\n<tr class=\"row-16\">\n\t<td class=\"column-1\">Max brukervekt<\/td><td class=\"column-2\">57 kg<\/td>\n<\/tr>\n<tr class=\"row-17\">\n\t<td class=\"column-1\">Hastighet<\/td><td class=\"column-2\">12 km\/h<\/td>\n<\/tr>\n<tr class=\"row-18\">\n\t<td class=\"column-1\">Batteritid kj\u00f8retid<\/td><td class=\"column-2\">25,6\/46,2 km<\/td>\n<\/tr>\n<tr class=\"row-19\">\n\t<td class=\"column-1\">Skr\u00e5ning<\/td><td class=\"column-2\">12\u00b0<\/td>\n<\/tr>\n<\/tbody>\n<\/table>\n<!-- #tablepress-108 from cache -->\n\t\t\n<style>\n#text-194705189 {\n  font-size: 0.9rem;\n}\n<\/style>\n\t<\/div>\n\t\n\n\t\t<\/div>\n\t\t\t\t\t<\/div>\n\n\t\n\n<\/div>\n<div class=\"text-center\"><div class=\"is-divider divider clearfix\" style=\"max-width:1000px;height:1px;\"><\/div><\/div>\n\n\t<div id=\"gap-576793663\" class=\"gap-element clearfix\" style=\"display:block; height:auto;\">\n\t\t\n<style>\n#gap-576793663 {\n  padding-top: 30px;\n}\n<\/style>\n\t<\/div>\n\t\n\n<div class=\"row padded\"  id=\"row-705242139\">\n\n\n\t<div id=\"col-241473406\" class=\"col small-12 large-12\"  >\n\t\t\t\t<div class=\"col-inner text-left\"  >\n\t\t\t\n\t\t\t\n\n<div class=\"container section-title-container #produktkatalog\" ><h4 class=\"section-title section-title-normal\"><b><\/b><span class=\"section-title-main\" >Dokumentasjon<\/span><b><\/b><\/h4><\/div>\n\n<div class=\"row\"  id=\"row-737863849\">\n\n\n\t<div id=\"col-1377097339\" class=\"col medium-6 small-12 large-6\"  >\n\t\t\t\t<div class=\"col-inner text-left\"  >\n\t\t\t\n\t\t\t\n\n\n\t\t<\/div>\n\t\t\t\t\t<\/div>\n\n\t\n\n\t<div id=\"col-804534537\" class=\"col medium-6 small-12 large-6\"  >\n\t\t\t\t<div class=\"col-inner\"  >\n\t\t\t\n\t\t\t\n\n\n\t\t<\/div>\n\t\t\t\t\t<\/div>\n\n\t\n\n<\/div>\n<div class=\"row align-middle document-row\"  id=\"row-1601907249\">\n\n\n\t<div id=\"col-1887874745\" class=\"col medium-7 small-5 large-7\"  >\n\t\t\t\t<div class=\"col-inner\"  >\n\t\t\t\n\t\t\t\n\n\t<div id=\"text-1360405203\" class=\"text\">\n\t\t\n\n<p><span style=\"color: #808080;\"><strong>Produktblad Karma Leon F Kameleon<\/strong><\/span><\/p>\n\t\t\n<style>\n#text-1360405203 {\n  font-size: 0.8rem;\n  line-height: 1.6;\n}\n@media (min-width:550px) {\n  #text-1360405203 {\n    font-size: 1rem;\n  }\n}\n@media (min-width:850px) {\n  #text-1360405203 {\n    font-size: 1rem;\n  }\n}\n<\/style>\n\t<\/div>\n\t\n\n\t\t<\/div>\n\t\t\t\t\n<style>\n#col-1887874745 > .col-inner {\n  padding: 17px 0px 0px 0px;\n}\n@media (min-width:550px) {\n  #col-1887874745 > .col-inner {\n    padding: 17px 30px 0px 30px;\n  }\n}\n<\/style>\n\t<\/div>\n\n\t\n\n\t<div id=\"col-668939414\" class=\"col language-column medium-2 small-1 large-2\"  >\n\t\t\t\t<div class=\"col-inner\"  >\n\t\t\t\n\t\t\t\n\n\t<div id=\"text-1200886164\" class=\"text\">\n\t\t\n\n<p><span style=\"color: #808080;\">SVENSK<\/span><\/p>\n\t\t\n<style>\n#text-1200886164 {\n  font-size: 0.75rem;\n  text-align: center;\n}\n@media (min-width:550px) {\n  #text-1200886164 {\n    font-size: 0.8rem;\n  }\n}\n<\/style>\n\t<\/div>\n\t\n\n\t\t<\/div>\n\t\t\t\t\n<style>\n#col-668939414 > .col-inner {\n  padding: 14px 0px 0px 0px;\n}\n<\/style>\n\t<\/div>\n\n\t\n\n\t<div id=\"col-1770681470\" class=\"col medium-3 small-5 large-3\"  >\n\t\t\t\t<div class=\"col-inner text-right\"  >\n\t\t\t\n\t\t\t\n\n<a rel=\"noopener noreferrer\" href=\"https:\/\/doli.bansalgroup.se\/wp-content\/uploads\/2024\/02\/produktblad-karma-leon-f-kameleon-sv.pdf\" target=\"_blank\" class=\"button primary is-small lowercase\"  style=\"border-radius:99px;padding:0px 20px 0px 20px;\">\n    <span>\u00c5pne<\/span>\n  <\/a>\n\n\n\n\t\t<\/div>\n\t\t\t\t\n<style>\n#col-1770681470 > .col-inner {\n  padding: 10px 0px 0px 0px;\n}\n@media (min-width:550px) {\n  #col-1770681470 > .col-inner {\n    padding: 10px 0px 0px 0px;\n  }\n}\n<\/style>\n\t<\/div>\n\n\t\n\n<\/div>\n\n\t\t<\/div>\n\t\t\t\t\n<style>\n#col-241473406 > .col-inner {\n  padding: 0px 0px 0px 0px;\n}\n<\/style>\n\t<\/div>\n\n\t\n\n<\/div>\n\t<div id=\"gap-586402417\" class=\"gap-element clearfix\" style=\"display:block; height:auto;\">\n\t\t\n<style>\n#gap-586402417 {\n  padding-top: 30px;\n}\n<\/style>\n\t<\/div>\n\t\n\n\t<div class=\"img has-hover x md-x lg-x y md-y lg-y\" id=\"image_2034686713\">\n\t\t\t\t\t\t\t\t<div class=\"img-inner dark\" >\n\t\t\t<img loading=\"lazy\" decoding=\"async\" width=\"1920\" height=\"423\" src=\"https:\/\/doli.bansalgroup.se\/wp-content\/uploads\/2022\/11\/73A0561.png\" class=\"attachment-2048x2048 size-2048x2048\" alt=\"\" srcset=\"https:\/\/doli.bansalgroup.se\/wp-content\/uploads\/2022\/11\/73A0561.png 1920w, https:\/\/doli.bansalgroup.se\/wp-content\/uploads\/2022\/11\/73A0561-300x66.png 300w, https:\/\/doli.bansalgroup.se\/wp-content\/uploads\/2022\/11\/73A0561-1024x226.png 1024w, https:\/\/doli.bansalgroup.se\/wp-content\/uploads\/2022\/11\/73A0561-768x169.png 768w, https:\/\/doli.bansalgroup.se\/wp-content\/uploads\/2022\/11\/73A0561-1536x338.png 1536w, https:\/\/doli.bansalgroup.se\/wp-content\/uploads\/2022\/11\/73A0561-600x132.png 600w\" sizes=\"auto, (max-width: 1920px) 100vw, 1920px\" \/>\t\t\t\t\t\t\n\t\t\t\t\t<\/div>\n\t\t\t\t\t\t\t\t\n<style>\n#image_2034686713 {\n  width: 100%;\n}\n<\/style>\n\t<\/div>\n\t\n\n\n\t\t<\/div>\n\n\t\t\n<style>\n#section_302439617 {\n  padding-top: 0px;\n  padding-bottom: 0px;\n}\n#section_302439617 .ux-shape-divider--top svg {\n  height: 150px;\n  --divider-top-width: 100%;\n}\n#section_302439617 .ux-shape-divider--bottom svg {\n  height: 150px;\n  --divider-width: 100%;\n}\n<\/style>\n\t<\/section>\n\t\n\n","protected":false},"excerpt":{"rendered":"","protected":false},"author":10,"featured_media":0,"parent":3864,"menu_order":0,"comment_status":"closed","ping_status":"closed","template":"page-blank.php","meta":{"inline_featured_image":false,"footnotes":""},"categories":[176],"tags":[],"class_list":["post-3903","page","type-page","status-publish","hentry","category-elektriske-rullestoler"],"_links":{"self":[{"href":"https:\/\/doli.bansalgroup.se\/no\/wp-json\/wp\/v2\/pages\/3903","targetHints":{"allow":["GET"]}}],"collection":[{"href":"https:\/\/doli.bansalgroup.se\/no\/wp-json\/wp\/v2\/pages"}],"about":[{"href":"https:\/\/doli.bansalgroup.se\/no\/wp-json\/wp\/v2\/types\/page"}],"author":[{"embeddable":true,"href":"https:\/\/doli.bansalgroup.se\/no\/wp-json\/wp\/v2\/users\/10"}],"replies":[{"embeddable":true,"href":"https:\/\/doli.bansalgroup.se\/no\/wp-json\/wp\/v2\/comments?post=3903"}],"version-history":[{"count":9,"href":"https:\/\/doli.bansalgroup.se\/no\/wp-json\/wp\/v2\/pages\/3903\/revisions"}],"predecessor-version":[{"id":6344,"href":"https:\/\/doli.bansalgroup.se\/no\/wp-json\/wp\/v2\/pages\/3903\/revisions\/6344"}],"up":[{"embeddable":true,"href":"https:\/\/doli.bansalgroup.se\/no\/wp-json\/wp\/v2\/pages\/3864"}],"wp:attachment":[{"href":"https:\/\/doli.bansalgroup.se\/no\/wp-json\/wp\/v2\/media?parent=3903"}],"wp:term":[{"taxonomy":"category","embeddable":true,"href":"https:\/\/doli.bansalgroup.se\/no\/wp-json\/wp\/v2\/categories?post=3903"},{"taxonomy":"post_tag","embeddable":true,"href":"https:\/\/doli.bansalgroup.se\/no\/wp-json\/wp\/v2\/tags?post=3903"}],"curies":[{"name":"wp","href":"https:\/\/api.w.org\/{rel}","templated":true}]}}