{"id":3955,"date":"2022-11-29T15:11:50","date_gmt":"2022-11-29T14:11:50","guid":{"rendered":"https:\/\/staging.eurovema.se\/?page_id=3955"},"modified":"2023-06-20T10:55:33","modified_gmt":"2023-06-20T08:55:33","slug":"ganghjelpemidler","status":"publish","type":"page","link":"https:\/\/doli.bansalgroup.se\/no\/vare-produkter\/ganghjelpemidler\/","title":{"rendered":"Ganghjelpemidler"},"content":{"rendered":"\n  <div id=\"page-header-1118203478\" class=\"page-header-wrapper\">\n  <div class=\"page-title dark simple-title\">\n\n        <div class=\"page-title-bg\">\n      <div class=\"title-bg fill bg-fill\"\n        data-parallax-container=\".page-title\"\n        data-parallax-background\n        data-parallax=\"-\">\n      <\/div>\n      <div class=\"title-overlay fill\"><\/div>\n    <\/div>\n    \n    <div class=\"page-title-inner container align-center flex-row medium-flex-wrap row-reverse\" >\n            <div class=\"title-content flex-col flex-left text-left medium-text-center\">\n        <div class=\"title-breadcrumbs pb-half pt-half\"><\/div>      <\/div>\n    <\/div>\n\n     \n<style>\n#page-header-1118203478 .title-bg {\n  background-image: url(https:\/\/doli.bansalgroup.se\/wp-content\/uploads\/2022\/11\/MicrosoftTeams-image-2.png);\n}\n<\/style>\n  <\/div>\n    <\/div>\n  \n\n\t<section class=\"section\" id=\"section_916435779\">\n\t\t<div class=\"bg section-bg fill bg-fill  bg-loaded\" >\n\n\t\t\t\n\t\t\t\n\t\t\t\n\n\t\t<\/div>\n\n\t\t\n\n\t\t<div class=\"section-content relative\">\n\t\t\t\n\n\t<div id=\"gap-1846508881\" class=\"gap-element clearfix\" style=\"display:block; height:auto;\">\n\t\t\n<style>\n#gap-1846508881 {\n  padding-top: 50px;\n}\n<\/style>\n\t<\/div>\n\t\n\n<div class=\"row padded\"  id=\"row-1268476249\">\n\n\n\t<div id=\"col-783130926\" class=\"col small-12 large-12\"  >\n\t\t\t\t<div class=\"col-inner text-left\"  >\n\t\t\t\n\t\t\t\n\n<div class=\"container section-title-container\" ><h1 class=\"section-title section-title-normal\"><b><\/b><span class=\"section-title-main\" >Ganghjelpemidler<\/span><b><\/b><\/h1><\/div>\n\n\n\t\t<\/div>\n\t\t\t\t\t<\/div>\n\n\t\n\n<\/div>\n<div class=\"row align-equal padded\"  id=\"row-10421883\">\n\n\n\t<div id=\"col-125509961\" class=\"col medium-12 small-12 large-5\"  >\n\t\t\t\t<div class=\"col-inner\"  >\n\t\t\t\n\t\t\t\n\n\t<div id=\"text-1873458889\" class=\"text\">\n\t\t\n\n<p>Grillo er et ganghjelpemiddel utviklet for \u00e5 gj\u00f8re hverdagen litt enklere. Den unike designen med trinnl\u00f8s h\u00f8ydejustering holder tyngdepunktet sentralt i alle h\u00f8yder. Det finnes et bredt spekter av justeringer som kan gj\u00f8res uten bruk av verkt\u00f8y, og et bredt utvalg av tilbeh\u00f8r for \u00e5 tilpasse produktet til ulike brukeres behov.<\/p>\n<p><img loading=\"lazy\" decoding=\"async\" class=\"wp-image-765 alignleft\" src=\"https:\/\/doli.bansalgroup.se\/wp-content\/uploads\/2023\/01\/logo_ormesa.png\" alt=\"\" width=\"170\" height=\"22\" \/><\/p>\n<p>\u00a0<\/p>\n\t\t\n<style>\n#text-1873458889 {\n  line-height: 1.3;\n  color: #707070;\n}\n#text-1873458889 > * {\n  color: #707070;\n}\n<\/style>\n\t<\/div>\n\t\n\n\t\t<\/div>\n\t\t\t\t\n<style>\n#col-125509961 > .col-inner {\n  padding: 40px 40px 40px 40px;\n}\n<\/style>\n\t<\/div>\n\n\t\n\n\t<div id=\"col-405097728\" class=\"col medium-12 small-12 large-7 medium-col-first\"  >\n\t\t\t\t<div class=\"col-inner\"  >\n\t\t\t\n\t\t\t\n\n\t<div class=\"img has-hover pa-full-height-image-column x md-x lg-x y md-y lg-y\" id=\"image_1648094650\">\n\t\t\t\t\t\t\t\t<div class=\"img-inner image-cover dark\" style=\"padding-top:80%;\">\n\t\t\t<img loading=\"lazy\" decoding=\"async\" width=\"821\" height=\"569\" src=\"https:\/\/doli.bansalgroup.se\/wp-content\/uploads\/2022\/12\/kategori_ganghjalpmedel_br00003182_thumb.jpg\" class=\"attachment-large size-large\" alt=\"\" srcset=\"https:\/\/doli.bansalgroup.se\/wp-content\/uploads\/2022\/12\/kategori_ganghjalpmedel_br00003182_thumb.jpg 821w, https:\/\/doli.bansalgroup.se\/wp-content\/uploads\/2022\/12\/kategori_ganghjalpmedel_br00003182_thumb-300x208.jpg 300w, https:\/\/doli.bansalgroup.se\/wp-content\/uploads\/2022\/12\/kategori_ganghjalpmedel_br00003182_thumb-768x532.jpg 768w\" sizes=\"auto, (max-width: 821px) 100vw, 821px\" \/>\t\t\t\t\t\t\n\t\t\t\t\t<\/div>\n\t\t\t\t\t\t\t\t\n<style>\n#image_1648094650 {\n  width: 100%;\n}\n<\/style>\n\t<\/div>\n\t\n\n\n\t\t<\/div>\n\t\t\t\t\t<\/div>\n\n\t\n\n\n<style>\n#row-10421883 > .col > .col-inner {\n  background-color: rgba(0, 0, 0, 0.05);\n}\n<\/style>\n<\/div>\n\t<div id=\"gap-1850255221\" class=\"gap-element clearfix\" style=\"display:block; height:auto;\">\n\t\t\n<style>\n#gap-1850255221 {\n  padding-top: 20px;\n}\n<\/style>\n\t<\/div>\n\t\n\n<div class=\"row padded\"  id=\"row-1193562738\">\n\n\n\t<div id=\"col-1352297208\" class=\"col medium-4 small-12 large-4\"  >\n\t\t\t\t<div class=\"col-inner text-center\" style=\"background-color:rgba(0, 0, 0, 0.05);\" >\n\t\t\t\n\t\t\t\n\n\t<div class=\"img has-hover x md-x lg-x y md-y lg-y\" id=\"image_2072036828\">\n\t\t<a class=\"\" href=\"https:\/\/doli.bansalgroup.se\/vara-produkter\/ganghjalpmedel\/grillo\/\"  >\t\t\t\t\t\t<div class=\"img-inner dark\" >\n\t\t\t<img loading=\"lazy\" decoding=\"async\" width=\"683\" height=\"1024\" src=\"https:\/\/doli.bansalgroup.se\/wp-content\/uploads\/2022\/12\/rollator_grillo_croped-683x1024.png\" class=\"attachment-large size-large\" alt=\"\" srcset=\"https:\/\/doli.bansalgroup.se\/wp-content\/uploads\/2022\/12\/rollator_grillo_croped-683x1024.png 683w, https:\/\/doli.bansalgroup.se\/wp-content\/uploads\/2022\/12\/rollator_grillo_croped-200x300.png 200w, https:\/\/doli.bansalgroup.se\/wp-content\/uploads\/2022\/12\/rollator_grillo_croped-768x1152.png 768w, https:\/\/doli.bansalgroup.se\/wp-content\/uploads\/2022\/12\/rollator_grillo_croped.png 800w\" sizes=\"auto, (max-width: 683px) 100vw, 683px\" \/>\t\t\t\t\t\t\n\t\t\t\t\t<\/div>\n\t\t\t\t\t\t<\/a>\t\t\n<style>\n#image_2072036828 {\n  width: 100%;\n}\n<\/style>\n\t<\/div>\n\t\n\n\t<div id=\"text-2080246341\" class=\"text\">\n\t\t\n\n<h3>Grillo<\/h3>\n<p>V\u00e5rt nye stabile ganghjelpemiddel kan brukes b\u00e5de forover og bakover. Finnes i flere st\u00f8rrelser for \u00e5 passe personer som er 75\u2013190 cm h\u00f8ye.<\/p>\n\t\t\n<style>\n#text-2080246341 {\n  font-size: 0.95rem;\n  line-height: 1.3;\n  text-align: left;\n  color: #707070;\n}\n#text-2080246341 > * {\n  color: #707070;\n}\n<\/style>\n\t<\/div>\n\t\n<a href=\"https:\/\/doli.bansalgroup.se\/no\/vare-produkter\/ganghjelpemidler\/grillo\/\" target=\"_self\" class=\"button primary is-small lowercase\"  style=\"border-radius:99px;padding:2px 50px 2px 50px;\">\n    <span>Les mer<\/span>\n  <\/a>\n\n\n\n\t\t<\/div>\n\t\t\t\t\n<style>\n#col-1352297208 > .col-inner {\n  padding: 20px 30px 20px 30px;\n}\n<\/style>\n\t<\/div>\n\n\t\n\n\t<div id=\"col-153401926\" class=\"col medium-4 small-12 large-4\"  >\n\t\t\t\t<div class=\"col-inner\"  >\n\t\t\t\n\t\t\t\n\n\n\t\t<\/div>\n\t\t\t\t\t<\/div>\n\n\t\n\n\t<div id=\"col-1219947062\" class=\"col medium-4 small-12 large-4\"  >\n\t\t\t\t<div class=\"col-inner\"  >\n\t\t\t\n\t\t\t\n\n\n\t\t<\/div>\n\t\t\t\t\t<\/div>\n\n\t\n\n<\/div>\n\t<div class=\"img has-hover x md-x lg-x y md-y lg-y\" id=\"image_334434741\">\n\t\t\t\t\t\t\t\t<div class=\"img-inner dark\" >\n\t\t\t<img loading=\"lazy\" decoding=\"async\" width=\"1920\" height=\"423\" src=\"https:\/\/doli.bansalgroup.se\/wp-content\/uploads\/2022\/11\/73A0561.png\" class=\"attachment-2048x2048 size-2048x2048\" alt=\"\" srcset=\"https:\/\/doli.bansalgroup.se\/wp-content\/uploads\/2022\/11\/73A0561.png 1920w, https:\/\/doli.bansalgroup.se\/wp-content\/uploads\/2022\/11\/73A0561-300x66.png 300w, https:\/\/doli.bansalgroup.se\/wp-content\/uploads\/2022\/11\/73A0561-1024x226.png 1024w, https:\/\/doli.bansalgroup.se\/wp-content\/uploads\/2022\/11\/73A0561-768x169.png 768w, https:\/\/doli.bansalgroup.se\/wp-content\/uploads\/2022\/11\/73A0561-1536x338.png 1536w, https:\/\/doli.bansalgroup.se\/wp-content\/uploads\/2022\/11\/73A0561-600x132.png 600w\" sizes=\"auto, (max-width: 1920px) 100vw, 1920px\" \/>\t\t\t\t\t\t\n\t\t\t\t\t<\/div>\n\t\t\t\t\t\t\t\t\n<style>\n#image_334434741 {\n  width: 100%;\n}\n<\/style>\n\t<\/div>\n\t\n\n\n\t\t<\/div>\n\n\t\t\n<style>\n#section_916435779 {\n  padding-top: 0px;\n  padding-bottom: 0px;\n}\n#section_916435779 .ux-shape-divider--top svg {\n  height: 150px;\n  --divider-top-width: 100%;\n}\n#section_916435779 .ux-shape-divider--bottom svg {\n  height: 150px;\n  --divider-width: 100%;\n}\n<\/style>\n\t<\/section>\n\t\n\n","protected":false},"excerpt":{"rendered":"","protected":false},"author":10,"featured_media":2748,"parent":3810,"menu_order":0,"comment_status":"closed","ping_status":"closed","template":"page-blank.php","meta":{"inline_featured_image":false,"footnotes":""},"categories":[154],"tags":[],"class_list":["post-3955","page","type-page","status-publish","has-post-thumbnail","hentry","category-ganghjalpmedel"],"_links":{"self":[{"href":"https:\/\/doli.bansalgroup.se\/no\/wp-json\/wp\/v2\/pages\/3955","targetHints":{"allow":["GET"]}}],"collection":[{"href":"https:\/\/doli.bansalgroup.se\/no\/wp-json\/wp\/v2\/pages"}],"about":[{"href":"https:\/\/doli.bansalgroup.se\/no\/wp-json\/wp\/v2\/types\/page"}],"author":[{"embeddable":true,"href":"https:\/\/doli.bansalgroup.se\/no\/wp-json\/wp\/v2\/users\/10"}],"replies":[{"embeddable":true,"href":"https:\/\/doli.bansalgroup.se\/no\/wp-json\/wp\/v2\/comments?post=3955"}],"version-history":[{"count":4,"href":"https:\/\/doli.bansalgroup.se\/no\/wp-json\/wp\/v2\/pages\/3955\/revisions"}],"predecessor-version":[{"id":4759,"href":"https:\/\/doli.bansalgroup.se\/no\/wp-json\/wp\/v2\/pages\/3955\/revisions\/4759"}],"up":[{"embeddable":true,"href":"https:\/\/doli.bansalgroup.se\/no\/wp-json\/wp\/v2\/pages\/3810"}],"wp:featuredmedia":[{"embeddable":true,"href":"https:\/\/doli.bansalgroup.se\/no\/wp-json\/wp\/v2\/media\/2748"}],"wp:attachment":[{"href":"https:\/\/doli.bansalgroup.se\/no\/wp-json\/wp\/v2\/media?parent=3955"}],"wp:term":[{"taxonomy":"category","embeddable":true,"href":"https:\/\/doli.bansalgroup.se\/no\/wp-json\/wp\/v2\/categories?post=3955"},{"taxonomy":"post_tag","embeddable":true,"href":"https:\/\/doli.bansalgroup.se\/no\/wp-json\/wp\/v2\/tags?post=3955"}],"curies":[{"name":"wp","href":"https:\/\/api.w.org\/{rel}","templated":true}]}}