{"id":3981,"date":"2022-11-25T14:56:30","date_gmt":"2022-11-25T13:56:30","guid":{"rendered":"https:\/\/staging.eurovema.se\/?page_id=3981"},"modified":"2024-05-14T16:47:53","modified_gmt":"2024-05-14T14:47:53","slug":"rullatorer","status":"publish","type":"page","link":"https:\/\/doli.bansalgroup.se\/no\/vare-produkter\/rullatorer\/","title":{"rendered":"Rullatorer"},"content":{"rendered":"\n  <div id=\"page-header-1464659373\" class=\"page-header-wrapper\">\n  <div class=\"page-title dark simple-title\">\n\n        <div class=\"page-title-bg\">\n      <div class=\"title-bg fill bg-fill\"\n        data-parallax-container=\".page-title\"\n        data-parallax-background\n        data-parallax=\"-\">\n      <\/div>\n      <div class=\"title-overlay fill\"><\/div>\n    <\/div>\n    \n    <div class=\"page-title-inner container align-center flex-row medium-flex-wrap row-reverse\" >\n            <div class=\"title-content flex-col flex-left text-left medium-text-center\">\n        <div class=\"title-breadcrumbs pb-half pt-half\"><\/div>      <\/div>\n    <\/div>\n\n     \n<style>\n#page-header-1464659373 .title-bg {\n  background-image: url(https:\/\/doli.bansalgroup.se\/wp-content\/uploads\/2022\/11\/MicrosoftTeams-image-2.png);\n}\n<\/style>\n  <\/div>\n    <\/div>\n  \n\n\t<section class=\"section\" id=\"section_1674295720\">\n\t\t<div class=\"bg section-bg fill bg-fill  bg-loaded\" >\n\n\t\t\t\n\t\t\t\n\t\t\t\n\n\t\t<\/div>\n\n\t\t\n\n\t\t<div class=\"section-content relative\">\n\t\t\t\n\n\t<div id=\"gap-1431090954\" class=\"gap-element clearfix\" style=\"display:block; height:auto;\">\n\t\t\n<style>\n#gap-1431090954 {\n  padding-top: 50px;\n}\n<\/style>\n\t<\/div>\n\t\n\n<div class=\"row padded\"  id=\"row-2104654431\">\n\n\n\t<div id=\"col-775742763\" class=\"col small-12 large-12\"  >\n\t\t\t\t<div class=\"col-inner text-left\"  >\n\t\t\t\n\t\t\t\n\n<div class=\"container section-title-container\" ><h1 class=\"section-title section-title-normal\"><b><\/b><span class=\"section-title-main\" >Rullatorer<\/span><b><\/b><\/h1><\/div>\n\n\n\t\t<\/div>\n\t\t\t\t\t<\/div>\n\n\t\n\n<\/div>\n<div class=\"row align-equal padded\"  id=\"row-111124787\">\n\n\n\t<div id=\"col-1687367738\" class=\"col medium-12 small-12 large-5\"  >\n\t\t\t\t<div class=\"col-inner\"  >\n\t\t\t\n\t\t\t\n\n\t<div id=\"text-1351841990\" class=\"text\">\n\t\t\n\n<p>V\u00e5re veldesignede rullatorer er kjent for \u00e5 v\u00e6re b\u00e5de lette og stabile. Volaris omfatter b\u00e5de fleksible innend\u00f8rs rullatorer og barnerullatorer samt holdbare og robuste varianter for utend\u00f8rs bruk eller brukere med spesielle behov. Alle modellene har et h\u00f8yt komfortniv\u00e5 med behagelig styring og respons, selv p\u00e5 ujevnt underlag, og en sikker, lett tilgjengelig brems. Kryssdesignet forenkler sammenlegging og h\u00e5ndtering. Alle Volaris-rullatorene har et stabilt sete som ogs\u00e5 kan justeres i h\u00f8yden.<\/p>\n<p><img loading=\"lazy\" decoding=\"async\" class=\"wp-image-765 alignleft\" src=\"https:\/\/doli.bansalgroup.se\/wp-content\/uploads\/2023\/01\/volaris_320x70.png\" alt=\"\" width=\"170\" height=\"22\"><\/p>\n<p>&nbsp;<\/p>\n\t\t\n<style>\n#text-1351841990 {\n  line-height: 1.3;\n  color: #707070;\n}\n#text-1351841990 > * {\n  color: #707070;\n}\n<\/style>\n\t<\/div>\n\t\n\n\t\t<\/div>\n\t\t\t\t\n<style>\n#col-1687367738 > .col-inner {\n  padding: 40px 40px 40px 40px;\n}\n<\/style>\n\t<\/div>\n\n\t\n\n\t<div id=\"col-410179091\" class=\"col medium-12 small-12 large-7 medium-col-first\"  >\n\t\t\t\t<div class=\"col-inner\"  >\n\t\t\t\n\t\t\t\n\n\t<div class=\"img has-hover pa-full-height-image-column x md-x lg-x y md-y lg-y\" id=\"image_1456323269\">\n\t\t\t\t\t\t\t\t<div class=\"img-inner image-cover dark\" style=\"padding-top:80%;\">\n\t\t\t<img loading=\"lazy\" decoding=\"async\" width=\"821\" height=\"569\" src=\"https:\/\/doli.bansalgroup.se\/wp-content\/uploads\/2022\/12\/kategori_rollatorer_br00003151_thumb.jpg\" class=\"attachment-large size-large\" alt=\"\" srcset=\"https:\/\/doli.bansalgroup.se\/wp-content\/uploads\/2022\/12\/kategori_rollatorer_br00003151_thumb.jpg 821w, https:\/\/doli.bansalgroup.se\/wp-content\/uploads\/2022\/12\/kategori_rollatorer_br00003151_thumb-300x208.jpg 300w, https:\/\/doli.bansalgroup.se\/wp-content\/uploads\/2022\/12\/kategori_rollatorer_br00003151_thumb-768x532.jpg 768w\" sizes=\"auto, (max-width: 821px) 100vw, 821px\" \/>\t\t\t\t\t\t\n\t\t\t\t\t<\/div>\n\t\t\t\t\t\t\t\t\n<style>\n#image_1456323269 {\n  width: 100%;\n}\n<\/style>\n\t<\/div>\n\t\n\n\n\t\t<\/div>\n\t\t\t\t\t<\/div>\n\n\t\n\n\n<style>\n#row-111124787 > .col > .col-inner {\n  background-color: rgba(0, 0, 0, 0.05);\n}\n<\/style>\n<\/div>\n\t<div id=\"gap-544721200\" class=\"gap-element clearfix\" style=\"display:block; height:auto;\">\n\t\t\n<style>\n#gap-544721200 {\n  padding-top: 20px;\n}\n<\/style>\n\t<\/div>\n\t\n\n<div class=\"row padded\"  id=\"row-1079725889\">\n\n\n\t<div id=\"col-1532506194\" class=\"col medium-4 small-12 large-4\"  >\n\t\t\t\t<div class=\"col-inner text-center\" style=\"background-color:rgba(0, 0, 0, 0.05);\" >\n\t\t\t\n\t\t\t\n\n\t<div class=\"img has-hover x md-x lg-x y md-y lg-y\" id=\"image_2033658875\">\n\t\t<a class=\"\" href=\"https:\/\/doli.bansalgroup.se\/vara-produkter\/rollatorer\/compact\/\"  >\t\t\t\t\t\t<div class=\"img-inner dark\" >\n\t\t\t<img loading=\"lazy\" decoding=\"async\" width=\"683\" height=\"1024\" src=\"https:\/\/doli.bansalgroup.se\/wp-content\/uploads\/2022\/12\/rollator_compact_croped-683x1024.png\" class=\"attachment-large size-large\" alt=\"\" srcset=\"https:\/\/doli.bansalgroup.se\/wp-content\/uploads\/2022\/12\/rollator_compact_croped-683x1024.png 683w, https:\/\/doli.bansalgroup.se\/wp-content\/uploads\/2022\/12\/rollator_compact_croped-200x300.png 200w, https:\/\/doli.bansalgroup.se\/wp-content\/uploads\/2022\/12\/rollator_compact_croped-768x1152.png 768w, https:\/\/doli.bansalgroup.se\/wp-content\/uploads\/2022\/12\/rollator_compact_croped.png 800w\" sizes=\"auto, (max-width: 683px) 100vw, 683px\" \/>\t\t\t\t\t\t\n\t\t\t\t\t<\/div>\n\t\t\t\t\t\t<\/a>\t\t\n<style>\n#image_2033658875 {\n  width: 100%;\n}\n<\/style>\n\t<\/div>\n\t\n\n\t<div id=\"text-3082308430\" class=\"text productsbox\">\n\t\t\n\n<h3>Compact<\/h3>\n<p>Lett og fleksibel innend\u00f8rs rullator. Kryssfunksjonen gj\u00f8r at den enkelt kan foldes sammen og forbli oppreist i sammenfoldet stilling.<\/p>\n\t\t\n<style>\n#text-3082308430 {\n  font-size: 0.95rem;\n  line-height: 1.3;\n  text-align: left;\n  color: #707070;\n}\n#text-3082308430 > * {\n  color: #707070;\n}\n<\/style>\n\t<\/div>\n\t\n<a href=\"https:\/\/doli.bansalgroup.se\/no\/vare-produkter\/rullatorer\/compact\/\" target=\"_self\" class=\"button primary is-small lowercase\"  style=\"border-radius:99px;padding:2px 50px 2px 50px;\">\n    <span>Les mer<\/span>\n  <\/a>\n\n\n\n\t\t<\/div>\n\t\t\t\t\n<style>\n#col-1532506194 > .col-inner {\n  padding: 20px 30px 20px 30px;\n}\n<\/style>\n\t<\/div>\n\n\t\n\n\t<div id=\"col-693379349\" class=\"col medium-4 small-12 large-4\"  >\n\t\t\t\t<div class=\"col-inner text-center\" style=\"background-color:rgba(0, 0, 0, 0.05);\" >\n\t\t\t\n\t\t\t\n\n\t<div class=\"img has-hover x md-x lg-x y md-y lg-y\" id=\"image_1337355441\">\n\t\t<a class=\"\" href=\"https:\/\/doli.bansalgroup.se\/vara-produkter\/rollatorer\/smart\/\"  >\t\t\t\t\t\t<div class=\"img-inner dark\" >\n\t\t\t<img loading=\"lazy\" decoding=\"async\" width=\"683\" height=\"1024\" src=\"https:\/\/doli.bansalgroup.se\/wp-content\/uploads\/2023\/01\/rollator_smart_frilagd_NY_croped-1-683x1024.png\" class=\"attachment-large size-large\" alt=\"Rollator Smart\" srcset=\"https:\/\/doli.bansalgroup.se\/wp-content\/uploads\/2023\/01\/rollator_smart_frilagd_NY_croped-1-683x1024.png 683w, https:\/\/doli.bansalgroup.se\/wp-content\/uploads\/2023\/01\/rollator_smart_frilagd_NY_croped-1-200x300.png 200w, https:\/\/doli.bansalgroup.se\/wp-content\/uploads\/2023\/01\/rollator_smart_frilagd_NY_croped-1-768x1152.png 768w, https:\/\/doli.bansalgroup.se\/wp-content\/uploads\/2023\/01\/rollator_smart_frilagd_NY_croped-1-600x900.png 600w, https:\/\/doli.bansalgroup.se\/wp-content\/uploads\/2023\/01\/rollator_smart_frilagd_NY_croped-1.png 800w\" sizes=\"auto, (max-width: 683px) 100vw, 683px\" \/>\t\t\t\t\t\t\n\t\t\t\t\t<\/div>\n\t\t\t\t\t\t<\/a>\t\t\n<style>\n#image_1337355441 {\n  width: 100%;\n}\n<\/style>\n\t<\/div>\n\t\n\n\t<div class=\"img has-hover x md-x lg-x y md-y lg-y\" id=\"image_1850936648\">\n\t\t<a class=\"\" href=\"https:\/\/doli.bansalgroup.se\/vara-produkter\/rollatorer\/smart\/\"  >\t\t\t\t\t\t<div class=\"img-inner dark\" >\n\t\t\t\t\t\t\t\t\t\n\t\t\t\t\t<\/div>\n\t\t\t\t\t\t<\/a>\t\t\n<style>\n#image_1850936648 {\n  width: 100%;\n}\n<\/style>\n\t<\/div>\n\t\n\n\t<div id=\"text-172809159\" class=\"text productsbox\">\n\t\t\n\n<h3>Smart<\/h3>\n<p>Rimelig rullator for b\u00e5de innend\u00f8rs og utend\u00f8rs bruk. Unik rammedesign gj\u00f8r at den beveger seg mykt og smidig over ujevnheter og terskler.<\/p>\n\t\t\n<style>\n#text-172809159 {\n  font-size: 0.95rem;\n  line-height: 1.3;\n  text-align: left;\n  color: #707070;\n}\n#text-172809159 > * {\n  color: #707070;\n}\n<\/style>\n\t<\/div>\n\t\n<a href=\"https:\/\/doli.bansalgroup.se\/no\/vare-produkter\/rullatorer\/smart\/\" target=\"_self\" class=\"button primary is-small lowercase\"  style=\"border-radius:99px;padding:2px 50px 2px 50px;\">\n    <span>Les mer<\/span>\n  <\/a>\n\n\n\n\t\t<\/div>\n\t\t\t\t\n<style>\n#col-693379349 > .col-inner {\n  padding: 20px 30px 20px 30px;\n}\n<\/style>\n\t<\/div>\n\n\t\n\n\t<div id=\"col-1789213337\" class=\"col medium-4 small-12 large-4\"  >\n\t\t\t\t<div class=\"col-inner text-center\" style=\"background-color:rgba(0, 0, 0, 0.05);\" >\n\t\t\t\n\t\t\t\n\n\t<div class=\"img has-hover x md-x lg-x y md-y lg-y\" id=\"image_248459623\">\n\t\t<a class=\"\" href=\"https:\/\/doli.bansalgroup.se\/vara-produkter\/rollatorer\/patrol\/\"  >\t\t\t\t\t\t<div class=\"img-inner dark\" >\n\t\t\t<img loading=\"lazy\" decoding=\"async\" width=\"682\" height=\"1024\" src=\"https:\/\/doli.bansalgroup.se\/wp-content\/uploads\/2022\/12\/rollator_patrol_croped-682x1024.png\" class=\"attachment-large size-large\" alt=\"\" srcset=\"https:\/\/doli.bansalgroup.se\/wp-content\/uploads\/2022\/12\/rollator_patrol_croped-682x1024.png 682w, https:\/\/doli.bansalgroup.se\/wp-content\/uploads\/2022\/12\/rollator_patrol_croped-200x300.png 200w, https:\/\/doli.bansalgroup.se\/wp-content\/uploads\/2022\/12\/rollator_patrol_croped-768x1153.png 768w, https:\/\/doli.bansalgroup.se\/wp-content\/uploads\/2022\/12\/rollator_patrol_croped.png 799w\" sizes=\"auto, (max-width: 682px) 100vw, 682px\" \/>\t\t\t\t\t\t\n\t\t\t\t\t<\/div>\n\t\t\t\t\t\t<\/a>\t\t\n<style>\n#image_248459623 {\n  width: 100%;\n}\n<\/style>\n\t<\/div>\n\t\n\n\t<div id=\"text-318659020\" class=\"text productsbox\">\n\t\t\n\n<h3>Patrol<\/h3>\n<p>Stabil rullator med fire store hjul som gj\u00f8r det lettere \u00e5 ta seg frem p\u00e5 ujevnt underlag utend\u00f8rs. Sete og h\u00e5ndtak kan enkelt justeres i h\u00f8yden.<\/p>\n\t\t\n<style>\n#text-318659020 {\n  font-size: 0.95rem;\n  line-height: 1.3;\n  text-align: left;\n  color: #707070;\n}\n#text-318659020 > * {\n  color: #707070;\n}\n<\/style>\n\t<\/div>\n\t\n<a href=\"https:\/\/doli.bansalgroup.se\/no\/vare-produkter\/rullatorer\/patrol\/\" target=\"_self\" class=\"button primary is-small lowercase\"  style=\"border-radius:99px;padding:2px 50px 2px 50px;\">\n    <span>Les mer<\/span>\n  <\/a>\n\n\n\n\t\t<\/div>\n\t\t\t\t\n<style>\n#col-1789213337 > .col-inner {\n  padding: 20px 30px 20px 30px;\n}\n<\/style>\n\t<\/div>\n\n\t\n\n<\/div>\n<div class=\"row padded\"  id=\"row-118593027\">\n\n\n\t<div id=\"col-363760313\" class=\"col medium-4 small-12 large-4\"  >\n\t\t\t\t<div class=\"col-inner text-center\" style=\"background-color:rgba(0, 0, 0, 0.05);\" >\n\t\t\t\n\t\t\t\n\n\t<div class=\"img has-hover x md-x lg-x y md-y lg-y\" id=\"image_2036085569\">\n\t\t<a class=\"\" href=\"https:\/\/doli.bansalgroup.se\/vara-produkter\/rollatorer\/discovery\/\"  >\t\t\t\t\t\t<div class=\"img-inner dark\" >\n\t\t\t<img loading=\"lazy\" decoding=\"async\" width=\"681\" height=\"1024\" src=\"https:\/\/doli.bansalgroup.se\/wp-content\/uploads\/2022\/12\/rollator_discovery_croped_ny-681x1024.png\" class=\"attachment-large size-large\" alt=\"\" srcset=\"https:\/\/doli.bansalgroup.se\/wp-content\/uploads\/2022\/12\/rollator_discovery_croped_ny-681x1024.png 681w, https:\/\/doli.bansalgroup.se\/wp-content\/uploads\/2022\/12\/rollator_discovery_croped_ny-200x300.png 200w, https:\/\/doli.bansalgroup.se\/wp-content\/uploads\/2022\/12\/rollator_discovery_croped_ny-768x1155.png 768w, https:\/\/doli.bansalgroup.se\/wp-content\/uploads\/2022\/12\/rollator_discovery_croped_ny.png 798w\" sizes=\"auto, (max-width: 681px) 100vw, 681px\" \/>\t\t\t\t\t\t\n\t\t\t\t\t<\/div>\n\t\t\t\t\t\t<\/a>\t\t\n<style>\n#image_2036085569 {\n  width: 100%;\n}\n<\/style>\n\t<\/div>\n\t\n\n\t<div id=\"text-663291516\" class=\"text productsbox\">\n\t\t\n\n<h3>Discovery<\/h3>\n<p>Popul\u00e6r, stabil og sikker rullator for aktiviteter eller pauser b\u00e5de innend\u00f8rs og utend\u00f8rs. Veldig enkel \u00e5 klappe sammen for transport og oppbevaring.<\/p>\n\t\t\n<style>\n#text-663291516 {\n  font-size: 0.95rem;\n  line-height: 1.3;\n  text-align: left;\n  color: #707070;\n}\n#text-663291516 > * {\n  color: #707070;\n}\n<\/style>\n\t<\/div>\n\t\n<a href=\"https:\/\/doli.bansalgroup.se\/no\/vare-produkter\/rullatorer\/discovery\/\" target=\"_self\" class=\"button primary is-small lowercase\"  style=\"border-radius:99px;padding:2px 50px 2px 50px;\">\n    <span>Les mer<\/span>\n  <\/a>\n\n\n\n\t\t<\/div>\n\t\t\t\t\n<style>\n#col-363760313 > .col-inner {\n  padding: 20px 30px 20px 30px;\n}\n<\/style>\n\t<\/div>\n\n\t\n\n\t<div id=\"col-866202104\" class=\"col medium-4 small-12 large-4\"  >\n\t\t\t\t<div class=\"col-inner text-center\" style=\"background-color:rgba(0, 0, 0, 0.05);\" >\n\t\t\t\n\t\t\t\n\n\t<div class=\"img has-hover x md-x lg-x y md-y lg-y\" id=\"image_1197909649\">\n\t\t<a class=\"\" href=\"https:\/\/doli.bansalgroup.se\/vara-produkter\/rollatorer\/kid\/\"  >\t\t\t\t\t\t<div class=\"img-inner dark\" >\n\t\t\t<img loading=\"lazy\" decoding=\"async\" width=\"681\" height=\"1024\" src=\"https:\/\/doli.bansalgroup.se\/wp-content\/uploads\/2022\/12\/rollator_kid_croped-681x1024.png\" class=\"attachment-large size-large\" alt=\"\" srcset=\"https:\/\/doli.bansalgroup.se\/wp-content\/uploads\/2022\/12\/rollator_kid_croped-681x1024.png 681w, https:\/\/doli.bansalgroup.se\/wp-content\/uploads\/2022\/12\/rollator_kid_croped-200x300.png 200w, https:\/\/doli.bansalgroup.se\/wp-content\/uploads\/2022\/12\/rollator_kid_croped-768x1155.png 768w, https:\/\/doli.bansalgroup.se\/wp-content\/uploads\/2022\/12\/rollator_kid_croped.png 798w\" sizes=\"auto, (max-width: 681px) 100vw, 681px\" \/>\t\t\t\t\t\t\n\t\t\t\t\t<\/div>\n\t\t\t\t\t\t<\/a>\t\t\n<style>\n#image_1197909649 {\n  width: 100%;\n}\n<\/style>\n\t<\/div>\n\t\n\n\t<div id=\"text-2739888022\" class=\"text productsbox\">\n\t\t\n\n<h3>Kid<\/h3>\n<p>Sikker og velbalansert g\u00e5stol med god plass mellom bakhjulene, noe som gj\u00f8r det lettere for barn med ortoser eller bred gange \u00e5 g\u00e5.<\/p>\n\t\t\n<style>\n#text-2739888022 {\n  font-size: 0.95rem;\n  line-height: 1.3;\n  text-align: left;\n  color: #707070;\n}\n#text-2739888022 > * {\n  color: #707070;\n}\n<\/style>\n\t<\/div>\n\t\n<a href=\"https:\/\/doli.bansalgroup.se\/no\/vare-produkter\/rullatorer\/kid\/\" target=\"_self\" class=\"button primary is-small lowercase\"  style=\"border-radius:99px;padding:2px 50px 2px 50px;\">\n    <span>Les mer<\/span>\n  <\/a>\n\n\n\n\t\t<\/div>\n\t\t\t\t\n<style>\n#col-866202104 > .col-inner {\n  padding: 20px 30px 20px 30px;\n}\n<\/style>\n\t<\/div>\n\n\t\n\n\t<div id=\"col-1991903023\" class=\"col medium-4 small-12 large-4\"  >\n\t\t\t\t<div class=\"col-inner text-center\" style=\"background-color:rgba(0, 0, 0, 0.05);\" >\n\t\t\t\n\t\t\t\n\n\t<div class=\"img has-hover x md-x lg-x y md-y lg-y\" id=\"image_387460989\">\n\t\t<a class=\"\" href=\"https:\/\/doli.bansalgroup.se\/vara-produkter\/rollatorer\/ra\/\"  >\t\t\t\t\t\t<div class=\"img-inner dark\" >\n\t\t\t<img loading=\"lazy\" decoding=\"async\" width=\"683\" height=\"1024\" src=\"https:\/\/doli.bansalgroup.se\/wp-content\/uploads\/2022\/12\/rollator_RA_croped-683x1024.png\" class=\"attachment-large size-large\" alt=\"\" srcset=\"https:\/\/doli.bansalgroup.se\/wp-content\/uploads\/2022\/12\/rollator_RA_croped-683x1024.png 683w, https:\/\/doli.bansalgroup.se\/wp-content\/uploads\/2022\/12\/rollator_RA_croped-200x300.png 200w, https:\/\/doli.bansalgroup.se\/wp-content\/uploads\/2022\/12\/rollator_RA_croped-768x1152.png 768w, https:\/\/doli.bansalgroup.se\/wp-content\/uploads\/2022\/12\/rollator_RA_croped.png 800w\" sizes=\"auto, (max-width: 683px) 100vw, 683px\" \/>\t\t\t\t\t\t\n\t\t\t\t\t<\/div>\n\t\t\t\t\t\t<\/a>\t\t\n<style>\n#image_387460989 {\n  width: 100%;\n}\n<\/style>\n\t<\/div>\n\t\n\n\t<div id=\"text-166182034\" class=\"text productsbox\">\n\t\t\n\n<h3>RA<\/h3>\n<p>Rullator med underarmsst\u00f8tte som kan justeres i alle retninger. Bygget p\u00e5 v\u00e5r sammenleggbare kryssfunksjon og tilpasset for b\u00e5de innend\u00f8rs og utend\u00f8rs bruk.<\/p>\n\t\t\n<style>\n#text-166182034 {\n  font-size: 0.95rem;\n  line-height: 1.3;\n  text-align: left;\n  color: #707070;\n}\n#text-166182034 > * {\n  color: #707070;\n}\n<\/style>\n\t<\/div>\n\t\n<a href=\"https:\/\/doli.bansalgroup.se\/no\/vare-produkter\/rullatorer\/ra\/\" target=\"_self\" class=\"button primary is-small lowercase\"  style=\"border-radius:99px;padding:2px 50px 2px 50px;\">\n    <span>Les mer<\/span>\n  <\/a>\n\n\n\n\t\t<\/div>\n\t\t\t\t\n<style>\n#col-1991903023 > .col-inner {\n  padding: 20px 30px 20px 30px;\n}\n<\/style>\n\t<\/div>\n\n\t\n\n<\/div>\n<div class=\"row padded\"  id=\"row-1162864908\">\n\n\n\t<div id=\"col-1194393796\" class=\"col medium-4 small-12 large-4\"  >\n\t\t\t\t<div class=\"col-inner text-center\" style=\"background-color:rgba(0, 0, 0, 0.05);\" >\n\t\t\t\n\t\t\t\n\n\t<div class=\"img has-hover x md-x lg-x y md-y lg-y\" id=\"image_803542175\">\n\t\t<a class=\"\" href=\"https:\/\/doli.bansalgroup.se\/no\/vare-produkter\/rullatorer\/mini\/\"  >\t\t\t\t\t\t<div class=\"img-inner dark\" >\n\t\t\t<img loading=\"lazy\" decoding=\"async\" width=\"683\" height=\"1024\" src=\"https:\/\/doli.bansalgroup.se\/wp-content\/uploads\/2024\/02\/volaris-mini-800x1200-br00003578-683x1024.png\" class=\"attachment-large size-large\" alt=\"Volaris Mini\" srcset=\"https:\/\/doli.bansalgroup.se\/wp-content\/uploads\/2024\/02\/volaris-mini-800x1200-br00003578-683x1024.png 683w, https:\/\/doli.bansalgroup.se\/wp-content\/uploads\/2024\/02\/volaris-mini-800x1200-br00003578-200x300.png 200w, https:\/\/doli.bansalgroup.se\/wp-content\/uploads\/2024\/02\/volaris-mini-800x1200-br00003578-768x1152.png 768w, https:\/\/doli.bansalgroup.se\/wp-content\/uploads\/2024\/02\/volaris-mini-800x1200-br00003578.png 800w\" sizes=\"auto, (max-width: 683px) 100vw, 683px\" \/>\t\t\t\t\t\t\n\t\t\t\t\t<\/div>\n\t\t\t\t\t\t<\/a>\t\t\n<style>\n#image_803542175 {\n  width: 100%;\n}\n<\/style>\n\t<\/div>\n\t\n\n\t<div id=\"text-3338208365\" class=\"text productsbox\">\n\t\t\n\n<h3>Mini<\/h3>\n<p>Mini er en sikker og velbalansert liten rullator for b\u00e5de innend\u00f8rs og utend\u00f8rs bruk.<\/p>\n\t\t\n<style>\n#text-3338208365 {\n  font-size: 0.95rem;\n  line-height: 1.3;\n  text-align: left;\n  color: #707070;\n}\n#text-3338208365 > * {\n  color: #707070;\n}\n<\/style>\n\t<\/div>\n\t\n<a href=\"https:\/\/doli.bansalgroup.se\/no\/vare-produkter\/rullatorer\/mini\/\" target=\"_self\" class=\"button primary is-small lowercase\"  style=\"border-radius:99px;padding:2px 50px 2px 50px;\">\n    <span>Les mer<\/span>\n  <\/a>\n\n\n\n\t\t<\/div>\n\t\t\t\t\n<style>\n#col-1194393796 > .col-inner {\n  padding: 20px 30px 20px 30px;\n}\n<\/style>\n\t<\/div>\n\n\t\n\n\t<div id=\"col-1796181832\" class=\"col medium-4 small-12 large-4\"  >\n\t\t\t\t<div class=\"col-inner text-center\" style=\"background-color:rgba(0, 0, 0, 0.05);\" >\n\t\t\t\n\t\t\t\n\n\t<div class=\"img has-hover x md-x lg-x y md-y lg-y\" id=\"image_1771518257\">\n\t\t<a class=\"\" href=\"https:\/\/doli.bansalgroup.se\/no\/vare-produkter\/rullatorer\/hp\/\"  >\t\t\t\t\t\t<div class=\"img-inner dark\" >\n\t\t\t<img loading=\"lazy\" decoding=\"async\" width=\"683\" height=\"1024\" src=\"https:\/\/doli.bansalgroup.se\/wp-content\/uploads\/2024\/04\/volaris-hp-800x1200-_73A3676-683x1024.png\" class=\"attachment-large size-large\" alt=\"\" srcset=\"https:\/\/doli.bansalgroup.se\/wp-content\/uploads\/2024\/04\/volaris-hp-800x1200-_73A3676-683x1024.png 683w, https:\/\/doli.bansalgroup.se\/wp-content\/uploads\/2024\/04\/volaris-hp-800x1200-_73A3676-200x300.png 200w, https:\/\/doli.bansalgroup.se\/wp-content\/uploads\/2024\/04\/volaris-hp-800x1200-_73A3676-768x1152.png 768w, https:\/\/doli.bansalgroup.se\/wp-content\/uploads\/2024\/04\/volaris-hp-800x1200-_73A3676.png 800w\" sizes=\"auto, (max-width: 683px) 100vw, 683px\" \/>\t\t\t\t\t\t\n\t\t\t\t\t<\/div>\n\t\t\t\t\t\t<\/a>\t\t\n<style>\n#image_1771518257 {\n  width: 100%;\n}\n<\/style>\n\t<\/div>\n\t\n\n\t<div id=\"text-3692130242\" class=\"text productsbox\">\n\t\t\n\n<h3>HP<\/h3>\n<p>Volaris HP gir st\u00f8tte under forflytning og er ment \u00e5 brukes som gangst\u00f8tte for personer med halvsidig lammelse.<\/p>\n\t\t\n<style>\n#text-3692130242 {\n  font-size: 0.95rem;\n  line-height: 1.3;\n  text-align: left;\n  color: #707070;\n}\n#text-3692130242 > * {\n  color: #707070;\n}\n<\/style>\n\t<\/div>\n\t\n<a href=\"https:\/\/doli.bansalgroup.se\/no\/vare-produkter\/rullatorer\/hp\/\" target=\"_self\" class=\"button primary is-small lowercase\"  style=\"border-radius:99px;padding:2px 50px 2px 50px;\">\n    <span>Les mer<\/span>\n  <\/a>\n\n\n\n\t\t<\/div>\n\t\t\t\t\n<style>\n#col-1796181832 > .col-inner {\n  padding: 20px 30px 20px 30px;\n}\n<\/style>\n\t<\/div>\n\n\t\n\n\t<div id=\"col-83373145\" class=\"col medium-4 small-12 large-4\"  >\n\t\t\t\t<div class=\"col-inner text-center\"  >\n\t\t\t\n\t\t\t\n\n\n\t\t<\/div>\n\t\t\t\t\n<style>\n#col-83373145 > .col-inner {\n  padding: 20px 30px 20px 30px;\n}\n<\/style>\n\t<\/div>\n\n\t\n\n<\/div>\n\t<div id=\"gap-1472314100\" class=\"gap-element clearfix\" style=\"display:block; height:auto;\">\n\t\t\n<style>\n#gap-1472314100 {\n  padding-top: 60px;\n}\n<\/style>\n\t<\/div>\n\t\n\n\t<div class=\"img has-hover x md-x lg-x y md-y lg-y\" id=\"image_428025496\">\n\t\t\t\t\t\t\t\t<div class=\"img-inner dark\" >\n\t\t\t<img loading=\"lazy\" decoding=\"async\" width=\"1920\" height=\"423\" src=\"https:\/\/doli.bansalgroup.se\/wp-content\/uploads\/2022\/11\/73A0561.png\" class=\"attachment-2048x2048 size-2048x2048\" alt=\"\" srcset=\"https:\/\/doli.bansalgroup.se\/wp-content\/uploads\/2022\/11\/73A0561.png 1920w, https:\/\/doli.bansalgroup.se\/wp-content\/uploads\/2022\/11\/73A0561-300x66.png 300w, https:\/\/doli.bansalgroup.se\/wp-content\/uploads\/2022\/11\/73A0561-1024x226.png 1024w, https:\/\/doli.bansalgroup.se\/wp-content\/uploads\/2022\/11\/73A0561-768x169.png 768w, https:\/\/doli.bansalgroup.se\/wp-content\/uploads\/2022\/11\/73A0561-1536x338.png 1536w, https:\/\/doli.bansalgroup.se\/wp-content\/uploads\/2022\/11\/73A0561-600x132.png 600w\" sizes=\"auto, (max-width: 1920px) 100vw, 1920px\" \/>\t\t\t\t\t\t\n\t\t\t\t\t<\/div>\n\t\t\t\t\t\t\t\t\n<style>\n#image_428025496 {\n  width: 100%;\n}\n<\/style>\n\t<\/div>\n\t\n\n\n\t\t<\/div>\n\n\t\t\n<style>\n#section_1674295720 {\n  padding-top: 0px;\n  padding-bottom: 0px;\n}\n#section_1674295720 .ux-shape-divider--top svg {\n  height: 150px;\n  --divider-top-width: 100%;\n}\n#section_1674295720 .ux-shape-divider--bottom svg {\n  height: 150px;\n  --divider-width: 100%;\n}\n<\/style>\n\t<\/section>\n\t\n\n","protected":false},"excerpt":{"rendered":"","protected":false},"author":10,"featured_media":2743,"parent":3810,"menu_order":0,"comment_status":"closed","ping_status":"closed","template":"page-blank.php","meta":{"inline_featured_image":false,"footnotes":""},"categories":[],"tags":[],"class_list":["post-3981","page","type-page","status-publish","has-post-thumbnail","hentry"],"_links":{"self":[{"href":"https:\/\/doli.bansalgroup.se\/no\/wp-json\/wp\/v2\/pages\/3981","targetHints":{"allow":["GET"]}}],"collection":[{"href":"https:\/\/doli.bansalgroup.se\/no\/wp-json\/wp\/v2\/pages"}],"about":[{"href":"https:\/\/doli.bansalgroup.se\/no\/wp-json\/wp\/v2\/types\/page"}],"author":[{"embeddable":true,"href":"https:\/\/doli.bansalgroup.se\/no\/wp-json\/wp\/v2\/users\/10"}],"replies":[{"embeddable":true,"href":"https:\/\/doli.bansalgroup.se\/no\/wp-json\/wp\/v2\/comments?post=3981"}],"version-history":[{"count":14,"href":"https:\/\/doli.bansalgroup.se\/no\/wp-json\/wp\/v2\/pages\/3981\/revisions"}],"predecessor-version":[{"id":7061,"href":"https:\/\/doli.bansalgroup.se\/no\/wp-json\/wp\/v2\/pages\/3981\/revisions\/7061"}],"up":[{"embeddable":true,"href":"https:\/\/doli.bansalgroup.se\/no\/wp-json\/wp\/v2\/pages\/3810"}],"wp:featuredmedia":[{"embeddable":true,"href":"https:\/\/doli.bansalgroup.se\/no\/wp-json\/wp\/v2\/media\/2743"}],"wp:attachment":[{"href":"https:\/\/doli.bansalgroup.se\/no\/wp-json\/wp\/v2\/media?parent=3981"}],"wp:term":[{"taxonomy":"category","embeddable":true,"href":"https:\/\/doli.bansalgroup.se\/no\/wp-json\/wp\/v2\/categories?post=3981"},{"taxonomy":"post_tag","embeddable":true,"href":"https:\/\/doli.bansalgroup.se\/no\/wp-json\/wp\/v2\/tags?post=3981"}],"curies":[{"name":"wp","href":"https:\/\/api.w.org\/{rel}","templated":true}]}}