{"id":3988,"date":"2022-11-29T15:58:47","date_gmt":"2022-11-29T14:58:47","guid":{"rendered":"https:\/\/staging.eurovema.se\/?page_id=3988"},"modified":"2024-05-28T16:13:44","modified_gmt":"2024-05-28T14:13:44","slug":"vogner","status":"publish","type":"page","link":"https:\/\/doli.bansalgroup.se\/no\/vare-produkter\/vogner\/","title":{"rendered":"Vogner"},"content":{"rendered":"\n  <div id=\"page-header-1840647132\" class=\"page-header-wrapper\">\n  <div class=\"page-title dark simple-title\">\n\n        <div class=\"page-title-bg\">\n      <div class=\"title-bg fill bg-fill\"\n        data-parallax-container=\".page-title\"\n        data-parallax-background\n        data-parallax=\"-\">\n      <\/div>\n      <div class=\"title-overlay fill\"><\/div>\n    <\/div>\n    \n    <div class=\"page-title-inner container align-center flex-row medium-flex-wrap row-reverse\" >\n            <div class=\"title-content flex-col flex-left text-left medium-text-center\">\n        <div class=\"title-breadcrumbs pb-half pt-half\"><\/div>      <\/div>\n    <\/div>\n\n     \n<style>\n#page-header-1840647132 .title-bg {\n  background-image: url(https:\/\/doli.bansalgroup.se\/wp-content\/uploads\/2022\/11\/MicrosoftTeams-image-2.png);\n}\n<\/style>\n  <\/div>\n    <\/div>\n  \n\n\t<section class=\"section\" id=\"section_1025983884\">\n\t\t<div class=\"bg section-bg fill bg-fill  bg-loaded\" >\n\n\t\t\t\n\t\t\t\n\t\t\t\n\n\t\t<\/div>\n\n\t\t\n\n\t\t<div class=\"section-content relative\">\n\t\t\t\n\n\t<div id=\"gap-860296442\" class=\"gap-element clearfix\" style=\"display:block; height:auto;\">\n\t\t\n<style>\n#gap-860296442 {\n  padding-top: 50px;\n}\n<\/style>\n\t<\/div>\n\t\n\n<div class=\"row padded\"  id=\"row-965144696\">\n\n\n\t<div id=\"col-2139287302\" class=\"col small-12 large-12\"  >\n\t\t\t\t<div class=\"col-inner text-left\"  >\n\t\t\t\n\t\t\t\n\n<div class=\"container section-title-container\" ><h1 class=\"section-title section-title-normal\"><b><\/b><span class=\"section-title-main\" >Vogner<\/span><b><\/b><\/h1><\/div>\n\n\n\t\t<\/div>\n\t\t\t\t\t<\/div>\n\n\t\n\n<\/div>\n<div class=\"row align-equal padded\"  id=\"row-2036284287\">\n\n\n\t<div id=\"col-2114217130\" class=\"col medium-12 small-12 large-5\"  >\n\t\t\t\t<div class=\"col-inner\"  >\n\t\t\t\n\t\t\t\n\n\t<div id=\"text-2611633434\" class=\"text\">\n\t\t\n\n<p class=\"p1\">Vi tilbyr vogner som gj\u00f8r det lettere for familier som ikke lar en funksjonsnedsettelse hindre dem i \u00e5 delta i aktiviteter eller forflytte seg mellom ulike omgivelser. Alle modellene muliggj\u00f8r enkel bevegelse eller transport i hverdagen. De er enkle \u00e5 kj\u00f8re, enkle \u00e5 folde sammen, enkle \u00e5 justere og har mye tilbeh\u00f8r for b\u00e5de barnets og omsorgspersonens behov.<\/p>\n<p><img loading=\"lazy\" decoding=\"async\" class=\"size-medium wp-image-765 alignnone\" src=\"https:\/\/doli.bansalgroup.se\/wp-content\/uploads\/2023\/01\/alvema_318x70.png\" alt=\"\" width=\"200\" height=\"39\"><\/p>\n<p><img loading=\"lazy\" decoding=\"async\" class=\"size-medium wp-image-765 alignnone\" src=\"https:\/\/doli.bansalgroup.se\/wp-content\/uploads\/2023\/01\/logo_ormesa.png\" alt=\"\" width=\"200\" height=\"39\"><\/p>\n\t\t\n<style>\n#text-2611633434 {\n  line-height: 1.3;\n  color: #707070;\n}\n#text-2611633434 > * {\n  color: #707070;\n}\n<\/style>\n\t<\/div>\n\t\n\n\t\t<\/div>\n\t\t\t\t\n<style>\n#col-2114217130 > .col-inner {\n  padding: 40px 40px 0px 40px;\n}\n@media (min-width:850px) {\n  #col-2114217130 > .col-inner {\n    padding: 40px 40px 40px 40px;\n  }\n}\n<\/style>\n\t<\/div>\n\n\t\n\n\t<div id=\"col-975259801\" class=\"col medium-12 small-12 large-7 medium-col-first\"  >\n\t\t\t\t<div class=\"col-inner\"  >\n\t\t\t\n\t\t\t\n\n\t<div class=\"img has-hover pa-full-height-image-column hide-for-medium x md-x lg-x y md-y lg-y\" id=\"image_177010109\">\n\t\t\t\t\t\t\t\t<div class=\"img-inner image-cover dark\" style=\"padding-top:90%;\">\n\t\t\t<img loading=\"lazy\" decoding=\"async\" width=\"821\" height=\"569\" src=\"https:\/\/doli.bansalgroup.se\/wp-content\/uploads\/2022\/12\/kategori_sulkyvagnar_br00003164_thumb.jpg\" class=\"attachment-large size-large\" alt=\"\" srcset=\"https:\/\/doli.bansalgroup.se\/wp-content\/uploads\/2022\/12\/kategori_sulkyvagnar_br00003164_thumb.jpg 821w, https:\/\/doli.bansalgroup.se\/wp-content\/uploads\/2022\/12\/kategori_sulkyvagnar_br00003164_thumb-300x208.jpg 300w, https:\/\/doli.bansalgroup.se\/wp-content\/uploads\/2022\/12\/kategori_sulkyvagnar_br00003164_thumb-768x532.jpg 768w\" sizes=\"auto, (max-width: 821px) 100vw, 821px\" \/>\t\t\t\t\t\t\n\t\t\t\t\t<\/div>\n\t\t\t\t\t\t\t\t\n<style>\n#image_177010109 {\n  width: 100%;\n}\n<\/style>\n\t<\/div>\n\t\n\n\t<div class=\"img has-hover show-for-medium hide-for-small x md-x lg-x y md-y lg-y\" id=\"image_943650211\">\n\t\t\t\t\t\t\t\t<div class=\"img-inner dark\" >\n\t\t\t<img loading=\"lazy\" decoding=\"async\" width=\"821\" height=\"569\" src=\"https:\/\/doli.bansalgroup.se\/wp-content\/uploads\/2022\/12\/kategori_sulkyvagnar_br00003164_thumb.jpg\" class=\"attachment-large size-large\" alt=\"\" srcset=\"https:\/\/doli.bansalgroup.se\/wp-content\/uploads\/2022\/12\/kategori_sulkyvagnar_br00003164_thumb.jpg 821w, https:\/\/doli.bansalgroup.se\/wp-content\/uploads\/2022\/12\/kategori_sulkyvagnar_br00003164_thumb-300x208.jpg 300w, https:\/\/doli.bansalgroup.se\/wp-content\/uploads\/2022\/12\/kategori_sulkyvagnar_br00003164_thumb-768x532.jpg 768w\" sizes=\"auto, (max-width: 821px) 100vw, 821px\" \/>\t\t\t\t\t\t\n\t\t\t\t\t<\/div>\n\t\t\t\t\t\t\t\t\n<style>\n#image_943650211 {\n  width: 100%;\n}\n<\/style>\n\t<\/div>\n\t\n\n\t<div class=\"img has-hover pa-full-height-image-column show-for-small x md-x lg-x y md-y lg-y\" id=\"image_1047821740\">\n\t\t\t\t\t\t\t\t<div class=\"img-inner image-cover dark\" style=\"padding-top:75%;\">\n\t\t\t<img loading=\"lazy\" decoding=\"async\" width=\"821\" height=\"569\" src=\"https:\/\/doli.bansalgroup.se\/wp-content\/uploads\/2022\/12\/kategori_sulkyvagnar_br00003164_thumb.jpg\" class=\"attachment-large size-large\" alt=\"\" srcset=\"https:\/\/doli.bansalgroup.se\/wp-content\/uploads\/2022\/12\/kategori_sulkyvagnar_br00003164_thumb.jpg 821w, https:\/\/doli.bansalgroup.se\/wp-content\/uploads\/2022\/12\/kategori_sulkyvagnar_br00003164_thumb-300x208.jpg 300w, https:\/\/doli.bansalgroup.se\/wp-content\/uploads\/2022\/12\/kategori_sulkyvagnar_br00003164_thumb-768x532.jpg 768w\" sizes=\"auto, (max-width: 821px) 100vw, 821px\" \/>\t\t\t\t\t\t\n\t\t\t\t\t<\/div>\n\t\t\t\t\t\t\t\t\n<style>\n#image_1047821740 {\n  width: 100%;\n}\n<\/style>\n\t<\/div>\n\t\n\n\n\t\t<\/div>\n\t\t\t\t\t<\/div>\n\n\t\n\n\n<style>\n#row-2036284287 > .col > .col-inner {\n  background-color: rgba(0, 0, 0, 0.05);\n}\n<\/style>\n<\/div>\n\t<div id=\"gap-1592507735\" class=\"gap-element clearfix\" style=\"display:block; height:auto;\">\n\t\t\n<style>\n#gap-1592507735 {\n  padding-top: 20px;\n}\n<\/style>\n\t<\/div>\n\t\n\n<div class=\"row align-equal padded\"  id=\"row-17564987\">\n\n\n\t<div id=\"col-620601202\" class=\"col medium-4 small-12 large-4\"  >\n\t\t\t\t<div class=\"col-inner text-center\" style=\"background-color:rgba(0, 0, 0, 0.05);\" >\n\t\t\t\n\t\t\t\n\n\t<div class=\"img has-hover x md-x lg-x y md-y lg-y\" id=\"image_1265441267\">\n\t\t<a class=\"\" href=\"https:\/\/doli.bansalgroup.se\/no\/vare-produkter\/vogner\/bug\/\"  >\t\t\t\t\t\t<div class=\"img-inner dark\" >\n\t\t\t<img loading=\"lazy\" decoding=\"async\" width=\"680\" height=\"1024\" src=\"https:\/\/doli.bansalgroup.se\/wp-content\/uploads\/2023\/01\/sulkyvagn_Alvema_Bug_croped-680x1024.png\" class=\"attachment-large size-large\" alt=\"Sulkyvagn Bug\" srcset=\"https:\/\/doli.bansalgroup.se\/wp-content\/uploads\/2023\/01\/sulkyvagn_Alvema_Bug_croped-680x1024.png 680w, https:\/\/doli.bansalgroup.se\/wp-content\/uploads\/2023\/01\/sulkyvagn_Alvema_Bug_croped-199x300.png 199w, https:\/\/doli.bansalgroup.se\/wp-content\/uploads\/2023\/01\/sulkyvagn_Alvema_Bug_croped-768x1156.png 768w, https:\/\/doli.bansalgroup.se\/wp-content\/uploads\/2023\/01\/sulkyvagn_Alvema_Bug_croped-600x903.png 600w, https:\/\/doli.bansalgroup.se\/wp-content\/uploads\/2023\/01\/sulkyvagn_Alvema_Bug_croped.png 797w\" sizes=\"auto, (max-width: 680px) 100vw, 680px\" \/>\t\t\t\t\t\t\n\t\t\t\t\t<\/div>\n\t\t\t\t\t\t<\/a>\t\t\n<style>\n#image_1265441267 {\n  width: 100%;\n}\n<\/style>\n\t<\/div>\n\t\n\n\t<div id=\"text-4067276380\" class=\"text productsbox\">\n\t\t\n\n<h3>Bug<\/h3>\n<p class=\"p1\">Avansert vogn med vippefunksjon. Omfattende justeringsmuligheter og et bredt utvalg av tilbeh\u00f8r for \u00e5 m\u00f8te behovene til b\u00e5de barn og omsorgspersoner.<\/p>\n\t\t\n<style>\n#text-4067276380 {\n  font-size: 0.95rem;\n  line-height: 1.3;\n  text-align: left;\n  color: #707070;\n}\n#text-4067276380 > * {\n  color: #707070;\n}\n<\/style>\n\t<\/div>\n\t\n<a href=\"https:\/\/doli.bansalgroup.se\/no\/vare-produkter\/vogner\/bug\/\" target=\"_self\" class=\"button primary is-small lowercase\"  style=\"border-radius:99px;padding:2px 50px 2px 50px;\">\n    <span>Les mer<\/span>\n  <\/a>\n\n\n\n\t\t<\/div>\n\t\t\t\t\n<style>\n#col-620601202 > .col-inner {\n  padding: 20px 30px 20px 30px;\n}\n<\/style>\n\t<\/div>\n\n\t\n\n\t<div id=\"col-1173020855\" class=\"col medium-4 small-12 large-4\"  >\n\t\t\t\t<div class=\"col-inner text-center\" style=\"background-color:rgba(0, 0, 0, 0.05);\" >\n\t\t\t\n\t\t\t\n\n\t<div class=\"img has-hover x md-x lg-x y md-y lg-y\" id=\"image_1426520566\">\n\t\t<a class=\"\" href=\"https:\/\/doli.bansalgroup.se\/vara-produkter\/sulkyvagnar\/pixi\/\"  >\t\t\t\t\t\t<div class=\"img-inner dark\" >\n\t\t\t<img loading=\"lazy\" decoding=\"async\" width=\"683\" height=\"1024\" src=\"https:\/\/doli.bansalgroup.se\/wp-content\/uploads\/2022\/12\/sulkyvagn_pixi_croped-683x1024.png\" class=\"attachment-large size-large\" alt=\"\" srcset=\"https:\/\/doli.bansalgroup.se\/wp-content\/uploads\/2022\/12\/sulkyvagn_pixi_croped-683x1024.png 683w, https:\/\/doli.bansalgroup.se\/wp-content\/uploads\/2022\/12\/sulkyvagn_pixi_croped-200x300.png 200w, https:\/\/doli.bansalgroup.se\/wp-content\/uploads\/2022\/12\/sulkyvagn_pixi_croped-768x1152.png 768w, https:\/\/doli.bansalgroup.se\/wp-content\/uploads\/2022\/12\/sulkyvagn_pixi_croped.png 800w\" sizes=\"auto, (max-width: 683px) 100vw, 683px\" \/>\t\t\t\t\t\t\n\t\t\t\t\t<\/div>\n\t\t\t\t\t\t<\/a>\t\t\n<style>\n#image_1426520566 {\n  width: 100%;\n}\n<\/style>\n\t<\/div>\n\t\n\n\t<div id=\"text-3715238706\" class=\"text productsbox\">\n\t\t\n\n<h3>Pixi<\/h3>\n<p class=\"p1\">Lettkj\u00f8rt, stabil og robust vogn som er elsket av familier som ofte forflytter seg mellom ulike milj\u00f8er. \u00d8ker barnets muligheter for aktivt engasjement.<\/p>\n\t\t\n<style>\n#text-3715238706 {\n  font-size: 0.95rem;\n  line-height: 1.3;\n  text-align: left;\n  color: #707070;\n}\n#text-3715238706 > * {\n  color: #707070;\n}\n<\/style>\n\t<\/div>\n\t\n<a href=\"https:\/\/doli.bansalgroup.se\/no\/vare-produkter\/sportsvogner\/pixi\/\" target=\"_self\" class=\"button primary is-small lowercase\"  style=\"border-radius:99px;padding:2px 50px 2px 50px;\">\n    <span>Les mer<\/span>\n  <\/a>\n\n\n\n\t\t<\/div>\n\t\t\t\t\n<style>\n#col-1173020855 > .col-inner {\n  padding: 20px 30px 20px 30px;\n}\n<\/style>\n\t<\/div>\n\n\t\n\n\t<div id=\"col-197954016\" class=\"col medium-4 small-12 large-4\"  >\n\t\t\t\t<div class=\"col-inner text-center\" style=\"background-color:rgba(0, 0, 0, 0.05);\" >\n\t\t\t\n\t\t\t\n\n<div class=\"slider-wrapper relative\" id=\"slider-1211253774\" >\n    <div class=\"slider slider-nav-circle slider-nav-large slider-nav-light slider-style-normal slider-show-nav\"\n        data-flickity-options='{\n            \"cellAlign\": \"center\",\n            \"imagesLoaded\": true,\n            \"lazyLoad\": 1,\n            \"freeScroll\": false,\n            \"wrapAround\": true,\n            \"autoPlay\": 4000,\n            \"pauseAutoPlayOnHover\" : true,\n            \"prevNextButtons\": true,\n            \"contain\" : true,\n            \"adaptiveHeight\" : true,\n            \"dragThreshold\" : 10,\n            \"percentPosition\": true,\n            \"pageDots\": true,\n            \"rightToLeft\": false,\n            \"draggable\": true,\n            \"selectedAttraction\": 0.1,\n            \"parallax\" : 0,\n            \"friction\": 0.6        }'\n        >\n        \n\n\t<div class=\"img has-hover x md-x lg-x y md-y lg-y\" id=\"image_1064954978\">\n\t\t\t\t\t\t\t\t<div class=\"img-inner dark\" >\n\t\t\t<img loading=\"lazy\" decoding=\"async\" width=\"680\" height=\"1024\" src=\"https:\/\/doli.bansalgroup.se\/wp-content\/uploads\/2023\/01\/sulkyvagn_Trolli_croped-680x1024.png\" class=\"attachment-large size-large\" alt=\"Sulkyvagn Trolli\" srcset=\"https:\/\/doli.bansalgroup.se\/wp-content\/uploads\/2023\/01\/sulkyvagn_Trolli_croped-680x1024.png 680w, https:\/\/doli.bansalgroup.se\/wp-content\/uploads\/2023\/01\/sulkyvagn_Trolli_croped-199x300.png 199w, https:\/\/doli.bansalgroup.se\/wp-content\/uploads\/2023\/01\/sulkyvagn_Trolli_croped-768x1156.png 768w, https:\/\/doli.bansalgroup.se\/wp-content\/uploads\/2023\/01\/sulkyvagn_Trolli_croped-600x903.png 600w, https:\/\/doli.bansalgroup.se\/wp-content\/uploads\/2023\/01\/sulkyvagn_Trolli_croped.png 797w\" sizes=\"auto, (max-width: 680px) 100vw, 680px\" \/>\t\t\t\t\t\t\n\t\t\t\t\t<\/div>\n\t\t\t\t\t\t\t\t\n<style>\n#image_1064954978 {\n  width: 100%;\n}\n<\/style>\n\t<\/div>\n\t\n\n\t<div class=\"img has-hover x md-x lg-x y md-y lg-y\" id=\"image_1247352070\">\n\t\t\t\t\t\t\t\t<div class=\"img-inner dark\" >\n\t\t\t<img loading=\"lazy\" decoding=\"async\" width=\"681\" height=\"1024\" src=\"https:\/\/doli.bansalgroup.se\/wp-content\/uploads\/2023\/01\/sulkyvagn_Trollino_croped-681x1024.png\" class=\"attachment-large size-large\" alt=\"Sulkyvagn Trollino\" srcset=\"https:\/\/doli.bansalgroup.se\/wp-content\/uploads\/2023\/01\/sulkyvagn_Trollino_croped-681x1024.png 681w, https:\/\/doli.bansalgroup.se\/wp-content\/uploads\/2023\/01\/sulkyvagn_Trollino_croped-200x300.png 200w, https:\/\/doli.bansalgroup.se\/wp-content\/uploads\/2023\/01\/sulkyvagn_Trollino_croped-768x1155.png 768w, https:\/\/doli.bansalgroup.se\/wp-content\/uploads\/2023\/01\/sulkyvagn_Trollino_croped-600x902.png 600w, https:\/\/doli.bansalgroup.se\/wp-content\/uploads\/2023\/01\/sulkyvagn_Trollino_croped.png 798w\" sizes=\"auto, (max-width: 681px) 100vw, 681px\" \/>\t\t\t\t\t\t\n\t\t\t\t\t<\/div>\n\t\t\t\t\t\t\t\t\n<style>\n#image_1247352070 {\n  width: 100%;\n}\n<\/style>\n\t<\/div>\n\t\n\n\n     <\/div>\n\n     <div class=\"loading-spin dark large centered\"><\/div>\n\n     \t<\/div>\n\n\n\t<div id=\"text-1451402304\" class=\"text productsbox\">\n\t\t\n\n<h3>Trolli &amp; Trollino<\/h3>\n<p class=\"p1\">Smidig reisevogn i fire st\u00f8rrelser som er lett \u00e5 h\u00e5ndtere og l\u00f8fte inn og ut av bilen eller p\u00e5 offentlige transportmidler.<\/p>\n\t\t\n<style>\n#text-1451402304 {\n  font-size: 0.95rem;\n  line-height: 1.3;\n  text-align: left;\n  color: #707070;\n}\n#text-1451402304 > * {\n  color: #707070;\n}\n<\/style>\n\t<\/div>\n\t\n<a href=\"https:\/\/doli.bansalgroup.se\/no\/vare-produkter\/vogner\/trollino-trolli\/\" target=\"_self\" class=\"button primary is-small lowercase\"  style=\"border-radius:99px;padding:2px 50px 2px 50px;\">\n    <span>Les mer<\/span>\n  <\/a>\n\n\n\n\t\t<\/div>\n\t\t\t\t\n<style>\n#col-197954016 > .col-inner {\n  padding: 20px 30px 20px 30px;\n}\n<\/style>\n\t<\/div>\n\n\t\n\n\t<div id=\"col-276306662\" class=\"col medium-4 small-12 large-4\"  >\n\t\t\t\t<div class=\"col-inner text-center\" style=\"background-color:rgba(0, 0, 0, 0.05);\" >\n\t\t\t\n\t\t\t\n\n\t<div class=\"img has-hover x md-x lg-x y md-y lg-y\" id=\"image_396376794\">\n\t\t<a class=\"\" href=\"https:\/\/doli.bansalgroup.se\/no\/vare-produkter\/vogner\/clip\/\"  >\t\t\t\t\t\t<div class=\"img-inner dark\" >\n\t\t\t<img loading=\"lazy\" decoding=\"async\" width=\"680\" height=\"1024\" src=\"https:\/\/doli.bansalgroup.se\/wp-content\/uploads\/2024\/05\/ormesa-clip-680x1024-1.png\" class=\"attachment-large size-large\" alt=\"\" srcset=\"https:\/\/doli.bansalgroup.se\/wp-content\/uploads\/2024\/05\/ormesa-clip-680x1024-1.png 680w, https:\/\/doli.bansalgroup.se\/wp-content\/uploads\/2024\/05\/ormesa-clip-680x1024-1-199x300.png 199w\" sizes=\"auto, (max-width: 680px) 100vw, 680px\" \/>\t\t\t\t\t\t\n\t\t\t\t\t<\/div>\n\t\t\t\t\t\t<\/a>\t\t\n<style>\n#image_396376794 {\n  width: 100%;\n}\n<\/style>\n\t<\/div>\n\t\n\n\t<div id=\"text-1182663815\" class=\"text productsbox\">\n\t\t\n\n<h3>Clip<\/h3>\n<p class=\"p1\">Meget lett og liten vogn n\u00e5r den er sammenlagt. Dette gj\u00f8r den enkel \u00e5 transportere blant annet inn og ut av bil.<\/p>\n\n\t\t\n<style>\n#text-1182663815 {\n  font-size: 0.95rem;\n  line-height: 1.3;\n  text-align: left;\n  color: #707070;\n}\n#text-1182663815 > * {\n  color: #707070;\n}\n<\/style>\n\t<\/div>\n\t\n<a href=\"https:\/\/doli.bansalgroup.se\/no\/vare-produkter\/vogner\/clip\/\" target=\"_self\" class=\"button primary is-small lowercase\"  style=\"border-radius:99px;padding:2px 50px 2px 50px;\">\n    <span>Les mer<\/span>\n  <\/a>\n\n\n\n\t\t<\/div>\n\t\t\t\t\n<style>\n#col-276306662 > .col-inner {\n  padding: 20px 30px 20px 30px;\n}\n<\/style>\n\t<\/div>\n\n\t\n\n<\/div>\n\t<div id=\"gap-1749268363\" class=\"gap-element clearfix\" style=\"display:block; height:auto;\">\n\t\t\n<style>\n#gap-1749268363 {\n  padding-top: 40px;\n}\n<\/style>\n\t<\/div>\n\t\n\n\t<div class=\"img has-hover x md-x lg-x y md-y lg-y\" id=\"image_1606710094\">\n\t\t\t\t\t\t\t\t<div class=\"img-inner dark\" >\n\t\t\t<img loading=\"lazy\" decoding=\"async\" width=\"1920\" height=\"423\" src=\"https:\/\/doli.bansalgroup.se\/wp-content\/uploads\/2022\/11\/73A0561.png\" class=\"attachment-2048x2048 size-2048x2048\" alt=\"\" srcset=\"https:\/\/doli.bansalgroup.se\/wp-content\/uploads\/2022\/11\/73A0561.png 1920w, https:\/\/doli.bansalgroup.se\/wp-content\/uploads\/2022\/11\/73A0561-300x66.png 300w, https:\/\/doli.bansalgroup.se\/wp-content\/uploads\/2022\/11\/73A0561-1024x226.png 1024w, https:\/\/doli.bansalgroup.se\/wp-content\/uploads\/2022\/11\/73A0561-768x169.png 768w, https:\/\/doli.bansalgroup.se\/wp-content\/uploads\/2022\/11\/73A0561-1536x338.png 1536w, https:\/\/doli.bansalgroup.se\/wp-content\/uploads\/2022\/11\/73A0561-600x132.png 600w\" sizes=\"auto, (max-width: 1920px) 100vw, 1920px\" \/>\t\t\t\t\t\t\n\t\t\t\t\t<\/div>\n\t\t\t\t\t\t\t\t\n<style>\n#image_1606710094 {\n  width: 100%;\n}\n<\/style>\n\t<\/div>\n\t\n\n\n\t\t<\/div>\n\n\t\t\n<style>\n#section_1025983884 {\n  padding-top: 0px;\n  padding-bottom: 0px;\n}\n#section_1025983884 .ux-shape-divider--top svg {\n  height: 150px;\n  --divider-top-width: 100%;\n}\n#section_1025983884 .ux-shape-divider--bottom svg {\n  height: 150px;\n  --divider-width: 100%;\n}\n<\/style>\n\t<\/section>\n\t\n\n","protected":false},"excerpt":{"rendered":"","protected":false},"author":10,"featured_media":2746,"parent":3810,"menu_order":0,"comment_status":"closed","ping_status":"closed","template":"page-blank.php","meta":{"inline_featured_image":false,"footnotes":""},"categories":[],"tags":[],"class_list":["post-3988","page","type-page","status-publish","has-post-thumbnail","hentry"],"_links":{"self":[{"href":"https:\/\/doli.bansalgroup.se\/no\/wp-json\/wp\/v2\/pages\/3988","targetHints":{"allow":["GET"]}}],"collection":[{"href":"https:\/\/doli.bansalgroup.se\/no\/wp-json\/wp\/v2\/pages"}],"about":[{"href":"https:\/\/doli.bansalgroup.se\/no\/wp-json\/wp\/v2\/types\/page"}],"author":[{"embeddable":true,"href":"https:\/\/doli.bansalgroup.se\/no\/wp-json\/wp\/v2\/users\/10"}],"replies":[{"embeddable":true,"href":"https:\/\/doli.bansalgroup.se\/no\/wp-json\/wp\/v2\/comments?post=3988"}],"version-history":[{"count":11,"href":"https:\/\/doli.bansalgroup.se\/no\/wp-json\/wp\/v2\/pages\/3988\/revisions"}],"predecessor-version":[{"id":7207,"href":"https:\/\/doli.bansalgroup.se\/no\/wp-json\/wp\/v2\/pages\/3988\/revisions\/7207"}],"up":[{"embeddable":true,"href":"https:\/\/doli.bansalgroup.se\/no\/wp-json\/wp\/v2\/pages\/3810"}],"wp:featuredmedia":[{"embeddable":true,"href":"https:\/\/doli.bansalgroup.se\/no\/wp-json\/wp\/v2\/media\/2746"}],"wp:attachment":[{"href":"https:\/\/doli.bansalgroup.se\/no\/wp-json\/wp\/v2\/media?parent=3988"}],"wp:term":[{"taxonomy":"category","embeddable":true,"href":"https:\/\/doli.bansalgroup.se\/no\/wp-json\/wp\/v2\/categories?post=3988"},{"taxonomy":"post_tag","embeddable":true,"href":"https:\/\/doli.bansalgroup.se\/no\/wp-json\/wp\/v2\/tags?post=3988"}],"curies":[{"name":"wp","href":"https:\/\/api.w.org\/{rel}","templated":true}]}}