{"id":3992,"date":"2022-11-25T14:59:02","date_gmt":"2022-11-25T13:59:02","guid":{"rendered":"https:\/\/staging.eurovema.se\/?page_id=3992"},"modified":"2024-05-06T12:22:07","modified_gmt":"2024-05-06T10:22:07","slug":"compact","status":"publish","type":"page","link":"https:\/\/doli.bansalgroup.se\/no\/vare-produkter\/rullatorer\/compact\/","title":{"rendered":"Compact"},"content":{"rendered":"\n\t<section class=\"section\" id=\"section_540339601\">\n\t\t<div class=\"bg section-bg fill bg-fill  bg-loaded\" >\n\n\t\t\t\n\t\t\t\n\t\t\t\n\n\t\t<\/div>\n\n\t\t\n\n\t\t<div class=\"section-content relative\">\n\t\t\t\n\n  <div id=\"page-header-2147404181\" class=\"page-header-wrapper\">\n  <div class=\"page-title dark simple-title\">\n\n        <div class=\"page-title-bg\">\n      <div class=\"title-bg fill bg-fill\"\n        data-parallax-container=\".page-title\"\n        data-parallax-background\n        data-parallax=\"-\">\n      <\/div>\n      <div class=\"title-overlay fill\"><\/div>\n    <\/div>\n    \n    <div class=\"page-title-inner container align-center flex-row medium-flex-wrap row-reverse\" >\n            <div class=\"title-content flex-col flex-left text-left medium-text-center\">\n        <div class=\"title-breadcrumbs pb-half pt-half\"><\/div>      <\/div>\n    <\/div>\n\n     \n<style>\n#page-header-2147404181 .title-bg {\n  background-image: url(https:\/\/doli.bansalgroup.se\/wp-content\/uploads\/2022\/11\/swirl-eurovema.png);\n}\n<\/style>\n  <\/div>\n    <\/div>\n  \n\n\t<div id=\"gap-1661772376\" class=\"gap-element clearfix\" style=\"display:block; height:auto;\">\n\t\t\n<style>\n#gap-1661772376 {\n  padding-top: 50px;\n}\n<\/style>\n\t<\/div>\n\t\n\n<div class=\"row padded\"  id=\"row-674349312\">\n\n\n\t<div id=\"col-1438679554\" class=\"col medium-2 small-7 large-2\"  >\n\t\t\t\t<div class=\"col-inner\"  >\n\t\t\t\n\t\t\t\n\n<div class=\"container section-title-container\" ><h1 class=\"section-title section-title-normal\"><b><\/b><span class=\"section-title-main\" >Compact<\/span><b><\/b><\/h1><\/div>\n\n\n\t\t<\/div>\n\t\t\t\t\t<\/div>\n\n\t\n\n\t<div id=\"col-1928737143\" class=\"col medium-4 small-5 large-4\"  >\n\t\t\t\t<div class=\"col-inner\"  >\n\t\t\t\n\t\t\t\n\n\t<div class=\"img has-hover x md-x lg-x y md-y lg-y\" id=\"image_1786678710\">\n\t\t\t\t\t\t\t\t<div class=\"img-inner dark\" style=\"margin:5px 0px 0px 0px;\">\n\t\t\t<img loading=\"lazy\" decoding=\"async\" width=\"320\" height=\"70\" src=\"https:\/\/doli.bansalgroup.se\/wp-content\/uploads\/2023\/01\/volaris_320x70.png\" class=\"attachment-large size-large\" alt=\"\" srcset=\"https:\/\/doli.bansalgroup.se\/wp-content\/uploads\/2023\/01\/volaris_320x70.png 320w, https:\/\/doli.bansalgroup.se\/wp-content\/uploads\/2023\/01\/volaris_320x70-300x66.png 300w\" sizes=\"auto, (max-width: 320px) 100vw, 320px\" \/>\t\t\t\t\t\t\n\t\t\t\t\t<\/div>\n\t\t\t\t\t\t\t\t\n<style>\n#image_1786678710 {\n  width: 100%;\n}\n@media (min-width:550px) {\n  #image_1786678710 {\n    width: 80%;\n  }\n}\n<\/style>\n\t<\/div>\n\t\n\n\n\t\t<\/div>\n\t\t\t\t\t<\/div>\n\n\t\n\n\t<div id=\"col-685281994\" class=\"col medium-4 small-12 large-4\"  >\n\t\t\t\t<div class=\"col-inner\"  >\n\t\t\t\n\t\t\t\n\n\n\t\t<\/div>\n\t\t\t\t\t<\/div>\n\n\t\n\n<\/div>\n<div class=\"row paddedprodukt\"  id=\"row-1622770447\">\n\n\n\t<div id=\"col-308445731\" class=\"col produkt medium-6 small-12 large-6\"  >\n\t\t\t\t<div class=\"col-inner\"  >\n\t\t\t\n\t\t\t\n\n\t<div id=\"text-1713379615\" class=\"text\">\n\t\t\n\n<p>Compact er en lett og fleksibel innend\u00f8rs rullator som bare er 53 cm bred. Den er lett \u00e5 man\u00f8vrere i trange rom og enkel \u00e5 komme seg rundt med i urbane omgivelser og p\u00e5 reiser. Rammekonstruksjonen Comfort Frame\u2122 gj\u00f8r at rullatoren beveger seg mykt og smidig over ujevne overflater som terskler og tepper. Takket v\u00e6re kryssfunksjonen foldes den enkelt sammen og forblir oppreist n\u00e5r den er sammenfoldet. Setet og h\u00e5ndtaket kan justeres fleksibelt i h\u00f8yden for \u00e5 passe hver enkelt bruker. Ledningene er innebygd i det smarte h\u00e5ndtaket slik at de ikke kan sette seg fast i gjenstander rundt.<\/p>\n<p>Compact har en patentert bremsefunksjon (VABS) som best\u00e5r av et \u00absmart\u00bb koblingssystem. B\u00e5de kj\u00f8re- og parkeringsbremsene er ergonomisk utformet, lett tilgjengelige og bidrar til et h\u00f8yt sikkerhetsniv\u00e5.<\/p>\n\t\t\n<style>\n#text-1713379615 {\n  line-height: 1.3;\n  color: #707070;\n}\n#text-1713379615 > * {\n  color: #707070;\n}\n<\/style>\n\t<\/div>\n\t\n\t<div id=\"gap-487812289\" class=\"gap-element clearfix\" style=\"display:block; height:auto;\">\n\t\t\n<style>\n#gap-487812289 {\n  padding-top: 20px;\n}\n<\/style>\n\t<\/div>\n\t\n\n<div class=\"row\"  id=\"row-1736715880\">\n\n\n\t<div id=\"col-1862597037\" class=\"col medium-4 small-12 large-4\"  >\n\t\t\t\t<div class=\"col-inner\"  >\n\t\t\t\n\t\t\t\n\n\n\t\t<div class=\"icon-box featured-box icon-box-left text-left is-small\"  style=\"margin:0px 0px 0px 0px;\">\n\t\t\t\t\t<div class=\"icon-box-img\" style=\"width: 20px\">\n\t\t\t\t<div class=\"icon\">\n\t\t\t\t\t<div class=\"icon-inner\" style=\"color:rgb(239, 125, 22);\">\n\t\t\t\t\t\t<?xml version=\"1.0\" encoding=\"UTF-8\"?>\n<svg xmlns=\"http:\/\/www.w3.org\/2000\/svg\" viewBox=\"0 0 448 512\">\n  <!--! Font Awesome Pro 6.2.1 by @fontawesome - https:\/\/fontawesome.com License - https:\/\/fontawesome.com\/license (Commercial License) Copyright 2022 Fonticons, Inc. -->\n  <path d=\"M64 32C28.7 32 0 60.7 0 96V416c0 35.3 28.7 64 64 64H384c35.3 0 64-28.7 64-64V96c0-35.3-28.7-64-64-64H64zM337 209L209 337c-9.4 9.4-24.6 9.4-33.9 0l-64-64c-9.4-9.4-9.4-24.6 0-33.9s24.6-9.4 33.9 0l47 47L303 175c9.4-9.4 24.6-9.4 33.9 0s9.4 24.6 0 33.9z\"><\/path>\n<\/svg>\n\t\t\t\t\t<\/div>\n\t\t\t\t<\/div>\n\t\t\t<\/div>\n\t\t\t\t<div class=\"icon-box-text last-reset\">\n\t\t\t<h5 class=\"uppercase\">Innend\u00f8rs<\/h5>\t\t\t\t\t\t\n\n\n\t\t<\/div>\n\t<\/div>\n\t\n\t\n\n\t\t<\/div>\n\t\t\t\t\t<\/div>\n\n\t\n\n\t<div id=\"col-1260466053\" class=\"col medium-4 small-12 large-4\"  >\n\t\t\t\t<div class=\"col-inner\"  >\n\t\t\t\n\t\t\t\n\n\n\t\t<div class=\"icon-box featured-box icon-box-left text-left is-small\"  style=\"margin:0px 0px 0px 0px;\">\n\t\t\t\t\t<div class=\"icon-box-img\" style=\"width: 20px\">\n\t\t\t\t<div class=\"icon\">\n\t\t\t\t\t<div class=\"icon-inner\" style=\"color:rgb(239, 125, 22);\">\n\t\t\t\t\t\t<?xml version=\"1.0\" encoding=\"UTF-8\"?>\n<svg xmlns=\"http:\/\/www.w3.org\/2000\/svg\" viewBox=\"0 0 448 512\">\n  <!--! Font Awesome Pro 6.2.1 by @fontawesome - https:\/\/fontawesome.com License - https:\/\/fontawesome.com\/license (Commercial License) Copyright 2022 Fonticons, Inc. -->\n  <path d=\"M384 32C419.3 32 448 60.65 448 96V416C448 451.3 419.3 480 384 480H64C28.65 480 0 451.3 0 416V96C0 60.65 28.65 32 64 32H384zM384 80H64C55.16 80 48 87.16 48 96V416C48 424.8 55.16 432 64 432H384C392.8 432 400 424.8 400 416V96C400 87.16 392.8 80 384 80z\"><\/path>\n<\/svg>\n\t\t\t\t\t<\/div>\n\t\t\t\t<\/div>\n\t\t\t<\/div>\n\t\t\t\t<div class=\"icon-box-text last-reset\">\n\t\t\t<h5 class=\"uppercase\">Utend\u00f8rs<\/h5>\t\t\t\t\t\t\n\n\n\t\t<\/div>\n\t<\/div>\n\t\n\t\n\n\t\t<\/div>\n\t\t\t\t\t<\/div>\n\n\t\n\n<\/div>\n<p class=\"p1\"><span style=\"font-size: 90%;\"><strong>Tilbeh\u00f8rskode V07<\/strong><\/span><\/p>\n<a href=\"https:\/\/doli.bansalgroup.se\/no\/tilbehor\/\" target=\"_self\" class=\"button primary is-small lowercase\"  style=\"border-radius:99px;\">\n    <span>Tilbeh\u00f8r Volaris<\/span>\n  <\/a>\n\n\n\n\t\t<\/div>\n\t\t\t\t\n<style>\n#col-308445731 > .col-inner {\n  padding: 80px 30px 20px 30px;\n}\n<\/style>\n\t<\/div>\n\n\t\n\n\t<div id=\"col-957219731\" class=\"col produkt medium-6 small-12 large-6\"  >\n\t\t\t\t<div class=\"col-inner text-center\"  >\n\t\t\t\n\t\t\t\n\n\t<div class=\"img has-hover x md-x lg-x y md-y lg-y\" id=\"image_1600696503\">\n\t\t\t\t\t\t\t\t<div class=\"img-inner dark\" style=\"margin:0px 0px 0px 0px;\">\n\t\t\t<img loading=\"lazy\" decoding=\"async\" width=\"683\" height=\"1024\" src=\"https:\/\/doli.bansalgroup.se\/wp-content\/uploads\/2022\/12\/rollator_compact_croped-683x1024.png\" class=\"attachment-large size-large\" alt=\"\" srcset=\"https:\/\/doli.bansalgroup.se\/wp-content\/uploads\/2022\/12\/rollator_compact_croped-683x1024.png 683w, https:\/\/doli.bansalgroup.se\/wp-content\/uploads\/2022\/12\/rollator_compact_croped-200x300.png 200w, https:\/\/doli.bansalgroup.se\/wp-content\/uploads\/2022\/12\/rollator_compact_croped-768x1152.png 768w, https:\/\/doli.bansalgroup.se\/wp-content\/uploads\/2022\/12\/rollator_compact_croped.png 800w\" sizes=\"auto, (max-width: 683px) 100vw, 683px\" \/>\t\t\t\t\t\t\n\t\t\t\t\t<\/div>\n\t\t\t\t\t\t\t\t\n<style>\n#image_1600696503 {\n  width: 90%;\n}\n<\/style>\n\t<\/div>\n\t\n\n\n\t\t<\/div>\n\t\t\t\t\t<\/div>\n\n\t\n\n<\/div>\n\t<div id=\"gap-1605502548\" class=\"gap-element clearfix\" style=\"display:block; height:auto;\">\n\t\t\n<style>\n#gap-1605502548 {\n  padding-top: 40px;\n}\n<\/style>\n\t<\/div>\n\t\n\n<div class=\"row padded\"  id=\"row-24349276\">\n\n\n\t<div id=\"col-1130973616\" class=\"col product-column medium-6 small-12 large-6\"  >\n\t\t\t\t<div class=\"col-inner\"  >\n\t\t\t\n\t\t\t\n\n\t<div id=\"text-2618909410\" class=\"text\">\n\t\t\n\n<p><strong>Tekniske detaljer<\/strong><\/p>\n\t\t\n<style>\n#text-2618909410 {\n  font-size: 1.25rem;\n  text-align: left;\n  color: #707070;\n}\n#text-2618909410 > * {\n  color: #707070;\n}\n<\/style>\n\t<\/div>\n\t\n\n\t\t<\/div>\n\t\t\t\t\n<style>\n#col-1130973616 > .col-inner {\n  padding: 0px 0px 0px 0px;\n}\n<\/style>\n\t<\/div>\n\n\t\n\n<\/div>\n<div class=\"row padded\"  id=\"row-860792621\">\n\n\n\t<div id=\"col-424402488\" class=\"col product-column medium-6 small-12 large-6\"  >\n\t\t\t\t<div class=\"col-inner\"  >\n\t\t\t\n\t\t\t\n\n\t<div id=\"text-1374622782\" class=\"text\">\n\t\t\n\n<p>MODELL STANDARD<br>Compact<\/p>\n\t\t\n<style>\n#text-1374622782 {\n  font-size: 1rem;\n  text-align: left;\n  color: #707070;\n}\n#text-1374622782 > * {\n  color: #707070;\n}\n<\/style>\n\t<\/div>\n\t\n\n\t\t<\/div>\n\t\t\t\t\n<style>\n#col-424402488 > .col-inner {\n  padding: 0px 0px 0px 0px;\n}\n<\/style>\n\t<\/div>\n\n\t\n\n\t<div id=\"col-782563452\" class=\"col product-column medium-6 small-12 large-6\"  >\n\t\t\t\t<div class=\"col-inner\"  >\n\t\t\t\n\t\t\t\n\n\t<div id=\"text-99259670\" class=\"text\">\n\t\t\n\n<p>MODELL LAV<br>Compact<\/p>\n\t\t\n<style>\n#text-99259670 {\n  font-size: 1rem;\n  text-align: left;\n  color: #707070;\n}\n#text-99259670 > * {\n  color: #707070;\n}\n<\/style>\n\t<\/div>\n\t\n\n\t\t<\/div>\n\t\t\t\t\n<style>\n#col-782563452 > .col-inner {\n  padding: 0px 0px 0px 0px;\n}\n<\/style>\n\t<\/div>\n\n\t\n\n<\/div>\n<div class=\"row padded\"  id=\"row-270148751\">\n\n\n\t<div id=\"col-184938739\" class=\"col medium-6 small-12 large-6\"  >\n\t\t\t\t<div class=\"col-inner text-center\"  >\n\t\t\t\n\t\t\t\n\n\t<div id=\"text-1767066548\" class=\"text\">\n\t\t\n\n\n<table id=\"tablepress-72\" class=\"tablepress tablepress-id-72\">\n<tbody class=\"row-striping row-hover\">\n<tr class=\"row-1\">\n\t<td class=\"column-1\">Vekt<\/td><td class=\"column-2\">7,2 kg<\/td>\n<\/tr>\n<tr class=\"row-2\">\n\t<td class=\"column-1\">Brukervekt max<\/td><td class=\"column-2\">140 kg<\/td>\n<\/tr>\n<tr class=\"row-3\">\n\t<td class=\"column-1\">Bredde<\/td><td class=\"column-2\">53 cm<\/td>\n<\/tr>\n<tr class=\"row-4\">\n\t<td class=\"column-1\">Lengde<\/td><td class=\"column-2\">62 cm<\/td>\n<\/tr>\n<tr class=\"row-5\">\n\t<td class=\"column-1\">Sittebredde<\/td><td class=\"column-2\">36 cm<\/td>\n<\/tr>\n<tr class=\"row-6\">\n\t<td class=\"column-1\">H\u00f8yde<\/td><td class=\"column-2\">73-88 cm<\/td>\n<\/tr>\n<tr class=\"row-7\">\n\t<td class=\"column-1\">Sitteh\u00f8yde<\/td><td class=\"column-2\">43-57 cm<\/td>\n<\/tr>\n<tr class=\"row-8\">\n\t<td class=\"column-1\">Bredd sammenfoldet<\/td><td class=\"column-2\">27 cm<\/td>\n<\/tr>\n<tr class=\"row-9\">\n\t<td class=\"column-1\">Hjul diameter<\/td><td class=\"column-2\">15x3,2 cm<\/td>\n<\/tr>\n<\/tbody>\n<\/table>\n\n\t\t\n<style>\n#text-1767066548 {\n  text-align: left;\n}\n<\/style>\n\t<\/div>\n\t\n\n\t\t<\/div>\n\t\t\t\t\n<style>\n#col-184938739 > .col-inner {\n  padding: 0px 20px 0px 0px;\n}\n<\/style>\n\t<\/div>\n\n\t\n\n\t<div id=\"col-403823035\" class=\"col product-column medium-6 small-12 large-6\"  >\n\t\t\t\t<div class=\"col-inner\"  >\n\t\t\t\n\t\t\t\n\n\n<table id=\"tablepress-73\" class=\"tablepress tablepress-id-73\">\n<tbody class=\"row-striping row-hover\">\n<tr class=\"row-1\">\n\t<td class=\"column-1\">Vekt<\/td><td class=\"column-2\">6,9 kg<\/td>\n<\/tr>\n<tr class=\"row-2\">\n\t<td class=\"column-1\">Brukervekt max<\/td><td class=\"column-2\">140 kg<\/td>\n<\/tr>\n<tr class=\"row-3\">\n\t<td class=\"column-1\">Bredde<\/td><td class=\"column-2\">53 cm<\/td>\n<\/tr>\n<tr class=\"row-4\">\n\t<td class=\"column-1\">Lengde<\/td><td class=\"column-2\">62 cm<\/td>\n<\/tr>\n<tr class=\"row-5\">\n\t<td class=\"column-1\">Sittebredde<\/td><td class=\"column-2\">36 cm<\/td>\n<\/tr>\n<tr class=\"row-6\">\n\t<td class=\"column-1\">H\u00f8yde<\/td><td class=\"column-2\">63-79 cm<\/td>\n<\/tr>\n<tr class=\"row-7\">\n\t<td class=\"column-1\">Sitteh\u00f8yde<\/td><td class=\"column-2\">43-47 cm<\/td>\n<\/tr>\n<tr class=\"row-8\">\n\t<td class=\"column-1\">Bredd sammenfoldet<\/td><td class=\"column-2\">27 cm<\/td>\n<\/tr>\n<tr class=\"row-9\">\n\t<td class=\"column-1\">Hjul diameter<\/td><td class=\"column-2\">15x3,2 cm<\/td>\n<\/tr>\n<\/tbody>\n<\/table>\n\n\n\t\t<\/div>\n\t\t\t\t\t<\/div>\n\n\t\n\n\n<style>\n#row-270148751 > .col > .col-inner {\n  padding: 0px 0px 0px 0px;\n}\n<\/style>\n<\/div>\n\t<div id=\"gap-1286195997\" class=\"gap-element clearfix\" style=\"display:block; height:auto;\">\n\t\t\n<style>\n#gap-1286195997 {\n  padding-top: 30px;\n}\n<\/style>\n\t<\/div>\n\t\n\n<div class=\"row padded\"  id=\"row-48036736\">\n\n\n\t<div id=\"col-1228140617\" class=\"col small-12 large-12\"  >\n\t\t\t\t<div class=\"col-inner text-left\"  >\n\t\t\t\n\t\t\t\n\n<div class=\"row\"  id=\"row-342857962\">\n\n\n\t<div id=\"col-1320650899\" class=\"col small-12 large-12\"  >\n\t\t\t\t<div class=\"col-inner\"  >\n\t\t\t\n\t\t\t\n\n<div class=\"text-center\"><div class=\"is-divider divider clearfix\" style=\"max-width:1000px;height:1px;\"><\/div><\/div>\n\n\t<div id=\"gap-464697061\" class=\"gap-element clearfix\" style=\"display:block; height:auto;\">\n\t\t\n<style>\n#gap-464697061 {\n  padding-top: 40px;\n}\n<\/style>\n\t<\/div>\n\t\n\n<div class=\"video video-fit mb\" style=\"padding-top:56.25%;\"><iframe loading=\"lazy\" title=\"H\u00e5ll in f\u00f6r att stanna \u2013 tryck fram f\u00f6r att parkera. Volaris handbroms &amp; parkeringsbroms\" width=\"1020\" height=\"574\" src=\"https:\/\/www.youtube.com\/embed\/y1gIbi01brY?feature=oembed\" frameborder=\"0\" allow=\"accelerometer; autoplay; clipboard-write; encrypted-media; gyroscope; picture-in-picture; web-share\" allowfullscreen><\/iframe><\/div>\n\n\n\t\t<\/div>\n\t\t\t\t\t<\/div>\n\n\t\n\n<\/div>\n<div class=\"text-center\"><div class=\"is-divider divider clearfix\" style=\"max-width:1000px;height:1px;\"><\/div><\/div>\n\n<div class=\"container section-title-container #produktkatalog\" ><h4 class=\"section-title section-title-normal\"><b><\/b><span class=\"section-title-main\" >Dokumentasjon<\/span><b><\/b><\/h4><\/div>\n\n<div class=\"row align-middle document-row\"  id=\"row-120462306\">\n\n\n\t<div id=\"col-834178663\" class=\"col medium-7 small-5 large-7\"  >\n\t\t\t\t<div class=\"col-inner\"  >\n\t\t\t\n\t\t\t\n\n\t<div id=\"text-722599552\" class=\"text\">\n\t\t\n\n<p><span style=\"color: #808080;\"><strong>Bruksanvisning Volaris Compact<\/strong><\/span><\/p>\n\t\t\n<style>\n#text-722599552 {\n  font-size: 0.8rem;\n  line-height: 1.6;\n}\n@media (min-width:550px) {\n  #text-722599552 {\n    font-size: 1rem;\n  }\n}\n@media (min-width:850px) {\n  #text-722599552 {\n    font-size: 1rem;\n  }\n}\n<\/style>\n\t<\/div>\n\t\n\n\t\t<\/div>\n\t\t\t\t\n<style>\n#col-834178663 > .col-inner {\n  padding: 17px 0px 0px 0px;\n}\n@media (min-width:550px) {\n  #col-834178663 > .col-inner {\n    padding: 17px 30px 0px 30px;\n  }\n}\n<\/style>\n\t<\/div>\n\n\t\n\n\t<div id=\"col-1974070842\" class=\"col language-column medium-2 small-1 large-2\"  >\n\t\t\t\t<div class=\"col-inner\"  >\n\t\t\t\n\t\t\t\n\n\t<div id=\"text-802624834\" class=\"text\">\n\t\t\n\n<p><span style=\"color: #808080;\">NORSK<\/span><\/p>\n\n\t\t\n<style>\n#text-802624834 {\n  font-size: 0.75rem;\n  text-align: center;\n}\n@media (min-width:550px) {\n  #text-802624834 {\n    font-size: 0.8rem;\n  }\n}\n<\/style>\n\t<\/div>\n\t\n\n\t\t<\/div>\n\t\t\t\t\n<style>\n#col-1974070842 > .col-inner {\n  padding: 14px 0px 0px 0px;\n}\n<\/style>\n\t<\/div>\n\n\t\n\n\t<div id=\"col-889516399\" class=\"col medium-3 small-5 large-3\"  >\n\t\t\t\t<div class=\"col-inner text-right\"  >\n\t\t\t\n\t\t\t\n\n<a rel=\"noopener noreferrer\" href=\"https:\/\/doli.bansalgroup.se\/wp-content\/uploads\/2024\/05\/bruksanvisning-volaris-compact-no.pdf\" target=\"_blank\" class=\"button primary is-small lowercase\"  style=\"border-radius:99px;padding:0px 10px 0px 10px;\">\n    <span>\u00c5pne<\/span>\n  <\/a>\n\n\n\n\t\t<\/div>\n\t\t\t\t\n<style>\n#col-889516399 > .col-inner {\n  padding: 10px 0px 0px 0px;\n}\n@media (min-width:550px) {\n  #col-889516399 > .col-inner {\n    padding: 10px 0px 0px 0px;\n  }\n}\n<\/style>\n\t<\/div>\n\n\t\n\n<\/div>\n\t<div id=\"gap-622076873\" class=\"gap-element clearfix\" style=\"display:block; height:auto;\">\n\t\t\n<style>\n#gap-622076873 {\n  padding-top: 20px;\n}\n<\/style>\n\t<\/div>\n\t\n\n<div class=\"row align-middle document-row\"  id=\"row-1936884705\">\n\n\n\t<div id=\"col-1701978581\" class=\"col medium-7 small-5 large-7\"  >\n\t\t\t\t<div class=\"col-inner\"  >\n\t\t\t\n\t\t\t\n\n\t<div id=\"text-4177382311\" class=\"text\">\n\t\t\n\n<p><span style=\"color: #808080;\"><strong>Rekondisjoneringsanvisning Volaris rullatorer<\/strong><\/span><\/p>\n\t\t\n<style>\n#text-4177382311 {\n  font-size: 0.8rem;\n  line-height: 1.6;\n}\n@media (min-width:550px) {\n  #text-4177382311 {\n    font-size: 1rem;\n  }\n}\n@media (min-width:850px) {\n  #text-4177382311 {\n    font-size: 1rem;\n  }\n}\n<\/style>\n\t<\/div>\n\t\n\n\t\t<\/div>\n\t\t\t\t\n<style>\n#col-1701978581 > .col-inner {\n  padding: 17px 0px 0px 0px;\n}\n@media (min-width:550px) {\n  #col-1701978581 > .col-inner {\n    padding: 17px 30px 0px 30px;\n  }\n}\n<\/style>\n\t<\/div>\n\n\t\n\n\t<div id=\"col-2130223885\" class=\"col language-column medium-2 small-1 large-2\"  >\n\t\t\t\t<div class=\"col-inner\"  >\n\t\t\t\n\t\t\t\n\n\t<div id=\"text-2681120698\" class=\"text\">\n\t\t\n\n<p><span style=\"color: #808080;\">NORSK<\/span><\/p>\n\t\t\n<style>\n#text-2681120698 {\n  font-size: 0.75rem;\n  text-align: center;\n}\n@media (min-width:550px) {\n  #text-2681120698 {\n    font-size: 0.8rem;\n  }\n}\n<\/style>\n\t<\/div>\n\t\n\n\t\t<\/div>\n\t\t\t\t\n<style>\n#col-2130223885 > .col-inner {\n  padding: 14px 0px 0px 0px;\n}\n<\/style>\n\t<\/div>\n\n\t\n\n\t<div id=\"col-972923675\" class=\"col medium-3 small-5 large-3\"  >\n\t\t\t\t<div class=\"col-inner text-right\"  >\n\t\t\t\n\t\t\t\n\n<a rel=\"noopener noreferrer\" href=\"https:\/\/doli.bansalgroup.se\/wp-content\/uploads\/2024\/04\/rekondisjoneringsanvisning-volaris-rullatorer.pdf\" target=\"_blank\" class=\"button primary is-small lowercase\"  style=\"border-radius:99px;padding:0px 10px 0px 10px;\">\n    <span>\u00c5pne<\/span>\n  <\/a>\n\n\n\n\t\t<\/div>\n\t\t\t\t\n<style>\n#col-972923675 > .col-inner {\n  padding: 10px 0px 0px 0px;\n}\n@media (min-width:550px) {\n  #col-972923675 > .col-inner {\n    padding: 10px 0px 0px 0px;\n  }\n}\n<\/style>\n\t<\/div>\n\n\t\n\n<\/div>\n\t<div id=\"gap-585515183\" class=\"gap-element clearfix\" style=\"display:block; height:auto;\">\n\t\t\n<style>\n#gap-585515183 {\n  padding-top: 20px;\n}\n<\/style>\n\t<\/div>\n\t\n\n<div class=\"row align-middle document-row\"  id=\"row-270156833\">\n\n\n\t<div id=\"col-499256771\" class=\"col medium-7 small-5 large-7\"  >\n\t\t\t\t<div class=\"col-inner\"  >\n\t\t\t\n\t\t\t\n\n\t<div id=\"text-2534473775\" class=\"text\">\n\t\t\n\n<p><span style=\"color: #808080;\"><strong>Rekondisjonering Volaris rullatorer, Sjekkliste<\/strong><\/span><\/p>\n\t\t\n<style>\n#text-2534473775 {\n  font-size: 0.8rem;\n  line-height: 1.6;\n}\n@media (min-width:550px) {\n  #text-2534473775 {\n    font-size: 1rem;\n  }\n}\n@media (min-width:850px) {\n  #text-2534473775 {\n    font-size: 1rem;\n  }\n}\n<\/style>\n\t<\/div>\n\t\n\n\t\t<\/div>\n\t\t\t\t\n<style>\n#col-499256771 > .col-inner {\n  padding: 17px 0px 0px 0px;\n}\n@media (min-width:550px) {\n  #col-499256771 > .col-inner {\n    padding: 17px 30px 0px 30px;\n  }\n}\n<\/style>\n\t<\/div>\n\n\t\n\n\t<div id=\"col-1435690638\" class=\"col language-column medium-2 small-1 large-2\"  >\n\t\t\t\t<div class=\"col-inner\"  >\n\t\t\t\n\t\t\t\n\n\t<div id=\"text-5117874\" class=\"text\">\n\t\t\n\n<p><span style=\"color: #808080;\">NORSK<\/span><\/p>\n\t\t\n<style>\n#text-5117874 {\n  font-size: 0.75rem;\n  text-align: center;\n}\n@media (min-width:550px) {\n  #text-5117874 {\n    font-size: 0.8rem;\n  }\n}\n<\/style>\n\t<\/div>\n\t\n\n\t\t<\/div>\n\t\t\t\t\n<style>\n#col-1435690638 > .col-inner {\n  padding: 14px 0px 0px 0px;\n}\n<\/style>\n\t<\/div>\n\n\t\n\n\t<div id=\"col-1424801795\" class=\"col medium-3 small-5 large-3\"  >\n\t\t\t\t<div class=\"col-inner text-right\"  >\n\t\t\t\n\t\t\t\n\n<a rel=\"noopener noreferrer\" href=\"https:\/\/doli.bansalgroup.se\/wp-content\/uploads\/2024\/04\/rekondisjonering-rullator-sjekkliste.pdf\" target=\"_blank\" class=\"button primary is-small lowercase\"  style=\"border-radius:99px;padding:0px 10px 0px 10px;\">\n    <span>\u00c5pne<\/span>\n  <\/a>\n\n\n\n\t\t<\/div>\n\t\t\t\t\n<style>\n#col-1424801795 > .col-inner {\n  padding: 10px 0px 0px 0px;\n}\n@media (min-width:550px) {\n  #col-1424801795 > .col-inner {\n    padding: 10px 0px 0px 0px;\n  }\n}\n<\/style>\n\t<\/div>\n\n\t\n\n<\/div>\n\n\t\t<\/div>\n\t\t\t\t\n<style>\n#col-1228140617 > .col-inner {\n  padding: 0px 0px 0px 0px;\n}\n<\/style>\n\t<\/div>\n\n\t\n\n<\/div>\n\t<div id=\"gap-952392883\" class=\"gap-element clearfix\" style=\"display:block; height:auto;\">\n\t\t\n<style>\n#gap-952392883 {\n  padding-top: 80px;\n}\n<\/style>\n\t<\/div>\n\t\n\n\t<div class=\"img has-hover x md-x lg-x y md-y lg-y\" id=\"image_388373451\">\n\t\t\t\t\t\t\t\t<div class=\"img-inner dark\" >\n\t\t\t<img loading=\"lazy\" decoding=\"async\" width=\"2048\" height=\"480\" src=\"https:\/\/doli.bansalgroup.se\/wp-content\/uploads\/2023\/01\/natur_grenar_73A0554-2048x480.jpg\" class=\"attachment-2048x2048 size-2048x2048\" alt=\"\" srcset=\"https:\/\/doli.bansalgroup.se\/wp-content\/uploads\/2023\/01\/natur_grenar_73A0554-2048x480.jpg 2048w, https:\/\/doli.bansalgroup.se\/wp-content\/uploads\/2023\/01\/natur_grenar_73A0554-300x70.jpg 300w, https:\/\/doli.bansalgroup.se\/wp-content\/uploads\/2023\/01\/natur_grenar_73A0554-1024x240.jpg 1024w, https:\/\/doli.bansalgroup.se\/wp-content\/uploads\/2023\/01\/natur_grenar_73A0554-768x180.jpg 768w, https:\/\/doli.bansalgroup.se\/wp-content\/uploads\/2023\/01\/natur_grenar_73A0554-1536x360.jpg 1536w, https:\/\/doli.bansalgroup.se\/wp-content\/uploads\/2023\/01\/natur_grenar_73A0554-600x141.jpg 600w\" sizes=\"auto, (max-width: 2048px) 100vw, 2048px\" \/>\t\t\t\t\t\t\n\t\t\t\t\t<\/div>\n\t\t\t\t\t\t\t\t\n<style>\n#image_388373451 {\n  width: 100%;\n}\n<\/style>\n\t<\/div>\n\t\n\n\n\t\t<\/div>\n\n\t\t\n<style>\n#section_540339601 {\n  padding-top: 0px;\n  padding-bottom: 0px;\n}\n#section_540339601 .ux-shape-divider--top svg {\n  height: 150px;\n  --divider-top-width: 100%;\n}\n#section_540339601 .ux-shape-divider--bottom svg {\n  height: 150px;\n  --divider-width: 100%;\n}\n<\/style>\n\t<\/section>\n\t\n\n","protected":false},"excerpt":{"rendered":"","protected":false},"author":10,"featured_media":0,"parent":3981,"menu_order":0,"comment_status":"closed","ping_status":"closed","template":"page-blank.php","meta":{"inline_featured_image":false,"footnotes":""},"categories":[179],"tags":[],"class_list":["post-3992","page","type-page","status-publish","hentry","category-rollatorer-no"],"_links":{"self":[{"href":"https:\/\/doli.bansalgroup.se\/no\/wp-json\/wp\/v2\/pages\/3992","targetHints":{"allow":["GET"]}}],"collection":[{"href":"https:\/\/doli.bansalgroup.se\/no\/wp-json\/wp\/v2\/pages"}],"about":[{"href":"https:\/\/doli.bansalgroup.se\/no\/wp-json\/wp\/v2\/types\/page"}],"author":[{"embeddable":true,"href":"https:\/\/doli.bansalgroup.se\/no\/wp-json\/wp\/v2\/users\/10"}],"replies":[{"embeddable":true,"href":"https:\/\/doli.bansalgroup.se\/no\/wp-json\/wp\/v2\/comments?post=3992"}],"version-history":[{"count":31,"href":"https:\/\/doli.bansalgroup.se\/no\/wp-json\/wp\/v2\/pages\/3992\/revisions"}],"predecessor-version":[{"id":6975,"href":"https:\/\/doli.bansalgroup.se\/no\/wp-json\/wp\/v2\/pages\/3992\/revisions\/6975"}],"up":[{"embeddable":true,"href":"https:\/\/doli.bansalgroup.se\/no\/wp-json\/wp\/v2\/pages\/3981"}],"wp:attachment":[{"href":"https:\/\/doli.bansalgroup.se\/no\/wp-json\/wp\/v2\/media?parent=3992"}],"wp:term":[{"taxonomy":"category","embeddable":true,"href":"https:\/\/doli.bansalgroup.se\/no\/wp-json\/wp\/v2\/categories?post=3992"},{"taxonomy":"post_tag","embeddable":true,"href":"https:\/\/doli.bansalgroup.se\/no\/wp-json\/wp\/v2\/tags?post=3992"}],"curies":[{"name":"wp","href":"https:\/\/api.w.org\/{rel}","templated":true}]}}