{"id":1464,"date":"2022-11-24T16:10:09","date_gmt":"2022-11-24T15:10:09","guid":{"rendered":"https:\/\/staging.eurovema.se\/?page_id=1464"},"modified":"2024-03-05T12:58:34","modified_gmt":"2024-03-05T11:58:34","slug":"clinic","status":"publish","type":"page","link":"https:\/\/doli.bansalgroup.se\/sv\/vara-produkter\/arbetsstolar\/clinic\/","title":{"rendered":"Clinic"},"content":{"rendered":"\n\t<section class=\"section\" id=\"section_1942400960\">\n\t\t<div class=\"bg section-bg fill bg-fill  bg-loaded\" >\n\n\t\t\t\n\t\t\t\n\t\t\t\n\n\t\t<\/div>\n\n\t\t\n\n\t\t<div class=\"section-content relative\">\n\t\t\t\n\n  <div id=\"page-header-1809487156\" class=\"page-header-wrapper\">\n  <div class=\"page-title dark simple-title\">\n\n        <div class=\"page-title-bg\">\n      <div class=\"title-bg fill bg-fill\"\n        data-parallax-container=\".page-title\"\n        data-parallax-background\n        data-parallax=\"-\">\n      <\/div>\n      <div class=\"title-overlay fill\"><\/div>\n    <\/div>\n    \n    <div class=\"page-title-inner container align-center flex-row medium-flex-wrap row-reverse\" >\n            <div class=\"title-content flex-col flex-left text-left medium-text-center\">\n        <div class=\"title-breadcrumbs pb-half pt-half\"><\/div>      <\/div>\n    <\/div>\n\n     \n<style>\n#page-header-1809487156 .title-bg {\n  background-image: url(https:\/\/doli.bansalgroup.se\/wp-content\/uploads\/2022\/11\/swirl-eurovema.png);\n}\n<\/style>\n  <\/div>\n    <\/div>\n  \n\n\t<div id=\"gap-31978545\" class=\"gap-element clearfix\" style=\"display:block; height:auto;\">\n\t\t\n<style>\n#gap-31978545 {\n  padding-top: 50px;\n}\n<\/style>\n\t<\/div>\n\t\n\n<div class=\"row padded\"  id=\"row-841024046\">\n\n\n\t<div id=\"col-1731403644\" class=\"col medium-2 small-7 large-2\"  >\n\t\t\t\t<div class=\"col-inner\"  >\n\t\t\t\n\t\t\t\n\n<div class=\"container section-title-container\" ><h1 class=\"section-title section-title-normal\"><b><\/b><span class=\"section-title-main\" >Clinic<\/span><b><\/b><\/h1><\/div>\n\n\n\t\t<\/div>\n\t\t\t\t\t<\/div>\n\n\t\n\n\t<div id=\"col-1169919599\" class=\"col medium-4 small-5 large-4\"  >\n\t\t\t\t<div class=\"col-inner\"  >\n\t\t\t\n\t\t\t\n\n\t<div class=\"img has-hover x md-x lg-x y md-y lg-y\" id=\"image_1522870702\">\n\t\t\t\t\t\t\t\t<div class=\"img-inner dark\" style=\"margin:5px 0px 0px 0px;\">\n\t\t\t<img loading=\"lazy\" decoding=\"async\" width=\"500\" height=\"70\" src=\"https:\/\/doli.bansalgroup.se\/wp-content\/uploads\/2023\/01\/euroflex_500x70.png\" class=\"attachment-large size-large\" alt=\"\" srcset=\"https:\/\/doli.bansalgroup.se\/wp-content\/uploads\/2023\/01\/euroflex_500x70.png 500w, https:\/\/doli.bansalgroup.se\/wp-content\/uploads\/2023\/01\/euroflex_500x70-300x42.png 300w\" sizes=\"auto, (max-width: 500px) 100vw, 500px\" \/>\t\t\t\t\t\t\n\t\t\t\t\t<\/div>\n\t\t\t\t\t\t\t\t\n<style>\n#image_1522870702 {\n  width: 100%;\n}\n@media (min-width:550px) {\n  #image_1522870702 {\n    width: 80%;\n  }\n}\n<\/style>\n\t<\/div>\n\t\n\n\n\t\t<\/div>\n\t\t\t\t\t<\/div>\n\n\t\n\n\t<div id=\"col-1098701237\" class=\"col medium-4 small-12 large-4\"  >\n\t\t\t\t<div class=\"col-inner\"  >\n\t\t\t\n\t\t\t\n\n\n\t\t<\/div>\n\t\t\t\t\t<\/div>\n\n\t\n\n<\/div>\n<div class=\"row paddedprodukt\"  id=\"row-1442656524\">\n\n\n\t<div id=\"col-337641415\" class=\"col produkt medium-6 small-12 large-6\"  >\n\t\t\t\t<div class=\"col-inner\"  >\n\t\t\t\n\t\t\t\n\n\t<div id=\"text-2095755748\" class=\"text\">\n\t\t\n\n<p>Klinikstolen \u00e4r en stol som effektiviserar patientunders\u00f6kningar vid exempelvis \u00f6gon- och \u00f6ronkliniker. Genom ett antal olika justeringsm\u00f6jligheter skapar den god ergonomi f\u00f6r s\u00e5v\u00e4l l\u00e4kare och sjuksk\u00f6terskor som f\u00f6r patienten. De enkla och funktionella reglagen m\u00f6ter behoven av snabba justeringar. Kl\u00e4dseln i konstl\u00e4der g\u00f6r att den \u00e4r l\u00e4tt att h\u00e5lla ren.<\/p>\n\t\t\n<style>\n#text-2095755748 {\n  line-height: 1.3;\n  color: #707070;\n}\n#text-2095755748 > * {\n  color: #707070;\n}\n<\/style>\n\t<\/div>\n\t\n\t<div id=\"gap-335041199\" class=\"gap-element clearfix\" style=\"display:block; height:auto;\">\n\t\t\n<style>\n#gap-335041199 {\n  padding-top: 20px;\n}\n<\/style>\n\t<\/div>\n\t\n\n<div class=\"row\"  id=\"row-136699799\">\n\n\n\t<div id=\"col-912357254\" class=\"col medium-4 small-12 large-4\"  >\n\t\t\t\t<div class=\"col-inner\"  >\n\t\t\t\n\t\t\t\n\n\n\t\t<div class=\"icon-box featured-box icon-box-left text-left is-small\"  style=\"margin:0px 0px 0px 0px;\">\n\t\t\t\t\t<div class=\"icon-box-img\" style=\"width: 20px\">\n\t\t\t\t<div class=\"icon\">\n\t\t\t\t\t<div class=\"icon-inner\" style=\"color:rgb(239, 125, 22);\">\n\t\t\t\t\t\t<?xml version=\"1.0\" encoding=\"UTF-8\"?>\n<svg xmlns=\"http:\/\/www.w3.org\/2000\/svg\" viewBox=\"0 0 448 512\">\n  <!--! Font Awesome Pro 6.2.1 by @fontawesome - https:\/\/fontawesome.com License - https:\/\/fontawesome.com\/license (Commercial License) Copyright 2022 Fonticons, Inc. -->\n  <path d=\"M64 32C28.7 32 0 60.7 0 96V416c0 35.3 28.7 64 64 64H384c35.3 0 64-28.7 64-64V96c0-35.3-28.7-64-64-64H64zM337 209L209 337c-9.4 9.4-24.6 9.4-33.9 0l-64-64c-9.4-9.4-9.4-24.6 0-33.9s24.6-9.4 33.9 0l47 47L303 175c9.4-9.4 24.6-9.4 33.9 0s9.4 24.6 0 33.9z\"><\/path>\n<\/svg>\n\t\t\t\t\t<\/div>\n\t\t\t\t<\/div>\n\t\t\t<\/div>\n\t\t\t\t<div class=\"icon-box-text last-reset\">\n\t\t\t<h5 class=\"uppercase\">Inomhus<\/h5>\t\t\t\t\t\t\n\n\n\t\t<\/div>\n\t<\/div>\n\t\n\t\n\n\t\t<\/div>\n\t\t\t\t\t<\/div>\n\n\t\n\n\t<div id=\"col-111482748\" class=\"col medium-4 small-12 large-4\"  >\n\t\t\t\t<div class=\"col-inner\"  >\n\t\t\t\n\t\t\t\n\n\n\t\t<div class=\"icon-box featured-box icon-box-left text-left is-small\"  style=\"margin:0px 0px 0px 0px;\">\n\t\t\t\t\t<div class=\"icon-box-img\" style=\"width: 20px\">\n\t\t\t\t<div class=\"icon\">\n\t\t\t\t\t<div class=\"icon-inner\" style=\"color:rgb(239, 125, 22);\">\n\t\t\t\t\t\t<?xml version=\"1.0\" encoding=\"UTF-8\"?>\n<svg xmlns=\"http:\/\/www.w3.org\/2000\/svg\" viewBox=\"0 0 448 512\">\n  <!--! Font Awesome Pro 6.2.1 by @fontawesome - https:\/\/fontawesome.com License - https:\/\/fontawesome.com\/license (Commercial License) Copyright 2022 Fonticons, Inc. -->\n  <path d=\"M384 32C419.3 32 448 60.65 448 96V416C448 451.3 419.3 480 384 480H64C28.65 480 0 451.3 0 416V96C0 60.65 28.65 32 64 32H384zM384 80H64C55.16 80 48 87.16 48 96V416C48 424.8 55.16 432 64 432H384C392.8 432 400 424.8 400 416V96C400 87.16 392.8 80 384 80z\"><\/path>\n<\/svg>\n\t\t\t\t\t<\/div>\n\t\t\t\t<\/div>\n\t\t\t<\/div>\n\t\t\t\t<div class=\"icon-box-text last-reset\">\n\t\t\t<h5 class=\"uppercase\">Utomhus<\/h5>\t\t\t\t\t\t\n\n\n\t\t<\/div>\n\t<\/div>\n\t\n\t\n\n\t\t<\/div>\n\t\t\t\t\t<\/div>\n\n\t\n\n<\/div>\n<p class=\"p1\"><span style=\"font-size: 90%;\"><strong>Tillbeh\u00f6rskod E05<\/strong><\/span><\/p>\n<a href=\"https:\/\/doli.bansalgroup.se\/produkter\/tillbehor\/\" target=\"_self\" class=\"button primary is-small lowercase\"  style=\"border-radius:99px;\">\n    <span>Tillbeh\u00f6r Euroflex<\/span>\n  <\/a>\n\n\n\n\t\t<\/div>\n\t\t\t\t\n<style>\n#col-337641415 > .col-inner {\n  padding: 80px 30px 20px 30px;\n}\n<\/style>\n\t<\/div>\n\n\t\n\n\t<div id=\"col-850540744\" class=\"col produkt medium-6 small-12 large-6\"  >\n\t\t\t\t<div class=\"col-inner text-center\"  >\n\t\t\t\n\t\t\t\n\n\t<div class=\"img has-hover x md-x lg-x y md-y lg-y\" id=\"image_408684057\">\n\t\t\t\t\t\t\t\t<div class=\"img-inner dark\" style=\"margin:0px 0px 0px 0px;\">\n\t\t\t<img loading=\"lazy\" decoding=\"async\" width=\"680\" height=\"1024\" src=\"https:\/\/doli.bansalgroup.se\/wp-content\/uploads\/2022\/12\/arbetsstol_clinic_croped-680x1024.png\" class=\"attachment-large size-large\" alt=\"\" srcset=\"https:\/\/doli.bansalgroup.se\/wp-content\/uploads\/2022\/12\/arbetsstol_clinic_croped-680x1024.png 680w, https:\/\/doli.bansalgroup.se\/wp-content\/uploads\/2022\/12\/arbetsstol_clinic_croped-199x300.png 199w, https:\/\/doli.bansalgroup.se\/wp-content\/uploads\/2022\/12\/arbetsstol_clinic_croped-768x1156.png 768w, https:\/\/doli.bansalgroup.se\/wp-content\/uploads\/2022\/12\/arbetsstol_clinic_croped.png 797w\" sizes=\"auto, (max-width: 680px) 100vw, 680px\" \/>\t\t\t\t\t\t\n\t\t\t\t\t<\/div>\n\t\t\t\t\t\t\t\t\n<style>\n#image_408684057 {\n  width: 90%;\n}\n<\/style>\n\t<\/div>\n\t\n\n\n\t\t<\/div>\n\t\t\t\t\t<\/div>\n\n\t\n\n<\/div>\n\t<div id=\"gap-887355560\" class=\"gap-element clearfix\" style=\"display:block; height:auto;\">\n\t\t\n<style>\n#gap-887355560 {\n  padding-top: 20px;\n}\n<\/style>\n\t<\/div>\n\t\n\n<div class=\"row padded\"  id=\"row-54317524\">\n\n\n\t<div id=\"col-1742087885\" class=\"col medium-4 small-12 large-4\"  >\n\t\t\t\t<div class=\"col-inner text-center\"  >\n\t\t\t\n\t\t\t\n\n\t<div id=\"text-1659364883\" class=\"text\">\n\t\t\n\n<p><strong>Tekniska detaljer<\/strong><\/p>\n\t\t\n<style>\n#text-1659364883 {\n  font-size: 1.25rem;\n  text-align: left;\n  color: #707070;\n}\n#text-1659364883 > * {\n  color: #707070;\n}\n<\/style>\n\t<\/div>\n\t\n\t<div id=\"text-4248570071\" class=\"text\">\n\t\t\n\n<p><strong>SITTSYSTEM<\/strong><br \/>\nClinic<\/p>\n\t\t\n<style>\n#text-4248570071 {\n  font-size: 1rem;\n  text-align: left;\n  color: #707070;\n}\n#text-4248570071 > * {\n  color: #707070;\n}\n<\/style>\n\t<\/div>\n\t\n\n\t\t<\/div>\n\t\t\t\t\n<style>\n#col-1742087885 > .col-inner {\n  padding: 20px 20px 0px 0px;\n  margin: 0px 0px -30px 0px;\n}\n@media (min-width:550px) {\n  #col-1742087885 > .col-inner {\n    padding: 20px 20px 0px 0px;\n  }\n}\n<\/style>\n\t<\/div>\n\n\t\n\n\t<div id=\"col-1955720749\" class=\"col product-column medium-4 small-12 large-4\"  >\n\t\t\t\t<div class=\"col-inner\"  >\n\t\t\t\n\t\t\t\n\n\n\n\n\n\n\t\t<\/div>\n\t\t\t\t\n<style>\n#col-1955720749 > .col-inner {\n  padding: 0px 0px 0px 0px;\n}\n<\/style>\n\t<\/div>\n\n\t\n\n\t<div id=\"col-953826554\" class=\"col product-column medium-4 small-12 large-4\"  >\n\t\t\t\t<div class=\"col-inner\"  >\n\t\t\t\n\t\t\t\n\n\n\t\t<\/div>\n\t\t\t\t\t<\/div>\n\n\t\n\n<\/div>\n<div class=\"row padded\"  id=\"row-1731006449\">\n\n\n\t<div id=\"col-293863339\" class=\"col medium-4 small-12 large-4\"  >\n\t\t\t\t<div class=\"col-inner text-center\"  >\n\t\t\t\n\t\t\t\n\n\t<div class=\"img has-hover x md-x lg-x y md-y lg-y\" id=\"image_991347119\">\n\t\t\t\t\t\t\t\t<div class=\"img-inner dark\" >\n\t\t\t<img loading=\"lazy\" decoding=\"async\" width=\"292\" height=\"187\" src=\"https:\/\/doli.bansalgroup.se\/wp-content\/uploads\/2022\/12\/sittsystem_arbetsstol_clinic_73A3782.jpg\" class=\"attachment-large size-large\" alt=\"sittsystem arbetsstol clinic\" \/>\t\t\t\t\t\t\n\t\t\t\t\t<\/div>\n\t\t\t\t\t\t\t\t\n<style>\n#image_991347119 {\n  width: 100%;\n}\n<\/style>\n\t<\/div>\n\t\n\n\n\t\t<\/div>\n\t\t\t\t\n<style>\n#col-293863339 > .col-inner {\n  padding: 0px 20px 0px 0px;\n}\n<\/style>\n\t<\/div>\n\n\t\n\n\t<div id=\"col-1771017631\" class=\"col medium-4 small-12 large-4\"  >\n\t\t\t\t<div class=\"col-inner\"  >\n\t\t\t\n\t\t\t\n\n\t<div id=\"text-1858093645\" class=\"text\">\n\t\t\n\n<p>Clinic har en l\u00e4tt sk\u00e5lad sits med en s\u00e5 kallad sittgrop. Ryggst\u00f6det ger gott st\u00f6d i svanken och finns i olika storlekar. Sitsvinkling \u00e4r standard och s\u00e5v\u00e4l sittdjup som ryggh\u00f6jd g\u00e5r att justera. Det ergonomiskt utformade sittsystemet erbjuder en sittriktig och sk\u00f6n komfort.\n<\/p>\n\t\t\n<style>\n#text-1858093645 {\n  font-size: 0.8rem;\n}\n<\/style>\n\t<\/div>\n\t\n\n\t\t<\/div>\n\t\t\t\t\t<\/div>\n\n\t\n\n\t<div id=\"col-62155655\" class=\"col medium-4 small-12 large-4\"  >\n\t\t\t\t<div class=\"col-inner\"  >\n\t\t\t\n\t\t\t\n\n\t<div id=\"text-2491200924\" class=\"text\">\n\t\t\n\n<p>Vid elektrisk h\u00f6jning kan stolen utrustas med tr\u00e5dl\u00f6s eller fast man\u00f6verdosa.<\/p>\n\t\t\n<style>\n#text-2491200924 {\n  font-size: 0.8rem;\n}\n<\/style>\n\t<\/div>\n\t\n\n\t\t<\/div>\n\t\t\t\t\t<\/div>\n\n\t\n\n<\/div>\n<div class=\"row padded\"  id=\"row-1416715632\">\n\n\n\t<div id=\"col-690484590\" class=\"col medium-4 small-12 large-4\"  >\n\t\t\t\t<div class=\"col-inner text-center\"  >\n\t\t\t\n\t\t\t\n\n\n\t\t<\/div>\n\t\t\t\t\n<style>\n#col-690484590 > .col-inner {\n  padding: 0px 20px 0px 20px;\n}\n<\/style>\n\t<\/div>\n\n\t\n\n\t<div id=\"col-178334284\" class=\"col medium-8 small-12 large-8\"  >\n\t\t\t\t<div class=\"col-inner\"  >\n\t\t\t\n\t\t\t\n\n\t<div id=\"text-1893885776\" class=\"text\">\n\t\t\n\n\n<table id=\"tablepress-10\" class=\"tablepress tablepress-id-10\">\n<tbody class=\"row-striping row-hover\">\n<tr class=\"row-1\">\n\t<td class=\"column-1\">Sits (bredd x djup)<\/td><td class=\"column-2\">46x46 cm<\/td>\n<\/tr>\n<tr class=\"row-2\">\n\t<td class=\"column-1\">Sittbredd (mellan armst\u00f6d) <\/td><td class=\"column-2\">40-59 cm<\/td>\n<\/tr>\n<tr class=\"row-3\">\n\t<td class=\"column-1\">Sittdjup<\/td><td class=\"column-2\">46 cm<\/td>\n<\/tr>\n<tr class=\"row-4\">\n\t<td class=\"column-1\">Sitsh\u00f6jd Gas (h\u00f6jd till sitsens undersida)<\/td><td class=\"column-2\">40-55 cm, 46-66 cm<\/td>\n<\/tr>\n<tr class=\"row-5\">\n\t<td class=\"column-1\">Sitsh\u00f6jd El (h\u00f6jd till sitsens undersida)<\/td><td class=\"column-2\">40-58 cm, 45-70 cm<\/td>\n<\/tr>\n<tr class=\"row-6\">\n\t<td class=\"column-1\">Sitsvinkling<\/td><td class=\"column-2\">-20\u00ba till 0\u00ba<\/td>\n<\/tr>\n<tr class=\"row-7\">\n\t<td class=\"column-1\">Ryggst\u00f6d h\u00f6jd, st\u00e4llbart<\/td><td class=\"column-2\">37-54 cm<\/td>\n<\/tr>\n<tr class=\"row-8\">\n\t<td class=\"column-1\">Rygg (bredd x h\u00f6jd)<\/td><td class=\"column-2\">35x30, 35x44, 40x30, 40x44 cm<\/td>\n<\/tr>\n<tr class=\"row-9\">\n\t<td class=\"column-1\">Ryggvinkling<\/td><td class=\"column-2\">30\u00ba<\/td>\n<\/tr>\n<tr class=\"row-10\">\n\t<td class=\"column-1\">Kl\u00e4dsel<\/td><td class=\"column-2\">Svart Atlantic<\/td>\n<\/tr>\n<tr class=\"row-11\">\n\t<td class=\"column-1\">Armst\u00f6d h\u00f6jd, justerbart<\/td><td class=\"column-2\">0-26 cm<\/td>\n<\/tr>\n<tr class=\"row-12\">\n\t<td class=\"column-1\">Armst\u00f6dsplatta<\/td><td class=\"column-2\">30x8x3 cm<\/td>\n<\/tr>\n<\/tbody>\n<\/table>\n<!-- #tablepress-10 from cache -->\n\t\t\n<style>\n#text-1893885776 {\n  font-size: 0.9rem;\n}\n<\/style>\n\t<\/div>\n\t\n\n\t\t<\/div>\n\t\t\t\t\t<\/div>\n\n\t\n\n<\/div>\n<div class=\"row padded\"  id=\"row-1195651774\">\n\n\n\t<div id=\"col-625107480\" class=\"col medium-4 small-12 large-4\"  >\n\t\t\t\t<div class=\"col-inner text-center\"  >\n\t\t\t\n\t\t\t\n\n\t<div id=\"text-2695259627\" class=\"text\">\n\t\t\n\n<p><strong>CHASSI<\/strong><br \/>Clinic<\/p>\n\t\t\n<style>\n#text-2695259627 {\n  font-size: 1rem;\n  text-align: left;\n  color: #707070;\n}\n#text-2695259627 > * {\n  color: #707070;\n}\n<\/style>\n\t<\/div>\n\t\n\n\t\t<\/div>\n\t\t\t\t\n<style>\n#col-625107480 > .col-inner {\n  padding: 0px 20px 0px 0px;\n}\n<\/style>\n\t<\/div>\n\n\t\n\n\t<div id=\"col-1349319286\" class=\"col product-column medium-4 small-12 large-4\"  >\n\t\t\t\t<div class=\"col-inner\"  >\n\t\t\t\n\t\t\t\n\n\n\t\t<\/div>\n\t\t\t\t\t<\/div>\n\n\t\n\n\t<div id=\"col-1602162452\" class=\"col product-column medium-4 small-12 large-4\"  >\n\t\t\t\t<div class=\"col-inner\"  >\n\t\t\t\n\t\t\t\n\n\n\t\t<\/div>\n\t\t\t\t\t<\/div>\n\n\t\n\n\n<style>\n#row-1195651774 > .col > .col-inner {\n  padding: 0px 0px 0px 0px;\n}\n<\/style>\n<\/div>\n<div class=\"row padded\"  id=\"row-969072094\">\n\n\n\t<div id=\"col-1726582249\" class=\"col medium-4 small-12 large-4\"  >\n\t\t\t\t<div class=\"col-inner text-center\"  >\n\t\t\t\n\t\t\t\n\n\t<div class=\"img has-hover x md-x lg-x y md-y lg-y\" id=\"image_1388913100\">\n\t\t\t\t\t\t\t\t<div class=\"img-inner dark\" >\n\t\t\t<img loading=\"lazy\" decoding=\"async\" width=\"292\" height=\"187\" src=\"https:\/\/doli.bansalgroup.se\/wp-content\/uploads\/2022\/12\/chassi_arbetsstol_clinic_73A3781.jpg\" class=\"attachment-large size-large\" alt=\"chassi arbetsstol clinic\" \/>\t\t\t\t\t\t\n\t\t\t\t\t<\/div>\n\t\t\t\t\t\t\t\t\n<style>\n#image_1388913100 {\n  width: 100%;\n}\n<\/style>\n\t<\/div>\n\t\n\n\n\t\t<\/div>\n\t\t\t\t\n<style>\n#col-1726582249 > .col-inner {\n  padding: 0px 20px 0px 0px;\n}\n<\/style>\n\t<\/div>\n\n\t\n\n\t<div id=\"col-1918635879\" class=\"col medium-4 small-12 large-4\"  >\n\t\t\t\t<div class=\"col-inner\"  >\n\t\t\t\n\t\t\t\n\n\t<div id=\"text-4098713810\" class=\"text\">\n\t\t\n\n<p>En vit variant av Basic vars hjul rullar mycket l\u00e4tt och f\u00f6ljer golvets oj\u00e4mnheter. Chassit har gener\u00f6st med utrymme mellan hjulen vilket g\u00f6r det enkelt att sparka sig fram med stolen. Den l\u00e4tt\u00e5tkomliga och inst\u00e4llbara bromsen \u00e4r placerad ur v\u00e4gen f\u00f6r sidof\u00f6rflyttning till annan sits. Classic bromsar p\u00e5 bakhjulen som standard, men g\u00e5r l\u00e4tt att \u00e4ndra till framhjulsbroms eller fyrhjulsbroms. Det tv\u00e5delade chassit g\u00f6r att stolen st\u00e5r stadigt \u00e4ven p\u00e5 oj\u00e4mnt underlag.<\/p>\n\t\t\n<style>\n#text-4098713810 {\n  font-size: 0.8rem;\n}\n<\/style>\n\t<\/div>\n\t\n\n\t\t<\/div>\n\t\t\t\t\t<\/div>\n\n\t\n\n\t<div id=\"col-1505642732\" class=\"col medium-4 small-12 large-4\"  >\n\t\t\t\t<div class=\"col-inner\"  >\n\t\t\t\n\t\t\t\n\n\t<div id=\"text-3825797381\" class=\"text\">\n\t\t\n\n\n\t\t\n<style>\n#text-3825797381 {\n  font-size: 0.8rem;\n}\n<\/style>\n\t<\/div>\n\t\n\n\t\t<\/div>\n\t\t\t\t\t<\/div>\n\n\t\n\n<\/div>\n<div class=\"row padded\"  id=\"row-1326728943\">\n\n\n\t<div id=\"col-1723926860\" class=\"col medium-4 small-12 large-4\"  >\n\t\t\t\t<div class=\"col-inner text-center\"  >\n\t\t\t\n\t\t\t\n\n\n\t\t<\/div>\n\t\t\t\t\n<style>\n#col-1723926860 > .col-inner {\n  padding: 0px 20px 0px 20px;\n}\n<\/style>\n\t<\/div>\n\n\t\n\n\t<div id=\"col-1021222092\" class=\"col medium-8 small-12 large-8\"  >\n\t\t\t\t<div class=\"col-inner\"  >\n\t\t\t\n\t\t\t\n\n\t<div id=\"text-3001861782\" class=\"text\">\n\t\t\n\n\n<table id=\"tablepress-11\" class=\"tablepress tablepress-id-11\">\n<tbody class=\"row-striping row-hover\">\n<tr class=\"row-1\">\n\t<td class=\"column-1\">Chassi, bredd<\/td><td class=\"column-2\">58 cm<\/td>\n<\/tr>\n<tr class=\"row-2\">\n\t<td class=\"column-1\">Chassi, l\u00e4ngd<\/td><td class=\"column-2\">60 cm<\/td>\n<\/tr>\n<tr class=\"row-3\">\n\t<td class=\"column-1\">Totalvikt<\/td><td class=\"column-2\">23 kg (gas), 31 kg (el)<\/td>\n<\/tr>\n<tr class=\"row-4\">\n\t<td class=\"column-1\">Brukarvikt, max<\/td><td class=\"column-2\">140 kg<\/td>\n<\/tr>\n<tr class=\"row-5\">\n\t<td class=\"column-1\">Broms<\/td><td class=\"column-2\">Fotbroms<\/td>\n<\/tr>\n<tr class=\"row-6\">\n\t<td class=\"column-1\">Hjulstorlek<\/td><td class=\"column-2\">100 mm<\/td>\n<\/tr>\n<\/tbody>\n<\/table>\n<!-- #tablepress-11 from cache -->\n\t\t\n<style>\n#text-3001861782 {\n  font-size: 0.9rem;\n}\n<\/style>\n\t<\/div>\n\t\n\n\t\t<\/div>\n\t\t\t\t\t<\/div>\n\n\t\n\n<\/div>\n<div class=\"text-center\"><div class=\"is-divider divider clearfix\" style=\"max-width:1000px;height:1px;\"><\/div><\/div>\n\n\t<div id=\"gap-1552072885\" class=\"gap-element clearfix\" style=\"display:block; height:auto;\">\n\t\t\n<style>\n#gap-1552072885 {\n  padding-top: 30px;\n}\n<\/style>\n\t<\/div>\n\t\n\n<div class=\"row padded\"  id=\"row-1292546001\">\n\n\n\t<div id=\"col-1626317288\" class=\"col small-12 large-12\"  >\n\t\t\t\t<div class=\"col-inner text-left\"  >\n\t\t\t\n\t\t\t\n\n<div class=\"container section-title-container #produktkatalog\" ><h4 class=\"section-title section-title-normal\"><b><\/b><span class=\"section-title-main\" >Dokumentation<\/span><b><\/b><\/h4><\/div>\n\n<div class=\"row\"  id=\"row-1894486379\">\n\n\n\t<div id=\"col-347213008\" class=\"col medium-6 small-12 large-6\"  >\n\t\t\t\t<div class=\"col-inner text-left\"  >\n\t\t\t\n\t\t\t\n\n\n\t\t<\/div>\n\t\t\t\t\t<\/div>\n\n\t\n\n\t<div id=\"col-1584095230\" class=\"col medium-6 small-12 large-6\"  >\n\t\t\t\t<div class=\"col-inner\"  >\n\t\t\t\n\t\t\t\n\n\n\t\t<\/div>\n\t\t\t\t\t<\/div>\n\n\t\n\n<\/div>\n<div class=\"row align-middle document-row\"  id=\"row-2080805667\">\n\n\n\t<div id=\"col-2116154862\" class=\"col medium-7 small-5 large-7\"  >\n\t\t\t\t<div class=\"col-inner\"  >\n\t\t\t\n\t\t\t\n\n\t<div id=\"text-1926336754\" class=\"text\">\n\t\t\n\n<p><span style=\"color: #808080;\"><strong>Bruksanvisning Euroflex Arbetsstolar<\/strong><\/span><\/p>\n\t\t\n<style>\n#text-1926336754 {\n  font-size: 0.8rem;\n  line-height: 1.6;\n}\n@media (min-width:550px) {\n  #text-1926336754 {\n    font-size: 1rem;\n  }\n}\n@media (min-width:850px) {\n  #text-1926336754 {\n    font-size: 1rem;\n  }\n}\n<\/style>\n\t<\/div>\n\t\n\n\t\t<\/div>\n\t\t\t\t\n<style>\n#col-2116154862 > .col-inner {\n  padding: 17px 0px 0px 0px;\n}\n@media (min-width:550px) {\n  #col-2116154862 > .col-inner {\n    padding: 17px 30px 0px 30px;\n  }\n}\n<\/style>\n\t<\/div>\n\n\t\n\n\t<div id=\"col-1801580352\" class=\"col language-column medium-2 small-1 large-2\"  >\n\t\t\t\t<div class=\"col-inner\"  >\n\t\t\t\n\t\t\t\n\n\t<div id=\"text-3531122347\" class=\"text\">\n\t\t\n\n<p><span style=\"color: #808080;\">SVENSKA<\/span><\/p>\n\t\t\n<style>\n#text-3531122347 {\n  font-size: 0.75rem;\n  text-align: center;\n}\n@media (min-width:550px) {\n  #text-3531122347 {\n    font-size: 0.8rem;\n  }\n}\n<\/style>\n\t<\/div>\n\t\n\n\t\t<\/div>\n\t\t\t\t\n<style>\n#col-1801580352 > .col-inner {\n  padding: 14px 0px 0px 0px;\n}\n<\/style>\n\t<\/div>\n\n\t\n\n\t<div id=\"col-1716423297\" class=\"col medium-3 small-5 large-3\"  >\n\t\t\t\t<div class=\"col-inner text-right\"  >\n\t\t\t\n\t\t\t\n\n<a rel=\"noopener noreferrer\" href=\"\/wp-content\/uploads\/2023\/02\/Euroflex-Arbetsstol-24v_SV11_sv-se.pdf\" target=\"_blank\" class=\"button primary is-small lowercase\"  style=\"border-radius:99px;padding:0px 10px 0px 10px;\">\n    <span>\u00d6ppna<\/span>\n  <\/a>\n\n\n\n\t\t<\/div>\n\t\t\t\t\n<style>\n#col-1716423297 > .col-inner {\n  padding: 10px 0px 0px 0px;\n}\n@media (min-width:550px) {\n  #col-1716423297 > .col-inner {\n    padding: 10px 0px 0px 0px;\n  }\n}\n<\/style>\n\t<\/div>\n\n\t\n\n<\/div>\n\n\t\t<\/div>\n\t\t\t\t\n<style>\n#col-1626317288 > .col-inner {\n  padding: 0px 0px 0px 0px;\n}\n<\/style>\n\t<\/div>\n\n\t\n\n<\/div>\n\t<div id=\"gap-1195298321\" class=\"gap-element clearfix\" style=\"display:block; height:auto;\">\n\t\t\n<style>\n#gap-1195298321 {\n  padding-top: 80px;\n}\n<\/style>\n\t<\/div>\n\t\n\n\t<div class=\"img has-hover x md-x lg-x y md-y lg-y\" id=\"image_1549675935\">\n\t\t\t\t\t\t\t\t<div class=\"img-inner dark\" >\n\t\t\t<img loading=\"lazy\" decoding=\"async\" width=\"2048\" height=\"480\" src=\"https:\/\/doli.bansalgroup.se\/wp-content\/uploads\/2023\/01\/natur_grenar_73A0554-2048x480.jpg\" class=\"attachment-2048x2048 size-2048x2048\" alt=\"\" srcset=\"https:\/\/doli.bansalgroup.se\/wp-content\/uploads\/2023\/01\/natur_grenar_73A0554-2048x480.jpg 2048w, https:\/\/doli.bansalgroup.se\/wp-content\/uploads\/2023\/01\/natur_grenar_73A0554-300x70.jpg 300w, https:\/\/doli.bansalgroup.se\/wp-content\/uploads\/2023\/01\/natur_grenar_73A0554-1024x240.jpg 1024w, https:\/\/doli.bansalgroup.se\/wp-content\/uploads\/2023\/01\/natur_grenar_73A0554-768x180.jpg 768w, https:\/\/doli.bansalgroup.se\/wp-content\/uploads\/2023\/01\/natur_grenar_73A0554-1536x360.jpg 1536w, https:\/\/doli.bansalgroup.se\/wp-content\/uploads\/2023\/01\/natur_grenar_73A0554-600x141.jpg 600w\" sizes=\"auto, (max-width: 2048px) 100vw, 2048px\" \/>\t\t\t\t\t\t\n\t\t\t\t\t<\/div>\n\t\t\t\t\t\t\t\t\n<style>\n#image_1549675935 {\n  width: 100%;\n}\n<\/style>\n\t<\/div>\n\t\n\n\n\t\t<\/div>\n\n\t\t\n<style>\n#section_1942400960 {\n  padding-top: 0px;\n  padding-bottom: 0px;\n}\n#section_1942400960 .ux-shape-divider--top svg {\n  height: 150px;\n  --divider-top-width: 100%;\n}\n#section_1942400960 .ux-shape-divider--bottom svg {\n  height: 150px;\n  --divider-width: 100%;\n}\n<\/style>\n\t<\/section>\n\t\n\n","protected":false},"excerpt":{"rendered":"","protected":false},"author":10,"featured_media":0,"parent":939,"menu_order":0,"comment_status":"closed","ping_status":"closed","template":"page-blank.php","meta":{"inline_featured_image":false,"footnotes":""},"categories":[150],"tags":[],"class_list":["post-1464","page","type-page","status-publish","hentry","category-arbetsstolar"],"_links":{"self":[{"href":"https:\/\/doli.bansalgroup.se\/sv\/wp-json\/wp\/v2\/pages\/1464","targetHints":{"allow":["GET"]}}],"collection":[{"href":"https:\/\/doli.bansalgroup.se\/sv\/wp-json\/wp\/v2\/pages"}],"about":[{"href":"https:\/\/doli.bansalgroup.se\/sv\/wp-json\/wp\/v2\/types\/page"}],"author":[{"embeddable":true,"href":"https:\/\/doli.bansalgroup.se\/sv\/wp-json\/wp\/v2\/users\/10"}],"replies":[{"embeddable":true,"href":"https:\/\/doli.bansalgroup.se\/sv\/wp-json\/wp\/v2\/comments?post=1464"}],"version-history":[{"count":17,"href":"https:\/\/doli.bansalgroup.se\/sv\/wp-json\/wp\/v2\/pages\/1464\/revisions"}],"predecessor-version":[{"id":6283,"href":"https:\/\/doli.bansalgroup.se\/sv\/wp-json\/wp\/v2\/pages\/1464\/revisions\/6283"}],"up":[{"embeddable":true,"href":"https:\/\/doli.bansalgroup.se\/sv\/wp-json\/wp\/v2\/pages\/939"}],"wp:attachment":[{"href":"https:\/\/doli.bansalgroup.se\/sv\/wp-json\/wp\/v2\/media?parent=1464"}],"wp:term":[{"taxonomy":"category","embeddable":true,"href":"https:\/\/doli.bansalgroup.se\/sv\/wp-json\/wp\/v2\/categories?post=1464"},{"taxonomy":"post_tag","embeddable":true,"href":"https:\/\/doli.bansalgroup.se\/sv\/wp-json\/wp\/v2\/tags?post=1464"}],"curies":[{"name":"wp","href":"https:\/\/api.w.org\/{rel}","templated":true}]}}