{"id":1500,"date":"2022-11-25T09:31:26","date_gmt":"2022-11-25T08:31:26","guid":{"rendered":"https:\/\/staging.eurovema.se\/?page_id=1500"},"modified":"2025-06-27T08:06:34","modified_gmt":"2025-06-27T06:06:34","slug":"miljo-kvalitet","status":"publish","type":"page","link":"https:\/\/doli.bansalgroup.se\/sv\/foeretaget\/miljo-kvalitet\/","title":{"rendered":"Milj\u00f6 &#038; kvalitet"},"content":{"rendered":"\n\t<section class=\"section\" id=\"section_2095392268\">\n\t\t<div class=\"bg section-bg fill bg-fill  bg-loaded\" >\n\n\t\t\t\n\t\t\t\n\t\t\t\n\n\t\t<\/div>\n\n\t\t\n\n\t\t<div class=\"section-content relative\">\n\t\t\t\n\n  <div id=\"page-header-139173910\" class=\"page-header-wrapper\">\n  <div class=\"page-title dark simple-title\">\n\n        <div class=\"page-title-bg\">\n      <div class=\"title-bg fill bg-fill\"\n        data-parallax-container=\".page-title\"\n        data-parallax-background\n        data-parallax=\"-\">\n      <\/div>\n      <div class=\"title-overlay fill\"><\/div>\n    <\/div>\n    \n    <div class=\"page-title-inner container align-center flex-row medium-flex-wrap row-reverse\" >\n            <div class=\"title-content flex-col flex-left text-left medium-text-center\">\n        <div class=\"title-breadcrumbs pb-half pt-half\"><\/div>      <\/div>\n    <\/div>\n\n     \n<style>\n#page-header-139173910 .page-title-inner {\n  min-height: 65px;\n}\n#page-header-139173910 .title-bg {\n  background-image: url(https:\/\/doli.bansalgroup.se\/wp-content\/uploads\/2022\/11\/MicrosoftTeams-image-2.png);\n  background-position: 0% 0%;\n}\n<\/style>\n  <\/div>\n    <\/div>\n  \n\n\t<div id=\"gap-677772733\" class=\"gap-element clearfix\" style=\"display:block; height:auto;\">\n\t\t\n<style>\n#gap-677772733 {\n  padding-top: 50px;\n}\n<\/style>\n\t<\/div>\n\t\n\n<div class=\"row align-center padded\"  id=\"row-1685612526\">\n\n\n\t<div id=\"col-459049226\" class=\"col small-12 large-12\"  >\n\t\t\t\t<div class=\"col-inner text-left\"  >\n\t\t\t\n\t\t\t\n\n<div class=\"container section-title-container\" ><h1 class=\"section-title section-title-normal\"><b><\/b><span class=\"section-title-main\" >Milj\u00f6 & kvalitet<\/span><b><\/b><\/h1><\/div>\n\n\n\t\t<\/div>\n\t\t\t\t\t<\/div>\n\n\t\n\n<\/div>\n<div class=\"row padded\"  id=\"row-1142774118\">\n\n\n\t<div id=\"col-722985749\" class=\"col small-12 large-12\"  >\n\t\t\t\t<div class=\"col-inner\" style=\"background-color:rgb(248, 248, 248);\" >\n\t\t\t\n\t\t\t\n\n\t<div id=\"text-2165487741\" class=\"text\">\n\t\t\n\n<h3><strong>Kvalitet<\/strong><\/h3>\n<p>Grundpelare i kvalitetss\u00e4kringsarbetet:<\/p>\n<ul>\n<li>Bedriva det dagliga arbetet p\u00e5 ett kvalitetss\u00e4krat s\u00e4tt<\/li>\n<li>Tillhandah\u00e5lla produkter med anv\u00e4ndar- och serviceinformation som \u00e4r kvalitetss\u00e4krade<\/li>\n<li>Erbjuda produkter och information som m\u00f6ter kraven i det medicintekniska regelverket MDR 2017\/745<\/li>\n<li>Uppfylla \u00f6vriga lagar och regler<\/li>\n<li>Bedriva st\u00e4ndiga f\u00f6rb\u00e4ttringar i arbetss\u00e4tt, produktutveckling och information<\/li>\n<li>Dokumentera, utv\u00e4rdera och \u00e5tg\u00e4rda avvikelser och incidenter<\/li>\n<li>Genomf\u00f6ra riskanalyser i samband med utveckling av nya produkter, vid produktf\u00f6r\u00e4ndringar och specialanpassningar<\/li>\n<li>Dokumentera alla produktf\u00f6r\u00e4ndringar f\u00f6r att s\u00e4kra sp\u00e5rbarhet<\/li>\n<li>\u00d6versyn av verksamhetens risker tillika leverant\u00f6rsbed\u00f6mning, g\u00f6rs regelbundet<\/li>\n<\/ul>\n\t\t\n<style>\n#text-2165487741 {\n  font-size: 1rem;\n  line-height: 1.3;\n  color: rgb(0,0,0);\n}\n#text-2165487741 > * {\n  color: rgb(0,0,0);\n}\n<\/style>\n\t<\/div>\n\t\n\n\t\t<\/div>\n\t\t\t\t\n<style>\n#col-722985749 > .col-inner {\n  padding: 40px 20px 20px 20px;\n}\n<\/style>\n\t<\/div>\n\n\t\n\n<\/div>\n<div class=\"row padded\"  id=\"row-1823814248\">\n\n\n\t<div id=\"col-26604278\" class=\"col small-12 large-12\"  >\n\t\t\t\t<div class=\"col-inner\" style=\"background-color:rgb(248, 248, 248);\" >\n\t\t\t\n\t\t\t\n\n\t<div id=\"text-251098896\" class=\"text\">\n\t\t\n\n<h3><strong>Milj\u00f6<\/strong><\/h3>\n<p>Grundpelare i milj\u00f6ledningsarbetet:<\/p>\n<ul>\n<li>Utveckla och konstruera produkter med f\u00f6ruts\u00e4ttning f\u00f6r l\u00e5ng livsl\u00e4ngd<\/li>\n<li>Beakta m\u00f6jligheter till \u00e5tervinning i produktutvecklingsarbetet<\/li>\n<li>Str\u00e4va efter att delar ska kunna bytas ut, f\u00f6r att f\u00f6rl\u00e4nga produktens livsl\u00e4ngd<\/li>\n<li>Tillverka huvudprodukterna i egna lokaler i Sverige, f\u00f6r full kontroll av ing\u00e5ende komponenter och hantering<\/li>\n<li>V\u00e4lja underleverant\u00f6rer i geografisk n\u00e4rhet f\u00f6r att minimera transporter<\/li>\n<li>Anv\u00e4nda \u00e5tervunnet material i komponenter och f\u00f6rpackningar i m\u00f6jligaste m\u00e5n<\/li>\n<li>Anv\u00e4nda transportbolag som aktivt arbetar med h\u00e5llbarhetsfr\u00e5gor<\/li>\n<li>V\u00e4lja komponenter baserade p\u00e5 h\u00e4nsyn till milj\u00f6 och att dessa m\u00f6ter kraven enligt kemikalief\u00f6rordningen REACH. SVHC-\u00e4mnen upptagna p\u00e5 Kandidatf\u00f6rteckningen f\u00e5r inte anv\u00e4ndas i produkterna. F\u00f6r elektroniska produkter st\u00e4lls krav p\u00e5 att leverant\u00f6rer f\u00f6ljer regler i RoHS-direktivet.<\/li>\n<li>V\u00e4lja textilier som \u00e4r OekoTex-certifierade.<\/li>\n<\/ul>\n\t\t\n<style>\n#text-251098896 {\n  font-size: 1rem;\n  line-height: 1.3;\n  color: rgb(0,0,0);\n}\n#text-251098896 > * {\n  color: rgb(0,0,0);\n}\n<\/style>\n\t<\/div>\n\t\n\n\t\t<\/div>\n\t\t\t\t\n<style>\n#col-26604278 > .col-inner {\n  padding: 40px 20px 20px 20px;\n}\n<\/style>\n\t<\/div>\n\n\t\n\n<\/div>\n\t<div id=\"gap-1747396358\" class=\"gap-element clearfix\" style=\"display:block; height:auto;\">\n\t\t\n<style>\n#gap-1747396358 {\n  padding-top: 40px;\n}\n<\/style>\n\t<\/div>\n\t\n\n\t<div class=\"img has-hover x md-x lg-x y md-y lg-y\" id=\"image_130946273\">\n\t\t\t\t\t\t\t\t<div class=\"img-inner image-cover dark\" style=\"padding-top:20%;\">\n\t\t\t<img loading=\"lazy\" decoding=\"async\" width=\"1020\" height=\"225\" src=\"https:\/\/doli.bansalgroup.se\/wp-content\/uploads\/2022\/11\/73A0525-1024x226.png\" class=\"attachment-large size-large\" alt=\"\" srcset=\"https:\/\/doli.bansalgroup.se\/wp-content\/uploads\/2022\/11\/73A0525-1024x226.png 1024w, https:\/\/doli.bansalgroup.se\/wp-content\/uploads\/2022\/11\/73A0525-300x66.png 300w, https:\/\/doli.bansalgroup.se\/wp-content\/uploads\/2022\/11\/73A0525-768x169.png 768w, https:\/\/doli.bansalgroup.se\/wp-content\/uploads\/2022\/11\/73A0525-1536x338.png 1536w, https:\/\/doli.bansalgroup.se\/wp-content\/uploads\/2022\/11\/73A0525-600x132.png 600w, https:\/\/doli.bansalgroup.se\/wp-content\/uploads\/2022\/11\/73A0525.png 1920w\" sizes=\"auto, (max-width: 1020px) 100vw, 1020px\" \/>\t\t\t\t\t\t\n\t\t\t\t\t<\/div>\n\t\t\t\t\t\t\t\t\n<style>\n#image_130946273 {\n  width: 100%;\n}\n<\/style>\n\t<\/div>\n\t\n\n\n\t\t<\/div>\n\n\t\t\n<style>\n#section_2095392268 {\n  padding-top: 0px;\n  padding-bottom: 0px;\n}\n#section_2095392268 .ux-shape-divider--top svg {\n  height: 150px;\n  --divider-top-width: 100%;\n}\n#section_2095392268 .ux-shape-divider--bottom svg {\n  height: 150px;\n  --divider-width: 100%;\n}\n<\/style>\n\t<\/section>\n\t\n\n","protected":false},"excerpt":{"rendered":"","protected":false},"author":10,"featured_media":0,"parent":172,"menu_order":0,"comment_status":"closed","ping_status":"closed","template":"page-blank.php","meta":{"inline_featured_image":false,"footnotes":""},"categories":[],"tags":[],"class_list":["post-1500","page","type-page","status-publish","hentry"],"_links":{"self":[{"href":"https:\/\/doli.bansalgroup.se\/sv\/wp-json\/wp\/v2\/pages\/1500","targetHints":{"allow":["GET"]}}],"collection":[{"href":"https:\/\/doli.bansalgroup.se\/sv\/wp-json\/wp\/v2\/pages"}],"about":[{"href":"https:\/\/doli.bansalgroup.se\/sv\/wp-json\/wp\/v2\/types\/page"}],"author":[{"embeddable":true,"href":"https:\/\/doli.bansalgroup.se\/sv\/wp-json\/wp\/v2\/users\/10"}],"replies":[{"embeddable":true,"href":"https:\/\/doli.bansalgroup.se\/sv\/wp-json\/wp\/v2\/comments?post=1500"}],"version-history":[{"count":10,"href":"https:\/\/doli.bansalgroup.se\/sv\/wp-json\/wp\/v2\/pages\/1500\/revisions"}],"predecessor-version":[{"id":8473,"href":"https:\/\/doli.bansalgroup.se\/sv\/wp-json\/wp\/v2\/pages\/1500\/revisions\/8473"}],"up":[{"embeddable":true,"href":"https:\/\/doli.bansalgroup.se\/sv\/wp-json\/wp\/v2\/pages\/172"}],"wp:attachment":[{"href":"https:\/\/doli.bansalgroup.se\/sv\/wp-json\/wp\/v2\/media?parent=1500"}],"wp:term":[{"taxonomy":"category","embeddable":true,"href":"https:\/\/doli.bansalgroup.se\/sv\/wp-json\/wp\/v2\/categories?post=1500"},{"taxonomy":"post_tag","embeddable":true,"href":"https:\/\/doli.bansalgroup.se\/sv\/wp-json\/wp\/v2\/tags?post=1500"}],"curies":[{"name":"wp","href":"https:\/\/api.w.org\/{rel}","templated":true}]}}