{"id":1513,"date":"2022-11-25T14:44:54","date_gmt":"2022-11-25T13:44:54","guid":{"rendered":"https:\/\/staging.eurovema.se\/?page_id=1513"},"modified":"2025-06-27T09:58:36","modified_gmt":"2025-06-27T07:58:36","slug":"vara-produkter","status":"publish","type":"page","link":"https:\/\/doli.bansalgroup.se\/sv\/vara-produkter\/","title":{"rendered":"V\u00e5ra produkter"},"content":{"rendered":"\n\t<section class=\"section\" id=\"section_1664359948\">\n\t\t<div class=\"bg section-bg fill bg-fill  bg-loaded\" >\n\n\t\t\t\n\t\t\t\n\t\t\t\n\n\t\t<\/div>\n\n\t\t\n\n\t\t<div class=\"section-content relative\">\n\t\t\t\n\n  <div id=\"page-header-753699564\" class=\"page-header-wrapper\">\n  <div class=\"page-title dark simple-title\">\n\n        <div class=\"page-title-bg\">\n      <div class=\"title-bg fill bg-fill\"\n        data-parallax-container=\".page-title\"\n        data-parallax-background\n        data-parallax=\"-\">\n      <\/div>\n      <div class=\"title-overlay fill\"><\/div>\n    <\/div>\n    \n    <div class=\"page-title-inner container align-center flex-row medium-flex-wrap row-reverse\" >\n            <div class=\"title-content flex-col flex-left text-left medium-text-center\">\n        <div class=\"title-breadcrumbs pb-half pt-half\"><\/div>      <\/div>\n    <\/div>\n\n     \n<style>\n#page-header-753699564 .title-bg {\n  background-image: url(https:\/\/doli.bansalgroup.se\/wp-content\/uploads\/2022\/11\/swirl-eurovema.png);\n}\n<\/style>\n  <\/div>\n    <\/div>\n  \n\n\t<div id=\"gap-1282159180\" class=\"gap-element clearfix\" style=\"display:block; height:auto;\">\n\t\t\n<style>\n#gap-1282159180 {\n  padding-top: 50px;\n}\n<\/style>\n\t<\/div>\n\t\n\n<div class=\"row padded\"  id=\"row-1697144014\">\n\n\n\t<div id=\"col-17753234\" class=\"col small-12 large-12\"  >\n\t\t\t\t<div class=\"col-inner text-center\"  >\n\t\t\t\n\t\t\t\n\n<div class=\"container section-title-container\" ><h1 class=\"section-title section-title-normal\"><b><\/b><span class=\"section-title-main\" >V\u00e5ra produkter<\/span><b><\/b><\/h1><\/div>\n\n\n\t\t<\/div>\n\t\t\t\t\t<\/div>\n\n\t\n\n<\/div>\n<div class=\"row align-equal padded\"  id=\"row-1959053124\">\n\n\n\t<div id=\"col-13917537\" class=\"col medium-4 small-12 large-4\"  >\n\t\t\t\t<div class=\"col-inner text-center\"  >\n\t\t\t\n\t\t\t\n\n\t<div class=\"img has-hover x md-x lg-x y md-y lg-y\" id=\"image_497569167\">\n\t\t<a class=\"\" href=\"\/produkter\/arbetsstolar\/\"  >\t\t\t\t\t\t<div class=\"img-inner dark\" >\n\t\t\t<img loading=\"lazy\" decoding=\"async\" width=\"394\" height=\"246\" src=\"https:\/\/doli.bansalgroup.se\/wp-content\/uploads\/2022\/11\/73A1694.png\" class=\"attachment-large size-large\" alt=\"\" srcset=\"https:\/\/doli.bansalgroup.se\/wp-content\/uploads\/2022\/11\/73A1694.png 394w, https:\/\/doli.bansalgroup.se\/wp-content\/uploads\/2022\/11\/73A1694-300x187.png 300w\" sizes=\"auto, (max-width: 394px) 100vw, 394px\" \/>\t\t\t\t\t\t\n\t\t\t\t\t<\/div>\n\t\t\t\t\t\t<\/a>\t\t\n<style>\n#image_497569167 {\n  width: 100%;\n}\n<\/style>\n\t<\/div>\n\t\n\n<div class=\"row align-equal\"  id=\"row-1938514801\">\n\n\n\t<div id=\"col-1755147836\" class=\"col small-12 large-12\"  >\n\t\t\t\t<div class=\"col-inner\"  >\n\t\t\t\n\t\t\t\n\n\t<div id=\"text-816604265\" class=\"text productsbox\">\n\t\t\n\n<h2>Arbetsstolar<\/h2>\n<p>Genom att kombinera chassi, sittsystem och elfunktioner kan vi erbjuda arbetsstolar specialanpassade f\u00f6r optimal r\u00f6rlighet, ergonomi och komfort.<\/p>\n\t\t\n<style>\n#text-816604265 {\n  font-size: 1rem;\n  line-height: 1.3;\n  text-align: left;\n  color: rgb(0,0,0);\n}\n#text-816604265 > * {\n  color: rgb(0,0,0);\n}\n<\/style>\n\t<\/div>\n\t\n<a href=\"\/produkter\/arbetsstolar\/\" target=\"_self\" class=\"button primary is-outline lowercase\"  style=\"border-radius:99px;padding:2px 15px 2px 15px;\">\n    <span>Se produkter<\/span>\n  <\/a>\n\n\n\n\t\t<\/div>\n\t\t\t\t\n<style>\n#col-1755147836 > .col-inner {\n  padding: 30px 30px 20px 30px;\n  margin: 0px 0px 0px 0px;\n}\n<\/style>\n\t<\/div>\n\n\t\n\n\n<style>\n#row-1938514801 > .col > .col-inner {\n  background-color: rgba(0, 0, 0, 0.05);\n}\n<\/style>\n<\/div>\n\n\t\t<\/div>\n\t\t\t\t\t<\/div>\n\n\t\n\n\t<div id=\"col-1408737632\" class=\"col medium-4 small-12 large-4\"  >\n\t\t\t\t<div class=\"col-inner text-center\"  >\n\t\t\t\n\t\t\t\n\n\t<div class=\"img has-hover x md-x lg-x y md-y lg-y\" id=\"image_961391210\">\n\t\t<a class=\"\" href=\"\/produkter\/eldrivna-rullstolar\/\"  >\t\t\t\t\t\t<div class=\"img-inner dark\" >\n\t\t\t<img loading=\"lazy\" decoding=\"async\" width=\"395\" height=\"246\" src=\"https:\/\/doli.bansalgroup.se\/wp-content\/uploads\/2022\/12\/varumarken_karma_br00003142_thumb.jpg\" class=\"attachment-large size-large\" alt=\"\" srcset=\"https:\/\/doli.bansalgroup.se\/wp-content\/uploads\/2022\/12\/varumarken_karma_br00003142_thumb.jpg 395w, https:\/\/doli.bansalgroup.se\/wp-content\/uploads\/2022\/12\/varumarken_karma_br00003142_thumb-300x187.jpg 300w\" sizes=\"auto, (max-width: 395px) 100vw, 395px\" \/>\t\t\t\t\t\t\n\t\t\t\t\t<\/div>\n\t\t\t\t\t\t<\/a>\t\t\n<style>\n#image_961391210 {\n  width: 100%;\n}\n<\/style>\n\t<\/div>\n\t\n\n<div class=\"row\"  id=\"row-1883998767\">\n\n\n\t<div id=\"col-650429741\" class=\"col small-12 large-12\"  >\n\t\t\t\t<div class=\"col-inner\"  >\n\t\t\t\n\t\t\t\n\n\t<div id=\"text-2911318493\" class=\"text productsbox\">\n\t\t\n\n<h2>Eldrivna rullstolar<\/h2>\n<p>V\u00e5ra elektriska rullstolar \u00e4r utrustade med sitslyft och sitsvinkling eller tilt som f\u00f6renklar arbetet och deltagandet i olika vardagssituationer.<\/p>\n\t\t\n<style>\n#text-2911318493 {\n  font-size: 1rem;\n  line-height: 1.3;\n  text-align: left;\n  color: rgb(0,0,0);\n}\n#text-2911318493 > * {\n  color: rgb(0,0,0);\n}\n<\/style>\n\t<\/div>\n\t\n<a href=\"\/produkter\/eldrivna-rullstolar\/\" target=\"_self\" class=\"button primary is-outline lowercase\"  style=\"border-radius:99px;padding:2px 15px 2px 15px;\">\n    <span>Se produkter<\/span>\n  <\/a>\n\n\n\n\t\t<\/div>\n\t\t\t\t\n<style>\n#col-650429741 > .col-inner {\n  padding: 30px 30px 20px 30px;\n  margin: 0px 0px 0px 0px;\n}\n<\/style>\n\t<\/div>\n\n\t\n\n\n<style>\n#row-1883998767 > .col > .col-inner {\n  background-color: rgba(0, 0, 0, 0.05);\n}\n<\/style>\n<\/div>\n\n\t\t<\/div>\n\t\t\t\t\t<\/div>\n\n\t\n\n\t<div id=\"col-1173505428\" class=\"col medium-4 small-12 large-4\"  >\n\t\t\t\t<div class=\"col-inner text-center\"  >\n\t\t\t\n\t\t\t\n\n\t<div class=\"img has-hover x md-x lg-x y md-y lg-y\" id=\"image_1305764824\">\n\t\t<a class=\"\" href=\"\/produkter\/promenadscooter\/\"  >\t\t\t\t\t\t<div class=\"img-inner dark\" >\n\t\t\t<img loading=\"lazy\" decoding=\"async\" width=\"395\" height=\"246\" src=\"https:\/\/doli.bansalgroup.se\/wp-content\/uploads\/2023\/01\/promenadscooter_br00003327_thumb.jpg\" class=\"attachment-large size-large\" alt=\"promenadscooter_br00003327_thumb\" srcset=\"https:\/\/doli.bansalgroup.se\/wp-content\/uploads\/2023\/01\/promenadscooter_br00003327_thumb.jpg 395w, https:\/\/doli.bansalgroup.se\/wp-content\/uploads\/2023\/01\/promenadscooter_br00003327_thumb-300x187.jpg 300w\" sizes=\"auto, (max-width: 395px) 100vw, 395px\" \/>\t\t\t\t\t\t\n\t\t\t\t\t<\/div>\n\t\t\t\t\t\t<\/a>\t\t\n<style>\n#image_1305764824 {\n  width: 100%;\n}\n<\/style>\n\t<\/div>\n\t\n\n<div class=\"row\"  id=\"row-378843455\">\n\n\n\t<div id=\"col-1386441455\" class=\"col small-12 large-12\"  >\n\t\t\t\t<div class=\"col-inner\"  >\n\t\t\t\n\t\t\t\n\n\t<div id=\"text-200885662\" class=\"text productsbox\">\n\t\t\n\n<h2>Promenadscooter<\/h2>\n<p>Den kortaste, smalaste och smidigaste promenadscootern p\u00e5 marknaden. L\u00e4ttk\u00f6rd och justerbar passar den b\u00e5de till l\u00e5nga och korta, barn och vuxna.<\/p>\n\t\t\n<style>\n#text-200885662 {\n  font-size: 1rem;\n  line-height: 1.3;\n  text-align: left;\n  color: rgb(0,0,0);\n}\n#text-200885662 > * {\n  color: rgb(0,0,0);\n}\n<\/style>\n\t<\/div>\n\t\n<a href=\"\/produkter\/promenadscooter\/\" target=\"_self\" class=\"button primary is-outline lowercase\"  style=\"border-radius:99px;padding:2px 15px 2px 15px;\">\n    <span>Se produkter<\/span>\n  <\/a>\n\n\n\n\t\t<\/div>\n\t\t\t\t\n<style>\n#col-1386441455 > .col-inner {\n  padding: 30px 30px 20px 30px;\n  margin: 0px 0px 0px 0px;\n}\n<\/style>\n\t<\/div>\n\n\t\n\n\n<style>\n#row-378843455 > .col > .col-inner {\n  background-color: rgba(0, 0, 0, 0.05);\n}\n<\/style>\n<\/div>\n\n\t\t<\/div>\n\t\t\t\t\t<\/div>\n\n\t\n\n<\/div>\n<div class=\"row align-equal padded\"  id=\"row-1468989929\">\n\n\n\t<div id=\"col-1653698997\" class=\"col medium-4 small-12 large-4\"  >\n\t\t\t\t<div class=\"col-inner text-center\"  >\n\t\t\t\n\t\t\t\n\n\t<div class=\"img has-hover x md-x lg-x y md-y lg-y\" id=\"image_1175891297\">\n\t\t<a class=\"\" href=\"\/produkter\/rollatorer\/\"  >\t\t\t\t\t\t<div class=\"img-inner dark\" >\n\t\t\t<img loading=\"lazy\" decoding=\"async\" width=\"395\" height=\"246\" src=\"https:\/\/doli.bansalgroup.se\/wp-content\/uploads\/2022\/12\/varumarke_volaris_br00003151_thumb.jpg\" class=\"attachment-large size-large\" alt=\"\" srcset=\"https:\/\/doli.bansalgroup.se\/wp-content\/uploads\/2022\/12\/varumarke_volaris_br00003151_thumb.jpg 395w, https:\/\/doli.bansalgroup.se\/wp-content\/uploads\/2022\/12\/varumarke_volaris_br00003151_thumb-300x187.jpg 300w\" sizes=\"auto, (max-width: 395px) 100vw, 395px\" \/>\t\t\t\t\t\t\n\t\t\t\t\t<\/div>\n\t\t\t\t\t\t<\/a>\t\t\n<style>\n#image_1175891297 {\n  width: 100%;\n}\n<\/style>\n\t<\/div>\n\t\n\n<div class=\"row\"  id=\"row-1314230046\">\n\n\n\t<div id=\"col-1315037655\" class=\"col small-12 large-12\"  >\n\t\t\t\t<div class=\"col-inner\"  >\n\t\t\t\n\t\t\t\n\n\t<div id=\"text-80701068\" class=\"text productsbox\">\n\t\t\n\n<h2>Rollatorer<\/h2>\n<p>Se v\u00e5rt kompletta utbud av flexibla inomhusrollatorer, barnrollatorer, t\u00e5liga utomhusrollatorer och rollatorer f\u00f6r anv\u00e4ndare med s\u00e4rskilda behov.<\/p>\n\t\t\n<style>\n#text-80701068 {\n  font-size: 1rem;\n  line-height: 1.3;\n  text-align: left;\n  color: rgb(0,0,0);\n}\n#text-80701068 > * {\n  color: rgb(0,0,0);\n}\n<\/style>\n\t<\/div>\n\t\n<a href=\"\/produkter\/rollatorer\/\" target=\"_self\" class=\"button primary is-outline lowercase\"  style=\"border-radius:99px;padding:2px 15px 2px 15px;\">\n    <span>Se produkter<\/span>\n  <\/a>\n\n\n\n\t\t<\/div>\n\t\t\t\t\n<style>\n#col-1315037655 > .col-inner {\n  padding: 30px 30px 20px 30px;\n  margin: 0px 0px 0px 0px;\n}\n<\/style>\n\t<\/div>\n\n\t\n\n\n<style>\n#row-1314230046 > .col > .col-inner {\n  background-color: rgba(0, 0, 0, 0.05);\n}\n<\/style>\n<\/div>\n\n\t\t<\/div>\n\t\t\t\t\t<\/div>\n\n\t\n\n\t<div id=\"col-1654025227\" class=\"col medium-4 small-12 large-4\"  >\n\t\t\t\t<div class=\"col-inner text-center\"  >\n\t\t\t\n\t\t\t\n\n\t<div class=\"img has-hover x md-x lg-x y md-y lg-y\" id=\"image_169990489\">\n\t\t<a class=\"\" href=\"\/produkter\/ganghjalpmedel\/\"  >\t\t\t\t\t\t<div class=\"img-inner dark\" >\n\t\t\t<img loading=\"lazy\" decoding=\"async\" width=\"395\" height=\"246\" src=\"https:\/\/doli.bansalgroup.se\/wp-content\/uploads\/2022\/12\/varumarken_grillo_br00003182_thumb.jpg\" class=\"attachment-large size-large\" alt=\"\" srcset=\"https:\/\/doli.bansalgroup.se\/wp-content\/uploads\/2022\/12\/varumarken_grillo_br00003182_thumb.jpg 395w, https:\/\/doli.bansalgroup.se\/wp-content\/uploads\/2022\/12\/varumarken_grillo_br00003182_thumb-300x187.jpg 300w\" sizes=\"auto, (max-width: 395px) 100vw, 395px\" \/>\t\t\t\t\t\t\n\t\t\t\t\t<\/div>\n\t\t\t\t\t\t<\/a>\t\t\n<style>\n#image_169990489 {\n  width: 100%;\n}\n<\/style>\n\t<\/div>\n\t\n\n<div class=\"row\"  id=\"row-168996001\">\n\n\n\t<div id=\"col-1902287419\" class=\"col small-12 large-12\"  >\n\t\t\t\t<div class=\"col-inner\"  >\n\t\t\t\n\t\t\t\n\n\t<div id=\"text-2942554902\" class=\"text productsbox\">\n\t\t\n\n<h2>G\u00e5nghj\u00e4lpmedel<\/h2>\n<p>V\u00e5rt nya stabila g\u00e5nghj\u00e4lpmedel g\u00e5r att anv\u00e4nda b\u00e5de fram- och bakl\u00e4nges. Finns i flera storlekar f\u00f6r att passa personer som \u00e4r 75-190 cm l\u00e5nga.<\/p>\n\t\t\n<style>\n#text-2942554902 {\n  font-size: 1rem;\n  line-height: 1.3;\n  text-align: left;\n  color: rgb(0,0,0);\n}\n#text-2942554902 > * {\n  color: rgb(0,0,0);\n}\n<\/style>\n\t<\/div>\n\t\n<a href=\"\/produkter\/ganghjalpmedel\/\" target=\"_self\" class=\"button primary is-outline lowercase\"  style=\"border-radius:99px;padding:2px 15px 2px 15px;\">\n    <span>Se produkter<\/span>\n  <\/a>\n\n\n\n\t\t<\/div>\n\t\t\t\t\n<style>\n#col-1902287419 > .col-inner {\n  padding: 30px 30px 20px 30px;\n  margin: 0px 0px 0px 0px;\n}\n<\/style>\n\t<\/div>\n\n\t\n\n\n<style>\n#row-168996001 > .col > .col-inner {\n  background-color: rgba(0, 0, 0, 0.05);\n}\n<\/style>\n<\/div>\n\n\t\t<\/div>\n\t\t\t\t\t<\/div>\n\n\t\n\n\t<div id=\"col-1142192085\" class=\"col medium-4 small-12 large-4\"  >\n\t\t\t\t<div class=\"col-inner text-center\"  >\n\t\t\t\n\t\t\t\n\n\t<div class=\"img has-hover x md-x lg-x y md-y lg-y\" id=\"image_82073178\">\n\t\t<a class=\"\" href=\"\/produkter\/sulkyvagnar\/\"  >\t\t\t\t\t\t<div class=\"img-inner dark\" >\n\t\t\t<img loading=\"lazy\" decoding=\"async\" width=\"395\" height=\"246\" src=\"https:\/\/doli.bansalgroup.se\/wp-content\/uploads\/2022\/12\/varumarke_alvema_br00003164_thumb.jpg\" class=\"attachment-large size-large\" alt=\"\" srcset=\"https:\/\/doli.bansalgroup.se\/wp-content\/uploads\/2022\/12\/varumarke_alvema_br00003164_thumb.jpg 395w, https:\/\/doli.bansalgroup.se\/wp-content\/uploads\/2022\/12\/varumarke_alvema_br00003164_thumb-300x187.jpg 300w\" sizes=\"auto, (max-width: 395px) 100vw, 395px\" \/>\t\t\t\t\t\t\n\t\t\t\t\t<\/div>\n\t\t\t\t\t\t<\/a>\t\t\n<style>\n#image_82073178 {\n  width: 100%;\n}\n<\/style>\n\t<\/div>\n\t\n\n<div class=\"row\"  id=\"row-152836347\">\n\n\n\t<div id=\"col-845021766\" class=\"col small-12 large-12\"  >\n\t\t\t\t<div class=\"col-inner\"  >\n\t\t\t\n\t\t\t\n\n\t<div id=\"text-3365311665\" class=\"text productsbox\">\n\t\t\n\n<h2>Sulkyvagnar<\/h2>\n<p class=\"p1\">Smidiga och stabila barnsulkyvagnar med h\u00f6g komfort och m\u00e5nga praktiska anv\u00e4ndarfunktioner som f\u00f6renklar vardagens v\u00e4xlingar mellan olika milj\u00f6er.<\/p>\n\t\t\n<style>\n#text-3365311665 {\n  font-size: 1rem;\n  line-height: 1.3;\n  text-align: left;\n  color: rgb(0,0,0);\n}\n#text-3365311665 > * {\n  color: rgb(0,0,0);\n}\n<\/style>\n\t<\/div>\n\t\n<a href=\"\/produkter\/sulkyvagnar\/\" target=\"_self\" class=\"button primary is-outline lowercase\"  style=\"border-radius:99px;padding:2px 15px 2px 15px;\">\n    <span>Se produkter<\/span>\n  <\/a>\n\n\n\n\t\t<\/div>\n\t\t\t\t\n<style>\n#col-845021766 > .col-inner {\n  padding: 30px 30px 20px 30px;\n  margin: 0px 0px 0px 0px;\n}\n<\/style>\n\t<\/div>\n\n\t\n\n\n<style>\n#row-152836347 > .col > .col-inner {\n  background-color: rgba(0, 0, 0, 0.05);\n}\n<\/style>\n<\/div>\n\n\t\t<\/div>\n\t\t\t\t\t<\/div>\n\n\t\n\n<\/div>\n<div class=\"row padded\"  id=\"row-482827043\">\n\n\n<\/div>\n\t<div class=\"img has-hover x md-x lg-x y md-y lg-y\" id=\"image_1631179128\">\n\t\t\t\t\t\t\t\t<div class=\"img-inner dark\" >\n\t\t\t<img loading=\"lazy\" decoding=\"async\" width=\"2048\" height=\"480\" src=\"https:\/\/doli.bansalgroup.se\/wp-content\/uploads\/2023\/01\/natur_blommor_73A0561-2048x480.jpg\" class=\"attachment-2048x2048 size-2048x2048\" alt=\"\" srcset=\"https:\/\/doli.bansalgroup.se\/wp-content\/uploads\/2023\/01\/natur_blommor_73A0561-2048x480.jpg 2048w, https:\/\/doli.bansalgroup.se\/wp-content\/uploads\/2023\/01\/natur_blommor_73A0561-300x70.jpg 300w, https:\/\/doli.bansalgroup.se\/wp-content\/uploads\/2023\/01\/natur_blommor_73A0561-1024x240.jpg 1024w, https:\/\/doli.bansalgroup.se\/wp-content\/uploads\/2023\/01\/natur_blommor_73A0561-768x180.jpg 768w, https:\/\/doli.bansalgroup.se\/wp-content\/uploads\/2023\/01\/natur_blommor_73A0561-1536x360.jpg 1536w, https:\/\/doli.bansalgroup.se\/wp-content\/uploads\/2023\/01\/natur_blommor_73A0561-600x141.jpg 600w\" sizes=\"auto, (max-width: 2048px) 100vw, 2048px\" \/>\t\t\t\t\t\t\n\t\t\t\t\t<\/div>\n\t\t\t\t\t\t\t\t\n<style>\n#image_1631179128 {\n  width: 100%;\n}\n<\/style>\n\t<\/div>\n\t\n\n\n\t\t<\/div>\n\n\t\t\n<style>\n#section_1664359948 {\n  padding-top: 0px;\n  padding-bottom: 0px;\n}\n#section_1664359948 .ux-shape-divider--top svg {\n  height: 150px;\n  --divider-top-width: 100%;\n}\n#section_1664359948 .ux-shape-divider--bottom svg {\n  height: 150px;\n  --divider-width: 100%;\n}\n<\/style>\n\t<\/section>\n\t\n\n","protected":false},"excerpt":{"rendered":"","protected":false},"author":10,"featured_media":0,"parent":0,"menu_order":0,"comment_status":"closed","ping_status":"closed","template":"page-blank.php","meta":{"inline_featured_image":false,"footnotes":""},"categories":[],"tags":[],"class_list":["post-1513","page","type-page","status-publish","hentry"],"_links":{"self":[{"href":"https:\/\/doli.bansalgroup.se\/sv\/wp-json\/wp\/v2\/pages\/1513","targetHints":{"allow":["GET"]}}],"collection":[{"href":"https:\/\/doli.bansalgroup.se\/sv\/wp-json\/wp\/v2\/pages"}],"about":[{"href":"https:\/\/doli.bansalgroup.se\/sv\/wp-json\/wp\/v2\/types\/page"}],"author":[{"embeddable":true,"href":"https:\/\/doli.bansalgroup.se\/sv\/wp-json\/wp\/v2\/users\/10"}],"replies":[{"embeddable":true,"href":"https:\/\/doli.bansalgroup.se\/sv\/wp-json\/wp\/v2\/comments?post=1513"}],"version-history":[{"count":36,"href":"https:\/\/doli.bansalgroup.se\/sv\/wp-json\/wp\/v2\/pages\/1513\/revisions"}],"predecessor-version":[{"id":8516,"href":"https:\/\/doli.bansalgroup.se\/sv\/wp-json\/wp\/v2\/pages\/1513\/revisions\/8516"}],"wp:attachment":[{"href":"https:\/\/doli.bansalgroup.se\/sv\/wp-json\/wp\/v2\/media?parent=1513"}],"wp:term":[{"taxonomy":"category","embeddable":true,"href":"https:\/\/doli.bansalgroup.se\/sv\/wp-json\/wp\/v2\/categories?post=1513"},{"taxonomy":"post_tag","embeddable":true,"href":"https:\/\/doli.bansalgroup.se\/sv\/wp-json\/wp\/v2\/tags?post=1513"}],"curies":[{"name":"wp","href":"https:\/\/api.w.org\/{rel}","templated":true}]}}