{"id":1529,"date":"2022-11-29T15:09:10","date_gmt":"2022-11-29T14:09:10","guid":{"rendered":"https:\/\/staging.eurovema.se\/?page_id=1529"},"modified":"2025-06-27T08:38:43","modified_gmt":"2025-06-27T06:38:43","slug":"promenadscooter","status":"publish","type":"page","link":"https:\/\/doli.bansalgroup.se\/sv\/vara-produkter\/promenadscooter\/","title":{"rendered":"Promenadscooter"},"content":{"rendered":"\n  <div id=\"page-header-285515173\" class=\"page-header-wrapper\">\n  <div class=\"page-title dark simple-title\">\n\n        <div class=\"page-title-bg\">\n      <div class=\"title-bg fill bg-fill\"\n        data-parallax-container=\".page-title\"\n        data-parallax-background\n        data-parallax=\"-\">\n      <\/div>\n      <div class=\"title-overlay fill\"><\/div>\n    <\/div>\n    \n    <div class=\"page-title-inner container align-center flex-row medium-flex-wrap row-reverse\" >\n            <div class=\"title-content flex-col flex-left text-left medium-text-center\">\n        <div class=\"title-breadcrumbs pb-half pt-half\"><\/div>      <\/div>\n    <\/div>\n\n     \n<style>\n#page-header-285515173 .title-bg {\n  background-image: url(https:\/\/doli.bansalgroup.se\/wp-content\/uploads\/2022\/11\/MicrosoftTeams-image-2.png);\n}\n<\/style>\n  <\/div>\n    <\/div>\n  \n\n\t<section class=\"section\" id=\"section_838187611\">\n\t\t<div class=\"bg section-bg fill bg-fill  bg-loaded\" >\n\n\t\t\t\n\t\t\t\n\t\t\t\n\n\t\t<\/div>\n\n\t\t\n\n\t\t<div class=\"section-content relative\">\n\t\t\t\n\n\t<div id=\"gap-1408680292\" class=\"gap-element clearfix\" style=\"display:block; height:auto;\">\n\t\t\n<style>\n#gap-1408680292 {\n  padding-top: 50px;\n}\n<\/style>\n\t<\/div>\n\t\n\n<div class=\"row padded\"  id=\"row-848532912\">\n\n\n\t<div id=\"col-821860527\" class=\"col small-12 large-12\"  >\n\t\t\t\t<div class=\"col-inner text-left\"  >\n\t\t\t\n\t\t\t\n\n<div class=\"container section-title-container\" ><h1 class=\"section-title section-title-normal\"><b><\/b><span class=\"section-title-main\" >Promenadscooter<\/span><b><\/b><\/h1><\/div>\n\n\n\t\t<\/div>\n\t\t\t\t\t<\/div>\n\n\t\n\n<\/div>\n<div class=\"row align-equal padded\"  id=\"row-670614646\">\n\n\n\t<div id=\"col-2061124051\" class=\"col col100 medium-12 small-12 large-5\"  >\n\t\t\t\t<div class=\"col-inner\"  >\n\t\t\t\n\t\t\t\n\n\t<div id=\"text-1123992116\" class=\"text\">\n\t\t\n\n<p class=\"p1\">Scooter KS-343 \u00e4r ett utm\u00e4rkt val f\u00f6r kortare resor i staden, i grannskapet eller i k\u00f6pcentret. Scootern \u00e4r dessutom liten nog att ta med p\u00e5 t\u00e5g d\u00e5 den endast \u00e4r 112 cm l\u00e5ng.<\/p>\n<p><img loading=\"lazy\" decoding=\"async\" class=\"size-medium wp-image-765 alignleft\" src=\"https:\/\/doli.bansalgroup.se\/wp-content\/uploads\/2023\/01\/karma_257x70.png\" alt=\"\" width=\"200\" height=\"39\" \/><\/p>\n<p>\u00a0<\/p>\n\t\t\n<style>\n#text-1123992116 {\n  line-height: 1.3;\n  color: #707070;\n}\n#text-1123992116 > * {\n  color: #707070;\n}\n<\/style>\n\t<\/div>\n\t\n\n\t\t<\/div>\n\t\t\t\t\n<style>\n#col-2061124051 > .col-inner {\n  padding: 40px 40px 40px 40px;\n}\n<\/style>\n\t<\/div>\n\n\t\n\n\t<div id=\"col-1109175104\" class=\"col medium-12 small-12 large-7 medium-col-first\"  >\n\t\t\t\t<div class=\"col-inner\"  >\n\t\t\t\n\t\t\t\n\n\t<div class=\"img has-hover pa-full-height-image-column x md-x lg-x y md-y lg-y\" id=\"image_1871443164\">\n\t\t\t\t\t\t\t\t<div class=\"img-inner image-cover dark\" style=\"padding-top:70%;\">\n\t\t\t<img loading=\"lazy\" decoding=\"async\" width=\"821\" height=\"569\" src=\"https:\/\/doli.bansalgroup.se\/wp-content\/uploads\/2023\/01\/promenadscooter_br00003327_kategoriheader.jpg\" class=\"attachment-large size-large\" alt=\"promenadscooter_br00003327_kategoriheader\" srcset=\"https:\/\/doli.bansalgroup.se\/wp-content\/uploads\/2023\/01\/promenadscooter_br00003327_kategoriheader.jpg 821w, https:\/\/doli.bansalgroup.se\/wp-content\/uploads\/2023\/01\/promenadscooter_br00003327_kategoriheader-300x208.jpg 300w, https:\/\/doli.bansalgroup.se\/wp-content\/uploads\/2023\/01\/promenadscooter_br00003327_kategoriheader-768x532.jpg 768w, https:\/\/doli.bansalgroup.se\/wp-content\/uploads\/2023\/01\/promenadscooter_br00003327_kategoriheader-600x416.jpg 600w\" sizes=\"auto, (max-width: 821px) 100vw, 821px\" \/>\t\t\t\t\t\t\n\t\t\t\t\t<\/div>\n\t\t\t\t\t\t\t\t\n<style>\n#image_1871443164 {\n  width: 100%;\n}\n<\/style>\n\t<\/div>\n\t\n\n\n\t\t<\/div>\n\t\t\t\t\t<\/div>\n\n\t\n\n\n<style>\n#row-670614646 > .col > .col-inner {\n  background-color: rgba(0, 0, 0, 0.05);\n}\n<\/style>\n<\/div>\n\t<div id=\"gap-844576444\" class=\"gap-element clearfix\" style=\"display:block; height:auto;\">\n\t\t\n<style>\n#gap-844576444 {\n  padding-top: 20px;\n}\n<\/style>\n\t<\/div>\n\t\n\n<div class=\"row align-equal padded\"  id=\"row-1577256940\">\n\n\n\t<div id=\"col-1801803887\" class=\"col medium-4 small-12 large-4\"  >\n\t\t\t\t<div class=\"col-inner text-center\" style=\"background-color:rgba(0, 0, 0, 0.05);\" >\n\t\t\t\n\t\t\t\n\n\t<div class=\"img has-hover x md-x lg-x y md-y lg-y\" id=\"image_791996740\">\n\t\t<a class=\"\" href=\"https:\/\/doli.bansalgroup.se\/vara-produkter\/promenadscooter\/scooter-ks-343\/\"  >\t\t\t\t\t\t<div class=\"img-inner dark\" >\n\t\t\t<img loading=\"lazy\" decoding=\"async\" width=\"590\" height=\"1024\" src=\"https:\/\/doli.bansalgroup.se\/wp-content\/uploads\/2022\/12\/scooter_ks343_frilagd_croped-590x1024.png\" class=\"attachment-large size-large\" alt=\"\" srcset=\"https:\/\/doli.bansalgroup.se\/wp-content\/uploads\/2022\/12\/scooter_ks343_frilagd_croped-590x1024.png 590w, https:\/\/doli.bansalgroup.se\/wp-content\/uploads\/2022\/12\/scooter_ks343_frilagd_croped-173x300.png 173w, https:\/\/doli.bansalgroup.se\/wp-content\/uploads\/2022\/12\/scooter_ks343_frilagd_croped.png 691w\" sizes=\"auto, (max-width: 590px) 100vw, 590px\" \/>\t\t\t\t\t\t\n\t\t\t\t\t<\/div>\n\t\t\t\t\t\t<\/a>\t\t\n<style>\n#image_791996740 {\n  width: 100%;\n}\n<\/style>\n\t<\/div>\n\t\n\n\t<div id=\"text-3612849588\" class=\"text productsbox\">\n\t\t\n\n<h3>Scooter KS-343<\/h3>\n<p>Marknadens kortaste och smalaste elscooter. Smart anpassning till b\u00e5de l\u00e5nga m\u00e4nniskor och juniorer. Smidig att k\u00f6ra och enkel att stiga i och ur.<\/p>\n\t\t\n<style>\n#text-3612849588 {\n  font-size: 0.95rem;\n  line-height: 1.3;\n  text-align: left;\n  color: #707070;\n}\n#text-3612849588 > * {\n  color: #707070;\n}\n<\/style>\n\t<\/div>\n\t\n<a href=\"https:\/\/doli.bansalgroup.se\/vara-produkter\/promenadscooter\/scooter-ks-343\/\" target=\"_self\" class=\"button primary is-outline lowercase\"  style=\"border-radius:99px;padding:2px 50px 2px 50px;\">\n    <span>L\u00e4s mer<\/span>\n  <\/a>\n\n\n\n\t\t<\/div>\n\t\t\t\t\n<style>\n#col-1801803887 > .col-inner {\n  padding: 20px 30px 20px 30px;\n}\n<\/style>\n\t<\/div>\n\n\t\n\n\t<div id=\"col-638301016\" class=\"col medium-4 small-12 large-4\"  >\n\t\t\t\t<div class=\"col-inner\"  >\n\t\t\t\n\t\t\t\n\n\n\t\t<\/div>\n\t\t\t\t\t<\/div>\n\n\t\n\n\t<div id=\"col-2129270847\" class=\"col medium-4 small-12 large-4\"  >\n\t\t\t\t<div class=\"col-inner\"  >\n\t\t\t\n\t\t\t\n\n\n\t\t<\/div>\n\t\t\t\t\t<\/div>\n\n\t\n\n<\/div>\n\t<div class=\"img has-hover x md-x lg-x y md-y lg-y\" id=\"image_386147403\">\n\t\t\t\t\t\t\t\t<div class=\"img-inner dark\" >\n\t\t\t<img loading=\"lazy\" decoding=\"async\" width=\"1920\" height=\"423\" src=\"https:\/\/doli.bansalgroup.se\/wp-content\/uploads\/2022\/11\/73A0561.png\" class=\"attachment-2048x2048 size-2048x2048\" alt=\"\" srcset=\"https:\/\/doli.bansalgroup.se\/wp-content\/uploads\/2022\/11\/73A0561.png 1920w, https:\/\/doli.bansalgroup.se\/wp-content\/uploads\/2022\/11\/73A0561-300x66.png 300w, https:\/\/doli.bansalgroup.se\/wp-content\/uploads\/2022\/11\/73A0561-1024x226.png 1024w, https:\/\/doli.bansalgroup.se\/wp-content\/uploads\/2022\/11\/73A0561-768x169.png 768w, https:\/\/doli.bansalgroup.se\/wp-content\/uploads\/2022\/11\/73A0561-1536x338.png 1536w, https:\/\/doli.bansalgroup.se\/wp-content\/uploads\/2022\/11\/73A0561-600x132.png 600w\" sizes=\"auto, (max-width: 1920px) 100vw, 1920px\" \/>\t\t\t\t\t\t\n\t\t\t\t\t<\/div>\n\t\t\t\t\t\t\t\t\n<style>\n#image_386147403 {\n  width: 100%;\n}\n<\/style>\n\t<\/div>\n\t\n\n\n\t\t<\/div>\n\n\t\t\n<style>\n#section_838187611 {\n  padding-top: 0px;\n  padding-bottom: 0px;\n}\n#section_838187611 .ux-shape-divider--top svg {\n  height: 150px;\n  --divider-top-width: 100%;\n}\n#section_838187611 .ux-shape-divider--bottom svg {\n  height: 150px;\n  --divider-width: 100%;\n}\n<\/style>\n\t<\/section>\n\t\n\n","protected":false},"excerpt":{"rendered":"","protected":false},"author":10,"featured_media":0,"parent":1513,"menu_order":0,"comment_status":"closed","ping_status":"closed","template":"page-blank.php","meta":{"inline_featured_image":false,"footnotes":""},"categories":[152],"tags":[],"class_list":["post-1529","page","type-page","status-publish","hentry","category-promenadscooter"],"_links":{"self":[{"href":"https:\/\/doli.bansalgroup.se\/sv\/wp-json\/wp\/v2\/pages\/1529","targetHints":{"allow":["GET"]}}],"collection":[{"href":"https:\/\/doli.bansalgroup.se\/sv\/wp-json\/wp\/v2\/pages"}],"about":[{"href":"https:\/\/doli.bansalgroup.se\/sv\/wp-json\/wp\/v2\/types\/page"}],"author":[{"embeddable":true,"href":"https:\/\/doli.bansalgroup.se\/sv\/wp-json\/wp\/v2\/users\/10"}],"replies":[{"embeddable":true,"href":"https:\/\/doli.bansalgroup.se\/sv\/wp-json\/wp\/v2\/comments?post=1529"}],"version-history":[{"count":20,"href":"https:\/\/doli.bansalgroup.se\/sv\/wp-json\/wp\/v2\/pages\/1529\/revisions"}],"predecessor-version":[{"id":8481,"href":"https:\/\/doli.bansalgroup.se\/sv\/wp-json\/wp\/v2\/pages\/1529\/revisions\/8481"}],"up":[{"embeddable":true,"href":"https:\/\/doli.bansalgroup.se\/sv\/wp-json\/wp\/v2\/pages\/1513"}],"wp:attachment":[{"href":"https:\/\/doli.bansalgroup.se\/sv\/wp-json\/wp\/v2\/media?parent=1529"}],"wp:term":[{"taxonomy":"category","embeddable":true,"href":"https:\/\/doli.bansalgroup.se\/sv\/wp-json\/wp\/v2\/categories?post=1529"},{"taxonomy":"post_tag","embeddable":true,"href":"https:\/\/doli.bansalgroup.se\/sv\/wp-json\/wp\/v2\/tags?post=1529"}],"curies":[{"name":"wp","href":"https:\/\/api.w.org\/{rel}","templated":true}]}}