{"id":1583,"date":"2022-11-29T15:58:47","date_gmt":"2022-11-29T14:58:47","guid":{"rendered":"https:\/\/staging.eurovema.se\/?page_id=1583"},"modified":"2025-06-27T08:41:22","modified_gmt":"2025-06-27T06:41:22","slug":"sulkyvagnar","status":"publish","type":"page","link":"https:\/\/doli.bansalgroup.se\/sv\/vara-produkter\/sulkyvagnar\/","title":{"rendered":"Sulkyvagnar"},"content":{"rendered":"\n  <div id=\"page-header-782894465\" class=\"page-header-wrapper\">\n  <div class=\"page-title dark simple-title\">\n\n        <div class=\"page-title-bg\">\n      <div class=\"title-bg fill bg-fill\"\n        data-parallax-container=\".page-title\"\n        data-parallax-background\n        data-parallax=\"-\">\n      <\/div>\n      <div class=\"title-overlay fill\"><\/div>\n    <\/div>\n    \n    <div class=\"page-title-inner container align-center flex-row medium-flex-wrap row-reverse\" >\n            <div class=\"title-content flex-col flex-left text-left medium-text-center\">\n        <div class=\"title-breadcrumbs pb-half pt-half\"><\/div>      <\/div>\n    <\/div>\n\n     \n<style>\n#page-header-782894465 .title-bg {\n  background-image: url(https:\/\/doli.bansalgroup.se\/wp-content\/uploads\/2022\/11\/MicrosoftTeams-image-2.png);\n}\n<\/style>\n  <\/div>\n    <\/div>\n  \n\n\t<section class=\"section\" id=\"section_1519653688\">\n\t\t<div class=\"bg section-bg fill bg-fill  bg-loaded\" >\n\n\t\t\t\n\t\t\t\n\t\t\t\n\n\t\t<\/div>\n\n\t\t\n\n\t\t<div class=\"section-content relative\">\n\t\t\t\n\n\t<div id=\"gap-1445550460\" class=\"gap-element clearfix\" style=\"display:block; height:auto;\">\n\t\t\n<style>\n#gap-1445550460 {\n  padding-top: 50px;\n}\n<\/style>\n\t<\/div>\n\t\n\n<div class=\"row padded\"  id=\"row-84243419\">\n\n\n\t<div id=\"col-60244584\" class=\"col small-12 large-12\"  >\n\t\t\t\t<div class=\"col-inner text-left\"  >\n\t\t\t\n\t\t\t\n\n<div class=\"container section-title-container\" ><h1 class=\"section-title section-title-normal\"><b><\/b><span class=\"section-title-main\" >Sulkyvagnar<\/span><b><\/b><\/h1><\/div>\n\n\n\t\t<\/div>\n\t\t\t\t\t<\/div>\n\n\t\n\n<\/div>\n<div class=\"row align-equal padded\"  id=\"row-1615086324\">\n\n\n\t<div id=\"col-600456431\" class=\"col medium-12 small-12 large-5\"  >\n\t\t\t\t<div class=\"col-inner\"  >\n\t\t\t\n\t\t\t\n\n\t<div id=\"text-2975310370\" class=\"text\">\n\t\t\n\n<p class=\"p1\">Vi erbjuder sulkyvagnar som underl\u00e4ttar f\u00f6r familjer som inte l\u00e5ter en funktionsneds\u00e4ttning hindra fr\u00e5n deltagande i aktiviteter eller v\u00e4xlingar mellan olika milj\u00f6er. Alla modellerna ger m\u00f6jlighet till enkel f\u00f6rflyttning eller transport i vardagen. De \u00e4r l\u00e4ttk\u00f6rda, smidiga att f\u00e4lla ihop, enkla att justera och har m\u00e4ngder av tillbeh\u00f6r f\u00f6r b\u00e5de barnets och handhavarens behov.<\/p>\n<p><img loading=\"lazy\" decoding=\"async\" class=\"size-medium wp-image-765 alignnone\" src=\"https:\/\/doli.bansalgroup.se\/wp-content\/uploads\/2023\/01\/alvema_318x70.png\" alt=\"\" width=\"200\" height=\"39\" \/><\/p>\n<p><img loading=\"lazy\" decoding=\"async\" class=\"size-medium wp-image-765 alignnone\" src=\"https:\/\/doli.bansalgroup.se\/wp-content\/uploads\/2023\/01\/logo_ormesa.png\" alt=\"\" width=\"200\" height=\"39\" \/><\/p>\n\t\t\n<style>\n#text-2975310370 {\n  line-height: 1.3;\n  color: #707070;\n}\n#text-2975310370 > * {\n  color: #707070;\n}\n<\/style>\n\t<\/div>\n\t\n\n\t\t<\/div>\n\t\t\t\t\n<style>\n#col-600456431 > .col-inner {\n  padding: 40px 40px 0px 40px;\n}\n@media (min-width:850px) {\n  #col-600456431 > .col-inner {\n    padding: 40px 40px 40px 40px;\n  }\n}\n<\/style>\n\t<\/div>\n\n\t\n\n\t<div id=\"col-403135865\" class=\"col medium-12 small-12 large-7 medium-col-first\"  >\n\t\t\t\t<div class=\"col-inner\"  >\n\t\t\t\n\t\t\t\n\n\t<div class=\"img has-hover pa-full-height-image-column hide-for-medium x md-x lg-x y md-y lg-y\" id=\"image_1061064635\">\n\t\t\t\t\t\t\t\t<div class=\"img-inner image-cover dark\" style=\"padding-top:90%;\">\n\t\t\t<img loading=\"lazy\" decoding=\"async\" width=\"821\" height=\"569\" src=\"https:\/\/doli.bansalgroup.se\/wp-content\/uploads\/2022\/12\/kategori_sulkyvagnar_br00003164_thumb.jpg\" class=\"attachment-large size-large\" alt=\"\" srcset=\"https:\/\/doli.bansalgroup.se\/wp-content\/uploads\/2022\/12\/kategori_sulkyvagnar_br00003164_thumb.jpg 821w, https:\/\/doli.bansalgroup.se\/wp-content\/uploads\/2022\/12\/kategori_sulkyvagnar_br00003164_thumb-300x208.jpg 300w, https:\/\/doli.bansalgroup.se\/wp-content\/uploads\/2022\/12\/kategori_sulkyvagnar_br00003164_thumb-768x532.jpg 768w\" sizes=\"auto, (max-width: 821px) 100vw, 821px\" \/>\t\t\t\t\t\t\n\t\t\t\t\t<\/div>\n\t\t\t\t\t\t\t\t\n<style>\n#image_1061064635 {\n  width: 100%;\n}\n<\/style>\n\t<\/div>\n\t\n\n\t<div class=\"img has-hover show-for-medium hide-for-small x md-x lg-x y md-y lg-y\" id=\"image_2119303719\">\n\t\t\t\t\t\t\t\t<div class=\"img-inner dark\" >\n\t\t\t<img loading=\"lazy\" decoding=\"async\" width=\"821\" height=\"569\" src=\"https:\/\/doli.bansalgroup.se\/wp-content\/uploads\/2022\/12\/kategori_sulkyvagnar_br00003164_thumb.jpg\" class=\"attachment-large size-large\" alt=\"\" srcset=\"https:\/\/doli.bansalgroup.se\/wp-content\/uploads\/2022\/12\/kategori_sulkyvagnar_br00003164_thumb.jpg 821w, https:\/\/doli.bansalgroup.se\/wp-content\/uploads\/2022\/12\/kategori_sulkyvagnar_br00003164_thumb-300x208.jpg 300w, https:\/\/doli.bansalgroup.se\/wp-content\/uploads\/2022\/12\/kategori_sulkyvagnar_br00003164_thumb-768x532.jpg 768w\" sizes=\"auto, (max-width: 821px) 100vw, 821px\" \/>\t\t\t\t\t\t\n\t\t\t\t\t<\/div>\n\t\t\t\t\t\t\t\t\n<style>\n#image_2119303719 {\n  width: 100%;\n}\n<\/style>\n\t<\/div>\n\t\n\n\t<div class=\"img has-hover pa-full-height-image-column show-for-small x md-x lg-x y md-y lg-y\" id=\"image_2109228021\">\n\t\t\t\t\t\t\t\t<div class=\"img-inner image-cover dark\" style=\"padding-top:75%;\">\n\t\t\t<img loading=\"lazy\" decoding=\"async\" width=\"821\" height=\"569\" src=\"https:\/\/doli.bansalgroup.se\/wp-content\/uploads\/2022\/12\/kategori_sulkyvagnar_br00003164_thumb.jpg\" class=\"attachment-large size-large\" alt=\"\" srcset=\"https:\/\/doli.bansalgroup.se\/wp-content\/uploads\/2022\/12\/kategori_sulkyvagnar_br00003164_thumb.jpg 821w, https:\/\/doli.bansalgroup.se\/wp-content\/uploads\/2022\/12\/kategori_sulkyvagnar_br00003164_thumb-300x208.jpg 300w, https:\/\/doli.bansalgroup.se\/wp-content\/uploads\/2022\/12\/kategori_sulkyvagnar_br00003164_thumb-768x532.jpg 768w\" sizes=\"auto, (max-width: 821px) 100vw, 821px\" \/>\t\t\t\t\t\t\n\t\t\t\t\t<\/div>\n\t\t\t\t\t\t\t\t\n<style>\n#image_2109228021 {\n  width: 100%;\n}\n<\/style>\n\t<\/div>\n\t\n\n\n\t\t<\/div>\n\t\t\t\t\t<\/div>\n\n\t\n\n\n<style>\n#row-1615086324 > .col > .col-inner {\n  background-color: rgba(0, 0, 0, 0.05);\n}\n<\/style>\n<\/div>\n\t<div id=\"gap-2132234135\" class=\"gap-element clearfix\" style=\"display:block; height:auto;\">\n\t\t\n<style>\n#gap-2132234135 {\n  padding-top: 20px;\n}\n<\/style>\n\t<\/div>\n\t\n\n<div class=\"row align-equal padded\"  id=\"row-831693237\">\n\n\n\t<div id=\"col-1798661215\" class=\"col medium-4 small-12 large-4\"  >\n\t\t\t\t<div class=\"col-inner text-center\" style=\"background-color:rgba(0, 0, 0, 0.05);\" >\n\t\t\t\n\t\t\t\n\n\t<div class=\"img has-hover x md-x lg-x y md-y lg-y\" id=\"image_527871857\">\n\t\t<a class=\"\" href=\"\/vara-produkter\/sulkyvagnar\/bug\/\"  >\t\t\t\t\t\t<div class=\"img-inner dark\" >\n\t\t\t<img loading=\"lazy\" decoding=\"async\" width=\"680\" height=\"1024\" src=\"https:\/\/doli.bansalgroup.se\/wp-content\/uploads\/2023\/01\/sulkyvagn_Alvema_Bug_croped-680x1024.png\" class=\"attachment-large size-large\" alt=\"Sulkyvagn Bug\" srcset=\"https:\/\/doli.bansalgroup.se\/wp-content\/uploads\/2023\/01\/sulkyvagn_Alvema_Bug_croped-680x1024.png 680w, https:\/\/doli.bansalgroup.se\/wp-content\/uploads\/2023\/01\/sulkyvagn_Alvema_Bug_croped-199x300.png 199w, https:\/\/doli.bansalgroup.se\/wp-content\/uploads\/2023\/01\/sulkyvagn_Alvema_Bug_croped-768x1156.png 768w, https:\/\/doli.bansalgroup.se\/wp-content\/uploads\/2023\/01\/sulkyvagn_Alvema_Bug_croped-600x903.png 600w, https:\/\/doli.bansalgroup.se\/wp-content\/uploads\/2023\/01\/sulkyvagn_Alvema_Bug_croped.png 797w\" sizes=\"auto, (max-width: 680px) 100vw, 680px\" \/>\t\t\t\t\t\t\n\t\t\t\t\t<\/div>\n\t\t\t\t\t\t<\/a>\t\t\n<style>\n#image_527871857 {\n  width: 100%;\n}\n<\/style>\n\t<\/div>\n\t\n\n\t<div id=\"text-708206946\" class=\"text productsbox\">\n\t\t\n\n<h3>Bug<\/h3>\n<p class=\"p1\">Avancerad sulkyvagn med tilt-funktion. Omfattande justeringsm\u00f6jligheter och stort urval av tillbeh\u00f6r som m\u00f6ter b\u00e5de barnets och handhavarens behov.<\/p>\n\t\t\n<style>\n#text-708206946 {\n  font-size: 1rem;\n  line-height: 1.3;\n  text-align: left;\n  color: #707070;\n}\n#text-708206946 > * {\n  color: #707070;\n}\n<\/style>\n\t<\/div>\n\t\n<a href=\"\/vara-produkter\/sulkyvagnar\/bug\/\" target=\"_self\" class=\"button primary is-outline lowercase\"  style=\"border-radius:99px;padding:2px 50px 2px 50px;\">\n    <span>L\u00e4s mer<\/span>\n  <\/a>\n\n\n\n\t\t<\/div>\n\t\t\t\t\n<style>\n#col-1798661215 > .col-inner {\n  padding: 20px 30px 20px 30px;\n}\n<\/style>\n\t<\/div>\n\n\t\n\n\t<div id=\"col-1342602308\" class=\"col medium-4 small-12 large-4\"  >\n\t\t\t\t<div class=\"col-inner text-center\" style=\"background-color:rgba(0, 0, 0, 0.05);\" >\n\t\t\t\n\t\t\t\n\n\t<div class=\"img has-hover x md-x lg-x y md-y lg-y\" id=\"image_530933376\">\n\t\t<a class=\"\" href=\"https:\/\/doli.bansalgroup.se\/vara-produkter\/sulkyvagnar\/pixi\/\"  >\t\t\t\t\t\t<div class=\"img-inner dark\" >\n\t\t\t<img loading=\"lazy\" decoding=\"async\" width=\"683\" height=\"1024\" src=\"https:\/\/doli.bansalgroup.se\/wp-content\/uploads\/2022\/12\/sulkyvagn_pixi_croped-683x1024.png\" class=\"attachment-large size-large\" alt=\"\" srcset=\"https:\/\/doli.bansalgroup.se\/wp-content\/uploads\/2022\/12\/sulkyvagn_pixi_croped-683x1024.png 683w, https:\/\/doli.bansalgroup.se\/wp-content\/uploads\/2022\/12\/sulkyvagn_pixi_croped-200x300.png 200w, https:\/\/doli.bansalgroup.se\/wp-content\/uploads\/2022\/12\/sulkyvagn_pixi_croped-768x1152.png 768w, https:\/\/doli.bansalgroup.se\/wp-content\/uploads\/2022\/12\/sulkyvagn_pixi_croped.png 800w\" sizes=\"auto, (max-width: 683px) 100vw, 683px\" \/>\t\t\t\t\t\t\n\t\t\t\t\t<\/div>\n\t\t\t\t\t\t<\/a>\t\t\n<style>\n#image_530933376 {\n  width: 100%;\n}\n<\/style>\n\t<\/div>\n\t\n\n\t<div id=\"text-2896217364\" class=\"text productsbox\">\n\t\t\n\n<h3>Pixi<\/h3>\n<p class=\"p1\">L\u00e4ttk\u00f6rd, stabil och robust sulky som \u00e4lskas av familjer som ofta v\u00e4xlar mellan olika milj\u00f6er. \u00d6kar barnets m\u00f6jligheter f\u00f6r ett aktivt engagemang.<\/p>\n\t\t\n<style>\n#text-2896217364 {\n  font-size: 1rem;\n  line-height: 1.3;\n  text-align: left;\n  color: #707070;\n}\n#text-2896217364 > * {\n  color: #707070;\n}\n<\/style>\n\t<\/div>\n\t\n<a href=\"https:\/\/doli.bansalgroup.se\/vara-produkter\/sulkyvagnar\/pixi\/\" target=\"_self\" class=\"button primary is-outline lowercase\"  style=\"border-radius:99px;padding:2px 50px 2px 50px;\">\n    <span>L\u00e4s mer<\/span>\n  <\/a>\n\n\n\n\t\t<\/div>\n\t\t\t\t\n<style>\n#col-1342602308 > .col-inner {\n  padding: 20px 30px 20px 30px;\n}\n<\/style>\n\t<\/div>\n\n\t\n\n\t<div id=\"col-1853996093\" class=\"col medium-4 small-12 large-4\"  >\n\t\t\t\t<div class=\"col-inner text-center\" style=\"background-color:rgba(0, 0, 0, 0.05);\" >\n\t\t\t\n\t\t\t\n\n<div class=\"slider-wrapper relative\" id=\"slider-43406354\" >\n    <div class=\"slider slider-nav-circle slider-nav-large slider-nav-light slider-style-normal slider-show-nav\"\n        data-flickity-options='{\n            \"cellAlign\": \"center\",\n            \"imagesLoaded\": true,\n            \"lazyLoad\": 1,\n            \"freeScroll\": false,\n            \"wrapAround\": true,\n            \"autoPlay\": 4000,\n            \"pauseAutoPlayOnHover\" : true,\n            \"prevNextButtons\": true,\n            \"contain\" : true,\n            \"adaptiveHeight\" : true,\n            \"dragThreshold\" : 10,\n            \"percentPosition\": true,\n            \"pageDots\": true,\n            \"rightToLeft\": false,\n            \"draggable\": true,\n            \"selectedAttraction\": 0.1,\n            \"parallax\" : 0,\n            \"friction\": 0.6        }'\n        >\n        \n\n\t<div class=\"img has-hover x md-x lg-x y md-y lg-y\" id=\"image_1026402085\">\n\t\t\t\t\t\t\t\t<div class=\"img-inner dark\" >\n\t\t\t<img loading=\"lazy\" decoding=\"async\" width=\"680\" height=\"1024\" src=\"https:\/\/doli.bansalgroup.se\/wp-content\/uploads\/2023\/01\/sulkyvagn_Trolli_croped-680x1024.png\" class=\"attachment-large size-large\" alt=\"Sulkyvagn Trolli\" srcset=\"https:\/\/doli.bansalgroup.se\/wp-content\/uploads\/2023\/01\/sulkyvagn_Trolli_croped-680x1024.png 680w, https:\/\/doli.bansalgroup.se\/wp-content\/uploads\/2023\/01\/sulkyvagn_Trolli_croped-199x300.png 199w, https:\/\/doli.bansalgroup.se\/wp-content\/uploads\/2023\/01\/sulkyvagn_Trolli_croped-768x1156.png 768w, https:\/\/doli.bansalgroup.se\/wp-content\/uploads\/2023\/01\/sulkyvagn_Trolli_croped-600x903.png 600w, https:\/\/doli.bansalgroup.se\/wp-content\/uploads\/2023\/01\/sulkyvagn_Trolli_croped.png 797w\" sizes=\"auto, (max-width: 680px) 100vw, 680px\" \/>\t\t\t\t\t\t\n\t\t\t\t\t<\/div>\n\t\t\t\t\t\t\t\t\n<style>\n#image_1026402085 {\n  width: 100%;\n}\n<\/style>\n\t<\/div>\n\t\n\n\t<div class=\"img has-hover x md-x lg-x y md-y lg-y\" id=\"image_1290704266\">\n\t\t\t\t\t\t\t\t<div class=\"img-inner dark\" >\n\t\t\t<img loading=\"lazy\" decoding=\"async\" width=\"681\" height=\"1024\" src=\"https:\/\/doli.bansalgroup.se\/wp-content\/uploads\/2023\/01\/sulkyvagn_Trollino_croped-681x1024.png\" class=\"attachment-large size-large\" alt=\"Sulkyvagn Trollino\" srcset=\"https:\/\/doli.bansalgroup.se\/wp-content\/uploads\/2023\/01\/sulkyvagn_Trollino_croped-681x1024.png 681w, https:\/\/doli.bansalgroup.se\/wp-content\/uploads\/2023\/01\/sulkyvagn_Trollino_croped-200x300.png 200w, https:\/\/doli.bansalgroup.se\/wp-content\/uploads\/2023\/01\/sulkyvagn_Trollino_croped-768x1155.png 768w, https:\/\/doli.bansalgroup.se\/wp-content\/uploads\/2023\/01\/sulkyvagn_Trollino_croped-600x902.png 600w, https:\/\/doli.bansalgroup.se\/wp-content\/uploads\/2023\/01\/sulkyvagn_Trollino_croped.png 798w\" sizes=\"auto, (max-width: 681px) 100vw, 681px\" \/>\t\t\t\t\t\t\n\t\t\t\t\t<\/div>\n\t\t\t\t\t\t\t\t\n<style>\n#image_1290704266 {\n  width: 100%;\n}\n<\/style>\n\t<\/div>\n\t\n\n\n     <\/div>\n\n     <div class=\"loading-spin dark large centered\"><\/div>\n\n     \t<\/div>\n\n\n\t<div id=\"text-4028430823\" class=\"text productsbox\">\n\t\t\n\n<h3>Trolli &amp; Trollino<\/h3>\n<p class=\"p1\">Smidig resesulky i fyra storlekar som uppskattas f\u00f6r sin enkelhet n\u00e4r det g\u00e4ller att hantera och lyfta i och ur en bil eller i kollektivtrafiken.<\/p>\n\t\t\n<style>\n#text-4028430823 {\n  font-size: 0.95rem;\n  line-height: 1.3;\n  text-align: left;\n  color: #707070;\n}\n#text-4028430823 > * {\n  color: #707070;\n}\n<\/style>\n\t<\/div>\n\t\n<a href=\"\/vara-produkter\/sulkyvagnar\/trollino-trolli\/\" target=\"_self\" class=\"button primary is-outline lowercase\"  style=\"border-radius:99px;padding:2px 50px 2px 50px;\">\n    <span>L\u00e4s mer<\/span>\n  <\/a>\n\n\n\n\t\t<\/div>\n\t\t\t\t\n<style>\n#col-1853996093 > .col-inner {\n  padding: 20px 30px 20px 30px;\n}\n<\/style>\n\t<\/div>\n\n\t\n\n\t<div id=\"col-26551516\" class=\"col medium-4 small-12 large-4\"  >\n\t\t\t\t<div class=\"col-inner text-center\" style=\"background-color:rgba(0, 0, 0, 0.05);\" >\n\t\t\t\n\t\t\t\n\n\t<div class=\"img has-hover x md-x lg-x y md-y lg-y\" id=\"image_893259196\">\n\t\t<a class=\"\" href=\"\/vara-produkter\/sulkyvagnar\/clip\/\"  >\t\t\t\t\t\t<div class=\"img-inner dark\" >\n\t\t\t<img loading=\"lazy\" decoding=\"async\" width=\"680\" height=\"1024\" src=\"https:\/\/doli.bansalgroup.se\/wp-content\/uploads\/2024\/05\/ormesa-clip-680x1024-1.png\" class=\"attachment-large size-large\" alt=\"\" srcset=\"https:\/\/doli.bansalgroup.se\/wp-content\/uploads\/2024\/05\/ormesa-clip-680x1024-1.png 680w, https:\/\/doli.bansalgroup.se\/wp-content\/uploads\/2024\/05\/ormesa-clip-680x1024-1-199x300.png 199w\" sizes=\"auto, (max-width: 680px) 100vw, 680px\" \/>\t\t\t\t\t\t\n\t\t\t\t\t<\/div>\n\t\t\t\t\t\t<\/a>\t\t\n<style>\n#image_893259196 {\n  width: 100%;\n}\n<\/style>\n\t<\/div>\n\t\n\n\t<div id=\"text-3089206629\" class=\"text productsbox\">\n\t\t\n\n<h3>Clip<\/h3>\n<p class=\"p1\">Mycket l\u00e4tt och liten vagn som \u00e4r enkel f\u00e4lla samman vilket g\u00f6r den smidig att ta med vid transport. Passar personer med l\u00e4ngd fr\u00e5n 110 cm upp till 170 cm och v\u00e4ger upp till 76 kg.<\/p>\n\t\t\n<style>\n#text-3089206629 {\n  font-size: 0.95rem;\n  line-height: 1.3;\n  text-align: left;\n  color: #707070;\n}\n#text-3089206629 > * {\n  color: #707070;\n}\n<\/style>\n\t<\/div>\n\t\n<a href=\"\/vara-produkter\/sulkyvagnar\/clip\/\" target=\"_self\" class=\"button primary is-outline lowercase\"  style=\"border-radius:99px;padding:2px 50px 2px 50px;\">\n    <span>L\u00e4s mer<\/span>\n  <\/a>\n\n\n\n\t\t<\/div>\n\t\t\t\t\n<style>\n#col-26551516 > .col-inner {\n  padding: 20px 30px 20px 30px;\n}\n<\/style>\n\t<\/div>\n\n\t\n\n<\/div>\n\t<div id=\"gap-1438969680\" class=\"gap-element clearfix\" style=\"display:block; height:auto;\">\n\t\t\n<style>\n#gap-1438969680 {\n  padding-top: 40px;\n}\n<\/style>\n\t<\/div>\n\t\n\n\t<div class=\"img has-hover x md-x lg-x y md-y lg-y\" id=\"image_265483677\">\n\t\t\t\t\t\t\t\t<div class=\"img-inner dark\" >\n\t\t\t<img loading=\"lazy\" decoding=\"async\" width=\"1920\" height=\"423\" src=\"https:\/\/doli.bansalgroup.se\/wp-content\/uploads\/2022\/11\/73A0561.png\" class=\"attachment-2048x2048 size-2048x2048\" alt=\"\" srcset=\"https:\/\/doli.bansalgroup.se\/wp-content\/uploads\/2022\/11\/73A0561.png 1920w, https:\/\/doli.bansalgroup.se\/wp-content\/uploads\/2022\/11\/73A0561-300x66.png 300w, https:\/\/doli.bansalgroup.se\/wp-content\/uploads\/2022\/11\/73A0561-1024x226.png 1024w, https:\/\/doli.bansalgroup.se\/wp-content\/uploads\/2022\/11\/73A0561-768x169.png 768w, https:\/\/doli.bansalgroup.se\/wp-content\/uploads\/2022\/11\/73A0561-1536x338.png 1536w, https:\/\/doli.bansalgroup.se\/wp-content\/uploads\/2022\/11\/73A0561-600x132.png 600w\" sizes=\"auto, (max-width: 1920px) 100vw, 1920px\" \/>\t\t\t\t\t\t\n\t\t\t\t\t<\/div>\n\t\t\t\t\t\t\t\t\n<style>\n#image_265483677 {\n  width: 100%;\n}\n<\/style>\n\t<\/div>\n\t\n\n\n\t\t<\/div>\n\n\t\t\n<style>\n#section_1519653688 {\n  padding-top: 0px;\n  padding-bottom: 0px;\n}\n#section_1519653688 .ux-shape-divider--top svg {\n  height: 150px;\n  --divider-top-width: 100%;\n}\n#section_1519653688 .ux-shape-divider--bottom svg {\n  height: 150px;\n  --divider-width: 100%;\n}\n<\/style>\n\t<\/section>\n\t\n\n","protected":false},"excerpt":{"rendered":"","protected":false},"author":10,"featured_media":1614,"parent":1513,"menu_order":0,"comment_status":"closed","ping_status":"closed","template":"page-blank.php","meta":{"inline_featured_image":false,"footnotes":""},"categories":[],"tags":[],"class_list":["post-1583","page","type-page","status-publish","has-post-thumbnail","hentry"],"_links":{"self":[{"href":"https:\/\/doli.bansalgroup.se\/sv\/wp-json\/wp\/v2\/pages\/1583","targetHints":{"allow":["GET"]}}],"collection":[{"href":"https:\/\/doli.bansalgroup.se\/sv\/wp-json\/wp\/v2\/pages"}],"about":[{"href":"https:\/\/doli.bansalgroup.se\/sv\/wp-json\/wp\/v2\/types\/page"}],"author":[{"embeddable":true,"href":"https:\/\/doli.bansalgroup.se\/sv\/wp-json\/wp\/v2\/users\/10"}],"replies":[{"embeddable":true,"href":"https:\/\/doli.bansalgroup.se\/sv\/wp-json\/wp\/v2\/comments?post=1583"}],"version-history":[{"count":50,"href":"https:\/\/doli.bansalgroup.se\/sv\/wp-json\/wp\/v2\/pages\/1583\/revisions"}],"predecessor-version":[{"id":8483,"href":"https:\/\/doli.bansalgroup.se\/sv\/wp-json\/wp\/v2\/pages\/1583\/revisions\/8483"}],"up":[{"embeddable":true,"href":"https:\/\/doli.bansalgroup.se\/sv\/wp-json\/wp\/v2\/pages\/1513"}],"wp:featuredmedia":[{"embeddable":true,"href":"https:\/\/doli.bansalgroup.se\/sv\/wp-json\/wp\/v2\/media\/1614"}],"wp:attachment":[{"href":"https:\/\/doli.bansalgroup.se\/sv\/wp-json\/wp\/v2\/media?parent=1583"}],"wp:term":[{"taxonomy":"category","embeddable":true,"href":"https:\/\/doli.bansalgroup.se\/sv\/wp-json\/wp\/v2\/categories?post=1583"},{"taxonomy":"post_tag","embeddable":true,"href":"https:\/\/doli.bansalgroup.se\/sv\/wp-json\/wp\/v2\/tags?post=1583"}],"curies":[{"name":"wp","href":"https:\/\/api.w.org\/{rel}","templated":true}]}}