{"id":1594,"date":"2022-11-29T16:02:37","date_gmt":"2022-11-29T15:02:37","guid":{"rendered":"https:\/\/staging.eurovema.se\/?page_id=1594"},"modified":"2024-03-05T13:35:59","modified_gmt":"2024-03-05T12:35:59","slug":"bug","status":"publish","type":"page","link":"https:\/\/doli.bansalgroup.se\/sv\/vara-produkter\/sulkyvagnar\/bug\/","title":{"rendered":"Bug"},"content":{"rendered":"\n\t<section class=\"section\" id=\"section_2115286577\">\n\t\t<div class=\"bg section-bg fill bg-fill  bg-loaded\" >\n\n\t\t\t\n\t\t\t\n\t\t\t\n\n\t\t<\/div>\n\n\t\t\n\n\t\t<div class=\"section-content relative\">\n\t\t\t\n\n  <div id=\"page-header-140145699\" class=\"page-header-wrapper\">\n  <div class=\"page-title dark simple-title\">\n\n        <div class=\"page-title-bg\">\n      <div class=\"title-bg fill bg-fill\"\n        data-parallax-container=\".page-title\"\n        data-parallax-background\n        data-parallax=\"-\">\n      <\/div>\n      <div class=\"title-overlay fill\"><\/div>\n    <\/div>\n    \n    <div class=\"page-title-inner container align-center flex-row medium-flex-wrap row-reverse\" >\n            <div class=\"title-content flex-col flex-left text-left medium-text-center\">\n        <div class=\"title-breadcrumbs pb-half pt-half\"><\/div>      <\/div>\n    <\/div>\n\n     \n<style>\n#page-header-140145699 .title-bg {\n  background-image: url(https:\/\/doli.bansalgroup.se\/wp-content\/uploads\/2022\/11\/swirl-eurovema.png);\n}\n<\/style>\n  <\/div>\n    <\/div>\n  \n\n\t<div id=\"gap-1023441319\" class=\"gap-element clearfix\" style=\"display:block; height:auto;\">\n\t\t\n<style>\n#gap-1023441319 {\n  padding-top: 50px;\n}\n<\/style>\n\t<\/div>\n\t\n\n<div class=\"row padded\"  id=\"row-552021700\">\n\n\n\t<div id=\"col-936528883\" class=\"col medium-2 small-7 large-2\"  >\n\t\t\t\t<div class=\"col-inner\"  >\n\t\t\t\n\t\t\t\n\n<div class=\"container section-title-container\" ><h1 class=\"section-title section-title-normal\"><b><\/b><span class=\"section-title-main\" >Bug<\/span><b><\/b><\/h1><\/div>\n\n\n\t\t<\/div>\n\t\t\t\t\t<\/div>\n\n\t\n\n\t<div id=\"col-1814688382\" class=\"col medium-4 small-5 large-4\"  >\n\t\t\t\t<div class=\"col-inner\"  >\n\t\t\t\n\t\t\t\n\n\t<div class=\"img has-hover x md-x lg-x y md-y lg-y\" id=\"image_2009132306\">\n\t\t\t\t\t\t\t\t<div class=\"img-inner dark\" style=\"margin:5px 0px 0px 0px;\">\n\t\t\t<img loading=\"lazy\" decoding=\"async\" width=\"500\" height=\"128\" src=\"https:\/\/doli.bansalgroup.se\/wp-content\/uploads\/2023\/01\/logo_ormesa.png\" class=\"attachment-large size-large\" alt=\"\" srcset=\"https:\/\/doli.bansalgroup.se\/wp-content\/uploads\/2023\/01\/logo_ormesa.png 500w, https:\/\/doli.bansalgroup.se\/wp-content\/uploads\/2023\/01\/logo_ormesa-300x77.png 300w\" sizes=\"auto, (max-width: 500px) 100vw, 500px\" \/>\t\t\t\t\t\t\n\t\t\t\t\t<\/div>\n\t\t\t\t\t\t\t\t\n<style>\n#image_2009132306 {\n  width: 100%;\n}\n@media (min-width:550px) {\n  #image_2009132306 {\n    width: 80%;\n  }\n}\n<\/style>\n\t<\/div>\n\t\n\n\n\t\t<\/div>\n\t\t\t\t\t<\/div>\n\n\t\n\n\t<div id=\"col-1659907079\" class=\"col medium-4 small-12 large-4\"  >\n\t\t\t\t<div class=\"col-inner\"  >\n\t\t\t\n\t\t\t\n\n\n\t\t<\/div>\n\t\t\t\t\t<\/div>\n\n\t\n\n<\/div>\n<div class=\"row paddedprodukt\"  id=\"row-1787305531\">\n\n\n\t<div id=\"col-247786543\" class=\"col produkt medium-6 small-12 large-6\"  >\n\t\t\t\t<div class=\"col-inner\"  >\n\t\t\t\n\t\t\t\n\n\t<div id=\"text-2892731496\" class=\"text\">\n\t\t\n\n<p>Avancerad sulkyvagn med tilt-funktion. Tack vare vinkeljusteringar n\u00e4ra kroppens naturliga leder (h\u00f6ft, kn\u00e4 och anklar) kan positionen f\u00f6rbli of\u00f6r\u00e4ndrad vid s\u00e4nkning och h\u00f6jning av tilt-l\u00e4gena. Omfattade m\u00f6jligheter till justering och stort tillbeh\u00f6rsurval ger ett modul\u00e4rt sittsystem som b\u00e5de m\u00f6ter barnets och handhavarens behov. Sittsystemet, inklusive tilt-mekanismen, kan med ett enkelt sn\u00e4ppl\u00e5s lyftas av och anv\u00e4ndas p\u00e5 olika sittunderreden inomhus. Ett high-low underrede avsett fr\u00e4mst f\u00f6r m\u00e5ltider och lek vid bord med en h\u00f6jdjustering fr\u00e5n 34 cm upp till 61 cm. \u00c4ven ett l\u00e4gre med h\u00f6jd fr\u00e5n 23 till 39 cm. B\u00e5da underredena \u00e4r utrustade med l\u00e5sbara hjul.<\/p>\n<p>Sittsystemet \u00e4r av vadderad textil som \u00e4r Oekotex-certifierad. Dynan kan tas av och tv\u00e4ttas. Ett mycket brett sortiment av tillbeh\u00f6r m\u00f6jligg\u00f6r optimal anpassning efter varje barn. Bug \u00e4r testad och godk\u00e4nd f\u00f6r transport med barnet i fordon. F\u00f6r detta finns avsedda transportkrokar.<\/p>\n\t\t\n<style>\n#text-2892731496 {\n  line-height: 1.3;\n  color: #707070;\n}\n#text-2892731496 > * {\n  color: #707070;\n}\n<\/style>\n\t<\/div>\n\t\n\t<div id=\"gap-92954949\" class=\"gap-element clearfix\" style=\"display:block; height:auto;\">\n\t\t\n<style>\n#gap-92954949 {\n  padding-top: 20px;\n}\n<\/style>\n\t<\/div>\n\t\n\n<div class=\"row\"  id=\"row-1598369561\">\n\n\n\t<div id=\"col-529664634\" class=\"col medium-4 small-12 large-4\"  >\n\t\t\t\t<div class=\"col-inner\"  >\n\t\t\t\n\t\t\t\n\n\n\t\t<div class=\"icon-box featured-box icon-box-left text-left is-small\"  style=\"margin:0px 0px 0px 0px;\">\n\t\t\t\t\t<div class=\"icon-box-img\" style=\"width: 20px\">\n\t\t\t\t<div class=\"icon\">\n\t\t\t\t\t<div class=\"icon-inner\" style=\"color:rgb(239, 125, 22);\">\n\t\t\t\t\t\t<?xml version=\"1.0\" encoding=\"UTF-8\"?>\n<svg xmlns=\"http:\/\/www.w3.org\/2000\/svg\" viewBox=\"0 0 448 512\">\n  <!--! Font Awesome Pro 6.2.1 by @fontawesome - https:\/\/fontawesome.com License - https:\/\/fontawesome.com\/license (Commercial License) Copyright 2022 Fonticons, Inc. -->\n  <path d=\"M64 32C28.7 32 0 60.7 0 96V416c0 35.3 28.7 64 64 64H384c35.3 0 64-28.7 64-64V96c0-35.3-28.7-64-64-64H64zM337 209L209 337c-9.4 9.4-24.6 9.4-33.9 0l-64-64c-9.4-9.4-9.4-24.6 0-33.9s24.6-9.4 33.9 0l47 47L303 175c9.4-9.4 24.6-9.4 33.9 0s9.4 24.6 0 33.9z\"><\/path>\n<\/svg>\n\t\t\t\t\t<\/div>\n\t\t\t\t<\/div>\n\t\t\t<\/div>\n\t\t\t\t<div class=\"icon-box-text last-reset\">\n\t\t\t<h5 class=\"uppercase\">Inomhus<\/h5>\t\t\t\t\t\t\n\n\n\t\t<\/div>\n\t<\/div>\n\t\n\t\n\n\t\t<\/div>\n\t\t\t\t\t<\/div>\n\n\t\n\n\t<div id=\"col-1146147961\" class=\"col medium-4 small-12 large-4\"  >\n\t\t\t\t<div class=\"col-inner\"  >\n\t\t\t\n\t\t\t\n\n\n\t\t<div class=\"icon-box featured-box icon-box-left text-left is-small\"  style=\"margin:0px 0px 0px 0px;\">\n\t\t\t\t\t<div class=\"icon-box-img\" style=\"width: 20px\">\n\t\t\t\t<div class=\"icon\">\n\t\t\t\t\t<div class=\"icon-inner\" style=\"color:rgb(239, 125, 22);\">\n\t\t\t\t\t\t<?xml version=\"1.0\" encoding=\"UTF-8\"?>\n<svg xmlns=\"http:\/\/www.w3.org\/2000\/svg\" viewBox=\"0 0 448 512\">\n  <!--! Font Awesome Pro 6.2.1 by @fontawesome - https:\/\/fontawesome.com License - https:\/\/fontawesome.com\/license (Commercial License) Copyright 2022 Fonticons, Inc. -->\n  <path d=\"M64 32C28.7 32 0 60.7 0 96V416c0 35.3 28.7 64 64 64H384c35.3 0 64-28.7 64-64V96c0-35.3-28.7-64-64-64H64zM337 209L209 337c-9.4 9.4-24.6 9.4-33.9 0l-64-64c-9.4-9.4-9.4-24.6 0-33.9s24.6-9.4 33.9 0l47 47L303 175c9.4-9.4 24.6-9.4 33.9 0s9.4 24.6 0 33.9z\"><\/path>\n<\/svg>\n\t\t\t\t\t<\/div>\n\t\t\t\t<\/div>\n\t\t\t<\/div>\n\t\t\t\t<div class=\"icon-box-text last-reset\">\n\t\t\t<h5 class=\"uppercase\">Utomhus<\/h5>\t\t\t\t\t\t\n\n\n\t\t<\/div>\n\t<\/div>\n\t\n\t\n\n\t\t<\/div>\n\t\t\t\t\t<\/div>\n\n\t\n\n<\/div>\n\n\t\t<\/div>\n\t\t\t\t\n<style>\n#col-247786543 > .col-inner {\n  padding: 80px 30px 20px 30px;\n}\n<\/style>\n\t<\/div>\n\n\t\n\n\t<div id=\"col-1474901130\" class=\"col produkt medium-6 small-12 large-6\"  >\n\t\t\t\t<div class=\"col-inner text-center\"  >\n\t\t\t\n\t\t\t\n\n\t<div class=\"img has-hover x md-x lg-x y md-y lg-y\" id=\"image_840554836\">\n\t\t\t\t\t\t\t\t<div class=\"img-inner dark\" style=\"margin:0px 0px 0px 0px;\">\n\t\t\t<img loading=\"lazy\" decoding=\"async\" width=\"680\" height=\"1024\" src=\"https:\/\/doli.bansalgroup.se\/wp-content\/uploads\/2023\/01\/sulkyvagn_Alvema_Bug_croped-680x1024.png\" class=\"attachment-large size-large\" alt=\"Sulkyvagn Bug\" srcset=\"https:\/\/doli.bansalgroup.se\/wp-content\/uploads\/2023\/01\/sulkyvagn_Alvema_Bug_croped-680x1024.png 680w, https:\/\/doli.bansalgroup.se\/wp-content\/uploads\/2023\/01\/sulkyvagn_Alvema_Bug_croped-199x300.png 199w, https:\/\/doli.bansalgroup.se\/wp-content\/uploads\/2023\/01\/sulkyvagn_Alvema_Bug_croped-768x1156.png 768w, https:\/\/doli.bansalgroup.se\/wp-content\/uploads\/2023\/01\/sulkyvagn_Alvema_Bug_croped-600x903.png 600w, https:\/\/doli.bansalgroup.se\/wp-content\/uploads\/2023\/01\/sulkyvagn_Alvema_Bug_croped.png 797w\" sizes=\"auto, (max-width: 680px) 100vw, 680px\" \/>\t\t\t\t\t\t\n\t\t\t\t\t<\/div>\n\t\t\t\t\t\t\t\t\n<style>\n#image_840554836 {\n  width: 90%;\n}\n<\/style>\n\t<\/div>\n\t\n\n\n\t\t<\/div>\n\t\t\t\t\t<\/div>\n\n\t\n\n<\/div>\n\t<div id=\"gap-1270920387\" class=\"gap-element clearfix\" style=\"display:block; height:auto;\">\n\t\t\n<style>\n#gap-1270920387 {\n  padding-top: 20px;\n}\n<\/style>\n\t<\/div>\n\t\n\n<div class=\"row padded\"  id=\"row-525173754\">\n\n\n\t<div id=\"col-1174119526\" class=\"col medium-8 small-12 large-8\"  >\n\t\t\t\t<div class=\"col-inner text-center\"  >\n\t\t\t\n\t\t\t\n\n\t<div id=\"text-138049478\" class=\"text\">\n\t\t\n\n<p><strong>Tekniska detaljer<\/strong><\/p>\n\t\t\n<style>\n#text-138049478 {\n  font-size: 1.25rem;\n  text-align: left;\n  color: #707070;\n}\n#text-138049478 > * {\n  color: #707070;\n}\n<\/style>\n\t<\/div>\n\t\n\t<div id=\"text-2263758650\" class=\"text\">\n\t\t\n\n<p>Bug finns i tv\u00e5 storlekar. Den mindre storleken kan v\u00e4ndas 180 grader s\u00e5 att barnet antingen kan k\u00f6ras med blicken fram\u00e5t eller bak\u00e5t. Den \u00e4r avsedd f\u00f6r barn med en maximal vikt p\u00e5 35 kg och ungef\u00e4rlig l\u00e4ngd 90-120 cm. Den st\u00f6rre modellen passar f\u00f6r upp till 45 kg och 115-140 cm.<\/p>\n\t\t\n<style>\n#text-2263758650 {\n  font-size: 1rem;\n  text-align: left;\n  color: #707070;\n}\n#text-2263758650 > * {\n  color: #707070;\n}\n<\/style>\n\t<\/div>\n\t\n\t<div id=\"text-482303921\" class=\"text\">\n\t\t\n\n<h3 style=\"text-align: left;\"><span style=\"font-size: 90%;\">Bug Sulky Chassi 869<\/span><\/h3>\n\t\t\n<style>\n#text-482303921 {\n  font-size: 1rem;\n}\n<\/style>\n\t<\/div>\n\t\n\n\t\t<\/div>\n\t\t\t\t\n<style>\n#col-1174119526 > .col-inner {\n  padding: 20px 20px 0px 0px;\n  margin: 0px 0px -30px 0px;\n}\n@media (min-width:550px) {\n  #col-1174119526 > .col-inner {\n    padding: 20px 20px 0px 0px;\n  }\n}\n<\/style>\n\t<\/div>\n\n\t\n\n\t<div id=\"col-185564358\" class=\"col product-column medium-4 small-12 large-4\"  >\n\t\t\t\t<div class=\"col-inner\"  >\n\t\t\t\n\t\t\t\n\n\n\n\n\n\n\t\t<\/div>\n\t\t\t\t\n<style>\n#col-185564358 > .col-inner {\n  padding: 0px 0px 0px 0px;\n}\n<\/style>\n\t<\/div>\n\n\t\n\n<\/div>\n<div class=\"row padded\"  id=\"row-684943260\">\n\n\n\t<div id=\"col-1345161942\" class=\"col small-12 large-12\"  >\n\t\t\t\t<div class=\"col-inner\"  >\n\t\t\t\n\t\t\t\n\n\t<div id=\"text-1444972136\" class=\"text\">\n\t\t\n\n\n<table id=\"tablepress-57\" class=\"tablepress tablepress-id-57\">\n<thead>\n<tr class=\"row-1\">\n\t<td class=\"column-1\"><\/td><th class=\"column-2\">SMALL<\/th><th class=\"column-3\">MEDIUM<\/th>\n<\/tr>\n<\/thead>\n<tbody class=\"row-striping row-hover\">\n<tr class=\"row-2\">\n\t<td class=\"column-1\">Sittbredd<\/td><td class=\"column-2\">20-30 cm<\/td><td class=\"column-3\">25-36 cm<\/td>\n<\/tr>\n<tr class=\"row-3\">\n\t<td class=\"column-1\">Ryggh\u00f6jd<\/td><td class=\"column-2\">52-62 cm<\/td><td class=\"column-3\">60-75 cm<\/td>\n<\/tr>\n<tr class=\"row-4\">\n\t<td class=\"column-1\">Ryggbredd<\/td><td class=\"column-2\">37 cm<\/td><td class=\"column-3\">46 cm<\/td>\n<\/tr>\n<tr class=\"row-5\">\n\t<td class=\"column-1\">Sitsh\u00f6jd till golv<\/td><td class=\"column-2\">52 cm<\/td><td class=\"column-3\">55 cm<\/td>\n<\/tr>\n<tr class=\"row-6\">\n\t<td class=\"column-1\">Sitsdjup<\/td><td class=\"column-2\">20-30 cm<\/td><td class=\"column-3\">30-40 cm<\/td>\n<\/tr>\n<tr class=\"row-7\">\n\t<td class=\"column-1\">Underbensl\u00e4ngd<\/td><td class=\"column-2\">14-30 cm<\/td><td class=\"column-3\">20-38 cm<\/td>\n<\/tr>\n<tr class=\"row-8\">\n\t<td class=\"column-1\">Benst\u00f6dsvinkel<\/td><td class=\"column-2\">0\u00b0-35\u00b0 <\/td><td class=\"column-3\">5\u00b0-30\u00b0<\/td>\n<\/tr>\n<tr class=\"row-9\">\n\t<td class=\"column-1\">Rygg h\u00f6jd till golv<\/td><td class=\"column-2\">100-110 cm<\/td><td class=\"column-3\">112-127 cm<\/td>\n<\/tr>\n<tr class=\"row-10\">\n\t<td class=\"column-1\">Chassibredd<\/td><td class=\"column-2\">57 cm<\/td><td class=\"column-3\">62 cm<\/td>\n<\/tr>\n<tr class=\"row-11\">\n\t<td class=\"column-1\">Ryggvinkel<\/td><td class=\"column-2\">35\u00b0<\/td><td class=\"column-3\">40\u00b0<\/td>\n<\/tr>\n<tr class=\"row-12\">\n\t<td class=\"column-1\">L\u00e4ngd<\/td><td class=\"column-2\">67-96 cm<\/td><td class=\"column-3\">80-107 cm<\/td>\n<\/tr>\n<tr class=\"row-13\">\n\t<td class=\"column-1\">S\u00e4tes h\u00f6jd l\u00f6st-ihopf\u00e4lld<\/td><td class=\"column-2\">35 cm<\/td><td class=\"column-3\">37 cm<\/td>\n<\/tr>\n<tr class=\"row-14\">\n\t<td class=\"column-1\">Chassi h\u00f6jd -ihopf\u00e4lld<\/td><td class=\"column-2\">33 cm<\/td><td class=\"column-3\">39 cm<\/td>\n<\/tr>\n<tr class=\"row-15\">\n\t<td class=\"column-1\">Chassi l\u00e4ngd - ihopf\u00e4lld<\/td><td class=\"column-2\">82 cm<\/td><td class=\"column-3\">94 cm<\/td>\n<\/tr>\n<tr class=\"row-16\">\n\t<td class=\"column-1\">Vagn kpl h\u00f6jd - ihopf\u00e4lld<\/td><td class=\"column-2\">50 cm<\/td><td class=\"column-3\">52 cm<\/td>\n<\/tr>\n<tr class=\"row-17\">\n\t<td class=\"column-1\">Vagn kpl l\u00e4ngd - ihopf\u00e4lld<\/td><td class=\"column-2\">81 cm<\/td><td class=\"column-3\">94 cm<\/td>\n<\/tr>\n<tr class=\"row-18\">\n\t<td class=\"column-1\">Brukarl\u00e4ngd<\/td><td class=\"column-2\">90-120 cm<\/td><td class=\"column-3\">115-140 cm<\/td>\n<\/tr>\n<tr class=\"row-19\">\n\t<td class=\"column-1\">Max Last<\/td><td class=\"column-2\">35 kg<\/td><td class=\"column-3\">45 kg<\/td>\n<\/tr>\n<tr class=\"row-20\">\n\t<td class=\"column-1\">Ramens vikt<\/td><td class=\"column-2\">9,5 kg<\/td><td class=\"column-3\">11 kg<\/td>\n<\/tr>\n<tr class=\"row-21\">\n\t<td class=\"column-1\">S\u00e4tets vikt<\/td><td class=\"column-2\">8,5 kg<\/td><td class=\"column-3\">12,7 kg<\/td>\n<\/tr>\n<tr class=\"row-22\">\n\t<td class=\"column-1\">Total vikt<\/td><td class=\"column-2\">18 kg<\/td><td class=\"column-3\">23,7 kg<\/td>\n<\/tr>\n<\/tbody>\n<\/table>\n<!-- #tablepress-57 from cache -->\n\t\t\n<style>\n#text-1444972136 {\n  font-size: 0.9rem;\n}\n<\/style>\n\t<\/div>\n\t\n\n\t\t<\/div>\n\t\t\t\t\t<\/div>\n\n\t\n\n<\/div>\n<div class=\"text-center\"><div class=\"is-divider divider clearfix\" style=\"max-width:1000px;height:1px;\"><\/div><\/div>\n\n\t<div id=\"gap-258625954\" class=\"gap-element clearfix\" style=\"display:block; height:auto;\">\n\t\t\n<style>\n#gap-258625954 {\n  padding-top: 30px;\n}\n<\/style>\n\t<\/div>\n\t\n\n<div class=\"row padded\"  id=\"row-1121513122\">\n\n\n\t<div id=\"col-310693617\" class=\"col small-12 large-12\"  >\n\t\t\t\t<div class=\"col-inner text-left\"  >\n\t\t\t\n\t\t\t\n\n<div class=\"container section-title-container #produktkatalog\" ><h4 class=\"section-title section-title-normal\"><b><\/b><span class=\"section-title-main\" >Dokumentation<\/span><b><\/b><\/h4><\/div>\n\n<div class=\"row align-middle document-row\"  id=\"row-415432614\">\n\n\n\t<div id=\"col-1381403191\" class=\"col medium-7 small-5 large-7\"  >\n\t\t\t\t<div class=\"col-inner\"  >\n\t\t\t\n\t\t\t\n\n\t<div id=\"text-3240724902\" class=\"text\">\n\t\t\n\n<p><span style=\"color: #808080;\"><strong>Broschyr BUG<\/strong><\/span><\/p>\n\t\t\n<style>\n#text-3240724902 {\n  font-size: 0.8rem;\n  line-height: 1.6;\n}\n@media (min-width:550px) {\n  #text-3240724902 {\n    font-size: 1rem;\n  }\n}\n@media (min-width:850px) {\n  #text-3240724902 {\n    font-size: 1rem;\n  }\n}\n<\/style>\n\t<\/div>\n\t\n\n\t\t<\/div>\n\t\t\t\t\n<style>\n#col-1381403191 > .col-inner {\n  padding: 17px 0px 0px 0px;\n}\n@media (min-width:550px) {\n  #col-1381403191 > .col-inner {\n    padding: 17px 30px 0px 30px;\n  }\n}\n<\/style>\n\t<\/div>\n\n\t\n\n\t<div id=\"col-114527276\" class=\"col language-column medium-2 small-1 large-2\"  >\n\t\t\t\t<div class=\"col-inner\"  >\n\t\t\t\n\t\t\t\n\n\t<div id=\"text-1093806800\" class=\"text\">\n\t\t\n\n<p><span style=\"color: #808080;\">ENGELSKA<\/span><\/p>\n\t\t\n<style>\n#text-1093806800 {\n  font-size: 0.75rem;\n  text-align: center;\n}\n@media (min-width:550px) {\n  #text-1093806800 {\n    font-size: 0.8rem;\n  }\n}\n<\/style>\n\t<\/div>\n\t\n\n\t\t<\/div>\n\t\t\t\t\n<style>\n#col-114527276 > .col-inner {\n  padding: 14px 0px 0px 0px;\n}\n<\/style>\n\t<\/div>\n\n\t\n\n\t<div id=\"col-305048763\" class=\"col medium-3 small-5 large-3\"  >\n\t\t\t\t<div class=\"col-inner text-right\"  >\n\t\t\t\n\t\t\t\n\n<a rel=\"noopener noreferrer\" href=\"https:\/\/doli.bansalgroup.se\/wp-content\/uploads\/2023\/08\/bug-brochure-en.pdf\" target=\"_blank\" class=\"button primary is-small lowercase\"  style=\"border-radius:99px;padding:0px 10px 0px 10px;\">\n    <span>\u00d6ppna<\/span>\n  <\/a>\n\n\n\n\t\t<\/div>\n\t\t\t\t\n<style>\n#col-305048763 > .col-inner {\n  padding: 10px 0px 0px 0px;\n}\n@media (min-width:550px) {\n  #col-305048763 > .col-inner {\n    padding: 10px 0px 0px 0px;\n  }\n}\n<\/style>\n\t<\/div>\n\n\t\n\n<\/div>\n\t<div id=\"gap-862333335\" class=\"gap-element clearfix\" style=\"display:block; height:auto;\">\n\t\t\n<style>\n#gap-862333335 {\n  padding-top: 20px;\n}\n<\/style>\n\t<\/div>\n\t\n\n<div class=\"row align-middle document-row\"  id=\"row-1298052916\">\n\n\n\t<div id=\"col-1285756288\" class=\"col medium-7 small-5 large-7\"  >\n\t\t\t\t<div class=\"col-inner\"  >\n\t\t\t\n\t\t\t\n\n\t<div id=\"text-693403950\" class=\"text\">\n\t\t\n\n<p><span style=\"color: #808080;\"><strong>Bruksanvisning BUG<\/strong><\/span><\/p>\n\t\t\n<style>\n#text-693403950 {\n  font-size: 0.8rem;\n  line-height: 1.6;\n}\n@media (min-width:550px) {\n  #text-693403950 {\n    font-size: 1rem;\n  }\n}\n@media (min-width:850px) {\n  #text-693403950 {\n    font-size: 1rem;\n  }\n}\n<\/style>\n\t<\/div>\n\t\n\n\t\t<\/div>\n\t\t\t\t\n<style>\n#col-1285756288 > .col-inner {\n  padding: 17px 0px 0px 0px;\n}\n@media (min-width:550px) {\n  #col-1285756288 > .col-inner {\n    padding: 17px 30px 0px 30px;\n  }\n}\n<\/style>\n\t<\/div>\n\n\t\n\n\t<div id=\"col-390505608\" class=\"col language-column medium-2 small-1 large-2\"  >\n\t\t\t\t<div class=\"col-inner\"  >\n\t\t\t\n\t\t\t\n\n\t<div id=\"text-3983284775\" class=\"text\">\n\t\t\n\n<p><span style=\"color: #808080;\">ENGELSKA<\/span><\/p>\n\t\t\n<style>\n#text-3983284775 {\n  font-size: 0.75rem;\n  text-align: center;\n}\n@media (min-width:550px) {\n  #text-3983284775 {\n    font-size: 0.8rem;\n  }\n}\n<\/style>\n\t<\/div>\n\t\n\n\t\t<\/div>\n\t\t\t\t\n<style>\n#col-390505608 > .col-inner {\n  padding: 14px 0px 0px 0px;\n}\n<\/style>\n\t<\/div>\n\n\t\n\n\t<div id=\"col-307408207\" class=\"col medium-3 small-5 large-3\"  >\n\t\t\t\t<div class=\"col-inner text-right\"  >\n\t\t\t\n\t\t\t\n\n<a rel=\"noopener noreferrer\" href=\"https:\/\/doli.bansalgroup.se\/wp-content\/uploads\/2023\/09\/manuale-bug-en.pdf\" target=\"_blank\" class=\"button primary is-small lowercase\"  style=\"border-radius:99px;padding:0px 10px 0px 10px;\">\n    <span>\u00d6ppna<\/span>\n  <\/a>\n\n\n\n\t\t<\/div>\n\t\t\t\t\n<style>\n#col-307408207 > .col-inner {\n  padding: 10px 0px 0px 0px;\n}\n@media (min-width:550px) {\n  #col-307408207 > .col-inner {\n    padding: 10px 0px 0px 0px;\n  }\n}\n<\/style>\n\t<\/div>\n\n\t\n\n<\/div>\n\t<div id=\"gap-852423132\" class=\"gap-element clearfix\" style=\"display:block; height:auto;\">\n\t\t\n<style>\n#gap-852423132 {\n  padding-top: 20px;\n}\n<\/style>\n\t<\/div>\n\t\n\n<div class=\"row align-middle document-row\"  id=\"row-560252689\">\n\n\n\t<div id=\"col-1826974066\" class=\"col medium-7 small-5 large-7\"  >\n\t\t\t\t<div class=\"col-inner\"  >\n\t\t\t\n\t\t\t\n\n\t<div id=\"text-2711927926\" class=\"text\">\n\t\t\n\n<p><span style=\"color: #808080;\"><strong>BUG Datablad<\/strong><\/span><\/p>\n\t\t\n<style>\n#text-2711927926 {\n  font-size: 0.8rem;\n  line-height: 1.6;\n}\n@media (min-width:550px) {\n  #text-2711927926 {\n    font-size: 1rem;\n  }\n}\n@media (min-width:850px) {\n  #text-2711927926 {\n    font-size: 1rem;\n  }\n}\n<\/style>\n\t<\/div>\n\t\n\n\t\t<\/div>\n\t\t\t\t\n<style>\n#col-1826974066 > .col-inner {\n  padding: 17px 0px 0px 0px;\n}\n@media (min-width:550px) {\n  #col-1826974066 > .col-inner {\n    padding: 17px 30px 0px 30px;\n  }\n}\n<\/style>\n\t<\/div>\n\n\t\n\n\t<div id=\"col-1109296666\" class=\"col language-column medium-2 small-1 large-2\"  >\n\t\t\t\t<div class=\"col-inner\"  >\n\t\t\t\n\t\t\t\n\n\t<div id=\"text-2711630693\" class=\"text\">\n\t\t\n\n<p><span style=\"color: #808080;\">SVENSKA<\/span><\/p>\n\t\t\n<style>\n#text-2711630693 {\n  font-size: 0.75rem;\n  text-align: center;\n}\n@media (min-width:550px) {\n  #text-2711630693 {\n    font-size: 0.8rem;\n  }\n}\n<\/style>\n\t<\/div>\n\t\n\n\t\t<\/div>\n\t\t\t\t\n<style>\n#col-1109296666 > .col-inner {\n  padding: 14px 0px 0px 0px;\n}\n<\/style>\n\t<\/div>\n\n\t\n\n\t<div id=\"col-1811577105\" class=\"col medium-3 small-5 large-3\"  >\n\t\t\t\t<div class=\"col-inner text-right\"  >\n\t\t\t\n\t\t\t\n\n<a href=\"https:\/\/doli.bansalgroup.se\/wp-content\/uploads\/2023\/06\/Bug_Chassin_se.pdf\" target=\"_self\" class=\"button primary is-small lowercase\"  style=\"border-radius:99px;padding:0px 10px 0px 10px;\">\n    <span>Ladda ner<\/span>\n  <\/a>\n\n\n\n\t\t<\/div>\n\t\t\t\t\n<style>\n#col-1811577105 > .col-inner {\n  padding: 10px 0px 0px 0px;\n}\n@media (min-width:550px) {\n  #col-1811577105 > .col-inner {\n    padding: 10px 0px 0px 0px;\n  }\n}\n<\/style>\n\t<\/div>\n\n\t\n\n<\/div>\n\n\t\t<\/div>\n\t\t\t\t\n<style>\n#col-310693617 > .col-inner {\n  padding: 0px 0px 0px 0px;\n}\n<\/style>\n\t<\/div>\n\n\t\n\n<\/div>\n\t<div id=\"gap-1891313611\" class=\"gap-element clearfix\" style=\"display:block; height:auto;\">\n\t\t\n<style>\n#gap-1891313611 {\n  padding-top: 30px;\n}\n<\/style>\n\t<\/div>\n\t\n\n\t<div class=\"img has-hover x md-x lg-x y md-y lg-y\" id=\"image_991794158\">\n\t\t\t\t\t\t\t\t<div class=\"img-inner dark\" >\n\t\t\t<img loading=\"lazy\" decoding=\"async\" width=\"1920\" height=\"423\" src=\"https:\/\/doli.bansalgroup.se\/wp-content\/uploads\/2022\/11\/73A0561.png\" class=\"attachment-2048x2048 size-2048x2048\" alt=\"\" srcset=\"https:\/\/doli.bansalgroup.se\/wp-content\/uploads\/2022\/11\/73A0561.png 1920w, https:\/\/doli.bansalgroup.se\/wp-content\/uploads\/2022\/11\/73A0561-300x66.png 300w, https:\/\/doli.bansalgroup.se\/wp-content\/uploads\/2022\/11\/73A0561-1024x226.png 1024w, https:\/\/doli.bansalgroup.se\/wp-content\/uploads\/2022\/11\/73A0561-768x169.png 768w, https:\/\/doli.bansalgroup.se\/wp-content\/uploads\/2022\/11\/73A0561-1536x338.png 1536w, https:\/\/doli.bansalgroup.se\/wp-content\/uploads\/2022\/11\/73A0561-600x132.png 600w\" sizes=\"auto, (max-width: 1920px) 100vw, 1920px\" \/>\t\t\t\t\t\t\n\t\t\t\t\t<\/div>\n\t\t\t\t\t\t\t\t\n<style>\n#image_991794158 {\n  width: 100%;\n}\n<\/style>\n\t<\/div>\n\t\n\n\n\t\t<\/div>\n\n\t\t\n<style>\n#section_2115286577 {\n  padding-top: 0px;\n  padding-bottom: 0px;\n}\n#section_2115286577 .ux-shape-divider--top svg {\n  height: 150px;\n  --divider-top-width: 100%;\n}\n#section_2115286577 .ux-shape-divider--bottom svg {\n  height: 150px;\n  --divider-width: 100%;\n}\n<\/style>\n\t<\/section>\n\t\n\n","protected":false},"excerpt":{"rendered":"","protected":false},"author":10,"featured_media":0,"parent":1583,"menu_order":0,"comment_status":"closed","ping_status":"closed","template":"page-blank.php","meta":{"inline_featured_image":false,"footnotes":""},"categories":[155],"tags":[],"class_list":["post-1594","page","type-page","status-publish","hentry","category-sulkyvagnar"],"_links":{"self":[{"href":"https:\/\/doli.bansalgroup.se\/sv\/wp-json\/wp\/v2\/pages\/1594","targetHints":{"allow":["GET"]}}],"collection":[{"href":"https:\/\/doli.bansalgroup.se\/sv\/wp-json\/wp\/v2\/pages"}],"about":[{"href":"https:\/\/doli.bansalgroup.se\/sv\/wp-json\/wp\/v2\/types\/page"}],"author":[{"embeddable":true,"href":"https:\/\/doli.bansalgroup.se\/sv\/wp-json\/wp\/v2\/users\/10"}],"replies":[{"embeddable":true,"href":"https:\/\/doli.bansalgroup.se\/sv\/wp-json\/wp\/v2\/comments?post=1594"}],"version-history":[{"count":24,"href":"https:\/\/doli.bansalgroup.se\/sv\/wp-json\/wp\/v2\/pages\/1594\/revisions"}],"predecessor-version":[{"id":6314,"href":"https:\/\/doli.bansalgroup.se\/sv\/wp-json\/wp\/v2\/pages\/1594\/revisions\/6314"}],"up":[{"embeddable":true,"href":"https:\/\/doli.bansalgroup.se\/sv\/wp-json\/wp\/v2\/pages\/1583"}],"wp:attachment":[{"href":"https:\/\/doli.bansalgroup.se\/sv\/wp-json\/wp\/v2\/media?parent=1594"}],"wp:term":[{"taxonomy":"category","embeddable":true,"href":"https:\/\/doli.bansalgroup.se\/sv\/wp-json\/wp\/v2\/categories?post=1594"},{"taxonomy":"post_tag","embeddable":true,"href":"https:\/\/doli.bansalgroup.se\/sv\/wp-json\/wp\/v2\/tags?post=1594"}],"curies":[{"name":"wp","href":"https:\/\/api.w.org\/{rel}","templated":true}]}}