{"id":172,"date":"2020-10-07T09:51:32","date_gmt":"2020-10-07T07:51:32","guid":{"rendered":"https:\/\/shop.eurovema.se\/?page_id=172"},"modified":"2024-08-06T15:22:19","modified_gmt":"2024-08-06T13:22:19","slug":"foeretaget","status":"publish","type":"page","link":"https:\/\/doli.bansalgroup.se\/sv\/foeretaget\/","title":{"rendered":"F\u00f6retaget"},"content":{"rendered":"\n\t<section class=\"section\" id=\"section_855989546\">\n\t\t<div class=\"bg section-bg fill bg-fill  bg-loaded\" >\n\n\t\t\t\n\t\t\t\n\t\t\t\n\n\t\t<\/div>\n\n\t\t\n\n\t\t<div class=\"section-content relative\">\n\t\t\t\n\n  <div id=\"page-header-2068336644\" class=\"page-header-wrapper\">\n  <div class=\"page-title dark simple-title\">\n\n        <div class=\"page-title-bg\">\n      <div class=\"title-bg fill bg-fill\"\n        data-parallax-container=\".page-title\"\n        data-parallax-background\n        data-parallax=\"-\">\n      <\/div>\n      <div class=\"title-overlay fill\"><\/div>\n    <\/div>\n    \n    <div class=\"page-title-inner container align-center flex-row medium-flex-wrap row-reverse\" >\n            <div class=\"title-content flex-col flex-left text-left medium-text-center\">\n        <div class=\"title-breadcrumbs pb-half pt-half\"><\/div>      <\/div>\n    <\/div>\n\n     \n<style>\n#page-header-2068336644 .page-title-inner {\n  min-height: 65px;\n}\n#page-header-2068336644 .title-bg {\n  background-image: url(https:\/\/doli.bansalgroup.se\/wp-content\/uploads\/2022\/11\/MicrosoftTeams-image-2.png);\n  background-position: 0% 0%;\n}\n<\/style>\n  <\/div>\n    <\/div>\n  \n\n\t<div id=\"gap-862265803\" class=\"gap-element clearfix\" style=\"display:block; height:auto;\">\n\t\t\n<style>\n#gap-862265803 {\n  padding-top: 50px;\n}\n<\/style>\n\t<\/div>\n\t\n\n<div class=\"row align-center padded\"  id=\"row-1574397760\">\n\n\n\t<div id=\"col-1062238087\" class=\"col small-12 large-12\"  >\n\t\t\t\t<div class=\"col-inner text-left\"  >\n\t\t\t\n\t\t\t\n\n<div class=\"container section-title-container\" ><h1 class=\"section-title section-title-normal\"><b><\/b><span class=\"section-title-main\" >Om Eurovema<\/span><b><\/b><\/h1><\/div>\n\n\n\t\t<\/div>\n\t\t\t\t\t<\/div>\n\n\t\n\n<\/div>\n<div class=\"row align-center padded\"  id=\"row-2040609587\">\n\n\n\t<div id=\"col-1988817485\" class=\"col medium-12 small-12 large-5\"  >\n\t\t\t\t<div class=\"col-inner text-left\"  >\n\t\t\t\n\t\t\t\n\n\t<div id=\"text-1344409470\" class=\"text\">\n\t\t\n\n<p style=\"\n    padding: 40px;\n    background-color: rgba(124, 124, 123, 0.05);\n\">Eurovema Mobility AB ing\u00e5r i Weland-koncernen som pr\u00e4glas av h\u00f6g investeringstakt och vilja att st\u00e4ndigt f\u00f6rb\u00e4ttras och utvecklas. Eurovema Mobility utvecklar, tillverkar och marknadsf\u00f6r tekniska hj\u00e4lpmedel inom de egna varum\u00e4rkena Euroflex arbetsstolar och elektriska inomhus rullstolar och Alvema med barnprodukter sulkyvagnar samt Volaris med rollatorer. Produkterna \u00e4r svensktillverkade i v\u00e5ra egna lokaler i Gislaved.<\/p>\n\t\t\n<style>\n#text-1344409470 {\n  line-height: 1.3;\n}\n<\/style>\n\t<\/div>\n\t\n\n\t\t<\/div>\n\t\t\t\t\n<style>\n#col-1988817485 > .col-inner {\n  padding: 20px 20px 0px 20px;\n}\n@media (min-width:550px) {\n  #col-1988817485 > .col-inner {\n    padding: 0px 0px 0px 0px;\n  }\n}\n@media (min-width:850px) {\n  #col-1988817485 > .col-inner {\n    padding: 20px 20px 20px 20px;\n  }\n}\n<\/style>\n\t<\/div>\n\n\t\n\n\t<div id=\"col-1989664610\" class=\"col mobile-image-margin medium-12 small-12 large-7 medium-col-first\"  >\n\t\t\t\t<div class=\"col-inner\"  >\n\t\t\t\n\t\t\t\n\n\t<div class=\"img has-hover x md-x lg-x y md-y lg-y\" id=\"image_1295483256\">\n\t\t\t\t\t\t\t\t<div class=\"img-inner image-cover dark\" style=\"padding-top:355px;\">\n\t\t\t<img loading=\"lazy\" decoding=\"async\" width=\"817\" height=\"564\" src=\"https:\/\/doli.bansalgroup.se\/wp-content\/uploads\/2022\/11\/Group-238.png\" class=\"attachment-large size-large\" alt=\"\" srcset=\"https:\/\/doli.bansalgroup.se\/wp-content\/uploads\/2022\/11\/Group-238.png 817w, https:\/\/doli.bansalgroup.se\/wp-content\/uploads\/2022\/11\/Group-238-300x207.png 300w, https:\/\/doli.bansalgroup.se\/wp-content\/uploads\/2022\/11\/Group-238-768x530.png 768w, https:\/\/doli.bansalgroup.se\/wp-content\/uploads\/2022\/11\/Group-238-600x414.png 600w\" sizes=\"auto, (max-width: 817px) 100vw, 817px\" \/>\t\t\t\t\t\t\n\t\t\t\t\t<\/div>\n\t\t\t\t\t\t\t\t\n<style>\n#image_1295483256 {\n  width: 100%;\n}\n<\/style>\n\t<\/div>\n\t\n\n\n\t\t<\/div>\n\t\t\t\t\n<style>\n#col-1989664610 > .col-inner {\n  padding: 0px 0px 0px 0px;\n}\n<\/style>\n\t<\/div>\n\n\t\n\n\n<style>\n#row-2040609587 > .col > .col-inner {\n  padding: 0px 0px 0px 0px;\n}\n<\/style>\n<\/div>\n<div class=\"row padded\"  id=\"row-384298010\">\n\n\n\t<div id=\"col-117022467\" class=\"col small-12 large-12\"  >\n\t\t\t\t<div class=\"col-inner\"  >\n\t\t\t\n\t\t\t\n\n<div class=\"video video-fit mb\" style=\"padding-top:42%;\"><iframe loading=\"lazy\" title=\"Eurovema Mobility AB\" src=\"https:\/\/player.vimeo.com\/video\/685452234?dnt=1&amp;app_id=122963\" width=\"1020\" height=\"427\" frameborder=\"0\" allow=\"autoplay; fullscreen; picture-in-picture; clipboard-write\"><\/iframe><\/div>\n\n\n\t\t<\/div>\n\t\t\t\t\t<\/div>\n\n\t\n\n<\/div>\n<div class=\"row align-center padded\"  id=\"row-271020674\">\n\n\n\t<div id=\"col-1314856687\" class=\"col medium-2 small-12 large-2\"  >\n\t\t\t\t<div class=\"col-inner\"  >\n\t\t\t\n\t\t\t\n\n\n\t\t<\/div>\n\t\t\t\t\t<\/div>\n\n\t\n\n\t<div id=\"col-114204517\" class=\"col medium-8 small-12 large-8\"  >\n\t\t\t\t<div class=\"col-inner text-center\"  >\n\t\t\t\n\t\t\t\n\n<div class=\"row align-center\"  id=\"row-112522431\">\n\n\n\t<div id=\"col-1810061440\" class=\"col medium-4 small-12 large-4\"  >\n\t\t\t\t<div class=\"col-inner\"  >\n\t\t\t\n\t\t\t\n\n\n\t\t<\/div>\n\t\t\t\t\t<\/div>\n\n\t\n\n\t<div id=\"col-1332701080\" class=\"col medium-2 small-12 large-2\"  >\n\t\t\t\t<div class=\"col-inner text-center\"  >\n\t\t\t\n\t\t\t\n\n<div class=\"text-center\"><div class=\"is-divider divider clearfix\" style=\"height:5px;\"><\/div><\/div>\n\n\n\t\t<\/div>\n\t\t\t\t\t<\/div>\n\n\t\n\n\t<div id=\"col-723515082\" class=\"col medium-4 small-12 large-4\"  >\n\t\t\t\t<div class=\"col-inner\"  >\n\t\t\t\n\t\t\t\n\n\n\t\t<\/div>\n\t\t\t\t\t<\/div>\n\n\t\n\n<\/div>\n\t<div id=\"text-2569261036\" class=\"text\">\n\t\t\n\n<p style=\"font-family: lato;font-size: 25px;font-weight: 100 !important;\"> \u00c4nda sedan 1977 har Eurovema tillverkat egna produkter som utvecklats i n\u00e4ra samarbete med anv\u00e4ndare, forskare och \u00adyrkesverksamma inom hela v\u00e5rdkedjan. Med v\u00e5ra produkter och unika l\u00f6sningar vill vi bidra till \u00f6kad r\u00f6rlighet, inte bara fysiskt utan ocks\u00e5 socialt. F\u00f6r livets alla skiftningar.<\/p>\n\t\t\n<style>\n#text-2569261036 {\n  font-size: 2.5rem;\n  line-height: 1.3;\n  text-align: center;\n  color: rgb(112, 112, 112);\n}\n#text-2569261036 > * {\n  color: rgb(112, 112, 112);\n}\n<\/style>\n\t<\/div>\n\t\n<div class=\"row align-center\"  id=\"row-866811985\">\n\n\n\t<div id=\"col-2011710412\" class=\"col medium-4 small-12 large-4\"  >\n\t\t\t\t<div class=\"col-inner\"  >\n\t\t\t\n\t\t\t\n\n\n\t\t<\/div>\n\t\t\t\t\t<\/div>\n\n\t\n\n\t<div id=\"col-326910996\" class=\"col medium-2 small-12 large-2\"  >\n\t\t\t\t<div class=\"col-inner text-center\"  >\n\t\t\t\n\t\t\t\n\n<div class=\"text-center\"><div class=\"is-divider divider clearfix\" style=\"height:5px;\"><\/div><\/div>\n\n\n\t\t<\/div>\n\t\t\t\t\t<\/div>\n\n\t\n\n\t<div id=\"col-63839652\" class=\"col medium-4 small-12 large-4\"  >\n\t\t\t\t<div class=\"col-inner\"  >\n\t\t\t\n\t\t\t\n\n\n\t\t<\/div>\n\t\t\t\t\t<\/div>\n\n\t\n\n<\/div>\n\n\t\t<\/div>\n\t\t\t\t\n<style>\n#col-114204517 > .col-inner {\n  padding: 20px 20px 20px 20px;\n}\n<\/style>\n\t<\/div>\n\n\t\n\n\t<div id=\"col-1524247166\" class=\"col medium-2 small-12 large-2\"  >\n\t\t\t\t<div class=\"col-inner\"  >\n\t\t\t\n\t\t\t\n\n\n\t\t<\/div>\n\t\t\t\t\t<\/div>\n\n\t\n\n<\/div>\n<div class=\"row padded\"  id=\"row-170660076\">\n\n\n\t<div id=\"col-1788440266\" class=\"col medium-5 small-12 large-5\"  >\n\t\t\t\t<div class=\"col-inner\"  >\n\t\t\t\n\t\t\t\n\n\t<div class=\"img has-hover x md-x lg-x y md-y lg-y\" id=\"image_2008504268\">\n\t\t\t\t\t\t\t\t<div class=\"img-inner dark\" >\n\t\t\t<img loading=\"lazy\" decoding=\"async\" width=\"546\" height=\"748\" src=\"https:\/\/doli.bansalgroup.se\/wp-content\/uploads\/2022\/11\/Group-240.png\" class=\"attachment-large size-large\" alt=\"\" srcset=\"https:\/\/doli.bansalgroup.se\/wp-content\/uploads\/2022\/11\/Group-240.png 546w, https:\/\/doli.bansalgroup.se\/wp-content\/uploads\/2022\/11\/Group-240-219x300.png 219w\" sizes=\"auto, (max-width: 546px) 100vw, 546px\" \/>\t\t\t\t\t\t\n\t\t\t\t\t<\/div>\n\t\t\t\t\t\t\t\t\n<style>\n#image_2008504268 {\n  width: 100%;\n}\n<\/style>\n\t<\/div>\n\t\n\n\n\t\t<\/div>\n\t\t\t\t\t<\/div>\n\n\t\n\n\t<div id=\"col-382796744\" class=\"col medium-7 small-12 large-7\"  >\n\t\t\t\t<div class=\"col-inner\"  >\n\t\t\t\n\t\t\t\n\n\t<div id=\"text-2142556957\" class=\"text\">\n\t\t\n\n<h3><span style=\"font-size: 110%;\">Ansvar in i minsta detalj<\/span><\/h3>\n<p><span style=\"font-size: 100%;\">Som ett av hj\u00e4lpmedelsbranschens \u00e4ldsta f\u00f6retag har svenska Eurovema samlat p\u00e5 sig stor kunskap och l\u00e5ng erfarenhet n\u00e4r det g\u00e4ller produkter f\u00f6r s\u00e4rskilda behov. Under drygt 40 \u00e5r har vi byggt upp ett gott renomm\u00e9 och en stark organisation med egen utveckling, konstruktion, tillverkning och f\u00f6rs\u00e4ljning vid v\u00e5r anl\u00e4ggning i Gislaved, \u00adSverige. \u00c4ven produkternas detaljer och reservdelar tillverkas, i st\u00f6rsta m\u00f6jliga utstr\u00e4ckning, av lokala underleverant\u00f6rer.<\/span><\/p>\n<p><span style=\"font-size: 100%;\">V\u00e5rt helhetst\u00e4nk omfattar hela utvecklings- och tillverknings\u00adprocessen, vilket ger v\u00e5ra kunder stor flexibilitet och korta ledtider. V\u00e5rt h\u00e5llbarhets\u00adperspektiv omfattar b\u00e5de m\u00e4nniska och milj\u00f6 och vi str\u00e4var st\u00e4ndigt efter att minimera v\u00e5r milj\u00f6p\u00e5verkan i alla led. Ansvarstagande och omsorg g\u00e5r hand i hand.<\/span><\/p>\n<p><span style=\"font-size: 100%;\">Alla v\u00e5ra produkter \u00e4r CE-m\u00e4rkta och \u00e4r \u00adkontrollerade efter det \u00adeuropeiska medicintekniska regelverket f\u00f6r h\u00e4lsa, s\u00e4kerhet, funktion och milj\u00f6. Eurovema finns med hela v\u00e4gen, f\u00f6r b\u00e5de \u00adutbildning och \u00adutprovning, oftast hela v\u00e4gen fram till anv\u00e4ndaren.<\/span><\/p>\n\t\t\n<style>\n#text-2142556957 {\n  font-size: 1rem;\n  line-height: 1.3;\n  color: rgb(112, 112, 112);\n}\n#text-2142556957 > * {\n  color: rgb(112, 112, 112);\n}\n<\/style>\n\t<\/div>\n\t\n\n\t\t<\/div>\n\t\t\t\t\n<style>\n#col-382796744 > .col-inner {\n  padding: 40px 20px 20px 20px;\n}\n<\/style>\n\t<\/div>\n\n\t\n\n<\/div>\n\t<div id=\"gap-943502534\" class=\"gap-element clearfix\" style=\"display:block; height:auto;\">\n\t\t\n<style>\n#gap-943502534 {\n  padding-top: 10px;\n}\n@media (min-width:550px) {\n  #gap-943502534 {\n    padding-top: 40px;\n  }\n}\n<\/style>\n\t<\/div>\n\t\n\n\n  <div class=\"banner has-hover\" id=\"banner-534634126\">\n          <div class=\"banner-inner fill\">\n        <div class=\"banner-bg fill\" >\n            <div class=\"bg fill bg-fill \"><\/div>\n                                    \n                    <\/div>\n\t\t\n        <div class=\"banner-layers container\">\n            <div class=\"fill banner-link\"><\/div>            \n\n   <div id=\"text-box-266601060\" class=\"text-box banner-layer x50 md-x50 lg-x50 y50 md-y50 lg-y50 res-text\">\n                                <div class=\"text-box-content text dark\">\n              \n              <div class=\"text-inner text-center\">\n                  \n\n<h2 class=\"lead\">Att jobba p\u00e5 Eurovema<\/h2>\n<p><span style=\"font-size: 115%;\">P\u00e5 Eurovema \u00e4r den ena dagen inte \u00e4r den andra lik. V\u00e5r tillverkning p\u00e5verkas av efterfr\u00e5gan p\u00e5 v\u00e5ra produkter i Sverige och Norge, d\u00e5 till st\u00f6rsta delen fr\u00e5n sjuk- och h\u00e4lsov\u00e5rden. Avtal reglerar leveranstiderna som d\u00e5 ofta \u00e4r korta, \u00e4ven p\u00e5 v\u00e5ra reservdelar. Detta st\u00e4ller stora krav p\u00e5 flexibilitet i hela arbetsgruppen. B\u00e5de produktutveckling, tillverkning och huvudkontor med ledning finns i Gislaved. Vi har \u00e4ven s\u00e4ljkontor i Stockholm och Lund, samt p\u00e5 v\u00e5rt dotterbolag i Oslo. Att tillh\u00f6ra den starka Weland-koncernen med m\u00e5nga bolag i regionen, som n\u00e5gra ocks\u00e5 \u00e4r underleverant\u00f6rer \u00e5t Eurovema, skapar en stor trygghet f\u00f6r v\u00e5ra medarbetare.<\/span><\/p>\n\n              <\/div>\n           <\/div>\n                            \n<style>\n#text-box-266601060 {\n  width: 60%;\n}\n#text-box-266601060 .text-box-content {\n  font-size: 100%;\n}\n<\/style>\n    <\/div>\n \n\n        <\/div>\n      <\/div>\n\n            \n<style>\n#banner-534634126 {\n  padding-top: 440px;\n}\n#banner-534634126 .ux-shape-divider--top svg {\n  height: 150px;\n  --divider-top-width: 100%;\n}\n#banner-534634126 .ux-shape-divider--bottom svg {\n  height: 150px;\n  --divider-width: 100%;\n}\n<\/style>\n  <\/div>\n\n\n\t<div id=\"gap-164042622\" class=\"gap-element clearfix\" style=\"display:block; height:auto;\">\n\t\t\n<style>\n#gap-164042622 {\n  padding-top: 50px;\n}\n@media (min-width:550px) {\n  #gap-164042622 {\n    padding-top: 80px;\n  }\n}\n<\/style>\n\t<\/div>\n\t\n\n<div class=\"row padded\"  id=\"row-2061044702\">\n\n\n\t<div id=\"col-1949629122\" class=\"col small-12 large-12\"  >\n\t\t\t\t<div class=\"col-inner\"  >\n\t\t\t\n\t\t\t\n\n<div class=\"slider-wrapper relative\" id=\"slider-1157103761\" >\n    <div class=\"slider slider-nav-dots-simple slider-nav-simple slider-nav-large slider-nav-light slider-style-normal slider-show-nav\"\n        data-flickity-options='{\n            \"cellAlign\": \"center\",\n            \"imagesLoaded\": true,\n            \"lazyLoad\": 1,\n            \"freeScroll\": false,\n            \"wrapAround\": true,\n            \"autoPlay\": 4000,\n            \"pauseAutoPlayOnHover\" : true,\n            \"prevNextButtons\": true,\n            \"contain\" : true,\n            \"adaptiveHeight\" : true,\n            \"dragThreshold\" : 10,\n            \"percentPosition\": true,\n            \"pageDots\": true,\n            \"rightToLeft\": false,\n            \"draggable\": true,\n            \"selectedAttraction\": 0.1,\n            \"parallax\" : 0,\n            \"friction\": 0.6        }'\n        >\n        \n\n\t<div class=\"img has-hover x md-x lg-x y md-y lg-y\" id=\"image_1342034478\">\n\t\t<a class=\"image-lightbox lightbox-gallery\" title=\"\" href=\"https:\/\/doli.bansalgroup.se\/wp-content\/uploads\/2023\/01\/221122_Weland_008_croped-1024x683.jpg\">\t\t\t\t\t\t<div class=\"img-inner dark\" >\n\t\t\t<img loading=\"lazy\" decoding=\"async\" width=\"1020\" height=\"680\" src=\"https:\/\/doli.bansalgroup.se\/wp-content\/uploads\/2023\/01\/221122_Weland_008_croped-1024x683.jpg\" class=\"attachment-large size-large\" alt=\"Eurovema, produktionen, personal\" srcset=\"https:\/\/doli.bansalgroup.se\/wp-content\/uploads\/2023\/01\/221122_Weland_008_croped-1024x683.jpg 1024w, https:\/\/doli.bansalgroup.se\/wp-content\/uploads\/2023\/01\/221122_Weland_008_croped-300x200.jpg 300w, https:\/\/doli.bansalgroup.se\/wp-content\/uploads\/2023\/01\/221122_Weland_008_croped-768x512.jpg 768w, https:\/\/doli.bansalgroup.se\/wp-content\/uploads\/2023\/01\/221122_Weland_008_croped-600x400.jpg 600w, https:\/\/doli.bansalgroup.se\/wp-content\/uploads\/2023\/01\/221122_Weland_008_croped.jpg 1200w\" sizes=\"auto, (max-width: 1020px) 100vw, 1020px\" \/>\t\t\t\t\t\t\n\t\t\t\t\t<\/div>\n\t\t\t\t\t\t<\/a>\t\t\n<style>\n#image_1342034478 {\n  width: 100%;\n}\n<\/style>\n\t<\/div>\n\t\n\n\t<div class=\"img has-hover x md-x lg-x y md-y lg-y\" id=\"image_69225703\">\n\t\t\t\t\t\t\t\t<div class=\"img-inner dark\" >\n\t\t\t<img loading=\"lazy\" decoding=\"async\" width=\"1020\" height=\"680\" src=\"https:\/\/doli.bansalgroup.se\/wp-content\/uploads\/2023\/01\/221122_Weland_009_croped-1024x683.jpg\" class=\"attachment-large size-large\" alt=\"Eurovema, produktionen\" srcset=\"https:\/\/doli.bansalgroup.se\/wp-content\/uploads\/2023\/01\/221122_Weland_009_croped-1024x683.jpg 1024w, https:\/\/doli.bansalgroup.se\/wp-content\/uploads\/2023\/01\/221122_Weland_009_croped-300x200.jpg 300w, https:\/\/doli.bansalgroup.se\/wp-content\/uploads\/2023\/01\/221122_Weland_009_croped-768x512.jpg 768w, https:\/\/doli.bansalgroup.se\/wp-content\/uploads\/2023\/01\/221122_Weland_009_croped-600x400.jpg 600w, https:\/\/doli.bansalgroup.se\/wp-content\/uploads\/2023\/01\/221122_Weland_009_croped.jpg 1200w\" sizes=\"auto, (max-width: 1020px) 100vw, 1020px\" \/>\t\t\t\t\t\t\n\t\t\t\t\t<\/div>\n\t\t\t\t\t\t\t\t\n<style>\n#image_69225703 {\n  width: 100%;\n}\n<\/style>\n\t<\/div>\n\t\n\n\t<div class=\"img has-hover x md-x lg-x y md-y lg-y\" id=\"image_157072494\">\n\t\t\t\t\t\t\t\t<div class=\"img-inner dark\" >\n\t\t\t<img loading=\"lazy\" decoding=\"async\" width=\"1020\" height=\"680\" src=\"https:\/\/doli.bansalgroup.se\/wp-content\/uploads\/2023\/01\/221122_Weland_016_croped-1024x683.jpg\" class=\"attachment-large size-large\" alt=\"Eurovema, produktionen, personal\" srcset=\"https:\/\/doli.bansalgroup.se\/wp-content\/uploads\/2023\/01\/221122_Weland_016_croped-1024x683.jpg 1024w, https:\/\/doli.bansalgroup.se\/wp-content\/uploads\/2023\/01\/221122_Weland_016_croped-300x200.jpg 300w, https:\/\/doli.bansalgroup.se\/wp-content\/uploads\/2023\/01\/221122_Weland_016_croped-768x512.jpg 768w, https:\/\/doli.bansalgroup.se\/wp-content\/uploads\/2023\/01\/221122_Weland_016_croped-600x400.jpg 600w, https:\/\/doli.bansalgroup.se\/wp-content\/uploads\/2023\/01\/221122_Weland_016_croped.jpg 1200w\" sizes=\"auto, (max-width: 1020px) 100vw, 1020px\" \/>\t\t\t\t\t\t\n\t\t\t\t\t<\/div>\n\t\t\t\t\t\t\t\t\n<style>\n#image_157072494 {\n  width: 100%;\n}\n<\/style>\n\t<\/div>\n\t\n\n\t<div class=\"img has-hover x md-x lg-x y md-y lg-y\" id=\"image_974413474\">\n\t\t\t\t\t\t\t\t<div class=\"img-inner dark\" >\n\t\t\t<img loading=\"lazy\" decoding=\"async\" width=\"1020\" height=\"680\" src=\"https:\/\/doli.bansalgroup.se\/wp-content\/uploads\/2023\/01\/221122_Weland_040_Croped-1024x683.jpg\" class=\"attachment-large size-large\" alt=\"Eurovema, produktion, personal\" srcset=\"https:\/\/doli.bansalgroup.se\/wp-content\/uploads\/2023\/01\/221122_Weland_040_Croped-1024x683.jpg 1024w, https:\/\/doli.bansalgroup.se\/wp-content\/uploads\/2023\/01\/221122_Weland_040_Croped-300x200.jpg 300w, https:\/\/doli.bansalgroup.se\/wp-content\/uploads\/2023\/01\/221122_Weland_040_Croped-768x512.jpg 768w, https:\/\/doli.bansalgroup.se\/wp-content\/uploads\/2023\/01\/221122_Weland_040_Croped-600x400.jpg 600w, https:\/\/doli.bansalgroup.se\/wp-content\/uploads\/2023\/01\/221122_Weland_040_Croped.jpg 1200w\" sizes=\"auto, (max-width: 1020px) 100vw, 1020px\" \/>\t\t\t\t\t\t\n\t\t\t\t\t<\/div>\n\t\t\t\t\t\t\t\t\n<style>\n#image_974413474 {\n  width: 100%;\n}\n<\/style>\n\t<\/div>\n\t\n\n\t<div class=\"img has-hover x md-x lg-x y md-y lg-y\" id=\"image_645471753\">\n\t\t\t\t\t\t\t\t<div class=\"img-inner dark\" >\n\t\t\t<img loading=\"lazy\" decoding=\"async\" width=\"1020\" height=\"680\" src=\"https:\/\/doli.bansalgroup.se\/wp-content\/uploads\/2023\/01\/221122_Weland_047_croped-1024x683.jpg\" class=\"attachment-large size-large\" alt=\"\" srcset=\"https:\/\/doli.bansalgroup.se\/wp-content\/uploads\/2023\/01\/221122_Weland_047_croped-1024x683.jpg 1024w, https:\/\/doli.bansalgroup.se\/wp-content\/uploads\/2023\/01\/221122_Weland_047_croped-300x200.jpg 300w, https:\/\/doli.bansalgroup.se\/wp-content\/uploads\/2023\/01\/221122_Weland_047_croped-768x512.jpg 768w, https:\/\/doli.bansalgroup.se\/wp-content\/uploads\/2023\/01\/221122_Weland_047_croped-600x400.jpg 600w, https:\/\/doli.bansalgroup.se\/wp-content\/uploads\/2023\/01\/221122_Weland_047_croped.jpg 1200w\" sizes=\"auto, (max-width: 1020px) 100vw, 1020px\" \/>\t\t\t\t\t\t\n\t\t\t\t\t<\/div>\n\t\t\t\t\t\t\t\t\n<style>\n#image_645471753 {\n  width: 100%;\n}\n<\/style>\n\t<\/div>\n\t\n\n\t<div class=\"img has-hover x md-x lg-x y md-y lg-y\" id=\"image_1576646381\">\n\t\t\t\t\t\t\t\t<div class=\"img-inner dark\" >\n\t\t\t<img loading=\"lazy\" decoding=\"async\" width=\"1020\" height=\"680\" src=\"https:\/\/doli.bansalgroup.se\/wp-content\/uploads\/2023\/01\/221122_Weland_052_croped-1024x683.jpg\" class=\"attachment-large size-large\" alt=\"Eurovema, produktionen, personal\" srcset=\"https:\/\/doli.bansalgroup.se\/wp-content\/uploads\/2023\/01\/221122_Weland_052_croped-1024x683.jpg 1024w, https:\/\/doli.bansalgroup.se\/wp-content\/uploads\/2023\/01\/221122_Weland_052_croped-300x200.jpg 300w, https:\/\/doli.bansalgroup.se\/wp-content\/uploads\/2023\/01\/221122_Weland_052_croped-768x512.jpg 768w, https:\/\/doli.bansalgroup.se\/wp-content\/uploads\/2023\/01\/221122_Weland_052_croped-600x400.jpg 600w, https:\/\/doli.bansalgroup.se\/wp-content\/uploads\/2023\/01\/221122_Weland_052_croped.jpg 1200w\" sizes=\"auto, (max-width: 1020px) 100vw, 1020px\" \/>\t\t\t\t\t\t\n\t\t\t\t\t<\/div>\n\t\t\t\t\t\t\t\t\n<style>\n#image_1576646381 {\n  width: 100%;\n}\n<\/style>\n\t<\/div>\n\t\n\n\n     <\/div>\n\n     <div class=\"loading-spin dark large centered\"><\/div>\n\n     \t<\/div>\n\n\n\n\t\t<\/div>\n\t\t\t\t\t<\/div>\n\n\t\n\n<\/div>\n\t<div id=\"gap-1176431198\" class=\"gap-element clearfix\" style=\"display:block; height:auto;\">\n\t\t\n<style>\n#gap-1176431198 {\n  padding-top: 50px;\n}\n@media (min-width:550px) {\n  #gap-1176431198 {\n    padding-top: 80px;\n  }\n}\n<\/style>\n\t<\/div>\n\t\n\n\t<div class=\"img has-hover x md-x lg-x y md-y lg-y\" id=\"image_1834936943\">\n\t\t\t\t\t\t\t\t<div class=\"img-inner image-cover dark\" style=\"padding-top:20%;\">\n\t\t\t<img loading=\"lazy\" decoding=\"async\" width=\"1020\" height=\"239\" src=\"https:\/\/doli.bansalgroup.se\/wp-content\/uploads\/2023\/01\/natur_hundkex_73A0525-1024x240.jpg\" class=\"attachment-large size-large\" alt=\"\" srcset=\"https:\/\/doli.bansalgroup.se\/wp-content\/uploads\/2023\/01\/natur_hundkex_73A0525-1024x240.jpg 1024w, https:\/\/doli.bansalgroup.se\/wp-content\/uploads\/2023\/01\/natur_hundkex_73A0525-300x70.jpg 300w, https:\/\/doli.bansalgroup.se\/wp-content\/uploads\/2023\/01\/natur_hundkex_73A0525-768x180.jpg 768w, https:\/\/doli.bansalgroup.se\/wp-content\/uploads\/2023\/01\/natur_hundkex_73A0525-1536x360.jpg 1536w, https:\/\/doli.bansalgroup.se\/wp-content\/uploads\/2023\/01\/natur_hundkex_73A0525-2048x480.jpg 2048w, https:\/\/doli.bansalgroup.se\/wp-content\/uploads\/2023\/01\/natur_hundkex_73A0525-600x141.jpg 600w\" sizes=\"auto, (max-width: 1020px) 100vw, 1020px\" \/>\t\t\t\t\t\t\n\t\t\t\t\t<\/div>\n\t\t\t\t\t\t\t\t\n<style>\n#image_1834936943 {\n  width: 100%;\n}\n<\/style>\n\t<\/div>\n\t\n\n\n\t\t<\/div>\n\n\t\t\n<style>\n#section_855989546 {\n  padding-top: 0px;\n  padding-bottom: 0px;\n}\n#section_855989546 .ux-shape-divider--top svg {\n  height: 150px;\n  --divider-top-width: 100%;\n}\n#section_855989546 .ux-shape-divider--bottom svg {\n  height: 150px;\n  --divider-width: 100%;\n}\n<\/style>\n\t<\/section>\n\t\n\n","protected":false},"excerpt":{"rendered":"","protected":false},"author":10,"featured_media":0,"parent":0,"menu_order":0,"comment_status":"closed","ping_status":"closed","template":"page-blank.php","meta":{"inline_featured_image":false,"footnotes":""},"categories":[],"tags":[],"class_list":["post-172","page","type-page","status-publish","hentry"],"_links":{"self":[{"href":"https:\/\/doli.bansalgroup.se\/sv\/wp-json\/wp\/v2\/pages\/172","targetHints":{"allow":["GET"]}}],"collection":[{"href":"https:\/\/doli.bansalgroup.se\/sv\/wp-json\/wp\/v2\/pages"}],"about":[{"href":"https:\/\/doli.bansalgroup.se\/sv\/wp-json\/wp\/v2\/types\/page"}],"author":[{"embeddable":true,"href":"https:\/\/doli.bansalgroup.se\/sv\/wp-json\/wp\/v2\/users\/10"}],"replies":[{"embeddable":true,"href":"https:\/\/doli.bansalgroup.se\/sv\/wp-json\/wp\/v2\/comments?post=172"}],"version-history":[{"count":105,"href":"https:\/\/doli.bansalgroup.se\/sv\/wp-json\/wp\/v2\/pages\/172\/revisions"}],"predecessor-version":[{"id":7403,"href":"https:\/\/doli.bansalgroup.se\/sv\/wp-json\/wp\/v2\/pages\/172\/revisions\/7403"}],"wp:attachment":[{"href":"https:\/\/doli.bansalgroup.se\/sv\/wp-json\/wp\/v2\/media?parent=172"}],"wp:term":[{"taxonomy":"category","embeddable":true,"href":"https:\/\/doli.bansalgroup.se\/sv\/wp-json\/wp\/v2\/categories?post=172"},{"taxonomy":"post_tag","embeddable":true,"href":"https:\/\/doli.bansalgroup.se\/sv\/wp-json\/wp\/v2\/tags?post=172"}],"curies":[{"name":"wp","href":"https:\/\/api.w.org\/{rel}","templated":true}]}}