{"id":3370,"date":"2023-01-26T15:42:51","date_gmt":"2023-01-26T14:42:51","guid":{"rendered":"https:\/\/staging.eurovema.se\/?page_id=3370"},"modified":"2024-03-05T13:12:12","modified_gmt":"2024-03-05T12:12:12","slug":"leon-f-versus","status":"publish","type":"page","link":"https:\/\/doli.bansalgroup.se\/sv\/vara-produkter\/eldrivna-rullstolar\/leon-f-versus\/","title":{"rendered":"Leon F Versus"},"content":{"rendered":"\n\t<section class=\"section\" id=\"section_1772265993\">\n\t\t<div class=\"bg section-bg fill bg-fill  bg-loaded\" >\n\n\t\t\t\n\t\t\t\n\t\t\t\n\n\t\t<\/div>\n\n\t\t\n\n\t\t<div class=\"section-content relative\">\n\t\t\t\n\n  <div id=\"page-header-1659642420\" class=\"page-header-wrapper\">\n  <div class=\"page-title dark simple-title\">\n\n        <div class=\"page-title-bg\">\n      <div class=\"title-bg fill bg-fill\"\n        data-parallax-container=\".page-title\"\n        data-parallax-background\n        data-parallax=\"-\">\n      <\/div>\n      <div class=\"title-overlay fill\"><\/div>\n    <\/div>\n    \n    <div class=\"page-title-inner container align-center flex-row medium-flex-wrap row-reverse\" >\n            <div class=\"title-content flex-col flex-left text-left medium-text-center\">\n        <div class=\"title-breadcrumbs pb-half pt-half\"><\/div>      <\/div>\n    <\/div>\n\n     \n<style>\n#page-header-1659642420 .title-bg {\n  background-image: url(https:\/\/doli.bansalgroup.se\/wp-content\/uploads\/2022\/11\/swirl-eurovema.png);\n}\n<\/style>\n  <\/div>\n    <\/div>\n  \n\n\t<div id=\"gap-189711468\" class=\"gap-element clearfix\" style=\"display:block; height:auto;\">\n\t\t\n<style>\n#gap-189711468 {\n  padding-top: 50px;\n}\n<\/style>\n\t<\/div>\n\t\n\n<div class=\"row padded\"  id=\"row-1630124006\">\n\n\n\t<div id=\"col-1527488378\" class=\"col medium-3 small-7 large-3\"  >\n\t\t\t\t<div class=\"col-inner\"  >\n\t\t\t\n\t\t\t\n\n<div class=\"container section-title-container\" ><h1 class=\"section-title section-title-normal\"><b><\/b><span class=\"section-title-main\" >Leon F Versus<\/span><b><\/b><\/h1><\/div>\n\n\n\t\t<\/div>\n\t\t\t\t\t<\/div>\n\n\t\n\n\t<div id=\"col-1645042176\" class=\"col medium-4 small-5 large-4\"  >\n\t\t\t\t<div class=\"col-inner\"  >\n\t\t\t\n\t\t\t\n\n\t<div class=\"img has-hover x md-x lg-x y md-y lg-y\" id=\"image_658805491\">\n\t\t\t\t\t\t\t\t<div class=\"img-inner dark\" style=\"margin:5px 0px 0px 0px;\">\n\t\t\t<img loading=\"lazy\" decoding=\"async\" width=\"257\" height=\"70\" src=\"https:\/\/doli.bansalgroup.se\/wp-content\/uploads\/2023\/01\/karma_257x70.png\" class=\"attachment-large size-large\" alt=\"\" \/>\t\t\t\t\t\t\n\t\t\t\t\t<\/div>\n\t\t\t\t\t\t\t\t\n<style>\n#image_658805491 {\n  width: 100%;\n}\n@media (min-width:550px) {\n  #image_658805491 {\n    width: 80%;\n  }\n}\n<\/style>\n\t<\/div>\n\t\n\n\n\t\t<\/div>\n\t\t\t\t\t<\/div>\n\n\t\n\n\t<div id=\"col-1804766117\" class=\"col medium-4 small-12 large-4\"  >\n\t\t\t\t<div class=\"col-inner\"  >\n\t\t\t\n\t\t\t\n\n\n\t\t<\/div>\n\t\t\t\t\t<\/div>\n\n\t\n\n<\/div>\n<div class=\"row paddedprodukt\"  id=\"row-440244710\">\n\n\n\t<div id=\"col-1120885116\" class=\"col produkt medium-6 small-12 large-6\"  >\n\t\t\t\t<div class=\"col-inner\"  >\n\t\t\t\n\t\t\t\n\n\t<div id=\"text-1166407204\" class=\"text\">\n\t\t\n\n<p>Leon F Versus \u00e4r v\u00e5r nya framhjulsdrivna elektriska rullstol fr\u00e5n Karma som \u00e4r utrustad med en ny typ av justerbart sitssystem. Det flexibla Versus Seating System g\u00f6r att samma stol kan justera sitsbredden mellan 34 och 52 cm, samt sitsdjupet mellan 20 och 52,5 cm. Leon F Versus g\u00e5r att bygga efter \u00f6nskem\u00e5l, fr\u00e5n manuella funktioner till helt elektriska. Utrustad med stora hjul, alla med fj\u00e4dring, fungerar den utm\u00e4rkt utomhus. Med en lutning p\u00e5 45 grader, godk\u00e4nd f\u00f6r anv\u00e4ndning i bil och ett stort utbud av tillbeh\u00f6r \u00e4r detta en komplett stol.<\/p>\n\t\t\n<style>\n#text-1166407204 {\n  line-height: 1.3;\n  color: #707070;\n}\n#text-1166407204 > * {\n  color: #707070;\n}\n<\/style>\n\t<\/div>\n\t\n\t<div id=\"gap-670549438\" class=\"gap-element clearfix\" style=\"display:block; height:auto;\">\n\t\t\n<style>\n#gap-670549438 {\n  padding-top: 20px;\n}\n<\/style>\n\t<\/div>\n\t\n\n<div class=\"row\"  id=\"row-1727815688\">\n\n\n\t<div id=\"col-984889373\" class=\"col medium-4 small-12 large-4\"  >\n\t\t\t\t<div class=\"col-inner\"  >\n\t\t\t\n\t\t\t\n\n\n\t\t<div class=\"icon-box featured-box icon-box-left text-left is-small\"  style=\"margin:0px 0px 0px 0px;\">\n\t\t\t\t\t<div class=\"icon-box-img\" style=\"width: 20px\">\n\t\t\t\t<div class=\"icon\">\n\t\t\t\t\t<div class=\"icon-inner\" style=\"color:rgb(239, 125, 22);\">\n\t\t\t\t\t\t<?xml version=\"1.0\" encoding=\"UTF-8\"?>\n<svg xmlns=\"http:\/\/www.w3.org\/2000\/svg\" viewBox=\"0 0 448 512\">\n  <!--! Font Awesome Pro 6.2.1 by @fontawesome - https:\/\/fontawesome.com License - https:\/\/fontawesome.com\/license (Commercial License) Copyright 2022 Fonticons, Inc. -->\n  <path d=\"M64 32C28.7 32 0 60.7 0 96V416c0 35.3 28.7 64 64 64H384c35.3 0 64-28.7 64-64V96c0-35.3-28.7-64-64-64H64zM337 209L209 337c-9.4 9.4-24.6 9.4-33.9 0l-64-64c-9.4-9.4-9.4-24.6 0-33.9s24.6-9.4 33.9 0l47 47L303 175c9.4-9.4 24.6-9.4 33.9 0s9.4 24.6 0 33.9z\"><\/path>\n<\/svg>\n\t\t\t\t\t<\/div>\n\t\t\t\t<\/div>\n\t\t\t<\/div>\n\t\t\t\t<div class=\"icon-box-text last-reset\">\n\t\t\t<h5 class=\"uppercase\">Inomhus<\/h5>\t\t\t\t\t\t\n\n\n\t\t<\/div>\n\t<\/div>\n\t\n\t\n\n\t\t<\/div>\n\t\t\t\t\t<\/div>\n\n\t\n\n\t<div id=\"col-1940981196\" class=\"col medium-4 small-12 large-4\"  >\n\t\t\t\t<div class=\"col-inner\"  >\n\t\t\t\n\t\t\t\n\n\n\t\t<div class=\"icon-box featured-box icon-box-left text-left is-small\"  style=\"margin:0px 0px 0px 0px;\">\n\t\t\t\t\t<div class=\"icon-box-img\" style=\"width: 20px\">\n\t\t\t\t<div class=\"icon\">\n\t\t\t\t\t<div class=\"icon-inner\" style=\"color:rgb(239, 125, 22);\">\n\t\t\t\t\t\t<?xml version=\"1.0\" encoding=\"UTF-8\"?>\n<svg xmlns=\"http:\/\/www.w3.org\/2000\/svg\" viewBox=\"0 0 448 512\">\n  <!--! Font Awesome Pro 6.2.1 by @fontawesome - https:\/\/fontawesome.com License - https:\/\/fontawesome.com\/license (Commercial License) Copyright 2022 Fonticons, Inc. -->\n  <path d=\"M64 32C28.7 32 0 60.7 0 96V416c0 35.3 28.7 64 64 64H384c35.3 0 64-28.7 64-64V96c0-35.3-28.7-64-64-64H64zM337 209L209 337c-9.4 9.4-24.6 9.4-33.9 0l-64-64c-9.4-9.4-9.4-24.6 0-33.9s24.6-9.4 33.9 0l47 47L303 175c9.4-9.4 24.6-9.4 33.9 0s9.4 24.6 0 33.9z\"><\/path>\n<\/svg>\n\t\t\t\t\t<\/div>\n\t\t\t\t<\/div>\n\t\t\t<\/div>\n\t\t\t\t<div class=\"icon-box-text last-reset\">\n\t\t\t<h5 class=\"uppercase\">Utomhus<\/h5>\t\t\t\t\t\t\n\n\n\t\t<\/div>\n\t<\/div>\n\t\n\t\n\n\t\t<\/div>\n\t\t\t\t\t<\/div>\n\n\t\n\n<\/div>\n\n\t\t<\/div>\n\t\t\t\t\n<style>\n#col-1120885116 > .col-inner {\n  padding: 80px 30px 20px 30px;\n}\n<\/style>\n\t<\/div>\n\n\t\n\n\t<div id=\"col-116174595\" class=\"col produkt medium-6 small-12 large-6\"  >\n\t\t\t\t<div class=\"col-inner text-center\"  >\n\t\t\t\n\t\t\t\n\n\t<div class=\"img has-hover x md-x lg-x y md-y lg-y\" id=\"image_1180257049\">\n\t\t\t\t\t\t\t\t<div class=\"img-inner dark\" style=\"margin:0px 0px 0px 0px;\">\n\t\t\t<img loading=\"lazy\" decoding=\"async\" width=\"683\" height=\"1024\" src=\"https:\/\/doli.bansalgroup.se\/wp-content\/uploads\/2023\/02\/Leon-F-Versus-25x25cmx300dpi_Croped-683x1024.png\" class=\"attachment-large size-large\" alt=\"Eldriven rullstol Karma Leon F Versus\" srcset=\"https:\/\/doli.bansalgroup.se\/wp-content\/uploads\/2023\/02\/Leon-F-Versus-25x25cmx300dpi_Croped-683x1024.png 683w, https:\/\/doli.bansalgroup.se\/wp-content\/uploads\/2023\/02\/Leon-F-Versus-25x25cmx300dpi_Croped-200x300.png 200w, https:\/\/doli.bansalgroup.se\/wp-content\/uploads\/2023\/02\/Leon-F-Versus-25x25cmx300dpi_Croped-768x1152.png 768w, https:\/\/doli.bansalgroup.se\/wp-content\/uploads\/2023\/02\/Leon-F-Versus-25x25cmx300dpi_Croped-600x900.png 600w, https:\/\/doli.bansalgroup.se\/wp-content\/uploads\/2023\/02\/Leon-F-Versus-25x25cmx300dpi_Croped.png 800w\" sizes=\"auto, (max-width: 683px) 100vw, 683px\" \/>\t\t\t\t\t\t\n\t\t\t\t\t<\/div>\n\t\t\t\t\t\t\t\t\n<style>\n#image_1180257049 {\n  width: 90%;\n}\n<\/style>\n\t<\/div>\n\t\n\n\n\t\t<\/div>\n\t\t\t\t\t<\/div>\n\n\t\n\n<\/div>\n\t<div id=\"gap-427939579\" class=\"gap-element clearfix\" style=\"display:block; height:auto;\">\n\t\t\n<style>\n#gap-427939579 {\n  padding-top: 20px;\n}\n<\/style>\n\t<\/div>\n\t\n\n<div class=\"row padded\"  id=\"row-124790977\">\n\n\n\t<div id=\"col-1831440008\" class=\"col medium-4 small-12 large-4\"  >\n\t\t\t\t<div class=\"col-inner text-center\"  >\n\t\t\t\n\t\t\t\n\n\t<div id=\"text-3050898397\" class=\"text\">\n\t\t\n\n<p><strong>Tekniska detaljer<\/strong><\/p>\n\t\t\n<style>\n#text-3050898397 {\n  font-size: 1.25rem;\n  text-align: left;\n  color: #707070;\n}\n#text-3050898397 > * {\n  color: #707070;\n}\n<\/style>\n\t<\/div>\n\t\n\n\t\t<\/div>\n\t\t\t\t\n<style>\n#col-1831440008 > .col-inner {\n  padding: 20px 20px 0px 0px;\n  margin: 0px 0px -30px 0px;\n}\n@media (min-width:550px) {\n  #col-1831440008 > .col-inner {\n    padding: 20px 20px 0px 0px;\n  }\n}\n<\/style>\n\t<\/div>\n\n\t\n\n\t<div id=\"col-1825129815\" class=\"col product-column medium-4 small-12 large-4\"  >\n\t\t\t\t<div class=\"col-inner\"  >\n\t\t\t\n\t\t\t\n\n\n\n\n\n\n\t\t<\/div>\n\t\t\t\t\n<style>\n#col-1825129815 > .col-inner {\n  padding: 0px 0px 0px 0px;\n}\n<\/style>\n\t<\/div>\n\n\t\n\n<\/div>\n<div class=\"row padded\"  id=\"row-95102451\">\n\n\n\t<div id=\"col-950472116\" class=\"col small-12 large-12\"  >\n\t\t\t\t<div class=\"col-inner\"  >\n\t\t\t\n\t\t\t\n\n\t<div id=\"text-1628435746\" class=\"text\">\n\t\t\n\n\n<table id=\"tablepress-56\" class=\"tablepress tablepress-id-56\">\n<tbody class=\"row-striping row-hover\">\n<tr class=\"row-1\">\n\t<td class=\"column-1\">Sitth\u00f6jd (till underkant sits)<\/td><td class=\"column-2\">440-740 mm<\/td>\n<\/tr>\n<tr class=\"row-2\">\n\t<td class=\"column-1\">Sitsbredd<\/td><td class=\"column-2\">340-665 mm<\/td>\n<\/tr>\n<tr class=\"row-3\">\n\t<td class=\"column-1\">Sitsdjup<\/td><td class=\"column-2\">150-550 mm<\/td>\n<\/tr>\n<tr class=\"row-4\">\n\t<td class=\"column-1\">Sitsvinkling<\/td><td class=\"column-2\">+2\u00b0- +45\u00b0<\/td>\n<\/tr>\n<tr class=\"row-5\">\n\t<td class=\"column-1\">Ryggh\u00f6jd<\/td><td class=\"column-2\">525-625 mm<\/td>\n<\/tr>\n<tr class=\"row-6\">\n\t<td class=\"column-1\">Ryggvinkling<\/td><td class=\"column-2\">+1\u00b0- +47\u00b0<\/td>\n<\/tr>\n<tr class=\"row-7\">\n\t<td class=\"column-1\">Chassi bredd<\/td><td class=\"column-2\">600 mm<\/td>\n<\/tr>\n<tr class=\"row-8\">\n\t<td class=\"column-1\">Chassi l\u00e4ngd<\/td><td class=\"column-2\">880 mm<\/td>\n<\/tr>\n<tr class=\"row-9\">\n\t<td class=\"column-1\">Chassi sv\u00e4ngradie<\/td><td class=\"column-2\">660 mm<\/td>\n<\/tr>\n<tr class=\"row-10\">\n\t<td class=\"column-1\">Totalbredd<\/td><td class=\"column-2\">620-825 mm<\/td>\n<\/tr>\n<tr class=\"row-11\">\n\t<td class=\"column-1\">Totall\u00e4ngd<\/td><td class=\"column-2\">1130 mm<\/td>\n<\/tr>\n<tr class=\"row-12\">\n\t<td class=\"column-1\">Hjulstorlek fram\/mitten\/bak<\/td><td class=\"column-2\">14\u201d\/-\/9\u201d<\/td>\n<\/tr>\n<tr class=\"row-13\">\n\t<td class=\"column-1\">Markfrig\u00e5ng<\/td><td class=\"column-2\">60 cm<\/td>\n<\/tr>\n<tr class=\"row-14\">\n\t<td class=\"column-1\">Kl\u00e4ttringskapacitet<\/td><td class=\"column-2\">50 mm<\/td>\n<\/tr>\n<tr class=\"row-15\">\n\t<td class=\"column-1\">Vikt<\/td><td class=\"column-2\">180 kg<\/td>\n<\/tr>\n<tr class=\"row-16\">\n\t<td class=\"column-1\">Brukarvikt max<\/td><td class=\"column-2\">136 kg<\/td>\n<\/tr>\n<tr class=\"row-17\">\n\t<td class=\"column-1\">Hastighet<\/td><td class=\"column-2\">6\/12 km\/h<\/td>\n<\/tr>\n<tr class=\"row-18\">\n\t<td class=\"column-1\">Batteritid k\u00f6rl\u00e4ngd<\/td><td class=\"column-2\">22\/40 km<\/td>\n<\/tr>\n<tr class=\"row-19\">\n\t<td class=\"column-1\">Backe<\/td><td class=\"column-2\">12\u00b0<\/td>\n<\/tr>\n<\/tbody>\n<\/table>\n<!-- #tablepress-56 from cache -->\n\t\t\n<style>\n#text-1628435746 {\n  font-size: 0.9rem;\n}\n<\/style>\n\t<\/div>\n\t\n\n\t\t<\/div>\n\t\t\t\t\t<\/div>\n\n\t\n\n<\/div>\n<div class=\"text-center\"><div class=\"is-divider divider clearfix\" style=\"max-width:1000px;height:1px;\"><\/div><\/div>\n\n\t<div id=\"gap-392743521\" class=\"gap-element clearfix\" style=\"display:block; height:auto;\">\n\t\t\n<style>\n#gap-392743521 {\n  padding-top: 30px;\n}\n<\/style>\n\t<\/div>\n\t\n\n<div class=\"row padded\"  id=\"row-1599540390\">\n\n\n\t<div id=\"col-561528451\" class=\"col small-12 large-12\"  >\n\t\t\t\t<div class=\"col-inner text-left\"  >\n\t\t\t\n\t\t\t\n\n<div class=\"container section-title-container #produktkatalog\" ><h4 class=\"section-title section-title-normal\"><b><\/b><span class=\"section-title-main\" >Dokumentation<\/span><b><\/b><\/h4><\/div>\n\n<div class=\"row\"  id=\"row-2140996313\">\n\n\n\t<div id=\"col-1885359748\" class=\"col medium-6 small-12 large-6\"  >\n\t\t\t\t<div class=\"col-inner text-left\"  >\n\t\t\t\n\t\t\t\n\n\n\t\t<\/div>\n\t\t\t\t\t<\/div>\n\n\t\n\n\t<div id=\"col-376839422\" class=\"col medium-6 small-12 large-6\"  >\n\t\t\t\t<div class=\"col-inner\"  >\n\t\t\t\n\t\t\t\n\n\n\t\t<\/div>\n\t\t\t\t\t<\/div>\n\n\t\n\n<\/div>\n<div class=\"row align-middle document-row\"  id=\"row-1281613132\">\n\n\n\t<div id=\"col-1616755175\" class=\"col medium-7 small-5 large-7\"  >\n\t\t\t\t<div class=\"col-inner\"  >\n\t\t\t\n\t\t\t\n\n\t<div id=\"text-2383173148\" class=\"text\">\n\t\t\n\n<p><span style=\"color: #808080;\"><strong>Produktblad Karma Leon F Versus<\/strong><\/span><\/p>\n\t\t\n<style>\n#text-2383173148 {\n  font-size: 0.8rem;\n  line-height: 1.6;\n}\n@media (min-width:550px) {\n  #text-2383173148 {\n    font-size: 1rem;\n  }\n}\n@media (min-width:850px) {\n  #text-2383173148 {\n    font-size: 1rem;\n  }\n}\n<\/style>\n\t<\/div>\n\t\n\n\t\t<\/div>\n\t\t\t\t\n<style>\n#col-1616755175 > .col-inner {\n  padding: 17px 0px 0px 0px;\n}\n@media (min-width:550px) {\n  #col-1616755175 > .col-inner {\n    padding: 17px 30px 0px 30px;\n  }\n}\n<\/style>\n\t<\/div>\n\n\t\n\n\t<div id=\"col-1854241620\" class=\"col language-column medium-2 small-1 large-2\"  >\n\t\t\t\t<div class=\"col-inner\"  >\n\t\t\t\n\t\t\t\n\n\t<div id=\"text-1392377876\" class=\"text\">\n\t\t\n\n<p><span style=\"color: #808080;\">SVENSKA<\/span><\/p>\n\t\t\n<style>\n#text-1392377876 {\n  font-size: 0.75rem;\n  text-align: center;\n}\n@media (min-width:550px) {\n  #text-1392377876 {\n    font-size: 0.8rem;\n  }\n}\n<\/style>\n\t<\/div>\n\t\n\n\t\t<\/div>\n\t\t\t\t\n<style>\n#col-1854241620 > .col-inner {\n  padding: 14px 0px 0px 0px;\n}\n<\/style>\n\t<\/div>\n\n\t\n\n\t<div id=\"col-1768639190\" class=\"col medium-3 small-5 large-3\"  >\n\t\t\t\t<div class=\"col-inner text-right\"  >\n\t\t\t\n\t\t\t\n\n<a rel=\"noopener noreferrer\" href=\"https:\/\/doli.bansalgroup.se\/wp-content\/uploads\/2024\/02\/produktblad-karma-leon-f-versus-sv.pdf\" target=\"_blank\" class=\"button primary is-small lowercase\"  style=\"border-radius:99px;padding:0px 20px 0px 20px;\">\n    <span>\u00d6ppna<\/span>\n  <\/a>\n\n\n\n\t\t<\/div>\n\t\t\t\t\n<style>\n#col-1768639190 > .col-inner {\n  padding: 10px 0px 0px 0px;\n}\n@media (min-width:550px) {\n  #col-1768639190 > .col-inner {\n    padding: 10px 0px 0px 0px;\n  }\n}\n<\/style>\n\t<\/div>\n\n\t\n\n<\/div>\n\n\t\t<\/div>\n\t\t\t\t\n<style>\n#col-561528451 > .col-inner {\n  padding: 0px 0px 0px 0px;\n}\n<\/style>\n\t<\/div>\n\n\t\n\n<\/div>\n\t<div id=\"gap-2073602943\" class=\"gap-element clearfix\" style=\"display:block; height:auto;\">\n\t\t\n<style>\n#gap-2073602943 {\n  padding-top: 30px;\n}\n<\/style>\n\t<\/div>\n\t\n\n\t<div class=\"img has-hover x md-x lg-x y md-y lg-y\" id=\"image_714635893\">\n\t\t\t\t\t\t\t\t<div class=\"img-inner dark\" >\n\t\t\t<img loading=\"lazy\" decoding=\"async\" width=\"1920\" height=\"423\" src=\"https:\/\/doli.bansalgroup.se\/wp-content\/uploads\/2022\/11\/73A0561.png\" class=\"attachment-2048x2048 size-2048x2048\" alt=\"\" srcset=\"https:\/\/doli.bansalgroup.se\/wp-content\/uploads\/2022\/11\/73A0561.png 1920w, https:\/\/doli.bansalgroup.se\/wp-content\/uploads\/2022\/11\/73A0561-300x66.png 300w, https:\/\/doli.bansalgroup.se\/wp-content\/uploads\/2022\/11\/73A0561-1024x226.png 1024w, https:\/\/doli.bansalgroup.se\/wp-content\/uploads\/2022\/11\/73A0561-768x169.png 768w, https:\/\/doli.bansalgroup.se\/wp-content\/uploads\/2022\/11\/73A0561-1536x338.png 1536w, https:\/\/doli.bansalgroup.se\/wp-content\/uploads\/2022\/11\/73A0561-600x132.png 600w\" sizes=\"auto, (max-width: 1920px) 100vw, 1920px\" \/>\t\t\t\t\t\t\n\t\t\t\t\t<\/div>\n\t\t\t\t\t\t\t\t\n<style>\n#image_714635893 {\n  width: 100%;\n}\n<\/style>\n\t<\/div>\n\t\n\n\n\t\t<\/div>\n\n\t\t\n<style>\n#section_1772265993 {\n  padding-top: 0px;\n  padding-bottom: 0px;\n}\n#section_1772265993 .ux-shape-divider--top svg {\n  height: 150px;\n  --divider-top-width: 100%;\n}\n#section_1772265993 .ux-shape-divider--bottom svg {\n  height: 150px;\n  --divider-width: 100%;\n}\n<\/style>\n\t<\/section>\n\t\n\n","protected":false},"excerpt":{"rendered":"","protected":false},"author":10,"featured_media":0,"parent":1468,"menu_order":0,"comment_status":"closed","ping_status":"closed","template":"page-blank.php","meta":{"inline_featured_image":false,"footnotes":""},"categories":[151],"tags":[],"class_list":["post-3370","page","type-page","status-publish","hentry","category-eldrivna-rullstolar"],"_links":{"self":[{"href":"https:\/\/doli.bansalgroup.se\/sv\/wp-json\/wp\/v2\/pages\/3370","targetHints":{"allow":["GET"]}}],"collection":[{"href":"https:\/\/doli.bansalgroup.se\/sv\/wp-json\/wp\/v2\/pages"}],"about":[{"href":"https:\/\/doli.bansalgroup.se\/sv\/wp-json\/wp\/v2\/types\/page"}],"author":[{"embeddable":true,"href":"https:\/\/doli.bansalgroup.se\/sv\/wp-json\/wp\/v2\/users\/10"}],"replies":[{"embeddable":true,"href":"https:\/\/doli.bansalgroup.se\/sv\/wp-json\/wp\/v2\/comments?post=3370"}],"version-history":[{"count":11,"href":"https:\/\/doli.bansalgroup.se\/sv\/wp-json\/wp\/v2\/pages\/3370\/revisions"}],"predecessor-version":[{"id":6292,"href":"https:\/\/doli.bansalgroup.se\/sv\/wp-json\/wp\/v2\/pages\/3370\/revisions\/6292"}],"up":[{"embeddable":true,"href":"https:\/\/doli.bansalgroup.se\/sv\/wp-json\/wp\/v2\/pages\/1468"}],"wp:attachment":[{"href":"https:\/\/doli.bansalgroup.se\/sv\/wp-json\/wp\/v2\/media?parent=3370"}],"wp:term":[{"taxonomy":"category","embeddable":true,"href":"https:\/\/doli.bansalgroup.se\/sv\/wp-json\/wp\/v2\/categories?post=3370"},{"taxonomy":"post_tag","embeddable":true,"href":"https:\/\/doli.bansalgroup.se\/sv\/wp-json\/wp\/v2\/tags?post=3370"}],"curies":[{"name":"wp","href":"https:\/\/api.w.org\/{rel}","templated":true}]}}