{"id":5623,"date":"2023-09-25T12:57:15","date_gmt":"2023-09-25T10:57:15","guid":{"rendered":"https:\/\/doli.bansalgroup.se\/?page_id=5623"},"modified":"2025-04-08T16:28:42","modified_gmt":"2025-04-08T14:28:42","slug":"sakerhetsmeddelande","status":"publish","type":"page","link":"https:\/\/doli.bansalgroup.se\/sv\/sakerhetsmeddelande\/","title":{"rendered":"S\u00e4kerhetsmeddelande"},"content":{"rendered":"\n\t<section class=\"section\" id=\"section_2117854524\">\n\t\t<div class=\"bg section-bg fill bg-fill  bg-loaded\" >\n\n\t\t\t\n\t\t\t\n\t\t\t\n\n\t\t<\/div>\n\n\t\t\n\n\t\t<div class=\"section-content relative\">\n\t\t\t\n\n  <div id=\"page-header-1756384235\" class=\"page-header-wrapper\">\n  <div class=\"page-title dark simple-title\">\n\n        <div class=\"page-title-bg\">\n      <div class=\"title-bg fill bg-fill\"\n        data-parallax-container=\".page-title\"\n        data-parallax-background\n        data-parallax=\"-\">\n      <\/div>\n      <div class=\"title-overlay fill\"><\/div>\n    <\/div>\n    \n    <div class=\"page-title-inner container align-center flex-row medium-flex-wrap row-reverse\" >\n            <div class=\"title-content flex-col flex-left text-left medium-text-center\">\n        <div class=\"title-breadcrumbs pb-half pt-half\"><\/div>      <\/div>\n    <\/div>\n\n     \n<style>\n#page-header-1756384235 .title-bg {\n  background-image: url(https:\/\/doli.bansalgroup.se\/wp-content\/uploads\/2022\/11\/swirl-eurovema.png);\n}\n<\/style>\n  <\/div>\n    <\/div>\n  \n\n\t<div id=\"gap-492676318\" class=\"gap-element clearfix\" style=\"display:block; height:auto;\">\n\t\t\n<style>\n#gap-492676318 {\n  padding-top: 50px;\n}\n<\/style>\n\t<\/div>\n\t\n\n<div class=\"row align-center padded\"  id=\"row-1629307342\">\n\n\n\t<div id=\"col-1734249377\" class=\"col medium-9 small-12 large-9\"  >\n\t\t\t\t<div class=\"col-inner text-left\"  >\n\t\t\t\n\t\t\t\n\n<div class=\"container section-title-container\" ><h1 class=\"section-title section-title-normal\"><b><\/b><span class=\"section-title-main\" >S\u00e4kerhetsmeddelande<\/span><b><\/b><\/h1><\/div>\n\n\t<div id=\"gap-130927697\" class=\"gap-element clearfix\" style=\"display:block; height:auto;\">\n\t\t\n<style>\n#gap-130927697 {\n  padding-top: 20px;\n}\n<\/style>\n\t<\/div>\n\t\n\n<p>H\u00e4lso- och sjukv\u00e5rd ska g\u00f6ra anm\u00e4lan om negativa h\u00e4ndelser och tillbud med medicintekniska produkter till L\u00e4kemedelsverket och tillverkaren. Anm\u00e4l via L\u00e4kemedelverkets <a href=\"https:\/\/www.lakemedelsverket.se\/sv\/rapportera-biverkningar\/medicinteknik\/anmala-negativa-handelser-och-tillbud\" target=\"_blank\" rel=\"noopener\">webbsida h\u00e4r.<\/a><\/p>\n<p>\u00a0<\/p>\n<p><a href=\"https:\/\/doli.bansalgroup.se\/wp-content\/uploads\/2025\/03\/eurovema-fsn-104122-sv.pdf\" target=\"_blank\" rel=\"noopener\">S\u00e4kerhetsmeddelande g\u00e4llande sittkryss 104122.<\/a><\/p>\n<p><a href=\"https:\/\/doli.bansalgroup.se\/wp-content\/uploads\/2024\/11\/eurovema-fsn-104121-sv.pdf\" target=\"_blank\" rel=\"noopener\">S\u00e4kerhetsmeddelande g\u00e4llande Flexbase SitRite \/ Flexbase Forma \/ Clinic 104121.<\/a><br \/><a href=\"https:\/\/doli.bansalgroup.se\/wp-content\/uploads\/2025\/04\/eurovema-fsn-104121-sv-byte-av-vajerbroms.pdf\" target=\"_blank\" rel=\"noopener\">Instruktion f\u00f6r byte av vajerbroms (FSN 104121).<\/a><br \/><a href=\"https:\/\/doli.bansalgroup.se\/wp-content\/uploads\/2025\/04\/eurovema-fsn-104121-sv-byte-av-benhalva.pdf\" target=\"_blank\" rel=\"noopener\">Instruktion f\u00f6r byte av benhalva (FSN 104121).<\/a><\/p>\n<p><a href=\"https:\/\/doli.bansalgroup.se\/wp-content\/uploads\/2023\/09\/eurovema-fsn-103584-sv.pdf\" target=\"_blank\" rel=\"noopener\">S\u00e4kerhetsmeddelande g\u00e4llande Euroflex 24V Elektronik 103584.<\/a><\/p>\n<p><a href=\"https:\/\/doli.bansalgroup.se\/wp-content\/uploads\/2023\/09\/eurovema-fsn-103863-sv.pdf\" target=\"_blank\" rel=\"noopener\">S\u00e4kerhetsmeddelande g\u00e4llande Volaris Smart och Volaris Patrol 103863.<\/a><\/p>\n<p style=\"text-align: left;\">\u00a0<\/p>\n\t<div id=\"gap-1477634647\" class=\"gap-element clearfix\" style=\"display:block; height:auto;\">\n\t\t\n<style>\n#gap-1477634647 {\n  padding-top: 200px;\n}\n<\/style>\n\t<\/div>\n\t\n\n\n\t\t<\/div>\n\t\t\t\t\t<\/div>\n\n\t\n\n<\/div>\n\n\t\t<\/div>\n\n\t\t\n<style>\n#section_2117854524 {\n  padding-top: 0px;\n  padding-bottom: 0px;\n}\n#section_2117854524 .ux-shape-divider--top svg {\n  height: 150px;\n  --divider-top-width: 100%;\n}\n#section_2117854524 .ux-shape-divider--bottom svg {\n  height: 150px;\n  --divider-width: 100%;\n}\n<\/style>\n\t<\/section>\n\t\n\n\n\n<p><\/p>\n","protected":false},"excerpt":{"rendered":"","protected":false},"author":10,"featured_media":0,"parent":0,"menu_order":0,"comment_status":"closed","ping_status":"open","template":"page-blank.php","meta":{"inline_featured_image":false,"footnotes":""},"categories":[],"tags":[],"class_list":["post-5623","page","type-page","status-publish","hentry"],"_links":{"self":[{"href":"https:\/\/doli.bansalgroup.se\/sv\/wp-json\/wp\/v2\/pages\/5623","targetHints":{"allow":["GET"]}}],"collection":[{"href":"https:\/\/doli.bansalgroup.se\/sv\/wp-json\/wp\/v2\/pages"}],"about":[{"href":"https:\/\/doli.bansalgroup.se\/sv\/wp-json\/wp\/v2\/types\/page"}],"author":[{"embeddable":true,"href":"https:\/\/doli.bansalgroup.se\/sv\/wp-json\/wp\/v2\/users\/10"}],"replies":[{"embeddable":true,"href":"https:\/\/doli.bansalgroup.se\/sv\/wp-json\/wp\/v2\/comments?post=5623"}],"version-history":[{"count":16,"href":"https:\/\/doli.bansalgroup.se\/sv\/wp-json\/wp\/v2\/pages\/5623\/revisions"}],"predecessor-version":[{"id":8376,"href":"https:\/\/doli.bansalgroup.se\/sv\/wp-json\/wp\/v2\/pages\/5623\/revisions\/8376"}],"wp:attachment":[{"href":"https:\/\/doli.bansalgroup.se\/sv\/wp-json\/wp\/v2\/media?parent=5623"}],"wp:term":[{"taxonomy":"category","embeddable":true,"href":"https:\/\/doli.bansalgroup.se\/sv\/wp-json\/wp\/v2\/categories?post=5623"},{"taxonomy":"post_tag","embeddable":true,"href":"https:\/\/doli.bansalgroup.se\/sv\/wp-json\/wp\/v2\/tags?post=5623"}],"curies":[{"name":"wp","href":"https:\/\/api.w.org\/{rel}","templated":true}]}}