{"id":7189,"date":"2024-05-28T16:02:47","date_gmt":"2024-05-28T14:02:47","guid":{"rendered":"https:\/\/doli.bansalgroup.se\/?page_id=7189"},"modified":"2025-03-03T10:33:45","modified_gmt":"2025-03-03T09:33:45","slug":"clip","status":"publish","type":"page","link":"https:\/\/doli.bansalgroup.se\/sv\/vara-produkter\/sulkyvagnar\/clip\/","title":{"rendered":"Clip"},"content":{"rendered":"\n\t<section class=\"section\" id=\"section_1631292130\">\n\t\t<div class=\"bg section-bg fill bg-fill  bg-loaded\" >\n\n\t\t\t\n\t\t\t\n\t\t\t\n\n\t\t<\/div>\n\n\t\t\n\n\t\t<div class=\"section-content relative\">\n\t\t\t\n\n  <div id=\"page-header-6564144\" class=\"page-header-wrapper\">\n  <div class=\"page-title dark simple-title\">\n\n        <div class=\"page-title-bg\">\n      <div class=\"title-bg fill bg-fill\"\n        data-parallax-container=\".page-title\"\n        data-parallax-background\n        data-parallax=\"-\">\n      <\/div>\n      <div class=\"title-overlay fill\"><\/div>\n    <\/div>\n    \n    <div class=\"page-title-inner container align-center flex-row medium-flex-wrap row-reverse\" >\n            <div class=\"title-content flex-col flex-left text-left medium-text-center\">\n        <div class=\"title-breadcrumbs pb-half pt-half\"><\/div>      <\/div>\n    <\/div>\n\n     \n<style>\n#page-header-6564144 .title-bg {\n  background-image: url(https:\/\/doli.bansalgroup.se\/wp-content\/uploads\/2022\/11\/swirl-eurovema.png);\n}\n<\/style>\n  <\/div>\n    <\/div>\n  \n\n\t<div id=\"gap-1010436264\" class=\"gap-element clearfix\" style=\"display:block; height:auto;\">\n\t\t\n<style>\n#gap-1010436264 {\n  padding-top: 50px;\n}\n<\/style>\n\t<\/div>\n\t\n\n<div class=\"row padded\"  id=\"row-536402725\">\n\n\n\t<div id=\"col-224394944\" class=\"col medium-2 small-7 large-2\"  >\n\t\t\t\t<div class=\"col-inner\"  >\n\t\t\t\n\t\t\t\n\n<div class=\"container section-title-container\" ><h1 class=\"section-title section-title-normal\"><b><\/b><span class=\"section-title-main\" >Clip<\/span><b><\/b><\/h1><\/div>\n\n\n\t\t<\/div>\n\t\t\t\t\t<\/div>\n\n\t\n\n\t<div id=\"col-1959410354\" class=\"col medium-4 small-5 large-4\"  >\n\t\t\t\t<div class=\"col-inner\"  >\n\t\t\t\n\t\t\t\n\n\t<div class=\"img has-hover x md-x lg-x y md-y lg-y\" id=\"image_1319193313\">\n\t\t\t\t\t\t\t\t<div class=\"img-inner dark\" style=\"margin:5px 0px 0px 0px;\">\n\t\t\t<img loading=\"lazy\" decoding=\"async\" width=\"500\" height=\"128\" src=\"https:\/\/doli.bansalgroup.se\/wp-content\/uploads\/2023\/01\/logo_ormesa.png\" class=\"attachment-large size-large\" alt=\"\" srcset=\"https:\/\/doli.bansalgroup.se\/wp-content\/uploads\/2023\/01\/logo_ormesa.png 500w, https:\/\/doli.bansalgroup.se\/wp-content\/uploads\/2023\/01\/logo_ormesa-300x77.png 300w\" sizes=\"auto, (max-width: 500px) 100vw, 500px\" \/>\t\t\t\t\t\t\n\t\t\t\t\t<\/div>\n\t\t\t\t\t\t\t\t\n<style>\n#image_1319193313 {\n  width: 100%;\n}\n@media (min-width:550px) {\n  #image_1319193313 {\n    width: 80%;\n  }\n}\n<\/style>\n\t<\/div>\n\t\n\n\n\t\t<\/div>\n\t\t\t\t\t<\/div>\n\n\t\n\n\t<div id=\"col-1843643755\" class=\"col medium-4 small-12 large-4\"  >\n\t\t\t\t<div class=\"col-inner\"  >\n\t\t\t\n\t\t\t\n\n\n\t\t<\/div>\n\t\t\t\t\t<\/div>\n\n\t\n\n<\/div>\n<div class=\"row paddedprodukt\"  id=\"row-932542881\">\n\n\n\t<div id=\"col-691117918\" class=\"col produkt medium-6 small-12 large-6\"  >\n\t\t\t\t<div class=\"col-inner\"  >\n\t\t\t\n\t\t\t\n\n\t<div id=\"text-1327837578\" class=\"text\">\n\t\t\n\n<p>Clip \u00e4r avsedd f\u00f6r barn och vuxna med nedsatt r\u00f6rlighet. Vagnen passar anv\u00e4ndare med l\u00e4ngder fr\u00e5n 110 cm upp till 170 cm, med vikter fr\u00e5n 30 upp till 76 kg.<\/p>\n<p>Clip \u00e4r enkel f\u00e4lla samman i sidled. Den \u00e4r liten i hopf\u00e4llt l\u00e4ge och hanteras d\u00e5 enkelt med en hand. Den minsta modellen v\u00e4ger enbart 10 kg. Rygg och sits \u00e4r flexibla tack vare inbyggda st\u00f6dskenor av aluminium som kan placeras om i de parallellt utformade kanalerna. Ryggens lutning kan enkelt kan justeras i tre olika l\u00e4gen. P\u00e5 baksidan av ryggen finns f\u00f6rvaringsutrymmet.<\/p>\n<p>Kl\u00e4dseln har h\u00f6g slitstyrka och \u00e4r flams\u00e4kert enligt kraven i standarderna f\u00f6r test av detta. Stoppningen utg\u00f6rs av en tre-dimensionell struktur vilken ger god ventilation och distribution av vikt. Materialet \u00e4r avtagbart f\u00f6r enkel reng\u00f6ring och tv\u00e4tt. K\u00f6rhandtag och avtagbara fotst\u00f6d \u00e4r justerbara i h\u00f6jd.<\/p>\n<p>CLIP-vagnen i storlekarna 1, 2, 3 klarar kollisionstesten enligt kraven i standard till\u00e4mpad f\u00f6r detta test.<\/p>\n\t\t\n<style>\n#text-1327837578 {\n  line-height: 1.3;\n  color: #707070;\n}\n#text-1327837578 > * {\n  color: #707070;\n}\n<\/style>\n\t<\/div>\n\t\n\t<div id=\"gap-1774684430\" class=\"gap-element clearfix\" style=\"display:block; height:auto;\">\n\t\t\n<style>\n#gap-1774684430 {\n  padding-top: 20px;\n}\n<\/style>\n\t<\/div>\n\t\n\n<div class=\"row\"  id=\"row-1447565127\">\n\n\n\t<div id=\"col-592010374\" class=\"col medium-4 small-12 large-4\"  >\n\t\t\t\t<div class=\"col-inner\"  >\n\t\t\t\n\t\t\t\n\n\n\t\t<div class=\"icon-box featured-box icon-box-left text-left is-small\"  style=\"margin:0px 0px 0px 0px;\">\n\t\t\t\t\t<div class=\"icon-box-img\" style=\"width: 20px\">\n\t\t\t\t<div class=\"icon\">\n\t\t\t\t\t<div class=\"icon-inner\" style=\"color:rgb(239, 125, 22);\">\n\t\t\t\t\t\t<?xml version=\"1.0\" encoding=\"UTF-8\"?>\n<svg xmlns=\"http:\/\/www.w3.org\/2000\/svg\" viewBox=\"0 0 448 512\">\n  <!--! Font Awesome Pro 6.2.1 by @fontawesome - https:\/\/fontawesome.com License - https:\/\/fontawesome.com\/license (Commercial License) Copyright 2022 Fonticons, Inc. -->\n  <path d=\"M64 32C28.7 32 0 60.7 0 96V416c0 35.3 28.7 64 64 64H384c35.3 0 64-28.7 64-64V96c0-35.3-28.7-64-64-64H64zM337 209L209 337c-9.4 9.4-24.6 9.4-33.9 0l-64-64c-9.4-9.4-9.4-24.6 0-33.9s24.6-9.4 33.9 0l47 47L303 175c9.4-9.4 24.6-9.4 33.9 0s9.4 24.6 0 33.9z\"><\/path>\n<\/svg>\n\t\t\t\t\t<\/div>\n\t\t\t\t<\/div>\n\t\t\t<\/div>\n\t\t\t\t<div class=\"icon-box-text last-reset\">\n\t\t\t<h5 class=\"uppercase\">Inomhus<\/h5>\t\t\t\t\t\t\n\n\n\t\t<\/div>\n\t<\/div>\n\t\n\t\n\n\t\t<\/div>\n\t\t\t\t\t<\/div>\n\n\t\n\n\t<div id=\"col-1797652503\" class=\"col medium-4 small-12 large-4\"  >\n\t\t\t\t<div class=\"col-inner\"  >\n\t\t\t\n\t\t\t\n\n\n\t\t<div class=\"icon-box featured-box icon-box-left text-left is-small\"  style=\"margin:0px 0px 0px 0px;\">\n\t\t\t\t\t<div class=\"icon-box-img\" style=\"width: 20px\">\n\t\t\t\t<div class=\"icon\">\n\t\t\t\t\t<div class=\"icon-inner\" style=\"color:rgb(239, 125, 22);\">\n\t\t\t\t\t\t<?xml version=\"1.0\" encoding=\"UTF-8\"?>\n<svg xmlns=\"http:\/\/www.w3.org\/2000\/svg\" viewBox=\"0 0 448 512\">\n  <!--! Font Awesome Pro 6.2.1 by @fontawesome - https:\/\/fontawesome.com License - https:\/\/fontawesome.com\/license (Commercial License) Copyright 2022 Fonticons, Inc. -->\n  <path d=\"M64 32C28.7 32 0 60.7 0 96V416c0 35.3 28.7 64 64 64H384c35.3 0 64-28.7 64-64V96c0-35.3-28.7-64-64-64H64zM337 209L209 337c-9.4 9.4-24.6 9.4-33.9 0l-64-64c-9.4-9.4-9.4-24.6 0-33.9s24.6-9.4 33.9 0l47 47L303 175c9.4-9.4 24.6-9.4 33.9 0s9.4 24.6 0 33.9z\"><\/path>\n<\/svg>\n\t\t\t\t\t<\/div>\n\t\t\t\t<\/div>\n\t\t\t<\/div>\n\t\t\t\t<div class=\"icon-box-text last-reset\">\n\t\t\t<h5 class=\"uppercase\">Utomhus<\/h5>\t\t\t\t\t\t\n\n\n\t\t<\/div>\n\t<\/div>\n\t\n\t\n\n\t\t<\/div>\n\t\t\t\t\t<\/div>\n\n\t\n\n<\/div>\n\n\t\t<\/div>\n\t\t\t\t\n<style>\n#col-691117918 > .col-inner {\n  padding: 80px 30px 20px 30px;\n}\n<\/style>\n\t<\/div>\n\n\t\n\n\t<div id=\"col-2044852105\" class=\"col produkt medium-6 small-12 large-6\"  >\n\t\t\t\t<div class=\"col-inner text-center\"  >\n\t\t\t\n\t\t\t\n\n<div class=\"slider-wrapper relative\" id=\"slider-1999706666\" >\n    <div class=\"slider slider-nav-circle slider-nav-large slider-nav-light slider-style-normal\"\n        data-flickity-options='{\n            \"cellAlign\": \"center\",\n            \"imagesLoaded\": true,\n            \"lazyLoad\": 1,\n            \"freeScroll\": false,\n            \"wrapAround\": true,\n            \"autoPlay\": 6000,\n            \"pauseAutoPlayOnHover\" : true,\n            \"prevNextButtons\": true,\n            \"contain\" : true,\n            \"adaptiveHeight\" : true,\n            \"dragThreshold\" : 10,\n            \"percentPosition\": true,\n            \"pageDots\": true,\n            \"rightToLeft\": false,\n            \"draggable\": true,\n            \"selectedAttraction\": 0.1,\n            \"parallax\" : 0,\n            \"friction\": 0.6        }'\n        >\n        \n\n\t<div class=\"img has-hover x md-x lg-x y md-y lg-y\" id=\"image_1776448760\">\n\t\t\t\t\t\t\t\t<div class=\"img-inner dark\" >\n\t\t\t<img loading=\"lazy\" decoding=\"async\" width=\"680\" height=\"1024\" src=\"https:\/\/doli.bansalgroup.se\/wp-content\/uploads\/2024\/05\/ormesa-clip-680x1024-1.png\" class=\"attachment-large size-large\" alt=\"\" srcset=\"https:\/\/doli.bansalgroup.se\/wp-content\/uploads\/2024\/05\/ormesa-clip-680x1024-1.png 680w, https:\/\/doli.bansalgroup.se\/wp-content\/uploads\/2024\/05\/ormesa-clip-680x1024-1-199x300.png 199w\" sizes=\"auto, (max-width: 680px) 100vw, 680px\" \/>\t\t\t\t\t\t\n\t\t\t\t\t<\/div>\n\t\t\t\t\t\t\t\t\n<style>\n#image_1776448760 {\n  width: 100%;\n}\n<\/style>\n\t<\/div>\n\t\n\n\t<div class=\"img has-hover x md-x lg-x y md-y lg-y\" id=\"image_291582284\">\n\t\t\t\t\t\t\t\t<div class=\"img-inner dark\" >\n\t\t\t<img loading=\"lazy\" decoding=\"async\" width=\"680\" height=\"1024\" src=\"https:\/\/doli.bansalgroup.se\/wp-content\/uploads\/2024\/11\/ormesa-clip-front-680x1024-2.png\" class=\"attachment-large size-large\" alt=\"\" srcset=\"https:\/\/doli.bansalgroup.se\/wp-content\/uploads\/2024\/11\/ormesa-clip-front-680x1024-2.png 680w, https:\/\/doli.bansalgroup.se\/wp-content\/uploads\/2024\/11\/ormesa-clip-front-680x1024-2-199x300.png 199w\" sizes=\"auto, (max-width: 680px) 100vw, 680px\" \/>\t\t\t\t\t\t\n\t\t\t\t\t<\/div>\n\t\t\t\t\t\t\t\t\n<style>\n#image_291582284 {\n  width: 100%;\n}\n<\/style>\n\t<\/div>\n\t\n\n\t<div class=\"img has-hover x md-x lg-x y md-y lg-y\" id=\"image_850329411\">\n\t\t\t\t\t\t\t\t<div class=\"img-inner dark\" >\n\t\t\t<img loading=\"lazy\" decoding=\"async\" width=\"680\" height=\"1024\" src=\"https:\/\/doli.bansalgroup.se\/wp-content\/uploads\/2024\/11\/ormesa-clip-folded-680x1024-1.png\" class=\"attachment-large size-large\" alt=\"\" srcset=\"https:\/\/doli.bansalgroup.se\/wp-content\/uploads\/2024\/11\/ormesa-clip-folded-680x1024-1.png 680w, https:\/\/doli.bansalgroup.se\/wp-content\/uploads\/2024\/11\/ormesa-clip-folded-680x1024-1-199x300.png 199w\" sizes=\"auto, (max-width: 680px) 100vw, 680px\" \/>\t\t\t\t\t\t\n\t\t\t\t\t<\/div>\n\t\t\t\t\t\t\t\t\n<style>\n#image_850329411 {\n  width: 100%;\n}\n<\/style>\n\t<\/div>\n\t\n\n\n     <\/div>\n\n     <div class=\"loading-spin dark large centered\"><\/div>\n\n     \t<\/div>\n\n\n\n\t\t<\/div>\n\t\t\t\t\t<\/div>\n\n\t\n\n<\/div>\n\t<div id=\"gap-1818073897\" class=\"gap-element clearfix\" style=\"display:block; height:auto;\">\n\t\t\n<style>\n#gap-1818073897 {\n  padding-top: 20px;\n}\n<\/style>\n\t<\/div>\n\t\n\n<div class=\"row padded\"  id=\"row-126045648\">\n\n\n\t<div id=\"col-436054346\" class=\"col medium-8 small-12 large-8\"  >\n\t\t\t\t<div class=\"col-inner text-center\"  >\n\t\t\t\n\t\t\t\n\n\t<div id=\"text-1082900379\" class=\"text\">\n\t\t\n\n<p><strong>Tekniska detaljer<\/strong><\/p>\n\t\t\n<style>\n#text-1082900379 {\n  font-size: 1.25rem;\n  text-align: left;\n  color: #707070;\n}\n#text-1082900379 > * {\n  color: #707070;\n}\n<\/style>\n\t<\/div>\n\t\n\n\t\t<\/div>\n\t\t\t\t\n<style>\n#col-436054346 > .col-inner {\n  padding: 20px 20px 0px 0px;\n  margin: 0px 0px -30px 0px;\n}\n@media (min-width:550px) {\n  #col-436054346 > .col-inner {\n    padding: 20px 20px 0px 0px;\n  }\n}\n<\/style>\n\t<\/div>\n\n\t\n\n\t<div id=\"col-750851874\" class=\"col product-column medium-4 small-12 large-4\"  >\n\t\t\t\t<div class=\"col-inner\"  >\n\t\t\t\n\t\t\t\n\n\n\n\n\n\n\t\t<\/div>\n\t\t\t\t\n<style>\n#col-750851874 > .col-inner {\n  padding: 0px 0px 0px 0px;\n}\n<\/style>\n\t<\/div>\n\n\t\n\n<\/div>\n<div class=\"row padded\"  id=\"row-1177777797\">\n\n\n\t<div id=\"col-1501852651\" class=\"col small-12 large-12\"  >\n\t\t\t\t<div class=\"col-inner\"  >\n\t\t\t\n\t\t\t\n\n\t<div id=\"text-286346197\" class=\"text\">\n\t\t\n\n\n<table id=\"tablepress-180\" class=\"tablepress tablepress-id-180\">\n<thead>\n<tr class=\"row-1\">\n\t<td class=\"column-1\"><\/td><th class=\"column-2\">Clip str 1<\/th><th class=\"column-3\">Clip str 2<\/th><th class=\"column-4\">Clip str 3<\/th><th class=\"column-5\">Clip str 4<\/th>\n<\/tr>\n<\/thead>\n<tbody class=\"row-striping row-hover\">\n<tr class=\"row-2\">\n\t<td class=\"column-1\">Art.nr.<\/td><td class=\"column-2\">106133-S<\/td><td class=\"column-3\">106134-S<\/td><td class=\"column-4\">106135-S<\/td><td class=\"column-5\">105180-S<\/td>\n<\/tr>\n<tr class=\"row-3\">\n\t<td class=\"column-1\">Ryggbredd<\/td><td class=\"column-2\">40 cm<\/td><td class=\"column-3\">40 cm<\/td><td class=\"column-4\">40 cm<\/td><td class=\"column-5\">45 cm<\/td>\n<\/tr>\n<tr class=\"row-4\">\n\t<td class=\"column-1\">Sitsbredd*<\/td><td class=\"column-2\">33 cm<\/td><td class=\"column-3\">33 cm<\/td><td class=\"column-4\">36 cm<\/td><td class=\"column-5\">45 cm<\/td>\n<\/tr>\n<tr class=\"row-5\">\n\t<td class=\"column-1\">Total bredd<\/td><td class=\"column-2\">51 cm<\/td><td class=\"column-3\">51 cm<\/td><td class=\"column-4\">51 cm<\/td><td class=\"column-5\">57 cm<\/td>\n<\/tr>\n<tr class=\"row-6\">\n\t<td class=\"column-1\">Total h\u00f6jd<\/td><td class=\"column-2\">101-108 cm<\/td><td class=\"column-3\">101-108 cm<\/td><td class=\"column-4\">106-113 cm<\/td><td class=\"column-5\">113 cm<\/td>\n<\/tr>\n<tr class=\"row-7\">\n\t<td class=\"column-1\">Ryggvinkel<\/td><td class=\"column-2\">fr\u00e5n 0\u00b0 till 12\u00b0<\/td><td class=\"column-3\">fr\u00e5n 0\u00b0 till 12\u00b0<\/td><td class=\"column-4\">fr\u00e5n 0\u00b0 till 12\u00b0<\/td><td class=\"column-5\">fr\u00e5n 0\u00b0 till 10\u00b0<\/td>\n<\/tr>\n<tr class=\"row-8\">\n\t<td class=\"column-1\">Sittdjup<\/td><td class=\"column-2\">25 cm<\/td><td class=\"column-3\">30 cm<\/td><td class=\"column-4\">35 cm<\/td><td class=\"column-5\">38 cm<\/td>\n<\/tr>\n<tr class=\"row-9\">\n\t<td class=\"column-1\">Ryggh\u00f6jd<\/td><td class=\"column-2\">55 cm<\/td><td class=\"column-3\">59 cm<\/td><td class=\"column-4\">63 cm<\/td><td class=\"column-5\">71 cm<\/td>\n<\/tr>\n<tr class=\"row-10\">\n\t<td class=\"column-1\">Sitsvinkel<\/td><td class=\"column-2\">18\u00b0<\/td><td class=\"column-3\">18\u00b0<\/td><td class=\"column-4\">18\u00b0<\/td><td class=\"column-5\">20\u00b0<\/td>\n<\/tr>\n<tr class=\"row-11\">\n\t<td class=\"column-1\">Sitsh\u00f6jd fr\u00e5n golv<\/td><td class=\"column-2\">46 cm<\/td><td class=\"column-3\">48 cm<\/td><td class=\"column-4\">49 cm<\/td><td class=\"column-5\">59 cm<\/td>\n<\/tr>\n<tr class=\"row-12\">\n\t<td class=\"column-1\">Underbensl\u00e4ngd<\/td><td class=\"column-2\">fr\u00e5n 12 till 20 cm<\/td><td class=\"column-3\">fr\u00e5n 21 till 31 cm<\/td><td class=\"column-4\">fr\u00e5n 25 till 35 cm<\/td><td class=\"column-5\">fr\u00e5n 37 till 47 cm<\/td>\n<\/tr>\n<tr class=\"row-13\">\n\t<td class=\"column-1\">Handtagsh\u00f6jd<\/td><td class=\"column-2\">73 cm<\/td><td class=\"column-3\">73 cm<\/td><td class=\"column-4\">84 cm<\/td><td class=\"column-5\">89 cm<\/td>\n<\/tr>\n<tr class=\"row-14\">\n\t<td class=\"column-1\">Total l\u00e4ngd<\/td><td class=\"column-2\">80 cm<\/td><td class=\"column-3\">88 cm<\/td><td class=\"column-4\">98 cm<\/td><td class=\"column-5\">108 cm<\/td>\n<\/tr>\n<tr class=\"row-15\">\n\t<td class=\"column-1\">L\u00e4ngd ihopf\u00e4lld<\/td><td class=\"column-2\">110 cm<\/td><td class=\"column-3\">110 cm<\/td><td class=\"column-4\">118 cm<\/td><td class=\"column-5\">117 cm<\/td>\n<\/tr>\n<tr class=\"row-16\">\n\t<td class=\"column-1\">H\u00f6jd ihopf\u00e4lld<\/td><td class=\"column-2\">30 cm<\/td><td class=\"column-3\">30 cm<\/td><td class=\"column-4\">34 cm<\/td><td class=\"column-5\">60 cm<\/td>\n<\/tr>\n<tr class=\"row-17\">\n\t<td class=\"column-1\">Bredd ihopf\u00e4lld<\/td><td class=\"column-2\">34 cm<\/td><td class=\"column-3\">34 cm<\/td><td class=\"column-4\">36 cm<\/td><td class=\"column-5\">37 cm<\/td>\n<\/tr>\n<tr class=\"row-18\">\n\t<td class=\"column-1\">Brukarl\u00e4ngd<\/td><td class=\"column-2\">fr\u00e5n 110 till 125 cm<\/td><td class=\"column-3\">fr\u00e5n 120 till 140 cm<\/td><td class=\"column-4\">fr\u00e5n 135 till 155 cm<\/td><td class=\"column-5\">fr\u00e5n 150 till 170 cm<\/td>\n<\/tr>\n<tr class=\"row-19\">\n\t<td class=\"column-1\">Totalvikt vagn<\/td><td class=\"column-2\">10,3 kg<\/td><td class=\"column-3\">10,5 kg<\/td><td class=\"column-4\">10,7 kg<\/td><td class=\"column-5\">13,9 kg<\/td>\n<\/tr>\n<tr class=\"row-20\">\n\t<td class=\"column-1\">Max last<\/td><td class=\"column-2\">35 kg<\/td><td class=\"column-3\">35 kg<\/td><td class=\"column-4\">40 kg<\/td><td class=\"column-5\">76 kg<\/td>\n<\/tr>\n<\/tbody>\n<\/table>\n<!-- #tablepress-180 from cache -->\n<p>* Sitsens bredd anges utan sidost\u00f6d. Med sidost\u00f6d \u00e4r sitsbredden 20 cm f\u00f6r Clip 1-2, 23 cm f\u00f6r Clip 3, 33 cm f\u00f6r Clip 4.<\/p>\n\n\t\t\n<style>\n#text-286346197 {\n  font-size: 0.9rem;\n}\n<\/style>\n\t<\/div>\n\t\n\n\t\t<\/div>\n\t\t\t\t\t<\/div>\n\n\t\n\n<\/div>\n<div class=\"text-center\"><div class=\"is-divider divider clearfix\" style=\"max-width:1000px;height:1px;\"><\/div><\/div>\n\n\t<div id=\"gap-1174836998\" class=\"gap-element clearfix\" style=\"display:block; height:auto;\">\n\t\t\n<style>\n#gap-1174836998 {\n  padding-top: 30px;\n}\n<\/style>\n\t<\/div>\n\t\n\n<div class=\"row padded\"  id=\"row-1908464599\">\n\n\n\t<div id=\"col-823822994\" class=\"col small-12 large-12\"  >\n\t\t\t\t<div class=\"col-inner text-left\"  >\n\t\t\t\n\t\t\t\n\n<div class=\"container section-title-container #produktkatalog\" ><h4 class=\"section-title section-title-normal\"><b><\/b><span class=\"section-title-main\" >Dokumentation<\/span><b><\/b><\/h4><\/div>\n\n<div class=\"row align-middle document-row\"  id=\"row-2038249945\">\n\n\n\t<div id=\"col-980551763\" class=\"col medium-7 small-5 large-7\"  >\n\t\t\t\t<div class=\"col-inner\"  >\n\t\t\t\n\t\t\t\n\n\t<div id=\"text-1407423453\" class=\"text\">\n\t\t\n\n<p><span style=\"color: #808080;\"><strong>Broschyr Clip<\/strong><\/span><\/p>\n\t\t\n<style>\n#text-1407423453 {\n  font-size: 0.8rem;\n  line-height: 1.6;\n}\n@media (min-width:550px) {\n  #text-1407423453 {\n    font-size: 1rem;\n  }\n}\n@media (min-width:850px) {\n  #text-1407423453 {\n    font-size: 1rem;\n  }\n}\n<\/style>\n\t<\/div>\n\t\n\n\t\t<\/div>\n\t\t\t\t\n<style>\n#col-980551763 > .col-inner {\n  padding: 17px 0px 0px 0px;\n}\n@media (min-width:550px) {\n  #col-980551763 > .col-inner {\n    padding: 17px 30px 0px 30px;\n  }\n}\n<\/style>\n\t<\/div>\n\n\t\n\n\t<div id=\"col-1469099126\" class=\"col language-column medium-2 small-1 large-2\"  >\n\t\t\t\t<div class=\"col-inner\"  >\n\t\t\t\n\t\t\t\n\n\t<div id=\"text-2847299172\" class=\"text\">\n\t\t\n\n<p><span style=\"color: #808080;\">SVENSKA<\/span><\/p>\n\t\t\n<style>\n#text-2847299172 {\n  font-size: 0.75rem;\n  text-align: center;\n}\n@media (min-width:550px) {\n  #text-2847299172 {\n    font-size: 0.8rem;\n  }\n}\n<\/style>\n\t<\/div>\n\t\n\n\t\t<\/div>\n\t\t\t\t\n<style>\n#col-1469099126 > .col-inner {\n  padding: 14px 0px 0px 0px;\n}\n<\/style>\n\t<\/div>\n\n\t\n\n\t<div id=\"col-1544037810\" class=\"col medium-3 small-5 large-3\"  >\n\t\t\t\t<div class=\"col-inner text-right\"  >\n\t\t\t\n\t\t\t\n\n<a rel=\"noopener noreferrer\" href=\"https:\/\/doli.bansalgroup.se\/wp-content\/uploads\/2024\/05\/broschyr-ormesa-clip-sv.pdf\" target=\"_blank\" class=\"button primary is-small lowercase\"  style=\"border-radius:99px;padding:0px 10px 0px 10px;\">\n    <span>\u00d6ppna<\/span>\n  <\/a>\n\n\n\n\t\t<\/div>\n\t\t\t\t\n<style>\n#col-1544037810 > .col-inner {\n  padding: 10px 0px 0px 0px;\n}\n@media (min-width:550px) {\n  #col-1544037810 > .col-inner {\n    padding: 10px 0px 0px 0px;\n  }\n}\n<\/style>\n\t<\/div>\n\n\t\n\n<\/div>\n\t<div id=\"gap-998928246\" class=\"gap-element clearfix\" style=\"display:block; height:auto;\">\n\t\t\n<style>\n#gap-998928246 {\n  padding-top: 20px;\n}\n<\/style>\n\t<\/div>\n\t\n\n<div class=\"row align-middle document-row\"  id=\"row-782262421\">\n\n\n\t<div id=\"col-1788112988\" class=\"col medium-7 small-5 large-7\"  >\n\t\t\t\t<div class=\"col-inner\"  >\n\t\t\t\n\t\t\t\n\n\t<div id=\"text-2362522762\" class=\"text\">\n\t\t\n\n<p><span style=\"color: #808080;\"><strong>Bruksanvisning Clip<\/strong><\/span><\/p>\n\t\t\n<style>\n#text-2362522762 {\n  font-size: 0.8rem;\n  line-height: 1.6;\n}\n@media (min-width:550px) {\n  #text-2362522762 {\n    font-size: 1rem;\n  }\n}\n@media (min-width:850px) {\n  #text-2362522762 {\n    font-size: 1rem;\n  }\n}\n<\/style>\n\t<\/div>\n\t\n\n\t\t<\/div>\n\t\t\t\t\n<style>\n#col-1788112988 > .col-inner {\n  padding: 17px 0px 0px 0px;\n}\n@media (min-width:550px) {\n  #col-1788112988 > .col-inner {\n    padding: 17px 30px 0px 30px;\n  }\n}\n<\/style>\n\t<\/div>\n\n\t\n\n\t<div id=\"col-1343610777\" class=\"col language-column medium-2 small-1 large-2\"  >\n\t\t\t\t<div class=\"col-inner\"  >\n\t\t\t\n\t\t\t\n\n\t<div id=\"text-1993441397\" class=\"text\">\n\t\t\n\n<p><span style=\"color: #808080;\">SVENSKA<\/span><\/p>\n\t\t\n<style>\n#text-1993441397 {\n  font-size: 0.75rem;\n  text-align: center;\n}\n@media (min-width:550px) {\n  #text-1993441397 {\n    font-size: 0.8rem;\n  }\n}\n<\/style>\n\t<\/div>\n\t\n\n\t\t<\/div>\n\t\t\t\t\n<style>\n#col-1343610777 > .col-inner {\n  padding: 14px 0px 0px 0px;\n}\n<\/style>\n\t<\/div>\n\n\t\n\n\t<div id=\"col-1867564763\" class=\"col medium-3 small-5 large-3\"  >\n\t\t\t\t<div class=\"col-inner text-right\"  >\n\t\t\t\n\t\t\t\n\n<a rel=\"noopener noreferrer\" href=\"https:\/\/doli.bansalgroup.se\/wp-content\/uploads\/2024\/05\/bruksanvisning-clip-1-2-3-4-sv.pdf\" target=\"_blank\" class=\"button primary is-small lowercase\"  style=\"border-radius:99px;padding:0px 10px 0px 10px;\">\n    <span>\u00d6ppna<\/span>\n  <\/a>\n\n\n\n\t\t<\/div>\n\t\t\t\t\n<style>\n#col-1867564763 > .col-inner {\n  padding: 10px 0px 0px 0px;\n}\n@media (min-width:550px) {\n  #col-1867564763 > .col-inner {\n    padding: 10px 0px 0px 0px;\n  }\n}\n<\/style>\n\t<\/div>\n\n\t\n\n<\/div>\n\t<div id=\"gap-1047526897\" class=\"gap-element clearfix\" style=\"display:block; height:auto;\">\n\t\t\n<style>\n#gap-1047526897 {\n  padding-top: 20px;\n}\n<\/style>\n\t<\/div>\n\t\n\n\n\t\t<\/div>\n\t\t\t\t\n<style>\n#col-823822994 > .col-inner {\n  padding: 0px 0px 0px 0px;\n}\n<\/style>\n\t<\/div>\n\n\t\n\n<\/div>\n\t<div id=\"gap-1051765364\" class=\"gap-element clearfix\" style=\"display:block; height:auto;\">\n\t\t\n<style>\n#gap-1051765364 {\n  padding-top: 30px;\n}\n<\/style>\n\t<\/div>\n\t\n\n\t<div class=\"img has-hover x md-x lg-x y md-y lg-y\" id=\"image_6696605\">\n\t\t\t\t\t\t\t\t<div class=\"img-inner dark\" >\n\t\t\t<img loading=\"lazy\" decoding=\"async\" width=\"1920\" height=\"423\" src=\"https:\/\/doli.bansalgroup.se\/wp-content\/uploads\/2022\/11\/73A0561.png\" class=\"attachment-2048x2048 size-2048x2048\" alt=\"\" srcset=\"https:\/\/doli.bansalgroup.se\/wp-content\/uploads\/2022\/11\/73A0561.png 1920w, https:\/\/doli.bansalgroup.se\/wp-content\/uploads\/2022\/11\/73A0561-300x66.png 300w, https:\/\/doli.bansalgroup.se\/wp-content\/uploads\/2022\/11\/73A0561-1024x226.png 1024w, https:\/\/doli.bansalgroup.se\/wp-content\/uploads\/2022\/11\/73A0561-768x169.png 768w, https:\/\/doli.bansalgroup.se\/wp-content\/uploads\/2022\/11\/73A0561-1536x338.png 1536w, https:\/\/doli.bansalgroup.se\/wp-content\/uploads\/2022\/11\/73A0561-600x132.png 600w\" sizes=\"auto, (max-width: 1920px) 100vw, 1920px\" \/>\t\t\t\t\t\t\n\t\t\t\t\t<\/div>\n\t\t\t\t\t\t\t\t\n<style>\n#image_6696605 {\n  width: 100%;\n}\n<\/style>\n\t<\/div>\n\t\n\n\n\t\t<\/div>\n\n\t\t\n<style>\n#section_1631292130 {\n  padding-top: 0px;\n  padding-bottom: 0px;\n}\n#section_1631292130 .ux-shape-divider--top svg {\n  height: 150px;\n  --divider-top-width: 100%;\n}\n#section_1631292130 .ux-shape-divider--bottom svg {\n  height: 150px;\n  --divider-width: 100%;\n}\n<\/style>\n\t<\/section>\n\t\n\n","protected":false},"excerpt":{"rendered":"","protected":false},"author":10,"featured_media":0,"parent":1583,"menu_order":0,"comment_status":"closed","ping_status":"closed","template":"page-blank.php","meta":{"inline_featured_image":false,"footnotes":""},"categories":[155],"tags":[],"class_list":["post-7189","page","type-page","status-publish","hentry","category-sulkyvagnar"],"_links":{"self":[{"href":"https:\/\/doli.bansalgroup.se\/sv\/wp-json\/wp\/v2\/pages\/7189","targetHints":{"allow":["GET"]}}],"collection":[{"href":"https:\/\/doli.bansalgroup.se\/sv\/wp-json\/wp\/v2\/pages"}],"about":[{"href":"https:\/\/doli.bansalgroup.se\/sv\/wp-json\/wp\/v2\/types\/page"}],"author":[{"embeddable":true,"href":"https:\/\/doli.bansalgroup.se\/sv\/wp-json\/wp\/v2\/users\/10"}],"replies":[{"embeddable":true,"href":"https:\/\/doli.bansalgroup.se\/sv\/wp-json\/wp\/v2\/comments?post=7189"}],"version-history":[{"count":11,"href":"https:\/\/doli.bansalgroup.se\/sv\/wp-json\/wp\/v2\/pages\/7189\/revisions"}],"predecessor-version":[{"id":8039,"href":"https:\/\/doli.bansalgroup.se\/sv\/wp-json\/wp\/v2\/pages\/7189\/revisions\/8039"}],"up":[{"embeddable":true,"href":"https:\/\/doli.bansalgroup.se\/sv\/wp-json\/wp\/v2\/pages\/1583"}],"wp:attachment":[{"href":"https:\/\/doli.bansalgroup.se\/sv\/wp-json\/wp\/v2\/media?parent=7189"}],"wp:term":[{"taxonomy":"category","embeddable":true,"href":"https:\/\/doli.bansalgroup.se\/sv\/wp-json\/wp\/v2\/categories?post=7189"},{"taxonomy":"post_tag","embeddable":true,"href":"https:\/\/doli.bansalgroup.se\/sv\/wp-json\/wp\/v2\/tags?post=7189"}],"curies":[{"name":"wp","href":"https:\/\/api.w.org\/{rel}","templated":true}]}}