{"id":951,"date":"2022-11-02T08:17:27","date_gmt":"2022-11-02T07:17:27","guid":{"rendered":"https:\/\/staging.eurovema.se\/?page_id=951"},"modified":"2025-06-27T08:06:02","modified_gmt":"2025-06-27T06:06:02","slug":"vara-varumarken","status":"publish","type":"page","link":"https:\/\/doli.bansalgroup.se\/sv\/foeretaget\/vara-varumarken\/","title":{"rendered":"V\u00e5ra varum\u00e4rken"},"content":{"rendered":"\n\t<section class=\"section\" id=\"section_482376228\">\n\t\t<div class=\"bg section-bg fill bg-fill  bg-loaded\" >\n\n\t\t\t\n\t\t\t\n\t\t\t\n\n\t\t<\/div>\n\n\t\t\n\n\t\t<div class=\"section-content relative\">\n\t\t\t\n\n  <div id=\"page-header-211217322\" class=\"page-header-wrapper\">\n  <div class=\"page-title dark simple-title\">\n\n        <div class=\"page-title-bg\">\n      <div class=\"title-bg fill bg-fill\"\n        data-parallax-container=\".page-title\"\n        data-parallax-background\n        data-parallax=\"-\">\n      <\/div>\n      <div class=\"title-overlay fill\"><\/div>\n    <\/div>\n    \n    <div class=\"page-title-inner container align-center flex-row medium-flex-wrap row-reverse\" >\n            <div class=\"title-content flex-col flex-left text-left medium-text-center\">\n        <div class=\"title-breadcrumbs pb-half pt-half\"><\/div>      <\/div>\n    <\/div>\n\n     \n<style>\n#page-header-211217322 .title-bg {\n  background-image: url(https:\/\/doli.bansalgroup.se\/wp-content\/uploads\/2022\/11\/swirl-eurovema.png);\n}\n<\/style>\n  <\/div>\n    <\/div>\n  \n\n\t<div id=\"gap-225958714\" class=\"gap-element clearfix\" style=\"display:block; height:auto;\">\n\t\t\n<style>\n#gap-225958714 {\n  padding-top: 50px;\n}\n<\/style>\n\t<\/div>\n\t\n\n<div class=\"row padded\"  id=\"row-308967747\">\n\n\n\t<div id=\"col-1651524310\" class=\"col small-12 large-12\"  >\n\t\t\t\t<div class=\"col-inner text-center\"  >\n\t\t\t\n\t\t\t\n\n<div class=\"container section-title-container\" ><h1 class=\"section-title section-title-normal\"><b><\/b><span class=\"section-title-main\" >V\u00e5ra varum\u00e4rken<\/span><b><\/b><\/h1><\/div>\n\n\n\t\t<\/div>\n\t\t\t\t\t<\/div>\n\n\t\n\n<\/div>\n<div class=\"row padded\"  id=\"row-1343076528\">\n\n\n\t<div id=\"col-850173989\" class=\"col medium-4 small-12 large-4\"  >\n\t\t\t\t<div class=\"col-inner text-center\"  >\n\t\t\t\n\t\t\t\n\n\t<div class=\"img has-hover x md-x lg-x y md-y lg-y\" id=\"image_210704732\">\n\t\t\t\t\t\t\t\t<div class=\"img-inner dark\" >\n\t\t\t<img loading=\"lazy\" decoding=\"async\" width=\"394\" height=\"246\" src=\"https:\/\/doli.bansalgroup.se\/wp-content\/uploads\/2022\/11\/73A1694.png\" class=\"attachment-large size-large\" alt=\"\" srcset=\"https:\/\/doli.bansalgroup.se\/wp-content\/uploads\/2022\/11\/73A1694.png 394w, https:\/\/doli.bansalgroup.se\/wp-content\/uploads\/2022\/11\/73A1694-300x187.png 300w\" sizes=\"auto, (max-width: 394px) 100vw, 394px\" \/>\t\t\t\t\t\t\n\t\t\t\t\t<\/div>\n\t\t\t\t\t\t\t\t\n<style>\n#image_210704732 {\n  width: 100%;\n}\n<\/style>\n\t<\/div>\n\t\n\n<div class=\"row\"  id=\"row-780509342\">\n\n\n\t<div id=\"col-1189124150\" class=\"col small-12 large-12\"  >\n\t\t\t\t<div class=\"col-inner\"  >\n\t\t\t\n\t\t\t\n\n\t<div id=\"text-811625722\" class=\"text\">\n\t\t\n\n<p><img decoding=\"async\" class=\"size-medium wp-image-765 aligncenter\" src=\"https:\/\/doli.bansalgroup.se\/wp-content\/uploads\/2023\/01\/euroflex_500x70.png\" alt=\"\" width=\"200\"><br>Euroflex omfattar olika modeller av arbetsstolar och eldrivna rullstolar. Med unika chassin, sittsystem och funktioner erbjuds individanpassade l\u00f6sningar f\u00f6r hemmet, arbetsplatsen eller skolan. Produkterna \u00e4r utvecklade av Eurovema och tillverkas i fabriken i Gislaved.<\/p>\n\t\t\n<style>\n#text-811625722 {\n  font-size: 0.9rem;\n  line-height: 1.3;\n  text-align: left;\n  color: #707070;\n}\n#text-811625722 > * {\n  color: #707070;\n}\n<\/style>\n\t<\/div>\n\t\n\t<div id=\"gap-62405467\" class=\"gap-element clearfix\" style=\"display:block; height:auto;\">\n\t\t\n<style>\n#gap-62405467 {\n  padding-top: 42px;\n}\n<\/style>\n\t<\/div>\n\t\n\n<a href=\"\/produkter\/arbetsstolar\/\" target=\"_self\" class=\"button primary is-outline lowercase\"  style=\"border-radius:99px;padding:2px 15px 2px 15px;\">\n    <span>Arbetsstolar<\/span>\n  <\/a>\n\n\n<a href=\"\/produkter\/eldrivna-rullstolar\/\" target=\"_self\" class=\"button primary is-outline lowercase\"  style=\"border-radius:99px;padding:2px 15px 2px 15px;\">\n    <span>Elrullstolar<\/span>\n  <\/a>\n\n\n\n\t\t<\/div>\n\t\t\t\t\n<style>\n#col-1189124150 > .col-inner {\n  padding: 30px 30px 20px 30px;\n  margin: -20px 0px 0px 0px;\n}\n<\/style>\n\t<\/div>\n\n\t\n\n\n<style>\n#row-780509342 > .col > .col-inner {\n  background-color: rgba(0, 0, 0, 0.05);\n}\n<\/style>\n<\/div>\n\n\t\t<\/div>\n\t\t\t\t\t<\/div>\n\n\t\n\n\t<div id=\"col-599107811\" class=\"col medium-4 small-12 large-4\"  >\n\t\t\t\t<div class=\"col-inner text-center\"  >\n\t\t\t\n\t\t\t\n\n\t<div class=\"img has-hover x md-x lg-x y md-y lg-y\" id=\"image_1953572666\">\n\t\t\t\t\t\t\t\t<div class=\"img-inner dark\" >\n\t\t\t<img loading=\"lazy\" decoding=\"async\" width=\"395\" height=\"246\" src=\"https:\/\/doli.bansalgroup.se\/wp-content\/uploads\/2022\/12\/varumarke_volaris_br00003151_thumb.jpg\" class=\"attachment-large size-large\" alt=\"\" srcset=\"https:\/\/doli.bansalgroup.se\/wp-content\/uploads\/2022\/12\/varumarke_volaris_br00003151_thumb.jpg 395w, https:\/\/doli.bansalgroup.se\/wp-content\/uploads\/2022\/12\/varumarke_volaris_br00003151_thumb-300x187.jpg 300w\" sizes=\"auto, (max-width: 395px) 100vw, 395px\" \/>\t\t\t\t\t\t\n\t\t\t\t\t<\/div>\n\t\t\t\t\t\t\t\t\n<style>\n#image_1953572666 {\n  width: 100%;\n}\n<\/style>\n\t<\/div>\n\t\n\n<div class=\"row\"  id=\"row-774460396\">\n\n\n\t<div id=\"col-1297875174\" class=\"col small-12 large-12\"  >\n\t\t\t\t<div class=\"col-inner\"  >\n\t\t\t\n\t\t\t\n\n\t<div id=\"text-704398146\" class=\"text\">\n\t\t\n\n<p><img decoding=\"async\" class=\"size-medium wp-image-765 aligncenter\" src=\"https:\/\/doli.bansalgroup.se\/wp-content\/uploads\/2023\/01\/volaris_320x70.png\" alt=\"\" width=\"200\"><br>Komplett utbud av svenskdesignade och egentillverkade rollatorer som t\u00e4cker behovet fr\u00e5n sm\u00e5 kompakta inomhusrollatorer till robusta l\u00e4ttk\u00f6rda utomhusrollatorer. K\u00e4nnetecknas av l\u00e4tt vikt, behaglig styrning och f\u00f6ljsamhet samt smart kryssfunktion f\u00f6r enkel hopf\u00e4llning<\/p>\n\t\t\n<style>\n#text-704398146 {\n  font-size: 0.9rem;\n  line-height: 1.3;\n  text-align: left;\n  color: #707070;\n}\n#text-704398146 > * {\n  color: #707070;\n}\n<\/style>\n\t<\/div>\n\t\n\t<div id=\"gap-2083430327\" class=\"gap-element clearfix\" style=\"display:block; height:auto;\">\n\t\t\n<style>\n#gap-2083430327 {\n  padding-top: 8px;\n}\n<\/style>\n\t<\/div>\n\t\n\n<a href=\"\/produkter\/rollatorer\/\" target=\"_self\" class=\"button primary is-outline lowercase\"  style=\"border-radius:99px;padding:2px 15px 2px 15px;\">\n    <span>Rollatorer<\/span>\n  <\/a>\n\n\n\n\t\t<\/div>\n\t\t\t\t\n<style>\n#col-1297875174 > .col-inner {\n  padding: 30px 30px 20px 30px;\n  margin: -20px 0px 0px 0px;\n}\n<\/style>\n\t<\/div>\n\n\t\n\n\n<style>\n#row-774460396 > .col > .col-inner {\n  background-color: rgba(0, 0, 0, 0.05);\n}\n<\/style>\n<\/div>\n\n\t\t<\/div>\n\t\t\t\t\t<\/div>\n\n\t\n\n\t<div id=\"col-291008917\" class=\"col medium-4 small-12 large-4\"  >\n\t\t\t\t<div class=\"col-inner text-center\"  >\n\t\t\t\n\t\t\t\n\n\t<div class=\"img has-hover x md-x lg-x y md-y lg-y\" id=\"image_114369584\">\n\t\t\t\t\t\t\t\t<div class=\"img-inner dark\" >\n\t\t\t<img loading=\"lazy\" decoding=\"async\" width=\"395\" height=\"246\" src=\"https:\/\/doli.bansalgroup.se\/wp-content\/uploads\/2022\/12\/varumarken_grillo_br00003182_thumb.jpg\" class=\"attachment-large size-large\" alt=\"\" srcset=\"https:\/\/doli.bansalgroup.se\/wp-content\/uploads\/2022\/12\/varumarken_grillo_br00003182_thumb.jpg 395w, https:\/\/doli.bansalgroup.se\/wp-content\/uploads\/2022\/12\/varumarken_grillo_br00003182_thumb-300x187.jpg 300w\" sizes=\"auto, (max-width: 395px) 100vw, 395px\" \/>\t\t\t\t\t\t\n\t\t\t\t\t<\/div>\n\t\t\t\t\t\t\t\t\n<style>\n#image_114369584 {\n  width: 100%;\n}\n<\/style>\n\t<\/div>\n\t\n\n<div class=\"row\"  id=\"row-358492555\">\n\n\n\t<div id=\"col-1977764153\" class=\"col small-12 large-12\"  >\n\t\t\t\t<div class=\"col-inner\"  >\n\t\t\t\n\t\t\t\n\n\t<div id=\"text-4087427493\" class=\"text\">\n\t\t\n\n<p><img decoding=\"async\" class=\"size-medium wp-image-765 aligncenter\" src=\"https:\/\/doli.bansalgroup.se\/wp-content\/uploads\/2023\/01\/logo_ormesa.png\" alt=\"\" width=\"200\" \/><br \/>Italiensk tillverkare av f\u00f6rflyttningshj\u00e4lpmedel med m\u00e5nga patentskyddade l\u00f6sningar. Produkterna uppskattas f\u00f6r enkel justering utan verktyg. Som exklusiv \u00e5terf\u00f6rs\u00e4ljare i Sverige och Norge erbjuder vi bland annat g\u00e5nghj\u00e4lpmedlet Grillo och sulkyvagnarna Trolli\/Trollino.<\/p>\n\t\t\n<style>\n#text-4087427493 {\n  font-size: 0.9rem;\n  line-height: 1.3;\n  text-align: left;\n  color: #707070;\n}\n#text-4087427493 > * {\n  color: #707070;\n}\n<\/style>\n\t<\/div>\n\t\n<a href=\"\/produkter\/ganghjalpmedel\/\" target=\"_self\" class=\"button primary is-outline lowercase\"  style=\"border-radius:99px;padding:1px 8px 2px 8px;\">\n    <span>G\u00e5nghj\u00e4lpmedel<\/span>\n  <\/a>\n\n\n<a href=\"https:\/\/doli.bansalgroup.se\/vara-produkter\/sulkyvagnar\/\" target=\"_self\" class=\"button primary is-outline lowercase\"  style=\"border-radius:99px;padding:2px 8px 2px 8px;\">\n    <span>Sulkyvagnar<\/span>\n  <\/a>\n\n\n\n\t\t<\/div>\n\t\t\t\t\n<style>\n#col-1977764153 > .col-inner {\n  padding: 30px 30px 20px 30px;\n  margin: -20px 0px 0px 0px;\n}\n<\/style>\n\t<\/div>\n\n\t\n\n\n<style>\n#row-358492555 > .col > .col-inner {\n  background-color: rgba(0, 0, 0, 0.05);\n}\n<\/style>\n<\/div>\n\n\t\t<\/div>\n\t\t\t\t\t<\/div>\n\n\t\n\n\t<div id=\"col-1888409917\" class=\"col medium-4 small-12 large-4\"  >\n\t\t\t\t<div class=\"col-inner text-center\"  >\n\t\t\t\n\t\t\t\n\n\t<div class=\"img has-hover x md-x lg-x y md-y lg-y\" id=\"image_574463532\">\n\t\t\t\t\t\t\t\t<div class=\"img-inner dark\" >\n\t\t\t<img loading=\"lazy\" decoding=\"async\" width=\"395\" height=\"246\" src=\"https:\/\/doli.bansalgroup.se\/wp-content\/uploads\/2022\/12\/varumarke_alvema_br00003164_thumb.jpg\" class=\"attachment-large size-large\" alt=\"\" srcset=\"https:\/\/doli.bansalgroup.se\/wp-content\/uploads\/2022\/12\/varumarke_alvema_br00003164_thumb.jpg 395w, https:\/\/doli.bansalgroup.se\/wp-content\/uploads\/2022\/12\/varumarke_alvema_br00003164_thumb-300x187.jpg 300w\" sizes=\"auto, (max-width: 395px) 100vw, 395px\" \/>\t\t\t\t\t\t\n\t\t\t\t\t<\/div>\n\t\t\t\t\t\t\t\t\n<style>\n#image_574463532 {\n  width: 100%;\n}\n<\/style>\n\t<\/div>\n\t\n\n<div class=\"row\"  id=\"row-1582948066\">\n\n\n\t<div id=\"col-629999514\" class=\"col small-12 large-12\"  >\n\t\t\t\t<div class=\"col-inner\"  >\n\t\t\t\n\t\t\t\n\n\t<div id=\"text-3713376264\" class=\"text\">\n\t\t\n\n<p><img decoding=\"async\" class=\"size-medium wp-image-765 aligncenter\" src=\"https:\/\/doli.bansalgroup.se\/wp-content\/uploads\/2023\/01\/alvema_318x70.png\" alt=\"\" width=\"200\"><br>Alvema best\u00e5r av barnsulkyvagnen Pixi, i tv\u00e5 storlekar. En robust barnsulky med uppf\u00e4llbart fotst\u00f6d, vinklingsbart handtag, smidig fotbroms samt en textilsits som \u00e4r b\u00e5de smutst\u00e5lig och tv\u00e4ttbar. Produkten \u00e4r utvecklad av Eurovema och tillverkas i fabriken i Gislaved.<\/p>\n\t\t\n<style>\n#text-3713376264 {\n  font-size: 0.9rem;\n  line-height: 1.3;\n  text-align: left;\n  color: #707070;\n}\n#text-3713376264 > * {\n  color: #707070;\n}\n<\/style>\n\t<\/div>\n\t\n<a href=\"\/produkter\/sulkyvagnar\/\" target=\"_self\" class=\"button primary is-outline lowercase\"  style=\"border-radius:99px;padding:2px 15px 2px 15px;\">\n    <span>Sulkyvagnar<\/span>\n  <\/a>\n\n\n\n\t\t<\/div>\n\t\t\t\t\n<style>\n#col-629999514 > .col-inner {\n  padding: 30px 30px 20px 30px;\n  margin: -20px 0px 0px 0px;\n}\n<\/style>\n\t<\/div>\n\n\t\n\n\n<style>\n#row-1582948066 > .col > .col-inner {\n  background-color: rgba(0, 0, 0, 0.05);\n}\n<\/style>\n<\/div>\n\n\t\t<\/div>\n\t\t\t\t\t<\/div>\n\n\t\n\n\t<div id=\"col-1554442013\" class=\"col medium-4 small-12 large-4\"  >\n\t\t\t\t<div class=\"col-inner text-center\"  >\n\t\t\t\n\t\t\t\n\n\t<div class=\"img has-hover x md-x lg-x y md-y lg-y\" id=\"image_765726884\">\n\t\t\t\t\t\t\t\t<div class=\"img-inner dark\" >\n\t\t\t<img loading=\"lazy\" decoding=\"async\" width=\"395\" height=\"246\" src=\"https:\/\/doli.bansalgroup.se\/wp-content\/uploads\/2022\/12\/varumarken_karma_br00003142_thumb.jpg\" class=\"attachment-large size-large\" alt=\"\" srcset=\"https:\/\/doli.bansalgroup.se\/wp-content\/uploads\/2022\/12\/varumarken_karma_br00003142_thumb.jpg 395w, https:\/\/doli.bansalgroup.se\/wp-content\/uploads\/2022\/12\/varumarken_karma_br00003142_thumb-300x187.jpg 300w\" sizes=\"auto, (max-width: 395px) 100vw, 395px\" \/>\t\t\t\t\t\t\n\t\t\t\t\t<\/div>\n\t\t\t\t\t\t\t\t\n<style>\n#image_765726884 {\n  width: 100%;\n}\n<\/style>\n\t<\/div>\n\t\n\n<div class=\"row\"  id=\"row-1780201350\">\n\n\n\t<div id=\"col-460616712\" class=\"col small-12 large-12\"  >\n\t\t\t\t<div class=\"col-inner\"  >\n\t\t\t\n\t\t\t\n\n\t<div id=\"text-3758901766\" class=\"text\">\n\t\t\n\n<p><img decoding=\"async\" class=\"size-medium wp-image-765 aligncenter\" src=\"https:\/\/doli.bansalgroup.se\/wp-content\/uploads\/2023\/01\/karma_257x70.png\" alt=\"\" width=\"200\"><br>Taiwanesisk tillverkare av ett brett sortiment eldrivna utomhusrullstolar samt tre- och fyrhjuliga scootrar f\u00f6r inomhus- och\/eller utomhusanv\u00e4ndning. Europeiskt centrallager i Spanien. Eurovema \u00e4r exklusiv \u00e5terf\u00f6rs\u00e4ljare av Karmas produkter i Sverige och Norge.<\/p>\n\t\t\n<style>\n#text-3758901766 {\n  font-size: 0.9rem;\n  line-height: 1.3;\n  text-align: left;\n  color: #707070;\n}\n#text-3758901766 > * {\n  color: #707070;\n}\n<\/style>\n\t<\/div>\n\t\n\t<div id=\"gap-361691569\" class=\"gap-element clearfix\" style=\"display:block; height:auto;\">\n\t\t\n<style>\n#gap-361691569 {\n  padding-top: 8px;\n}\n<\/style>\n\t<\/div>\n\t\n\n<a href=\"\/produkter\/eldrivna-rullstolar\/\" target=\"_self\" class=\"button primary is-outline lowercase\"  style=\"border-radius:99px;padding:2px 15px 2px 15px;\">\n    <span>Elrullstolar<\/span>\n  <\/a>\n\n\n\n\t\t<\/div>\n\t\t\t\t\n<style>\n#col-460616712 > .col-inner {\n  padding: 30px 30px 20px 30px;\n  margin: -20px 0px 0px 0px;\n}\n<\/style>\n\t<\/div>\n\n\t\n\n\n<style>\n#row-1780201350 > .col > .col-inner {\n  background-color: rgba(0, 0, 0, 0.05);\n}\n<\/style>\n<\/div>\n\n\t\t<\/div>\n\t\t\t\t\t<\/div>\n\n\t\n\n<\/div>\n<div class=\"row padded\"  id=\"row-163964419\">\n\n\n<\/div>\n\t<div class=\"img has-hover x md-x lg-x y md-y lg-y\" id=\"image_663011403\">\n\t\t\t\t\t\t\t\t<div class=\"img-inner dark\" >\n\t\t\t<img loading=\"lazy\" decoding=\"async\" width=\"2048\" height=\"480\" src=\"https:\/\/doli.bansalgroup.se\/wp-content\/uploads\/2023\/01\/natur_blommor_73A0561-2048x480.jpg\" class=\"attachment-2048x2048 size-2048x2048\" alt=\"\" srcset=\"https:\/\/doli.bansalgroup.se\/wp-content\/uploads\/2023\/01\/natur_blommor_73A0561-2048x480.jpg 2048w, https:\/\/doli.bansalgroup.se\/wp-content\/uploads\/2023\/01\/natur_blommor_73A0561-300x70.jpg 300w, https:\/\/doli.bansalgroup.se\/wp-content\/uploads\/2023\/01\/natur_blommor_73A0561-1024x240.jpg 1024w, https:\/\/doli.bansalgroup.se\/wp-content\/uploads\/2023\/01\/natur_blommor_73A0561-768x180.jpg 768w, https:\/\/doli.bansalgroup.se\/wp-content\/uploads\/2023\/01\/natur_blommor_73A0561-1536x360.jpg 1536w, https:\/\/doli.bansalgroup.se\/wp-content\/uploads\/2023\/01\/natur_blommor_73A0561-600x141.jpg 600w\" sizes=\"auto, (max-width: 2048px) 100vw, 2048px\" \/>\t\t\t\t\t\t\n\t\t\t\t\t<\/div>\n\t\t\t\t\t\t\t\t\n<style>\n#image_663011403 {\n  width: 100%;\n}\n<\/style>\n\t<\/div>\n\t\n\n\n\t\t<\/div>\n\n\t\t\n<style>\n#section_482376228 {\n  padding-top: 0px;\n  padding-bottom: 0px;\n}\n#section_482376228 .ux-shape-divider--top svg {\n  height: 150px;\n  --divider-top-width: 100%;\n}\n#section_482376228 .ux-shape-divider--bottom svg {\n  height: 150px;\n  --divider-width: 100%;\n}\n<\/style>\n\t<\/section>\n\t\n\n","protected":false},"excerpt":{"rendered":"","protected":false},"author":10,"featured_media":0,"parent":172,"menu_order":0,"comment_status":"closed","ping_status":"closed","template":"page-blank.php","meta":{"inline_featured_image":false,"footnotes":""},"categories":[],"tags":[],"class_list":["post-951","page","type-page","status-publish","hentry"],"_links":{"self":[{"href":"https:\/\/doli.bansalgroup.se\/sv\/wp-json\/wp\/v2\/pages\/951","targetHints":{"allow":["GET"]}}],"collection":[{"href":"https:\/\/doli.bansalgroup.se\/sv\/wp-json\/wp\/v2\/pages"}],"about":[{"href":"https:\/\/doli.bansalgroup.se\/sv\/wp-json\/wp\/v2\/types\/page"}],"author":[{"embeddable":true,"href":"https:\/\/doli.bansalgroup.se\/sv\/wp-json\/wp\/v2\/users\/10"}],"replies":[{"embeddable":true,"href":"https:\/\/doli.bansalgroup.se\/sv\/wp-json\/wp\/v2\/comments?post=951"}],"version-history":[{"count":53,"href":"https:\/\/doli.bansalgroup.se\/sv\/wp-json\/wp\/v2\/pages\/951\/revisions"}],"predecessor-version":[{"id":8472,"href":"https:\/\/doli.bansalgroup.se\/sv\/wp-json\/wp\/v2\/pages\/951\/revisions\/8472"}],"up":[{"embeddable":true,"href":"https:\/\/doli.bansalgroup.se\/sv\/wp-json\/wp\/v2\/pages\/172"}],"wp:attachment":[{"href":"https:\/\/doli.bansalgroup.se\/sv\/wp-json\/wp\/v2\/media?parent=951"}],"wp:term":[{"taxonomy":"category","embeddable":true,"href":"https:\/\/doli.bansalgroup.se\/sv\/wp-json\/wp\/v2\/categories?post=951"},{"taxonomy":"post_tag","embeddable":true,"href":"https:\/\/doli.bansalgroup.se\/sv\/wp-json\/wp\/v2\/tags?post=951"}],"curies":[{"name":"wp","href":"https:\/\/api.w.org\/{rel}","templated":true}]}}